{"id":21406,"date":"2018-01-02T01:01:48","date_gmt":"2018-01-02T01:01:48","guid":{"rendered":"http:\/\/biblian.is\/videy\/salmarnir-79-kafli\/"},"modified":"2018-01-02T01:01:48","modified_gmt":"2018-01-02T01:01:48","slug":"salmarnir-79-kafli","status":"publish","type":"page","link":"https:\/\/biblian.is\/videy\/salmarnir-79-kafli\/","title":{"rendered":"S\u00e1lmarnir 79. kafli"},"content":{"rendered":"<div class=\"fyrirsognVidey\">B\u00e6n m\u00f3ti \u00f3vina\u00e6\u00f0i.<\/div>\n<p><a name=\"1\"><span class=\"versanumer\">1<\/span><\/a>S\u00e1lmur Asafs. Gu\u00f0! Hei\u00f0ingjarnir eru komnir inn \u00ed \u00fe\u00edna arfleif\u00f0, \u00feeir hafa saurga\u00f0 \u00feitt heilaga musteri, og gj\u00f6rt Jer\u00fasalem a\u00f0 steinhr\u00fagu.<a name=\"2\"><span class=\"versanumer\">2<\/span><\/a>\u00deeir g\u00e1fu himinsins fuglum til f\u00e6\u00f0u l\u00edf inna \u00fe\u00e9nara og landsins villud\u00fdrum hold \u00feinna gu\u00f0hr\u00e6ddu.<a name=\"3\"><span class=\"versanumer\">3<\/span><\/a>\u00deeir \u00fathelltu \u00feeirra bl\u00f3\u00f0i sem vatni, allt \u00ed kringum Jer\u00fasalem, og \u00fear var engin sem jar\u00f0a\u00f0i \u00fe\u00e1.<a name=\"4\"><span class=\"versanumer\">4<\/span><\/a>V\u00e9r erum or\u00f0nir a\u00f0 h\u00e1\u00f0ung hj\u00e1 vorum n\u00e1b\u00faum, a\u00f0 spotti og athl\u00e1tri hj\u00e1 \u00feeim sem b\u00faa \u00ed kringum oss.<a name=\"5\"><span class=\"versanumer\">5<\/span><\/a>Drottinn! hv\u00f6rsu lengi viltu rei\u00f0ast? mun \u00feitt vandl\u00e6ti brenna sem eldur eil\u00edflega?<a name=\"6\"><span class=\"versanumer\">6<\/span><\/a>Heltu \u00feinni grimmd \u00fat yfir hei\u00f0ingjana sem ekki \u00feekkja \u00feig, og \u00feau r\u00edki sem ekki \u00e1kalla \u00feitt nafn.<a name=\"7\"><span class=\"versanumer\">7<\/span><\/a>\u00dev\u00ed \u00feeir hafa eytt Jakob, og ey\u00f0ilagt hans b\u00fasta\u00f0. <br \/><a name=\"8\"><span class=\"versanumer\">8<\/span><\/a>Minnstu ekki \u00e1 vorar fyrri misgj\u00f6r\u00f0ir, hra\u00f0a\u00f0u \u00fe\u00e9r! kom \u00fe\u00fa oss \u00e1 m\u00f3ti me\u00f0 \u00fe\u00edna miskunn, \u00fev\u00ed v\u00e9r erum mj\u00f6g a\u00f0\u00ferengdir.<a name=\"9\"><span class=\"versanumer\">9<\/span><\/a>Hj\u00e1lpa \u00fe\u00fa oss, Gu\u00f0, vors frelsis! vegna vegna hei\u00f0urs \u00fe\u00edns nafns, frelsa oss og fyrirgef oss vorar syndir, fyrir \u00fe\u00edns nafns sakir.<a name=\"10\"><span class=\"versanumer\">10<\/span><\/a>Hv\u00ed skyldu hei\u00f0ingjarnir segja: hvar er n\u00fa \u00feeirra Gu\u00f0? L\u00e1ttu \u00fea\u00f0 kunnugt ver\u00f0a me\u00f0al hei\u00f0ingjanna fyrir vorum augum, a\u00f0 hefnd komi fyrir \u00fathellt bl\u00f3\u00f0 \u00feinna \u00fe\u00e9nara;<a name=\"11\"><span class=\"versanumer\">11<\/span><\/a>l\u00e1t kvein fanganna koma fyrir \u00feig, l\u00e1t \u00fe\u00e1 sem eru dau\u00f0ans b\u00f6rn, fyrir \u00feinn sterka arm, halda l\u00edfi.<a name=\"12\"><span class=\"versanumer\">12<\/span><\/a>Og gjaltu vorum n\u00e1gr\u00f6nnum sj\u00f6falt aftur \u00ed \u00feeirra skaut, \u00fe\u00e1 forsm\u00e1n sem \u00feeir hafa lasta\u00f0 \u00feig me\u00f0, Drottinn!<a name=\"13\"><span class=\"versanumer\">13<\/span><\/a>Og v\u00e9r \u00feitt f\u00f3lk og hj\u00f6r\u00f0 \u00fe\u00edns haglendis, munum \u00feakka \u00fe\u00e9r eil\u00edflega; fr\u00e1 kyni til kyns munum v\u00e9r kunngj\u00f6ra \u00feitt lof.<\/p>\n<div class=\"footnoteVidey\"><\/div>\n","protected":false},"excerpt":{"rendered":"<p>B\u00e6n m\u00f3ti \u00f3vina\u00e6\u00f0i. 1S\u00e1lmur Asafs. Gu\u00f0! Hei\u00f0ingjarnir eru komnir inn \u00ed \u00fe\u00edna arfleif\u00f0, \u00feeir hafa saurga\u00f0 \u00feitt heilaga musteri, og gj\u00f6rt Jer\u00fasalem a\u00f0 steinhr\u00fagu.2\u00deeir g\u00e1fu himinsins fuglum til f\u00e6\u00f0u l\u00edf inna \u00fe\u00e9nara og landsins villud\u00fdrum hold \u00feinna gu\u00f0hr\u00e6ddu.3\u00deeir \u00fathelltu \u00feeirra bl\u00f3\u00f0i sem vatni, allt \u00ed kringum Jer\u00fasalem, og \u00fear var engin sem jar\u00f0a\u00f0i \u00fe\u00e1.4V\u00e9r erum or\u00f0nir a\u00f0 h\u00e1\u00f0ung hj\u00e1 vorum n\u00e1b\u00faum, a\u00f0 spotti og athl\u00e1tri hj\u00e1 \u00feeim sem b\u00faa \u00ed kringum oss.5Drottinn! hv\u00f6rsu lengi viltu rei\u00f0ast? mun \u00feitt vandl\u00e6ti brenna sem eldur eil\u00edflega?6Heltu \u00feinni grimmd \u00fat yfir hei\u00f0ingjana sem ekki \u00feekkja \u00feig, og \u00feau r\u00edki sem ekki \u00e1kalla \u00feitt nafn.7\u00dev\u00ed <a href=\"https:\/\/biblian.is\/videy\/salmarnir-79-kafli\/\"> [&#8230;]<\/a><\/p>\n","protected":false},"author":1,"featured_media":0,"parent":0,"menu_order":0,"comment_status":"open","ping_status":"open","template":"bibliukaflar.php","meta":{"footnotes":""},"class_list":["post-21406","page","type-page","status-publish","hentry"],"_links":{"self":[{"href":"https:\/\/biblian.is\/videy\/wp-json\/wp\/v2\/pages\/21406","targetHints":{"allow":["GET"]}}],"collection":[{"href":"https:\/\/biblian.is\/videy\/wp-json\/wp\/v2\/pages"}],"about":[{"href":"https:\/\/biblian.is\/videy\/wp-json\/wp\/v2\/types\/page"}],"author":[{"embeddable":true,"href":"https:\/\/biblian.is\/videy\/wp-json\/wp\/v2\/users\/1"}],"replies":[{"embeddable":true,"href":"https:\/\/biblian.is\/videy\/wp-json\/wp\/v2\/comments?post=21406"}],"version-history":[{"count":0,"href":"https:\/\/biblian.is\/videy\/wp-json\/wp\/v2\/pages\/21406\/revisions"}],"wp:attachment":[{"href":"https:\/\/biblian.is\/videy\/wp-json\/wp\/v2\/media?parent=21406"}],"curies":[{"name":"wp","href":"https:\/\/api.w.org\/{rel}","templated":true}]}}