{"id":21405,"date":"2018-01-02T01:01:48","date_gmt":"2018-01-02T01:01:48","guid":{"rendered":"http:\/\/biblian.is\/videy\/salmarnir-78-kafli\/"},"modified":"2018-01-02T01:01:48","modified_gmt":"2018-01-02T01:01:48","slug":"salmarnir-78-kafli","status":"publish","type":"page","link":"https:\/\/biblian.is\/videy\/salmarnir-78-kafli\/","title":{"rendered":"S\u00e1lmarnir 78. kafli"},"content":{"rendered":"<div class=\"fyrirsognVidey\">\u00c1minning.<\/div>\n<p><a name=\"1\"><span class=\"versanumer\">1<\/span><\/a>Kennslulj\u00f3\u00f0 af Asaf. Mitt f\u00f3lk, taktu eftir m\u00ednum l\u00e6rd\u00f3mi! beygi\u00f0 y\u00f0ar eyru a\u00f0 tali minna vara!<a name=\"2\"><span class=\"versanumer\">2<\/span><\/a>Eg vil opna minn munn til lj\u00f3\u00f0m\u00e6la, eg vil segja fr\u00e1 g\u00f6mlum atbur\u00f0um,<a name=\"3\"><span class=\"versanumer\">3<\/span><\/a>sem v\u00e9r h\u00f6fum heyrt og fr\u00e9tt, og vorir forfe\u00f0ur s\u00f6g\u00f0u oss,<a name=\"4\"><span class=\"versanumer\">4<\/span><\/a>v\u00e9r skyldum ei dylja \u00fe\u00e1 fyrir \u00feeirra b\u00f6rnum, fyrir \u00feeim komandi kynsl\u00f3\u00f0um; heldur kunngj\u00f6ra Drottins st\u00f3ru vegsemd og hans styrkleik, og \u00feau undur sem hann hefir gj\u00f6rt.<a name=\"5\"><span class=\"versanumer\">5<\/span><\/a>\u00dev\u00ed hann uppreisti s\u00e9r vitnisbur\u00f0 \u00ed Jakob og setti l\u00f6g \u00ed \u00cdsrael, sem hann bau\u00f0 vorum forfe\u00f0rum a\u00f0 kunngj\u00f6ra s\u00ednum b\u00f6rnum;<a name=\"6\"><span class=\"versanumer\">6<\/span><\/a>svo a\u00f0 s\u00fa kynsl\u00f3\u00f0 sem s\u00ed\u00f0an kom, \u00feau b\u00f6rn, sem skyldu f\u00e6\u00f0ast, g\u00e6tu vita\u00f0 \u00feau, og aftur sagt fr\u00e1 s\u00ednum b\u00f6rnum.<a name=\"7\"><span class=\"versanumer\">7<\/span><\/a>A\u00f0 \u00feau g\u00e6tu sett sitt traust til Gu\u00f0s, og ekki gleymt hans verkum, heldur var\u00f0veitt hans bo\u00f0or\u00f0;<a name=\"8\"><span class=\"versanumer\">8<\/span><\/a>og ei or\u00f0i\u00f0 sem \u00feeirra fe\u00f0ur, baldin og \u00fever\u00fa\u00f0arfull kynsl\u00f3\u00f0; kyn\u00fe\u00e1ttur sem ei sta\u00f0festi sitt hjarta, og hv\u00f6rs andi ekki var tryggur vi\u00f0 Gu\u00f0. <br \/><a name=\"9\"><span class=\"versanumer\">9<\/span><\/a>Efraimsb\u00f6rn vel \u00fatb\u00fanir bogmenn, h\u00f6rfu\u00f0u \u00e1 str\u00ed\u00f0sins degi.<a name=\"10\"><span class=\"versanumer\">10<\/span><\/a>\u00deau h\u00e9ldu ekki s\u00e1ttm\u00e1la Gu\u00f0s, og hli\u00f0ru\u00f0u s\u00e9r hj\u00e1, a\u00f0 hl\u00fd\u00f0nast hans l\u00f6gm\u00e1li.<a name=\"11\"><span class=\"versanumer\">11<\/span><\/a>Og \u00feeir gleymdu hans verkum og d\u00e1semdum er hann haf\u00f0i l\u00e1ti\u00f0 \u00fe\u00e1 sj\u00e1.<a name=\"12\"><span class=\"versanumer\">12<\/span><\/a>Fyrir augum fe\u00f0ra \u00feeirra gj\u00f6r\u00f0i hann kraftaverk \u00ed \u00f6llu Egyptalandi og \u00e1 S\u00f3ansv\u00f6llum.<a name=\"13\"><span class=\"versanumer\">13<\/span><\/a>Hann klauf hafi\u00f0, og l\u00e9t \u00fe\u00e1 fara \u00fear yfir og hann bau\u00f0 vatninu a\u00f0 standa sem vegg.<a name=\"14\"><span class=\"versanumer\">14<\/span><\/a>Hann leiddi \u00fe\u00e1 \u00e1 daginn me\u00f0 sk\u00fdi, og alla n\u00f3ttina me\u00f0 eldsins skini.<a name=\"15\"><span class=\"versanumer\">15<\/span><\/a>Hann \u00ed sundurklauf klettana \u00ed ey\u00f0im\u00f6rkinni, og gaf \u00feeim a\u00f0 drekka eins og af st\u00f3rum vatnsf\u00f6llum.<a name=\"16\"><span class=\"versanumer\">16<\/span><\/a>Hann l\u00e9t l\u00e6ki \u00fatrenna af kletti, og l\u00e9t vatn ni\u00f0urrenna sem \u00e1r.<a name=\"17\"><span class=\"versanumer\">17<\/span><\/a>\u00de\u00f3 h\u00e9ldu \u00feeir \u00e1fram a\u00f0 syndga gegn honum og egna til \u00feann \u00e6\u00f0sta \u00ed ey\u00f0im\u00f6rkinni.<a name=\"18\"><span class=\"versanumer\">18<\/span><\/a>Og \u00feeir freistu\u00f0u Gu\u00f0s \u00ed s\u00ednu hjarta, \u00fe\u00e1 \u00feeir heimtu mat eftir s\u00ednu ge\u00f0i.<a name=\"19\"><span class=\"versanumer\">19<\/span><\/a>og \u00feeir t\u00f6lu\u00f0u gegn Gu\u00f0i; \u00feeir s\u00f6g\u00f0u: \u00e6tla Gu\u00f0 geti matbor\u00f0 rei\u00f0ub\u00fai\u00f0 \u00ed ey\u00f0im\u00f6rkinni?<a name=\"20\"><span class=\"versanumer\">20<\/span><\/a>Sj\u00e1! hann sl\u00f3 klettinn og \u00fea\u00f0an flaut vatn, og l\u00e6kurinn rann, mun hann og geta gefi\u00f0 brau\u00f0?<a name=\"21\"><span class=\"versanumer\">21<\/span><\/a>\u00deetta heyr\u00f0i Drottinn, og hann reiddist, og eldur tendra\u00f0ist m\u00f3t Jakob, og rei\u00f0i \u00e6stist gegn \u00cdsrael.<a name=\"22\"><span class=\"versanumer\">22<\/span><\/a>\u00dev\u00ed \u00feeir tr\u00fa\u00f0u ekki \u00e1 Gu\u00f0, og reiddu sig ekki \u00e1 hans frelsi,<a name=\"23\"><span class=\"versanumer\">23<\/span><\/a>\u00fe\u00f3 a\u00f0 hann r\u00e9\u00f0i yfir sk\u00fdjunum a\u00f0 ofan til og upplyki himinsins portum,<a name=\"24\"><span class=\"versanumer\">24<\/span><\/a>og l\u00e9ti manna ni\u00f0ur rigna yfir \u00fe\u00e1 til matar og g\u00e6fi \u00feeim himnaf\u00e6\u00f0u.<a name=\"25\"><span class=\"versanumer\">25<\/span><\/a>Englabrau\u00f0 \u00e1tu \u00feeir, n\u00e6ringu sendi hann \u00feeim til mettunar.<a name=\"26\"><span class=\"versanumer\">26<\/span><\/a>Hann l\u00e9t austanvind framfara undir himninum, og framleiddi sunnanve\u00f0ur me\u00f0 s\u00ednum styrkleik.<a name=\"27\"><span class=\"versanumer\">27<\/span><\/a>Og hann l\u00e9t kj\u00f6ti rigna yfir \u00fe\u00e1, sem ryki, og flj\u00fagandi fuglum sem hafsins sandi,<a name=\"28\"><span class=\"versanumer\">28<\/span><\/a>og hann l\u00e9t \u00feessa detta mitt \u00ed \u00feeirra herb\u00fa\u00f0ir, allt um kring, me\u00f0al \u00feeirra b\u00fasta\u00f0a.<a name=\"29\"><span class=\"versanumer\">29<\/span><\/a>og \u00feeir \u00e1tu og ur\u00f0u mj\u00f6g svo mettir; hann l\u00e9t \u00fe\u00e1 f\u00e1 \u00fea\u00f0 sem \u00fe\u00e1 lysti,<a name=\"30\"><span class=\"versanumer\">30<\/span><\/a>\u00feeir h\u00f6f\u00f0u enn n\u00fa ei st\u00fdrt sinni girnd, maturinn var enn n\u00fa \u00ed \u00feeirra munni,<a name=\"31\"><span class=\"versanumer\">31<\/span><\/a>\u00fe\u00e1 reisti sig Gu\u00f0s rei\u00f0i gegn \u00feeim og sl\u00f3 \u00ed hel \u00fe\u00e1 sterkustu me\u00f0al \u00feeirra og drap \u00cdsraels unglinga.<a name=\"32\"><span class=\"versanumer\">32<\/span><\/a>\u00d6ngvu a\u00f0 s\u00ed\u00f0ur syndgu\u00f0u \u00feeir enn og tr\u00fa\u00f0u ekki \u00e1 hans kraftaverk.<a name=\"33\"><span class=\"versanumer\">33<\/span><\/a>\u00dear fyrir l\u00e9t hann \u00feeirra daga l\u00ed\u00f0a \u00ed \u00f3n\u00fdtingsskap, og \u00feeirra \u00e1r \u00ed sn\u00f6gglegri fordj\u00f6rfun.<a name=\"34\"><span class=\"versanumer\">34<\/span><\/a>\u00deegar hann sl\u00f3 \u00fe\u00e1 \u00ed hel, leitu\u00f0u \u00feeir hans, umventu s\u00e9r og \u00e1k\u00f6llu\u00f0u Gu\u00f0 skj\u00f3tt.<a name=\"35\"><span class=\"versanumer\">35<\/span><\/a>Og \u00feeir minntust \u00feess a\u00f0 Gu\u00f0 var \u00feeirra bjarg og s\u00e1 \u00e6\u00f0sti \u00feeirra Endurlausnari.<a name=\"36\"><span class=\"versanumer\">36<\/span><\/a>En \u00feeir t\u00e6ldu hann me\u00f0 s\u00ednum v\u00f6rum, og lugu a\u00f0 honum me\u00f0 s\u00ednum tungum.<a name=\"37\"><span class=\"versanumer\">37<\/span><\/a>Og \u00feeirra hjarta h\u00e9kk ekki fast vi\u00f0 hann, og \u00feeir voru ekki st\u00f6\u00f0ugir \u00ed hans s\u00e1ttm\u00e1la.<a name=\"38\"><span class=\"versanumer\">38<\/span><\/a>En hann er miskunnsamur, fyrirgefur syndir og afm\u00e1ir ekki; heldur stansar s\u00edna rei\u00f0i, og hleypir ei fram \u00f6llu s\u00ednu ge\u00f0i.<a name=\"39\"><span class=\"versanumer\">39<\/span><\/a>Hann minntist \u00feess a\u00f0 \u00feeir voru hold, og gustur sem fer og kemur ei aftur.<a name=\"40\"><span class=\"versanumer\">40<\/span><\/a>Hv\u00f6rsu oft egndu \u00feeir hann til rei\u00f0i \u00ed ey\u00f0im\u00f6rkinni og hrygg\u00f0u hann \u00ed \u00f3bygg\u00f0inni!<a name=\"41\"><span class=\"versanumer\">41<\/span><\/a>\u00dev\u00ed \u00feeir freistu\u00f0u Gu\u00f0s \u00e1 n\u00fd, og l\u00f6stu\u00f0u \u00feann heilaga \u00cdsraels.<a name=\"42\"><span class=\"versanumer\">42<\/span><\/a>\u00deeir hugsu\u00f0u ekki til hans handar, ekki \u00feess dags \u00fe\u00e1 hann leysti \u00fe\u00e1 \u00far nau\u00f0unum.<a name=\"43\"><span class=\"versanumer\">43<\/span><\/a>\u00de\u00e1 hann gj\u00f6r\u00f0i s\u00edn t\u00e1kn \u00ed Egyptalandi, og s\u00edn undur \u00e1 S\u00f3ansv\u00f6llum,<a name=\"44\"><span class=\"versanumer\">44<\/span><\/a>og sneri \u00e1num \u00ed bl\u00f3\u00f0, og \u00feeim rennandi v\u00f6tnum, svo \u00feeir g\u00e1tu ei drukki\u00f0 \u00far \u00feeim. <br \/><a name=\"45\"><span class=\"versanumer\">45<\/span><\/a>Hann sendi \u00feeim flugur sem bitu \u00fe\u00e1, hunda og froska sem skemmdu \u00fe\u00e1.<a name=\"46\"><span class=\"versanumer\">46<\/span><\/a>Hann gaf kornormum \u00feeirra gr\u00f3\u00f0a og engisprettum, \u00feeirra erfi\u00f0i.<a name=\"47\"><span class=\"versanumer\">47<\/span><\/a>Hann sl\u00f3 \u00feeirra v\u00edntr\u00e9 me\u00f0 hagli, og \u00feeirra m\u00f3rberjatr\u00e9 me\u00f0 hreti.<a name=\"48\"><span class=\"versanumer\">48<\/span><\/a>Hann ofurgaf nautf\u00e9na\u00f0 \u00feeirra haglinu, og \u00feeirra sm\u00e1f\u00e9na\u00f0 eldingum.<a name=\"49\"><span class=\"versanumer\">49<\/span><\/a>Hann sendi m\u00f3ti \u00feeim \u00e1kef\u00f0 sinnar rei\u00f0i, heift, br\u00e6\u00f0i og \u00ferengingu, heilan skara af \u00f3lukkunnar sendibo\u00f0um.<a name=\"50\"><span class=\"versanumer\">50<\/span><\/a>Hann sleppti lausri sinni rei\u00f0i, hann spara\u00f0i \u00fe\u00e1 ekki fyrir dau\u00f0anum, og gaf \u00feeirra l\u00edf dreps\u00f3ttinni.<a name=\"51\"><span class=\"versanumer\">51<\/span><\/a>Og hann deyddi alla frumbur\u00f0i \u00ed Egyptalandi, og styrkleik hans frumgr\u00f3\u00f0a \u00ed hans tjaldb\u00fa\u00f0um.<a name=\"52\"><span class=\"versanumer\">52<\/span><\/a>Og hann l\u00e9t sitt f\u00f3lk \u00fea\u00f0an fara sem f\u00e9, og f\u00f3r me\u00f0 \u00fe\u00e1 um ey\u00f0im\u00f6rkina, sem hj\u00f6r\u00f0.<a name=\"53\"><span class=\"versanumer\">53<\/span><\/a>Hann leiddi \u00fe\u00e1 \u00f3hult, a\u00f0 \u00feeir ekkert hr\u00e6ddust; en \u00feeirra \u00f3vinir f\u00f3lust \u00ed hafinu.<a name=\"54\"><span class=\"versanumer\">54<\/span><\/a>Hann leiddi \u00fe\u00e1 til takmarka s\u00edns helgid\u00f3ms, til \u00feess fjallsins sem hans h\u00e6gri h\u00f6nd haf\u00f0i \u00fatvega\u00f0.<a name=\"55\"><span class=\"versanumer\">55<\/span><\/a>Og hann \u00fatrak hei\u00f0ingjana fr\u00e1 \u00feeim, og m\u00e6ldi \u00feeim \u00fat landi\u00f0, og l\u00e9t \u00cdsraels kynkv\u00edslir b\u00faa \u00ed \u00feeirra tj\u00f6ldum;<a name=\"56\"><span class=\"versanumer\">56<\/span><\/a>En \u00feeir freistu\u00f0u og egndu Gu\u00f0 til, hinn \u00e6\u00f0sta, og h\u00e9ldu ekki hans lagasetninga.<a name=\"57\"><span class=\"versanumer\">57<\/span><\/a>\u00deeir f\u00e9llu fr\u00e1 og viku af lei\u00f0 sem \u00feeirra fe\u00f0ur, \u00feeir hrukku til baka sem svikull bogi.<a name=\"58\"><span class=\"versanumer\">58<\/span><\/a>\u00deeir uppegndu hann me\u00f0 s\u00ednum h\u00e6\u00f0um <span class='VideyAth'>a)<\/span>, og v\u00f6ktu hans vandl\u00e6ti me\u00f0 b\u00edl\u00e6tum afgu\u00f0a sinna.<a name=\"59\"><span class=\"versanumer\">59<\/span><\/a>\u00de\u00e1 Gu\u00f0 heyr\u00f0i \u00fea\u00f0, stygg\u00f0ist hann og stugga\u00f0i vi\u00f0 \u00cdsrael n\u00e6sta mj\u00f6g. <br \/><a name=\"60\"><span class=\"versanumer\">60<\/span><\/a>\u00dev\u00ed yfirgaf hann sinn b\u00fasta\u00f0 \u00ed S\u00edl\u00f3, \u00fe\u00e1 tjaldb\u00fa\u00f0 hvar \u00ed hann haf\u00f0i b\u00fai\u00f0 me\u00f0al mannanna.<a name=\"61\"><span class=\"versanumer\">61<\/span><\/a>Og hann l\u00e9t hertaka sitt sterka f\u00f3lk, og afhenti s\u00edna d\u00fdr\u00f0 <span class='VideyAth'>(tjaldb\u00fa\u00f0ina)<\/span> \u00ed \u00f3vinahendur.<a name=\"62\"><span class=\"versanumer\">62<\/span><\/a>Og hann lag\u00f0i sitt f\u00f3lk undir sver\u00f0i\u00f0, og var\u00f0 gramur sinni arfleif\u00f0.<a name=\"63\"><span class=\"versanumer\">63<\/span><\/a>\u00deeirra yngismenn svalg eldurinn, og meyjarnar kveinu\u00f0u ekki yfir \u00fev\u00ed. <br \/><a name=\"64\"><span class=\"versanumer\">64<\/span><\/a>\u00deeirra prestar f\u00e9llu fyrir sver\u00f0i, og \u00feeirra ekkjur gr\u00e9tu ekki.<a name=\"65\"><span class=\"versanumer\">65<\/span><\/a>\u00de\u00e1 vakna\u00f0i Drottinn eins og af svefni, eins og hetja, er kemur hress og gla\u00f0ur fr\u00e1 v\u00edninu.<a name=\"66\"><span class=\"versanumer\">66<\/span><\/a>Og hann rak s\u00edna \u00f3vini til baka, og gaf \u00feeim eil\u00edfa sm\u00e1n,<a name=\"67\"><span class=\"versanumer\">67<\/span><\/a>\u00fe\u00f3 \u00fatsk\u00fafa\u00f0i hann J\u00f3seps tjaldb\u00fa\u00f0, og \u00fatvaldi ekki lengur Efraims\u00e6tt.<a name=\"68\"><span class=\"versanumer\">68<\/span><\/a>Heldur \u00fatvaldi hann J\u00fada\u00e6tt, S\u00edonsfjall sem hann elska\u00f0i.<a name=\"69\"><span class=\"versanumer\">69<\/span><\/a>Og hann bygg\u00f0i sinn helgid\u00f3m, sem \u00feann h\u00e1a himin, sem j\u00f6r\u00f0ina er hann hefir gj\u00f6rt eil\u00edflega fasta.<a name=\"70\"><span class=\"versanumer\">70<\/span><\/a>Og hann \u00fatvaldi Dav\u00ed\u00f0 sinn \u00fe\u00e9nara og t\u00f3k hann fr\u00e1 sau\u00f0h\u00fasunum.<a name=\"71\"><span class=\"versanumer\">71<\/span><\/a>Fr\u00e1 um\u00f6nnum fyrir \u00e1num t\u00f3k hann hann, til a\u00f0 vakta Jakob sitt f\u00f3lk, <span class='VideyAth'>(halda til haga)<\/span> og \u00cdsrael s\u00edna arfleif\u00f0,<a name=\"72\"><span class=\"versanumer\">72<\/span><\/a>og hann vakta\u00f0i hana me\u00f0 hreinskilnu hjarta og st\u00fdr\u00f0i henni me\u00f0 sinni hyggilegu hendi.<\/p>\n<div class=\"footnoteVidey\">V. 58. a. (Hvar \u00e1 afgu\u00f0ir voru d\u00fdrka\u00f0ir).<\/div>\n","protected":false},"excerpt":{"rendered":"<p>\u00c1minning. 1Kennslulj\u00f3\u00f0 af Asaf. Mitt f\u00f3lk, taktu eftir m\u00ednum l\u00e6rd\u00f3mi! beygi\u00f0 y\u00f0ar eyru a\u00f0 tali minna vara!2Eg vil opna minn munn til lj\u00f3\u00f0m\u00e6la, eg vil segja fr\u00e1 g\u00f6mlum atbur\u00f0um,3sem v\u00e9r h\u00f6fum heyrt og fr\u00e9tt, og vorir forfe\u00f0ur s\u00f6g\u00f0u oss,4v\u00e9r skyldum ei dylja \u00fe\u00e1 fyrir \u00feeirra b\u00f6rnum, fyrir \u00feeim komandi kynsl\u00f3\u00f0um; heldur kunngj\u00f6ra Drottins st\u00f3ru vegsemd og hans styrkleik, og \u00feau undur sem hann hefir gj\u00f6rt.5\u00dev\u00ed hann uppreisti s\u00e9r vitnisbur\u00f0 \u00ed Jakob og setti l\u00f6g \u00ed \u00cdsrael, sem hann bau\u00f0 vorum forfe\u00f0rum a\u00f0 kunngj\u00f6ra s\u00ednum b\u00f6rnum;6svo a\u00f0 s\u00fa kynsl\u00f3\u00f0 sem s\u00ed\u00f0an kom, \u00feau b\u00f6rn, sem skyldu f\u00e6\u00f0ast, g\u00e6tu vita\u00f0 \u00feau, og <a href=\"https:\/\/biblian.is\/videy\/salmarnir-78-kafli\/\"> [&#8230;]<\/a><\/p>\n","protected":false},"author":1,"featured_media":0,"parent":0,"menu_order":0,"comment_status":"open","ping_status":"open","template":"bibliukaflar.php","meta":{"footnotes":""},"class_list":["post-21405","page","type-page","status-publish","hentry"],"_links":{"self":[{"href":"https:\/\/biblian.is\/videy\/wp-json\/wp\/v2\/pages\/21405","targetHints":{"allow":["GET"]}}],"collection":[{"href":"https:\/\/biblian.is\/videy\/wp-json\/wp\/v2\/pages"}],"about":[{"href":"https:\/\/biblian.is\/videy\/wp-json\/wp\/v2\/types\/page"}],"author":[{"embeddable":true,"href":"https:\/\/biblian.is\/videy\/wp-json\/wp\/v2\/users\/1"}],"replies":[{"embeddable":true,"href":"https:\/\/biblian.is\/videy\/wp-json\/wp\/v2\/comments?post=21405"}],"version-history":[{"count":0,"href":"https:\/\/biblian.is\/videy\/wp-json\/wp\/v2\/pages\/21405\/revisions"}],"wp:attachment":[{"href":"https:\/\/biblian.is\/videy\/wp-json\/wp\/v2\/media?parent=21405"}],"curies":[{"name":"wp","href":"https:\/\/api.w.org\/{rel}","templated":true}]}}