{"id":21403,"date":"2018-01-02T01:01:48","date_gmt":"2018-01-02T01:01:48","guid":{"rendered":"http:\/\/biblian.is\/videy\/salmarnir-76-kafli\/"},"modified":"2018-01-02T01:01:48","modified_gmt":"2018-01-02T01:01:48","slug":"salmarnir-76-kafli","status":"publish","type":"page","link":"https:\/\/biblian.is\/videy\/salmarnir-76-kafli\/","title":{"rendered":"S\u00e1lmarnir 76. kafli"},"content":{"rendered":"<div class=\"fyrirsognVidey\">\u00deakkl\u00e6ti fyrir sigur.<\/div>\n<p><a name=\"1\"><span class=\"versanumer\">1<\/span><\/a>Til S\u00f6ngmeistarans \u00e1 hlj\u00f3\u00f0f\u00e6ri. Lofs\u00f6ngur Asafs.<a name=\"2\"><span class=\"versanumer\">2<\/span><\/a>Al\u00feekktur er Gu\u00f0 \u00ed J\u00fadeu, \u00ed \u00cdsrael er hans nafn miki\u00f0.<a name=\"3\"><span class=\"versanumer\">3<\/span><\/a>\u00cd Salem er hans tjaldb\u00fa\u00f0, og hans b\u00fasta\u00f0ur \u00e1 S\u00edon,<a name=\"4\"><span class=\"versanumer\">4<\/span><\/a>\u00fear sundurbraut hann bogans eldingar, skj\u00f6ld, sver\u00f0 og \u00f6nnur str\u00ed\u00f0sverkf\u00e6ri. <span class='VideyAth'>(M\u00e1lhv\u00edld)<\/span>.<a name=\"5\"><span class=\"versanumer\">5<\/span><\/a>D\u00fdr\u00f0legur ertu, og vegsamlegri en r\u00e6ningjafj\u00f6llin.<a name=\"6\"><span class=\"versanumer\">6<\/span><\/a>\u00deeir drambl\u00e1tu \u00ed hjarta voru r\u00e6ndir og sofnu\u00f0u til fulls, og enginn af str\u00ed\u00f0sm\u00f6nnunum gat fundi\u00f0 s\u00ednar hendur.<a name=\"7\"><span class=\"versanumer\">7<\/span><\/a>Af \u00feinni h\u00f3tun, Jakobs Gu\u00f0! f\u00e9llu \u00ed dj\u00fapan svefn b\u00e6\u00f0i \u00feeir sem voru \u00e1 v\u00f6gnum og hestum.<a name=\"8\"><span class=\"versanumer\">8<\/span><\/a>\u00d3ttalegur ertu! hv\u00f6r getur sta\u00f0ist fyrir \u00fe\u00ednu augliti, \u00feegar \u00fe\u00fa rei\u00f0ist?<a name=\"9\"><span class=\"versanumer\">9<\/span><\/a>Fr\u00e1 himni l\u00e9stu \u00feinn d\u00f3m heyra; j\u00f6r\u00f0in skelfdist, og hlj\u00f3\u00f0na\u00f0i vi\u00f0,<a name=\"10\"><span class=\"versanumer\">10<\/span><\/a>\u00feegar Gu\u00f0 bj\u00f3 sig til d\u00f3ms, til a\u00f0 frelsa \u00fe\u00e1 h\u00f3gv\u00e6ru \u00e1 j\u00f6r\u00f0u. <span class='VideyAth'>(M\u00e1lhv\u00edld)<\/span>.<a name=\"11\"><span class=\"versanumer\">11<\/span><\/a>\u00dev\u00ed mannanna rei\u00f0i ver\u00f0ur \u00fe\u00e9r til vegsemdar \u00feegar \u00fe\u00fa gir\u00f0ist \u00feinni frekustu rei\u00f0i. <br \/><a name=\"12\"><span class=\"versanumer\">12<\/span><\/a>Gj\u00f6ri\u00f0 heit, og grei\u00f0i\u00f0 \u00fea\u00f0 Drottni y\u00f0ar Gu\u00f0i, allir \u00fe\u00e9r sem eru\u00f0 kringum hann, f\u00e6ri\u00f0 g\u00e1fur \u00feeim \u00f3ttalega.<a name=\"13\"><span class=\"versanumer\">13<\/span><\/a>Hann l\u00e6kkar dramb h\u00f6f\u00f0ingjanna, og er k\u00f3ngum jar\u00f0arinnar \u00f3ttalegur.<\/p>\n<div class=\"footnoteVidey\"><\/div>\n","protected":false},"excerpt":{"rendered":"<p>\u00deakkl\u00e6ti fyrir sigur. 1Til S\u00f6ngmeistarans \u00e1 hlj\u00f3\u00f0f\u00e6ri. Lofs\u00f6ngur Asafs.2Al\u00feekktur er Gu\u00f0 \u00ed J\u00fadeu, \u00ed \u00cdsrael er hans nafn miki\u00f0.3\u00cd Salem er hans tjaldb\u00fa\u00f0, og hans b\u00fasta\u00f0ur \u00e1 S\u00edon,4\u00fear sundurbraut hann bogans eldingar, skj\u00f6ld, sver\u00f0 og \u00f6nnur str\u00ed\u00f0sverkf\u00e6ri. (M\u00e1lhv\u00edld).5D\u00fdr\u00f0legur ertu, og vegsamlegri en r\u00e6ningjafj\u00f6llin.6\u00deeir drambl\u00e1tu \u00ed hjarta voru r\u00e6ndir og sofnu\u00f0u til fulls, og enginn af str\u00ed\u00f0sm\u00f6nnunum gat fundi\u00f0 s\u00ednar hendur.7Af \u00feinni h\u00f3tun, Jakobs Gu\u00f0! f\u00e9llu \u00ed dj\u00fapan svefn b\u00e6\u00f0i \u00feeir sem voru \u00e1 v\u00f6gnum og hestum.8\u00d3ttalegur ertu! hv\u00f6r getur sta\u00f0ist fyrir \u00fe\u00ednu augliti, \u00feegar \u00fe\u00fa rei\u00f0ist?9Fr\u00e1 himni l\u00e9stu \u00feinn d\u00f3m heyra; j\u00f6r\u00f0in skelfdist, og hlj\u00f3\u00f0na\u00f0i vi\u00f0,10\u00feegar Gu\u00f0 bj\u00f3 sig til <a href=\"https:\/\/biblian.is\/videy\/salmarnir-76-kafli\/\"> [&#8230;]<\/a><\/p>\n","protected":false},"author":1,"featured_media":0,"parent":0,"menu_order":0,"comment_status":"open","ping_status":"open","template":"bibliukaflar.php","meta":{"footnotes":""},"class_list":["post-21403","page","type-page","status-publish","hentry"],"_links":{"self":[{"href":"https:\/\/biblian.is\/videy\/wp-json\/wp\/v2\/pages\/21403","targetHints":{"allow":["GET"]}}],"collection":[{"href":"https:\/\/biblian.is\/videy\/wp-json\/wp\/v2\/pages"}],"about":[{"href":"https:\/\/biblian.is\/videy\/wp-json\/wp\/v2\/types\/page"}],"author":[{"embeddable":true,"href":"https:\/\/biblian.is\/videy\/wp-json\/wp\/v2\/users\/1"}],"replies":[{"embeddable":true,"href":"https:\/\/biblian.is\/videy\/wp-json\/wp\/v2\/comments?post=21403"}],"version-history":[{"count":0,"href":"https:\/\/biblian.is\/videy\/wp-json\/wp\/v2\/pages\/21403\/revisions"}],"wp:attachment":[{"href":"https:\/\/biblian.is\/videy\/wp-json\/wp\/v2\/media?parent=21403"}],"curies":[{"name":"wp","href":"https:\/\/api.w.org\/{rel}","templated":true}]}}