{"id":21402,"date":"2018-01-02T01:01:48","date_gmt":"2018-01-02T01:01:48","guid":{"rendered":"http:\/\/biblian.is\/videy\/salmarnir-75-kafli\/"},"modified":"2018-01-02T01:01:48","modified_gmt":"2018-01-02T01:01:48","slug":"salmarnir-75-kafli","status":"publish","type":"page","link":"https:\/\/biblian.is\/videy\/salmarnir-75-kafli\/","title":{"rendered":"S\u00e1lmarnir 75. kafli"},"content":{"rendered":"<div class=\"fyrirsognVidey\">\u00deakkl\u00e6ti. Gu\u00f0s r\u00e9ttl\u00e6tisd\u00f3mar.<\/div>\n<p><a name=\"1\"><span class=\"versanumer\">1<\/span><\/a>Til s\u00f6ngmeistarans eftir lagi: fordjarfa ekki. Lj\u00f3\u00f0 Asafs.<a name=\"2\"><span class=\"versanumer\">2<\/span><\/a>V\u00e9r \u00fe\u00f6kkum \u00fe\u00e9r, Gu\u00f0! v\u00e9r \u00fe\u00f6kkum \u00fe\u00e9r, a\u00f0 \u00feitt nafn er n\u00e1l\u00e6gt, menn segja fr\u00e1 \u00fe\u00ednum d\u00e1semdum.<a name=\"3\"><span class=\"versanumer\">3<\/span><\/a>\u201e\u00deegar eg tek minn t\u00edma, d\u00e6mi eg r\u00e9tt.<a name=\"4\"><span class=\"versanumer\">4<\/span><\/a>J\u00f6r\u00f0in skelfur og allir hennar innbyggjarar; eg festi hennar st\u00f3lpa\u201c. <span class='VideyAth'>(M\u00e1lhv\u00edld)<\/span>.<br \/><a name=\"5\"><span class=\"versanumer\">5<\/span><\/a>\u00dear fyrir segi eg til \u00feeirra drambl\u00e1tu, drambi\u00f0 ekki; og til hinna \u00f3gu\u00f0legu: keyri\u00f0 ekki upp y\u00f0ar h\u00f6fu\u00f0!<a name=\"6\"><span class=\"versanumer\">6<\/span><\/a>Lyfti\u00f0 ekki h\u00e1tt upp y\u00f0ar h\u00f6f\u00f0um, tali\u00f0 ekki svo \u00fever\u00fa\u00f0arlega!<a name=\"7\"><span class=\"versanumer\">7<\/span><\/a>\u00dev\u00ed hv\u00f6rki fr\u00e1 austri n\u00e9 vestri, ei heldur fr\u00e1 ey\u00f0im\u00f6rkinni kemur upphef\u00f0in.<a name=\"8\"><span class=\"versanumer\">8<\/span><\/a>En Gu\u00f0 er s\u00e1 sem d\u00e6mir, hann ni\u00f0url\u00e6gir \u00feennan, upphefur hinn.<a name=\"9\"><span class=\"versanumer\">9<\/span><\/a>\u00dev\u00ed bikar er \u00ed Drottins hendi me\u00f0 \u00f3lgandi v\u00edni, vel bl\u00f6ndu\u00f0u, og \u00fear af skenkir hann, allt a\u00f0 dreggjum skulu allir jar\u00f0arinnar \u00f3gu\u00f0legir s\u00f6tra og drekka \u00fea\u00f0.<a name=\"10\"><span class=\"versanumer\">10<\/span><\/a>Eg vil eil\u00edflega kunngj\u00f6ra \u00fea\u00f0 og syngja fyrir Jakobs Gu\u00f0i. <br \/><a name=\"11\"><span class=\"versanumer\">11<\/span><\/a>\u201eH\u00f6fu\u00f0 allra \u00f3gu\u00f0legra vil eg beygja <span class='VideyAth'>(afh\u00f6ggva)<\/span>, en h\u00f6fu\u00f0 hinna r\u00e1\u00f0v\u00f6ndu skulu upphefjast\u201c.<\/p>\n<div class=\"footnoteVidey\"><\/div>\n","protected":false},"excerpt":{"rendered":"<p>\u00deakkl\u00e6ti. Gu\u00f0s r\u00e9ttl\u00e6tisd\u00f3mar. 1Til s\u00f6ngmeistarans eftir lagi: fordjarfa ekki. Lj\u00f3\u00f0 Asafs.2V\u00e9r \u00fe\u00f6kkum \u00fe\u00e9r, Gu\u00f0! v\u00e9r \u00fe\u00f6kkum \u00fe\u00e9r, a\u00f0 \u00feitt nafn er n\u00e1l\u00e6gt, menn segja fr\u00e1 \u00fe\u00ednum d\u00e1semdum.3\u201e\u00deegar eg tek minn t\u00edma, d\u00e6mi eg r\u00e9tt.4J\u00f6r\u00f0in skelfur og allir hennar innbyggjarar; eg festi hennar st\u00f3lpa\u201c. (M\u00e1lhv\u00edld).5\u00dear fyrir segi eg til \u00feeirra drambl\u00e1tu, drambi\u00f0 ekki; og til hinna \u00f3gu\u00f0legu: keyri\u00f0 ekki upp y\u00f0ar h\u00f6fu\u00f0!6Lyfti\u00f0 ekki h\u00e1tt upp y\u00f0ar h\u00f6f\u00f0um, tali\u00f0 ekki svo \u00fever\u00fa\u00f0arlega!7\u00dev\u00ed hv\u00f6rki fr\u00e1 austri n\u00e9 vestri, ei heldur fr\u00e1 ey\u00f0im\u00f6rkinni kemur upphef\u00f0in.8En Gu\u00f0 er s\u00e1 sem d\u00e6mir, hann ni\u00f0url\u00e6gir \u00feennan, upphefur hinn.9\u00dev\u00ed bikar er \u00ed Drottins hendi me\u00f0 \u00f3lgandi v\u00edni, vel <a href=\"https:\/\/biblian.is\/videy\/salmarnir-75-kafli\/\"> [&#8230;]<\/a><\/p>\n","protected":false},"author":1,"featured_media":0,"parent":0,"menu_order":0,"comment_status":"open","ping_status":"open","template":"bibliukaflar.php","meta":{"footnotes":""},"class_list":["post-21402","page","type-page","status-publish","hentry"],"_links":{"self":[{"href":"https:\/\/biblian.is\/videy\/wp-json\/wp\/v2\/pages\/21402","targetHints":{"allow":["GET"]}}],"collection":[{"href":"https:\/\/biblian.is\/videy\/wp-json\/wp\/v2\/pages"}],"about":[{"href":"https:\/\/biblian.is\/videy\/wp-json\/wp\/v2\/types\/page"}],"author":[{"embeddable":true,"href":"https:\/\/biblian.is\/videy\/wp-json\/wp\/v2\/users\/1"}],"replies":[{"embeddable":true,"href":"https:\/\/biblian.is\/videy\/wp-json\/wp\/v2\/comments?post=21402"}],"version-history":[{"count":0,"href":"https:\/\/biblian.is\/videy\/wp-json\/wp\/v2\/pages\/21402\/revisions"}],"wp:attachment":[{"href":"https:\/\/biblian.is\/videy\/wp-json\/wp\/v2\/media?parent=21402"}],"curies":[{"name":"wp","href":"https:\/\/api.w.org\/{rel}","templated":true}]}}