{"id":21401,"date":"2018-01-02T01:01:48","date_gmt":"2018-01-02T01:01:48","guid":{"rendered":"http:\/\/biblian.is\/videy\/salmarnir-74-kafli\/"},"modified":"2018-01-02T01:01:48","modified_gmt":"2018-01-02T01:01:48","slug":"salmarnir-74-kafli","status":"publish","type":"page","link":"https:\/\/biblian.is\/videy\/salmarnir-74-kafli\/","title":{"rendered":"S\u00e1lmarnir 74. kafli"},"content":{"rendered":"<div class=\"fyrirsognVidey\">B\u00e6n \u00fe\u00e1 musteri\u00f0 var ey\u00f0ilagt.<\/div>\n<p><a name=\"1\"><span class=\"versanumer\">1<\/span><\/a>Kennslulj\u00f3\u00f0 af Asaf. Hvar fyrir, \u00f3 Gu\u00f0! \u00fe\u00fa \u00fatsk\u00fafar <span class='VideyAth'>(oss)<\/span> eil\u00edflega? hvar fyrir brennur \u00fe\u00edn rei\u00f0i yfir hj\u00f6r\u00f0 \u00fe\u00edns haglendis?<a name=\"2\"><span class=\"versanumer\">2<\/span><\/a>Minnstu \u00feess safna\u00f0ar sem \u00fe\u00fa for\u00f0um \u00fatvega\u00f0ir \u00fe\u00e9r! \u00feinna erf\u00f0akynkv\u00edslar er \u00fe\u00fa fr\u00eda\u00f0ir, S\u00edonsfjalls, hvar \u00e1 \u00fe\u00fa bj\u00f3st.<a name=\"3\"><span class=\"versanumer\">3<\/span><\/a>Kom \u00fe\u00fa a\u00f0 sj\u00e1 \u00fe\u00e1 \u00e6varandi ey\u00f0ileggingu! allt skemmir \u00f3vinurinn \u00ed helgid\u00f3minum.<a name=\"4\"><span class=\"versanumer\">4<\/span><\/a>\u00de\u00ednir \u00f3vinir grenja mitt \u00ed \u00feinni samkundu og setja s\u00edna si\u00f0i fyrir si\u00f0i.<a name=\"5\"><span class=\"versanumer\">5<\/span><\/a>\u00d3vinurinn s\u00e9st hefja \u00f6rina h\u00e1tt \u00e1 m\u00f3ti tr\u00e9sins samangr\u00f3nu greinum.<a name=\"6\"><span class=\"versanumer\">6<\/span><\/a>Og \u00fea\u00f0 sem \u00fear \u00ed var grafi\u00f0, sundursl\u00e1 \u00feeir me\u00f0 brei\u00f0\u00f6xum og h\u00f6mrum.<a name=\"7\"><span class=\"versanumer\">7<\/span><\/a>\u00deeir kasta eldi \u00ed \u00feinn helgid\u00f3m, \u00feeir fella \u00fe\u00edns nafns b\u00fasta\u00f0, allt a\u00f0 j\u00f6r\u00f0u.<a name=\"8\"><span class=\"versanumer\">8<\/span><\/a>\u00deeir segja \u00ed s\u00ednu hjarta: l\u00e1tum oss ey\u00f0ileggja \u00fe\u00e1 alla. \u00deeir uppbrenna \u00f6ll Gu\u00f0s samkomuh\u00fas \u00ed landinu.<a name=\"9\"><span class=\"versanumer\">9<\/span><\/a>Vora si\u00f0i sj\u00e1um v\u00e9r ekki, \u00fear er enginn sp\u00e1ma\u00f0ur framar, enginn \u00e1 me\u00f0al vor sem veit: hv\u00f6rsu lengi. <br \/><a name=\"10\"><span class=\"versanumer\">10<\/span><\/a>Hv\u00f6rsu lengi, \u00f3 Gu\u00f0! skal m\u00f3tst\u00f6\u00f0uma\u00f0urinn forsm\u00e1? skal \u00f3vinurinn forakta \u00feitt nafn eil\u00edflega?<a name=\"11\"><span class=\"versanumer\">11<\/span><\/a>\u00dev\u00ed dregur \u00fe\u00fa \u00fe\u00edna h\u00f6nd, \u00fe\u00edna h\u00e6gri h\u00f6nd til baka. Drag\u00f0u hana \u00fat \u00far barminum! ey\u00f0ileg\u00f0u!<a name=\"12\"><span class=\"versanumer\">12<\/span><\/a>Gu\u00f0 er minn konungur fr\u00e1 fyrri t\u00ed\u00f0um, sem \u00fatvega\u00f0i miki\u00f0 frelsi allri j\u00f6r\u00f0unni.<a name=\"13\"><span class=\"versanumer\">13<\/span><\/a>\u00de\u00fa a\u00f0skildir hafi\u00f0 me\u00f0 \u00fe\u00ednum styrk, \u00fe\u00fa sundurbraust \u00ed vatninu \u00f3v\u00e6ttanna h\u00f6fu\u00f0.<a name=\"14\"><span class=\"versanumer\">14<\/span><\/a>\u00de\u00fa mar\u00f0ir kr\u00f3kod\u00edlanna h\u00f6fu\u00f0, og gafst \u00fe\u00e1 f\u00f3lkinu \u00ed ey\u00f0im\u00f6rkunni til f\u00e6\u00f0u.<a name=\"15\"><span class=\"versanumer\">15<\/span><\/a>\u00dar bjargskorum framleiddir \u00fe\u00fa l\u00e6ki og uppsprettur, og upp\u00feurrka\u00f0ir miklar \u00e1r.<a name=\"16\"><span class=\"versanumer\">16<\/span><\/a>\u00de\u00e9r tilheyrir dagurinn, \u00fe\u00e9r n\u00f3ttin. \u00de\u00fa hefir fest lj\u00f3sin og s\u00f3lina.<a name=\"17\"><span class=\"versanumer\">17<\/span><\/a>\u00de\u00fa settir \u00f6ll takm\u00f6rk jar\u00f0arinnar, sumar og vetur bj\u00f3st \u00fe\u00fa til. <br \/><a name=\"18\"><span class=\"versanumer\">18<\/span><\/a>Minnstu \u00feessa: \u00f3vinurinn sm\u00e1nar Drottin, og gu\u00f0lausa \u00fej\u00f3\u00f0in foraktar \u00feitt nafn.<a name=\"19\"><span class=\"versanumer\">19<\/span><\/a>Ofurgef ekki s\u00e1l \u00feinnar turtild\u00fafu villid\u00fdrum, og gleymdu ekki a\u00f0 eil\u00edfu aumingjanna l\u00edfi.<a name=\"20\"><span class=\"versanumer\">20<\/span><\/a>L\u00edttu \u00e1 s\u00e1ttm\u00e1lann, \u00fev\u00ed landsins afkimar eru fullir af mor\u00f0ingjanna b\u00e6lum.<a name=\"21\"><span class=\"versanumer\">21<\/span><\/a>L\u00e1t \u00feann l\u00edtilm\u00f3tlega ei hverfa sneyptan til baka, l\u00e1t \u00feann sem l\u00ed\u00f0ur og hinn f\u00e1t\u00e6ka lofa \u00feitt nafn.<a name=\"22\"><span class=\"versanumer\">22<\/span><\/a>R\u00eds upp, \u00f3 Gu\u00f0! stattu fyrir \u00fe\u00ednu m\u00e1li. Minnstu \u00feeirrar h\u00e1\u00f0ungar sem \u00fe\u00e9r er dag hv\u00f6rn gj\u00f6r\u00f0 af d\u00e1runum.<a name=\"23\"><span class=\"versanumer\">23<\/span><\/a>Gleymdu ekki hr\u00f3pi \u00feinna \u00f3vina, h\u00e1va\u00f0a \u00feinna m\u00f3tst\u00f6\u00f0umanna, sem st\u00edgur \u00e6 h\u00e6rra og h\u00e6rra.<\/p>\n<div class=\"footnoteVidey\"><\/div>\n","protected":false},"excerpt":{"rendered":"<p>B\u00e6n \u00fe\u00e1 musteri\u00f0 var ey\u00f0ilagt. 1Kennslulj\u00f3\u00f0 af Asaf. Hvar fyrir, \u00f3 Gu\u00f0! \u00fe\u00fa \u00fatsk\u00fafar (oss) eil\u00edflega? hvar fyrir brennur \u00fe\u00edn rei\u00f0i yfir hj\u00f6r\u00f0 \u00fe\u00edns haglendis?2Minnstu \u00feess safna\u00f0ar sem \u00fe\u00fa for\u00f0um \u00fatvega\u00f0ir \u00fe\u00e9r! \u00feinna erf\u00f0akynkv\u00edslar er \u00fe\u00fa fr\u00eda\u00f0ir, S\u00edonsfjalls, hvar \u00e1 \u00fe\u00fa bj\u00f3st.3Kom \u00fe\u00fa a\u00f0 sj\u00e1 \u00fe\u00e1 \u00e6varandi ey\u00f0ileggingu! allt skemmir \u00f3vinurinn \u00ed helgid\u00f3minum.4\u00de\u00ednir \u00f3vinir grenja mitt \u00ed \u00feinni samkundu og setja s\u00edna si\u00f0i fyrir si\u00f0i.5\u00d3vinurinn s\u00e9st hefja \u00f6rina h\u00e1tt \u00e1 m\u00f3ti tr\u00e9sins samangr\u00f3nu greinum.6Og \u00fea\u00f0 sem \u00fear \u00ed var grafi\u00f0, sundursl\u00e1 \u00feeir me\u00f0 brei\u00f0\u00f6xum og h\u00f6mrum.7\u00deeir kasta eldi \u00ed \u00feinn helgid\u00f3m, \u00feeir fella \u00fe\u00edns nafns b\u00fasta\u00f0, allt a\u00f0 j\u00f6r\u00f0u.8\u00deeir segja <a href=\"https:\/\/biblian.is\/videy\/salmarnir-74-kafli\/\"> [&#8230;]<\/a><\/p>\n","protected":false},"author":1,"featured_media":0,"parent":0,"menu_order":0,"comment_status":"open","ping_status":"open","template":"bibliukaflar.php","meta":{"footnotes":""},"class_list":["post-21401","page","type-page","status-publish","hentry"],"_links":{"self":[{"href":"https:\/\/biblian.is\/videy\/wp-json\/wp\/v2\/pages\/21401","targetHints":{"allow":["GET"]}}],"collection":[{"href":"https:\/\/biblian.is\/videy\/wp-json\/wp\/v2\/pages"}],"about":[{"href":"https:\/\/biblian.is\/videy\/wp-json\/wp\/v2\/types\/page"}],"author":[{"embeddable":true,"href":"https:\/\/biblian.is\/videy\/wp-json\/wp\/v2\/users\/1"}],"replies":[{"embeddable":true,"href":"https:\/\/biblian.is\/videy\/wp-json\/wp\/v2\/comments?post=21401"}],"version-history":[{"count":0,"href":"https:\/\/biblian.is\/videy\/wp-json\/wp\/v2\/pages\/21401\/revisions"}],"wp:attachment":[{"href":"https:\/\/biblian.is\/videy\/wp-json\/wp\/v2\/media?parent=21401"}],"curies":[{"name":"wp","href":"https:\/\/api.w.org\/{rel}","templated":true}]}}