{"id":21398,"date":"2018-01-02T01:01:48","date_gmt":"2018-01-02T01:01:48","guid":{"rendered":"http:\/\/biblian.is\/videy\/salmarnir-71-kafli\/"},"modified":"2018-01-02T01:01:48","modified_gmt":"2018-01-02T01:01:48","slug":"salmarnir-71-kafli","status":"publish","type":"page","link":"https:\/\/biblian.is\/videy\/salmarnir-71-kafli\/","title":{"rendered":"S\u00e1lmarnir 71. kafli"},"content":{"rendered":"<div class=\"fyrirsognVidey\">B\u00e6n m\u00f3ti \u00f3vinum.<\/div>\n<p><a name=\"1\"><span class=\"versanumer\">1<\/span><\/a>\u00c1 \u00feig Drottin treysti eg, l\u00e1t mig aldrei til skammar ver\u00f0a!<a name=\"2\"><span class=\"versanumer\">2<\/span><\/a>frelsa mig fyrir \u00feitt r\u00e9ttl\u00e6ti og losa mig, hneig \u00feitt eyra til m\u00edn og hj\u00e1lpa m\u00e9r.<a name=\"3\"><span class=\"versanumer\">3<\/span><\/a>Vert \u00fe\u00fa m\u00e9r klettav\u00edgi sem eg geti \u00e6t\u00ed\u00f0 fl\u00fai\u00f0 \u00ed. \u00de\u00fa hefir m\u00e9r lofa\u00f0 li\u00f0semd, \u00fev\u00ed \u00fe\u00fa ert mitt bjarg og borg.<a name=\"4\"><span class=\"versanumer\">4<\/span><\/a>Minn Gu\u00f0 losa \u00fe\u00fa mig \u00far hendi hins \u00f3gu\u00f0lega, \u00far \u00feess hendi sem er rangl\u00e1tur og undir\u00ferykkir;<a name=\"5\"><span class=\"versanumer\">5<\/span><\/a>\u00fev\u00ed \u00fe\u00fa ert mitt traust Drottinn, Drottinn! \u00fe\u00fa ert m\u00edn von fr\u00e1 m\u00ednu ungd\u00e6mi.<a name=\"6\"><span class=\"versanumer\">6<\/span><\/a>\u00c1 \u00feig reiddi eg mig sta\u00f0fastlega fr\u00e1 m\u00f3\u00f0url\u00edfi, \u00fe\u00fa dr\u00f3st mig \u00fat af l\u00edfi minnar m\u00f3\u00f0ur, um \u00feig er \u00e6t\u00ed\u00f0 minn lofs\u00f6ngur.<a name=\"7\"><span class=\"versanumer\">7<\/span><\/a>Eg er m\u00f6rgum sem vi\u00f0undur, en \u00fe\u00fa ert mitt styrktartraust.<a name=\"8\"><span class=\"versanumer\">8<\/span><\/a>Minn munnur er fullur af \u00fe\u00ednu lofi, hv\u00f6rn dag af \u00feinni vegsemd,<a name=\"9\"><span class=\"versanumer\">9<\/span><\/a>\u00fatsk\u00fafa m\u00e9r ekki \u00ed minni elli og yfirgef mig ekki \u00fe\u00e1 eg hr\u00f6rna.<a name=\"10\"><span class=\"versanumer\">10<\/span><\/a>\u00dev\u00ed m\u00ednir \u00f3vinir tala \u00e1 m\u00f3ti m\u00e9r, og \u00feeir sem sitja um mitt l\u00edf, \u00feeir bera saman s\u00edn r\u00e1\u00f0,<a name=\"11\"><span class=\"versanumer\">11<\/span><\/a>og segja: Gu\u00f0 hefur yfirgefi\u00f0 hann; elti\u00f0 hann og gr\u00edpi\u00f0, enginn bjargar honum.<a name=\"12\"><span class=\"versanumer\">12<\/span><\/a>Gu\u00f0 vertu ekki langt fr\u00e1 m\u00e9r, minn Gu\u00f0! fl\u00fdttu \u00fe\u00e9r a\u00f0 hj\u00e1lpa m\u00e9r.<a name=\"13\"><span class=\"versanumer\">13<\/span><\/a>L\u00e1ttu \u00fe\u00e1 sneypast og afm\u00e1st, sem sitja um mitt l\u00edf, l\u00e1ttu \u00fe\u00e1 \u00feekjast h\u00e1\u00f0ung og hneisu, sem leita minnar \u00f3g\u00e6fu.<a name=\"14\"><span class=\"versanumer\">14<\/span><\/a>En eg vil \u00e6t\u00ed\u00f0 vona, og aldrei h\u00e6tta a\u00f0 vegsama \u00feig.<a name=\"15\"><span class=\"versanumer\">15<\/span><\/a>Minn munnur skal segja fr\u00e1 \u00fe\u00ednu r\u00e9ttl\u00e6ti, hv\u00f6rn dag fr\u00e1 \u00fe\u00ednu hj\u00e1lpr\u00e6\u00f0i, \u00fev\u00ed eg veit enga t\u00f6lu <span class='VideyAth'>(\u00fear \u00e1)<\/span>.<a name=\"16\"><span class=\"versanumer\">16<\/span><\/a>Eg vil innganga <span class='VideyAth'>(\u00ed musteri\u00f0)<\/span> me\u00f0 m\u00edns herra Drottins lofgj\u00f6r\u00f0, eg vil a\u00f0eins hr\u00f3sa \u00fe\u00ednu r\u00e9ttl\u00e6ti.<a name=\"17\"><span class=\"versanumer\">17<\/span><\/a>Gu\u00f0 \u00fe\u00fa hefir mennta\u00f0 mig fr\u00e1 barnd\u00f3mi, og inn til \u00feess n\u00fa kunngj\u00f6ri eg \u00fe\u00ednar d\u00e1semdir.<a name=\"18\"><span class=\"versanumer\">18<\/span><\/a>En yfirgef mig \u00fe\u00e1 ekki, \u00f3 Gu\u00f0! \u00ed ellinni gr\u00e1h\u00e6r\u00f0an, \u00feanga\u00f0 til eg f\u00e6 kunngj\u00f6rt \u00feinn m\u00e1tt \u00feessari kynsl\u00f3\u00f0, og \u00feinn kraft allri \u00feeirri sem koma mun.<a name=\"19\"><span class=\"versanumer\">19<\/span><\/a>\u00dev\u00ed \u00feitt r\u00e9ttl\u00e6ti n\u00e6r, \u00f3 Gu\u00f0! \u00ed h\u00e6\u00f0ina, \u00fe\u00fa Gu\u00f0 hefir gj\u00f6rt mikla hluti;<a name=\"20\"><span class=\"versanumer\">20<\/span><\/a>hv\u00f6r er sem \u00fe\u00fa? \u00fe\u00fa hefir l\u00e1ti\u00f0 mig sj\u00e1 marga raun og \u00f3lukku, endurl\u00edfga mig aftur, og drag mig aftur \u00far jar\u00f0arinnar afgrunni,<a name=\"21\"><span class=\"versanumer\">21<\/span><\/a>gj\u00f6r \u00fe\u00fa mig miki\u00f0 st\u00f3ran, og umkringdu mig me\u00f0 huggun,<a name=\"22\"><span class=\"versanumer\">22<\/span><\/a>svo mun eg svo \u00feakka \u00fe\u00e9r me\u00f0 h\u00f6rpuhlj\u00f3m fyrir \u00fe\u00edna tr\u00fafesti, minn Gu\u00f0! Eg skal spila fyrir \u00fe\u00e9r \u00e1 h\u00f6rpu, \u00fe\u00fa \u00cdsraels heilagi.<a name=\"23\"><span class=\"versanumer\">23<\/span><\/a>M\u00ednar varir skulu fagna \u00feegar eg leik \u00e1 hlj\u00f3\u00f0f\u00e6ri fyrir \u00fe\u00e9r, og m\u00edn s\u00e1l sem \u00fe\u00fa hefir endurleyst;<a name=\"24\"><span class=\"versanumer\">24<\/span><\/a>l\u00edka skal m\u00edn tunga tala daglega \u00feitt r\u00e9ttl\u00e6ti, \u00fev\u00ed \u00feeir ver\u00f0a vanvirtir og mega skammast s\u00edn, sem leita minnar \u00f3lukku.<\/p>\n<div class=\"footnoteVidey\"><\/div>\n","protected":false},"excerpt":{"rendered":"<p>B\u00e6n m\u00f3ti \u00f3vinum. 1\u00c1 \u00feig Drottin treysti eg, l\u00e1t mig aldrei til skammar ver\u00f0a!2frelsa mig fyrir \u00feitt r\u00e9ttl\u00e6ti og losa mig, hneig \u00feitt eyra til m\u00edn og hj\u00e1lpa m\u00e9r.3Vert \u00fe\u00fa m\u00e9r klettav\u00edgi sem eg geti \u00e6t\u00ed\u00f0 fl\u00fai\u00f0 \u00ed. \u00de\u00fa hefir m\u00e9r lofa\u00f0 li\u00f0semd, \u00fev\u00ed \u00fe\u00fa ert mitt bjarg og borg.4Minn Gu\u00f0 losa \u00fe\u00fa mig \u00far hendi hins \u00f3gu\u00f0lega, \u00far \u00feess hendi sem er rangl\u00e1tur og undir\u00ferykkir;5\u00fev\u00ed \u00fe\u00fa ert mitt traust Drottinn, Drottinn! \u00fe\u00fa ert m\u00edn von fr\u00e1 m\u00ednu ungd\u00e6mi.6\u00c1 \u00feig reiddi eg mig sta\u00f0fastlega fr\u00e1 m\u00f3\u00f0url\u00edfi, \u00fe\u00fa dr\u00f3st mig \u00fat af l\u00edfi minnar m\u00f3\u00f0ur, um \u00feig er \u00e6t\u00ed\u00f0 minn lofs\u00f6ngur.7Eg <a href=\"https:\/\/biblian.is\/videy\/salmarnir-71-kafli\/\"> [&#8230;]<\/a><\/p>\n","protected":false},"author":1,"featured_media":0,"parent":0,"menu_order":0,"comment_status":"open","ping_status":"open","template":"bibliukaflar.php","meta":{"footnotes":""},"class_list":["post-21398","page","type-page","status-publish","hentry"],"_links":{"self":[{"href":"https:\/\/biblian.is\/videy\/wp-json\/wp\/v2\/pages\/21398","targetHints":{"allow":["GET"]}}],"collection":[{"href":"https:\/\/biblian.is\/videy\/wp-json\/wp\/v2\/pages"}],"about":[{"href":"https:\/\/biblian.is\/videy\/wp-json\/wp\/v2\/types\/page"}],"author":[{"embeddable":true,"href":"https:\/\/biblian.is\/videy\/wp-json\/wp\/v2\/users\/1"}],"replies":[{"embeddable":true,"href":"https:\/\/biblian.is\/videy\/wp-json\/wp\/v2\/comments?post=21398"}],"version-history":[{"count":0,"href":"https:\/\/biblian.is\/videy\/wp-json\/wp\/v2\/pages\/21398\/revisions"}],"wp:attachment":[{"href":"https:\/\/biblian.is\/videy\/wp-json\/wp\/v2\/media?parent=21398"}],"curies":[{"name":"wp","href":"https:\/\/api.w.org\/{rel}","templated":true}]}}