{"id":21396,"date":"2018-01-02T01:01:48","date_gmt":"2018-01-02T01:01:48","guid":{"rendered":"http:\/\/biblian.is\/videy\/salmarnir-69-kafli\/"},"modified":"2018-01-02T01:01:48","modified_gmt":"2018-01-02T01:01:48","slug":"salmarnir-69-kafli","status":"publish","type":"page","link":"https:\/\/biblian.is\/videy\/salmarnir-69-kafli\/","title":{"rendered":"S\u00e1lmarnir 69. kafli"},"content":{"rendered":"<div class=\"fyrirsognVidey\">B\u00e6n m\u00f3ti \u00f3vinum.<\/div>\n<p><a name=\"1\"><span class=\"versanumer\">1<\/span><\/a>Til hlj\u00f3\u00f0f\u00e6rameistarans \u00e1 liljuhlj\u00f3\u00f0f\u00e6ri. Af Dav\u00ed\u00f0.<a name=\"2\"><span class=\"versanumer\">2<\/span><\/a>Gu\u00f0! frelsa mig, \u00fev\u00ed vatni\u00f0 \u00ferengir s\u00e9r inn a\u00f0 s\u00e1lunni.<a name=\"3\"><span class=\"versanumer\">3<\/span><\/a>Eg er sokkinn ni\u00f0ur \u00ed dj\u00fapt botnlaust for\u00e6\u00f0i, hvar engin f\u00f3tfesta er, eg er kominn \u00ed miki\u00f0 dj\u00fapt vatn og straumurinn gengur yfir mig.<a name=\"4\"><span class=\"versanumer\">4<\/span><\/a>Eg er \u00fereyttur af a\u00f0 hr\u00f3pa, minn barki er h\u00e1s, m\u00edn augu daprast \u00ed \u00fev\u00ed eg b\u00ed\u00f0 m\u00edns Gu\u00f0s.<a name=\"5\"><span class=\"versanumer\">5<\/span><\/a>\u00deeir eru fleiri en h\u00e1rin \u00e1 m\u00ednu h\u00f6f\u00f0i, sem mig hata \u00e1n saka. Voldugir eru m\u00ednir \u00f3vinir sem leitast vi\u00f0 a\u00f0 afm\u00e1 mig \u00e1n orsaka; eg \u00e1 a\u00f0 borga \u00fea\u00f0 sem eg ekki r\u00e6nti.<a name=\"6\"><span class=\"versanumer\">6<\/span><\/a>Gu\u00f0 \u00fe\u00fa \u00feekkir m\u00edna heimsku og m\u00edn synd er \u00fe\u00e9r ekki hulin.<a name=\"7\"><span class=\"versanumer\">7<\/span><\/a>L\u00e1t \u00fe\u00e1 ekki sneypast af \u00fev\u00ed a\u00f0 sj\u00e1 m\u00edn kj\u00f6r sem b\u00ed\u00f0a \u00fe\u00edn. \u00d3 Drottinn herskaranna! l\u00e1t \u00fe\u00e1 ekki vanvir\u00f0ast fyrir m\u00edna skuld, sem leita \u00fe\u00edn, \u00cdsraels Gu\u00f0!<a name=\"8\"><span class=\"versanumer\">8<\/span><\/a>\u00dev\u00ed vegna \u00fe\u00edn ber eg h\u00e1\u00f0ung, sneypa \u00feekur mitt andlit.<a name=\"9\"><span class=\"versanumer\">9<\/span><\/a>Eg er or\u00f0inn framandi hj\u00e1 m\u00ednum br\u00e6\u00f0rum, og \u00f3kunnugur b\u00f6rnum minnar m\u00f3\u00f0ur.<a name=\"10\"><span class=\"versanumer\">10<\/span><\/a>Vandl\u00e6ti fyrir \u00feitt h\u00fas ey\u00f0ileggur mig og sm\u00e1n \u00feeirra sem \u00feig sm\u00e1na, lendir \u00e1 m\u00e9r.<a name=\"11\"><span class=\"versanumer\">11<\/span><\/a>\u00deegar eg gr\u00e9t og fasta\u00f0i, var gj\u00f6rt gys a\u00f0 m\u00e9r.<a name=\"12\"><span class=\"versanumer\">12<\/span><\/a>\u00deegar eg \u00edkl\u00e6ddist sekk, var\u00f0 eg \u00feeim a\u00f0 athl\u00e1tri <span class='VideyAth'>(a\u00f0 or\u00f0skvi\u00f0)<\/span>.<a name=\"13\"><span class=\"versanumer\">13<\/span><\/a>\u00deeir sem sitja \u00ed portinu tala um mig, og \u00feeir kve\u00f0a um mig, sem drekka \u00e1fengan drykk.<a name=\"14\"><span class=\"versanumer\">14<\/span><\/a>En eg fl\u00fd me\u00f0 m\u00edna b\u00e6n til \u00fe\u00edn, Drottinn! l\u00e1t hana vera \u00fe\u00e9r \u00fe\u00f3knanlega, \u00f3 Gu\u00f0! eftir \u00feinni mikilli miskunnsemi. B\u00e6nheyr \u00fe\u00fa mig eftir tr\u00fafesti \u00fe\u00edns frelsis.<a name=\"15\"><span class=\"versanumer\">15<\/span><\/a>Frelsa \u00fe\u00fa mig \u00far feninu, a\u00f0 eg ekki s\u00f6kkvi. L\u00e1ttu mig losna fr\u00e1 m\u00ednum hatursm\u00f6nnum, og \u00far \u00fev\u00ed dj\u00fapa vatni.<a name=\"16\"><span class=\"versanumer\">16<\/span><\/a>L\u00e1ttu ekki vatnsfalli\u00f0 ganga yfir mig, og ekki hylinn svelgja mig, og ekki pyttinn afturlj\u00fakast yfir m\u00e9r.<a name=\"17\"><span class=\"versanumer\">17<\/span><\/a>B\u00e6nheyr mig, Drottinn! \u00fev\u00ed \u00fe\u00edn miskunn er mikil, sn\u00fa \u00fe\u00ednu augliti til m\u00edn, eftir mikilleik \u00feinna miskunnsemda.<a name=\"18\"><span class=\"versanumer\">18<\/span><\/a>Hyl ekki andlit \u00feitt fyrir \u00fej\u00f3ni \u00fe\u00ednum, \u00fev\u00ed eg er \u00ed angist, fl\u00fdttu \u00fe\u00e9r! b\u00e6nheyr\u00f0u mig!<a name=\"19\"><span class=\"versanumer\">19<\/span><\/a>Vertu n\u00e1l\u00e6gt minni s\u00e1lu, endurleys hana! frelsa mig fyrir minna \u00f3vina sakir.<a name=\"20\"><span class=\"versanumer\">20<\/span><\/a>\u00de\u00fa veist m\u00edna sm\u00e1n og sk\u00f6mm og h\u00e1\u00f0ung, allir m\u00ednir m\u00f3tst\u00f6\u00f0umenn eru \u00fe\u00e9r opinberir.<a name=\"21\"><span class=\"versanumer\">21<\/span><\/a>H\u00e1\u00f0ungin kremur mitt hjarta, eg dey; eg v\u00e6nti me\u00f0aumkunar, en h\u00fan er ekki til, huggunar, en eg finn enga.<a name=\"22\"><span class=\"versanumer\">22<\/span><\/a>\u00deeir gefa m\u00e9r gall a\u00f0 eta, og ef mig \u00feyrstir, gefa \u00feeir m\u00e9r edik a\u00f0 drekka. <br \/><a name=\"23\"><span class=\"versanumer\">23<\/span><\/a>\u00deeirra matbor\u00f0 ver\u00f0i \u00feeim a\u00f0 sn\u00f6ru, og \u00feeirra fri\u00f0ur a\u00f0 gildru.<a name=\"24\"><span class=\"versanumer\">24<\/span><\/a>L\u00e1t \u00feeirra auga daprast, a\u00f0 \u00feeir ekki sj\u00e1i, og \u00feeirra lendar \u00e6t\u00ed\u00f0 vera \u00f3styrkar.<a name=\"25\"><span class=\"versanumer\">25<\/span><\/a>\u00dataus \u00feinni br\u00e6\u00f0i yfir \u00fe\u00e1, og l\u00e1t \u00e1kef\u00f0 \u00feinnar rei\u00f0i n\u00e1 \u00feeim.<a name=\"26\"><span class=\"versanumer\">26<\/span><\/a>\u00deeirra hallir ver\u00f0i \u00ed au\u00f0n, og engin b\u00fai \u00ed \u00feeirra tjaldb\u00fa\u00f0um!<a name=\"27\"><span class=\"versanumer\">27<\/span><\/a>\u00dev\u00ed \u00feeir ofs\u00e6kja \u00feann sem \u00fe\u00fa hefir slegi\u00f0, og auka \u00feess p\u00ednu sem \u00fe\u00fa hefir s\u00e6rt.<a name=\"28\"><span class=\"versanumer\">28<\/span><\/a>L\u00e1t \u00fe\u00e1 b\u00e6ta sekt \u00e1 sekt, og ekki komast til \u00fe\u00edns r\u00e9ttl\u00e6tis!<a name=\"29\"><span class=\"versanumer\">29<\/span><\/a>L\u00e1t \u00fe\u00e1 ver\u00f0a afm\u00e1\u00f0a af l\u00edfsins b\u00f3k, og ekki innskrifast me\u00f0al \u00feeirra r\u00e1\u00f0v\u00f6ndu.<a name=\"30\"><span class=\"versanumer\">30<\/span><\/a>En mig sem er aumur og harm\u00ferunginn, mig upphefji \u00feitt frelsi, \u00f3 Gu\u00f0!<a name=\"31\"><span class=\"versanumer\">31<\/span><\/a>\u00de\u00e1 mun eg lofa Gu\u00f0s nafn me\u00f0 s\u00f6ng, og vegsama hann me\u00f0 \u00feakkargj\u00f6r\u00f0.<a name=\"32\"><span class=\"versanumer\">32<\/span><\/a>\u00dea\u00f0 ge\u00f0jast Drottni betur en uxi, betur en naut me\u00f0 hornum og klaufum.<a name=\"33\"><span class=\"versanumer\">33<\/span><\/a>Hinir aumu sj\u00e1 \u00fea\u00f0 og gle\u00f0ja sig; og \u00fe\u00e9r sem leiti\u00f0 Gu\u00f0s, y\u00f0ar hjarta skal lifna vi\u00f0.<a name=\"34\"><span class=\"versanumer\">34<\/span><\/a>\u00dev\u00ed Drottinn heyrir \u00fe\u00e1 f\u00e1t\u00e6ku, og s\u00edna fanga fyrirl\u00edtur hann ekki.<a name=\"35\"><span class=\"versanumer\">35<\/span><\/a>Himinn og j\u00f6r\u00f0 skal lofa hann, og allt sem \u00fair og gr\u00fair \u00fear inni.<a name=\"36\"><span class=\"versanumer\">36<\/span><\/a>\u00dev\u00ed Gu\u00f0 mun frelsa S\u00edon, og uppbyggja J\u00fad\u00e6u borgir, a\u00f0 menn b\u00fai \u00ed \u00feeim og eigi \u00fe\u00e6r, og ni\u00f0jar hans \u00fe\u00e9nara skulu erfa.<a name=\"37\"><span class=\"versanumer\">37<\/span><\/a>\u00de\u00e6r, og \u00feeir sem elska hans nafn, skulu b\u00faa \u00fear.<\/p>\n<div class=\"footnoteVidey\"><\/div>\n","protected":false},"excerpt":{"rendered":"<p>B\u00e6n m\u00f3ti \u00f3vinum. 1Til hlj\u00f3\u00f0f\u00e6rameistarans \u00e1 liljuhlj\u00f3\u00f0f\u00e6ri. Af Dav\u00ed\u00f0.2Gu\u00f0! frelsa mig, \u00fev\u00ed vatni\u00f0 \u00ferengir s\u00e9r inn a\u00f0 s\u00e1lunni.3Eg er sokkinn ni\u00f0ur \u00ed dj\u00fapt botnlaust for\u00e6\u00f0i, hvar engin f\u00f3tfesta er, eg er kominn \u00ed miki\u00f0 dj\u00fapt vatn og straumurinn gengur yfir mig.4Eg er \u00fereyttur af a\u00f0 hr\u00f3pa, minn barki er h\u00e1s, m\u00edn augu daprast \u00ed \u00fev\u00ed eg b\u00ed\u00f0 m\u00edns Gu\u00f0s.5\u00deeir eru fleiri en h\u00e1rin \u00e1 m\u00ednu h\u00f6f\u00f0i, sem mig hata \u00e1n saka. Voldugir eru m\u00ednir \u00f3vinir sem leitast vi\u00f0 a\u00f0 afm\u00e1 mig \u00e1n orsaka; eg \u00e1 a\u00f0 borga \u00fea\u00f0 sem eg ekki r\u00e6nti.6Gu\u00f0 \u00fe\u00fa \u00feekkir m\u00edna heimsku og m\u00edn synd er <a href=\"https:\/\/biblian.is\/videy\/salmarnir-69-kafli\/\"> [&#8230;]<\/a><\/p>\n","protected":false},"author":1,"featured_media":0,"parent":0,"menu_order":0,"comment_status":"open","ping_status":"open","template":"bibliukaflar.php","meta":{"footnotes":""},"class_list":["post-21396","page","type-page","status-publish","hentry"],"_links":{"self":[{"href":"https:\/\/biblian.is\/videy\/wp-json\/wp\/v2\/pages\/21396","targetHints":{"allow":["GET"]}}],"collection":[{"href":"https:\/\/biblian.is\/videy\/wp-json\/wp\/v2\/pages"}],"about":[{"href":"https:\/\/biblian.is\/videy\/wp-json\/wp\/v2\/types\/page"}],"author":[{"embeddable":true,"href":"https:\/\/biblian.is\/videy\/wp-json\/wp\/v2\/users\/1"}],"replies":[{"embeddable":true,"href":"https:\/\/biblian.is\/videy\/wp-json\/wp\/v2\/comments?post=21396"}],"version-history":[{"count":0,"href":"https:\/\/biblian.is\/videy\/wp-json\/wp\/v2\/pages\/21396\/revisions"}],"wp:attachment":[{"href":"https:\/\/biblian.is\/videy\/wp-json\/wp\/v2\/media?parent=21396"}],"curies":[{"name":"wp","href":"https:\/\/api.w.org\/{rel}","templated":true}]}}