{"id":21395,"date":"2018-01-02T01:01:48","date_gmt":"2018-01-02T01:01:48","guid":{"rendered":"http:\/\/biblian.is\/videy\/salmarnir-68-kafli\/"},"modified":"2018-01-02T01:01:48","modified_gmt":"2018-01-02T01:01:48","slug":"salmarnir-68-kafli","status":"publish","type":"page","link":"https:\/\/biblian.is\/videy\/salmarnir-68-kafli\/","title":{"rendered":"S\u00e1lmarnir 68. kafli"},"content":{"rendered":"<div class=\"fyrirsognVidey\">Sigurlj\u00f3\u00f0.<\/div>\n<p><a name=\"1\"><span class=\"versanumer\">1<\/span><\/a>Til hlj\u00f3\u00f0f\u00e6rameistarans. Lofs\u00f6ngur.<a name=\"2\"><span class=\"versanumer\">2<\/span><\/a>Gu\u00f0 taki sig upp, hans \u00f3vinir tv\u00edstrist, og \u00feeir sem hann hata, fl\u00fdi fyrir hans augliti.<a name=\"3\"><span class=\"versanumer\">3<\/span><\/a>Eins og reykurinn burtrekst, muntu burtreka \u00fe\u00e1, sem vax br\u00e1\u00f0nar fyrir eldi, munu \u00feeir \u00f3gu\u00f0legu tort\u00edmast fyrir Gu\u00f0s augliti.<a name=\"4\"><span class=\"versanumer\">4<\/span><\/a>En \u00feeir r\u00e1\u00f0v\u00f6ndu munu gle\u00f0jast, \u00feeir munu fagna og gle\u00f0jast fyrir Gu\u00f0s augliti.<a name=\"5\"><span class=\"versanumer\">5<\/span><\/a>Syngi\u00f0 Gu\u00f0i lof! vegsami\u00f0 hans nafn! grei\u00f0i\u00f0 hans veg, \u00fe\u00e1 hann fer um ey\u00f0imerkurnar! Drottinn er hans nafn, gle\u00f0ji\u00f0 y\u00f0ur fyrir hans augliti.<a name=\"6\"><span class=\"versanumer\">6<\/span><\/a>Gu\u00f0 er \u00ed s\u00ednum heilaga b\u00fasta\u00f0, fa\u00f0ir f\u00f6\u00f0urlausra, og vernd ekknanna.<a name=\"7\"><span class=\"versanumer\">7<\/span><\/a>Gu\u00f0 l\u00e6tur \u00fe\u00e1 \u00fatl\u00e6gu b\u00faa \u00ed h\u00fasinu <span class='VideyAth'>(sinna fe\u00f0ra)<\/span>, og \u00fatlei\u00f0ir \u00fe\u00e1 f\u00f6ngu\u00f0u til n\u00e6gta, en \u00feeir \u00feverbrotnu b\u00faa \u00ed \u00feurru landi. <br \/><a name=\"8\"><span class=\"versanumer\">8<\/span><\/a>Gu\u00f0! \u00feegar \u00fe\u00fa f\u00f3rst undan \u00fe\u00ednu f\u00f3lki, \u00feegar \u00fe\u00fa gekkst fram um ey\u00f0ista\u00f0i <span class='VideyAth'>(m\u00e1lhv\u00edld)<\/span>,<a name=\"9\"><span class=\"versanumer\">9<\/span><\/a>\u00fe\u00e1 skalf j\u00f6r\u00f0in, og himinninn draup fyrir Gu\u00f0s augliti, j\u00e1, S\u00edna\u00ed fyrir Gu\u00f0s, fyrir \u00cdsraels Gu\u00f0s augliti.<a name=\"10\"><span class=\"versanumer\">10<\/span><\/a>R\u00edkuglegt regn gafst \u00fe\u00fa, \u00feinn arf <span class='VideyAth'>(erf\u00f0af\u00f3lk)<\/span>, \u00feann \u00fereytta, sta\u00f0festir \u00fe\u00fa.<a name=\"11\"><span class=\"versanumer\">11<\/span><\/a>\u00de\u00ednir skarar settust a\u00f0 \u00ed landinu, sem \u00fe\u00fa, \u00f3 Gu\u00f0! af \u00feinni g\u00e6sku haf\u00f0ir aumingjunum fyrirb\u00fai\u00f0.<a name=\"12\"><span class=\"versanumer\">12<\/span><\/a>Drottinn l\u00e6tur \u00feeirra tal hlj\u00f3ma, sem bo\u00f0a sigurinn, \u00ed \u00feeim mikla her.<a name=\"13\"><span class=\"versanumer\">13<\/span><\/a>\u201eHerskaranna k\u00f3ngar fl\u00fdja, \u00feeir og fl\u00fdja og h\u00fasm\u00f3\u00f0irin <span class='VideyAth'>(h\u00fassins pr\u00fd\u00f0i)<\/span> \u00fatb\u00fdtir herfangi.<a name=\"14\"><span class=\"versanumer\">14<\/span><\/a>\u00deegar \u00fe\u00e9r liggi\u00f0 \u00ed milli hjar\u00f0anna, \u00fe\u00e1 eru d\u00fafuv\u00e6ngirnir \u00feaktir af silfri, og hennar fja\u00f0rir penta\u00f0ar gulli.<a name=\"15\"><span class=\"versanumer\">15<\/span><\/a>\u00deegar s\u00e1 alm\u00e1ttugi tv\u00edstra\u00f0i k\u00f3ngunum \u00ed landinu, var \u00fea\u00f0 snj\u00f3 hv\u00edtt eins og Salmon\u201c.<a name=\"16\"><span class=\"versanumer\">16<\/span><\/a>\u00de\u00e9r Gu\u00f0s fj\u00f6ll! Basans fj\u00f6ll, \u00fei\u00f0 fj\u00f6ll me\u00f0 m\u00f6rgum tindum, Basans fj\u00f6ll!<a name=\"17\"><span class=\"versanumer\">17<\/span><\/a>Hvar fyrir l\u00edti\u00f0 \u00fe\u00e9r fj\u00f6ll me\u00f0 m\u00f6rgum tindum, \u00f6fundsamlega til \u00feess fjallsins, hvar Gu\u00f0i \u00fe\u00f3kna\u00f0ist a\u00f0 b\u00faa? Drottinn mun \u00fe\u00f3 b\u00faa \u00fear eil\u00edflega.<a name=\"18\"><span class=\"versanumer\">18<\/span><\/a>Gu\u00f0s vagnar eru tvisvar sinnum t\u00edu \u00fe\u00fasund, j\u00e1, \u00fe\u00fasund og aftur \u00fe\u00fasund. Drottinn er me\u00f0al \u00feeirra, eins og \u00e1 S\u00edna\u00ed \u00ed helgid\u00f3minum.<a name=\"19\"><span class=\"versanumer\">19<\/span><\/a>\u00de\u00fa st\u00edgur upp \u00e1 h\u00e6\u00f0ina, hefir fanga me\u00f0 \u00fe\u00e9r, tekur vi\u00f0 g\u00e1fum af m\u00f6nnum, jafnvel \u00feeir \u00feverbrotnu, skulu b\u00faa hj\u00e1 \u00fe\u00e9r, Drottinn Gu\u00f0!<br \/><a name=\"20\"><span class=\"versanumer\">20<\/span><\/a>Lofa\u00f0ur s\u00e9 Drottinn dag eftir dag! \u00fe\u00f3 hann leggi \u00e1 oss byr\u00f0i, er Gu\u00f0 vor hj\u00e1lp. <span class='VideyAth'>(M\u00e1lhv\u00edld)<\/span>.<a name=\"21\"><span class=\"versanumer\">21<\/span><\/a>\u00deessi Gu\u00f0 er oss frelsis Gu\u00f0, og Drottinn vor Herra er frelsun fr\u00e1 dau\u00f0anum.<a name=\"22\"><span class=\"versanumer\">22<\/span><\/a>En Gu\u00f0 mun sannarlega merja h\u00f6fu\u00f0 sinna \u00f3vina, hvirfil \u00feeirra sem \u00e1fram halda \u00ed \u00feeirra syndum.<a name=\"23\"><span class=\"versanumer\">23<\/span><\/a>Drottinn segir: fr\u00e1 Basan vil eg f\u00e6ra \u00fe\u00e1, flytja \u00fe\u00e1 fr\u00e1 dj\u00fapi sj\u00e1varins.<a name=\"24\"><span class=\"versanumer\">24<\/span><\/a>Svo \u00feinn f\u00f3tur megi va\u00f0a \u00ed bl\u00f3\u00f0i, og tungur \u00feinna hunda sleikja \u00fea\u00f0 \u00far \u00f3vinunum.<br \/><a name=\"25\"><span class=\"versanumer\">25<\/span><\/a>\u00deeir s\u00e1u \u00fe\u00edna inng\u00f6ngu, \u00f3 Gu\u00f0! m\u00edns Gu\u00f0s, m\u00edns konungs inng\u00f6ngu \u00ed helgid\u00f3minn.<a name=\"26\"><span class=\"versanumer\">26<\/span><\/a>\u00c1 undan gengu s\u00f6ngvararnir, \u00fear eftir \u00feeir sem spilu\u00f0u \u00e1 hlj\u00f3\u00f0f\u00e6ri mitt \u00e1 me\u00f0al meyjanna sem sl\u00f3gu trumbur.<a name=\"27\"><span class=\"versanumer\">27<\/span><\/a>Lofi\u00f0 Gu\u00f0 \u00ed s\u00f6fnu\u00f0inum, lofi\u00f0 Drottin \u00fe\u00e9r sem komnir eru\u00f0 af \u00cdsrael!<a name=\"28\"><span class=\"versanumer\">28<\/span><\/a>\u00fearna er Benjam\u00edn, s\u00e1 yngsti sem drottnar, J\u00fad\u00e6u furstar me\u00f0 s\u00ednum h\u00f3pum. Seb\u00falons furstar, Neftal\u00ed furstar.<a name=\"29\"><span class=\"versanumer\">29<\/span><\/a>\u00deinn Gu\u00f0 b\u00fd\u00f0ur \u00fe\u00e9r <span class='VideyAth'>(\u00cdsrael)<\/span>, a\u00f0 \u00fe\u00fa s\u00e9rt sterkur, styrk oss, \u00f3 Gu\u00f0! eins og \u00fe\u00fa hefir gj\u00f6rt,<a name=\"30\"><span class=\"versanumer\">30<\/span><\/a>fr\u00e1 \u00fe\u00ednu musteri \u00ed Jer\u00fasalem! k\u00f3ngarnir skulu f\u00e6ra \u00fe\u00e9r g\u00e1fur.<a name=\"31\"><span class=\"versanumer\">31<\/span><\/a>\u00c1v\u00edta \u00fe\u00fa d\u00fdri\u00f0 \u00ed reyrnum, uxanna flokk og f\u00f3lksins k\u00e1lfa <span class='VideyAth'>a)<\/span>, a\u00f0 \u00feeir gefi sig upp me\u00f0 s\u00ednum silfurpeningum. Tv\u00edstra f\u00f3lkinu sem hefir lyst til str\u00ed\u00f0s.<a name=\"32\"><span class=\"versanumer\">32<\/span><\/a>St\u00f3rfurstar munu koma fr\u00e1 Egyptalandi, M\u00f3rland mun flj\u00f3tt \u00fatr\u00e9tta s\u00ednar hendur til Gu\u00f0s;<a name=\"33\"><span class=\"versanumer\">33<\/span><\/a>\u00fe\u00e9r r\u00edki jar\u00f0arinnar, syngi\u00f0 fyrir Gu\u00f0i, fagni\u00f0 fyrir Drottni,<a name=\"34\"><span class=\"versanumer\">34<\/span><\/a>\u00feeim sem fer yfir hinna g\u00f6mlu himinhimna;<a name=\"35\"><span class=\"versanumer\">35<\/span><\/a>Gefi\u00f0 Gu\u00f0i hei\u00f0urinn, hans h\u00e1tign er yfir \u00cdsrael, og hans makt \u00ed sk\u00fdjunum.<a name=\"36\"><span class=\"versanumer\">36<\/span><\/a>\u00d3ttalegur ertu, \u00f3 Gu\u00f0! \u00ed \u00fe\u00ednum helgid\u00f3mi. \u00cdsraels Gu\u00f0 gefur f\u00f3lkinu makt og styrk. Lofa\u00f0ur veri\u00f0 Gu\u00f0!<\/p>\n<div class=\"footnoteVidey\">V. 31. a. (Volduga og ves\u00e6la).<\/div>\n","protected":false},"excerpt":{"rendered":"<p>Sigurlj\u00f3\u00f0. 1Til hlj\u00f3\u00f0f\u00e6rameistarans. Lofs\u00f6ngur.2Gu\u00f0 taki sig upp, hans \u00f3vinir tv\u00edstrist, og \u00feeir sem hann hata, fl\u00fdi fyrir hans augliti.3Eins og reykurinn burtrekst, muntu burtreka \u00fe\u00e1, sem vax br\u00e1\u00f0nar fyrir eldi, munu \u00feeir \u00f3gu\u00f0legu tort\u00edmast fyrir Gu\u00f0s augliti.4En \u00feeir r\u00e1\u00f0v\u00f6ndu munu gle\u00f0jast, \u00feeir munu fagna og gle\u00f0jast fyrir Gu\u00f0s augliti.5Syngi\u00f0 Gu\u00f0i lof! vegsami\u00f0 hans nafn! grei\u00f0i\u00f0 hans veg, \u00fe\u00e1 hann fer um ey\u00f0imerkurnar! Drottinn er hans nafn, gle\u00f0ji\u00f0 y\u00f0ur fyrir hans augliti.6Gu\u00f0 er \u00ed s\u00ednum heilaga b\u00fasta\u00f0, fa\u00f0ir f\u00f6\u00f0urlausra, og vernd ekknanna.7Gu\u00f0 l\u00e6tur \u00fe\u00e1 \u00fatl\u00e6gu b\u00faa \u00ed h\u00fasinu (sinna fe\u00f0ra), og \u00fatlei\u00f0ir \u00fe\u00e1 f\u00f6ngu\u00f0u til n\u00e6gta, en \u00feeir \u00feverbrotnu b\u00faa \u00ed <a href=\"https:\/\/biblian.is\/videy\/salmarnir-68-kafli\/\"> [&#8230;]<\/a><\/p>\n","protected":false},"author":1,"featured_media":0,"parent":0,"menu_order":0,"comment_status":"open","ping_status":"open","template":"bibliukaflar.php","meta":{"footnotes":""},"class_list":["post-21395","page","type-page","status-publish","hentry"],"_links":{"self":[{"href":"https:\/\/biblian.is\/videy\/wp-json\/wp\/v2\/pages\/21395","targetHints":{"allow":["GET"]}}],"collection":[{"href":"https:\/\/biblian.is\/videy\/wp-json\/wp\/v2\/pages"}],"about":[{"href":"https:\/\/biblian.is\/videy\/wp-json\/wp\/v2\/types\/page"}],"author":[{"embeddable":true,"href":"https:\/\/biblian.is\/videy\/wp-json\/wp\/v2\/users\/1"}],"replies":[{"embeddable":true,"href":"https:\/\/biblian.is\/videy\/wp-json\/wp\/v2\/comments?post=21395"}],"version-history":[{"count":0,"href":"https:\/\/biblian.is\/videy\/wp-json\/wp\/v2\/pages\/21395\/revisions"}],"wp:attachment":[{"href":"https:\/\/biblian.is\/videy\/wp-json\/wp\/v2\/media?parent=21395"}],"curies":[{"name":"wp","href":"https:\/\/api.w.org\/{rel}","templated":true}]}}