{"id":21394,"date":"2018-01-02T01:01:48","date_gmt":"2018-01-02T01:01:48","guid":{"rendered":"http:\/\/biblian.is\/videy\/salmarnir-67-kafli\/"},"modified":"2018-01-02T01:01:48","modified_gmt":"2018-01-02T01:01:48","slug":"salmarnir-67-kafli","status":"publish","type":"page","link":"https:\/\/biblian.is\/videy\/salmarnir-67-kafli\/","title":{"rendered":"S\u00e1lmarnir 67. kafli"},"content":{"rendered":"<div class=\"fyrirsognVidey\">Lofgj\u00f6r\u00f0 Drottins.<\/div>\n<p><a name=\"1\"><span class=\"versanumer\">1<\/span><\/a>Til s\u00f6ngmeistarans, \u00e1 hlj\u00f3\u00f0f\u00e6ri. Lofs\u00f6ngur.<a name=\"2\"><span class=\"versanumer\">2<\/span><\/a>Gu\u00f0 veri oss miskunnsamur og blessi oss, hann l\u00e1ti sitt andlit l\u00fdsa yfir oss. <span class='VideyAth'>(M\u00e1lhv\u00edld)<\/span>.<a name=\"3\"><span class=\"versanumer\">3<\/span><\/a>A\u00f0 v\u00e9r megum \u00feekkja \u00feinn veg \u00e1 j\u00f6r\u00f0unni, og \u00feitt frelsi me\u00f0al allra \u00fej\u00f3\u00f0a.<a name=\"4\"><span class=\"versanumer\">4<\/span><\/a>\u00deig pr\u00edsar f\u00f3lki\u00f0, \u00f3 Gu\u00f0! j\u00e1, \u00feig pr\u00edsar allt f\u00f3lk;<a name=\"5\"><span class=\"versanumer\">5<\/span><\/a>\u00fej\u00f3\u00f0irnar gle\u00f0ja sig og fagna. \u00dev\u00ed \u00fe\u00fa d\u00e6mir \u00fej\u00f3\u00f0irnar me\u00f0 r\u00e9ttv\u00edsi, og jar\u00f0arinnar \u00fej\u00f3\u00f0um st\u00fdrir \u00fe\u00fa.<a name=\"6\"><span class=\"versanumer\">6<\/span><\/a>\u00deig pr\u00edsa \u00fej\u00f3\u00f0irnar, \u00f3 Gu\u00f0! j\u00e1, \u00feig pr\u00edsar allt f\u00f3lk.<a name=\"7\"><span class=\"versanumer\">7<\/span><\/a>Landi\u00f0 gefur sinn gr\u00f3\u00f0a, Gu\u00f0 vor Gu\u00f0 blessar oss.<a name=\"8\"><span class=\"versanumer\">8<\/span><\/a>J\u00e1, Gu\u00f0 blessar oss, og \u00f6ll jar\u00f0arinnar endim\u00f6rk \u00f3ttast hann.<\/p>\n<div class=\"footnoteVidey\"><\/div>\n","protected":false},"excerpt":{"rendered":"<p>Lofgj\u00f6r\u00f0 Drottins. 1Til s\u00f6ngmeistarans, \u00e1 hlj\u00f3\u00f0f\u00e6ri. Lofs\u00f6ngur.2Gu\u00f0 veri oss miskunnsamur og blessi oss, hann l\u00e1ti sitt andlit l\u00fdsa yfir oss. (M\u00e1lhv\u00edld).3A\u00f0 v\u00e9r megum \u00feekkja \u00feinn veg \u00e1 j\u00f6r\u00f0unni, og \u00feitt frelsi me\u00f0al allra \u00fej\u00f3\u00f0a.4\u00deig pr\u00edsar f\u00f3lki\u00f0, \u00f3 Gu\u00f0! j\u00e1, \u00feig pr\u00edsar allt f\u00f3lk;5\u00fej\u00f3\u00f0irnar gle\u00f0ja sig og fagna. \u00dev\u00ed \u00fe\u00fa d\u00e6mir \u00fej\u00f3\u00f0irnar me\u00f0 r\u00e9ttv\u00edsi, og jar\u00f0arinnar \u00fej\u00f3\u00f0um st\u00fdrir \u00fe\u00fa.6\u00deig pr\u00edsa \u00fej\u00f3\u00f0irnar, \u00f3 Gu\u00f0! j\u00e1, \u00feig pr\u00edsar allt f\u00f3lk.7Landi\u00f0 gefur sinn gr\u00f3\u00f0a, Gu\u00f0 vor Gu\u00f0 blessar oss.8J\u00e1, Gu\u00f0 blessar oss, og \u00f6ll jar\u00f0arinnar endim\u00f6rk \u00f3ttast hann.<\/p>\n","protected":false},"author":1,"featured_media":0,"parent":0,"menu_order":0,"comment_status":"open","ping_status":"open","template":"bibliukaflar.php","meta":{"footnotes":""},"class_list":["post-21394","page","type-page","status-publish","hentry"],"_links":{"self":[{"href":"https:\/\/biblian.is\/videy\/wp-json\/wp\/v2\/pages\/21394","targetHints":{"allow":["GET"]}}],"collection":[{"href":"https:\/\/biblian.is\/videy\/wp-json\/wp\/v2\/pages"}],"about":[{"href":"https:\/\/biblian.is\/videy\/wp-json\/wp\/v2\/types\/page"}],"author":[{"embeddable":true,"href":"https:\/\/biblian.is\/videy\/wp-json\/wp\/v2\/users\/1"}],"replies":[{"embeddable":true,"href":"https:\/\/biblian.is\/videy\/wp-json\/wp\/v2\/comments?post=21394"}],"version-history":[{"count":0,"href":"https:\/\/biblian.is\/videy\/wp-json\/wp\/v2\/pages\/21394\/revisions"}],"wp:attachment":[{"href":"https:\/\/biblian.is\/videy\/wp-json\/wp\/v2\/media?parent=21394"}],"curies":[{"name":"wp","href":"https:\/\/api.w.org\/{rel}","templated":true}]}}