{"id":21393,"date":"2018-01-02T01:01:48","date_gmt":"2018-01-02T01:01:48","guid":{"rendered":"http:\/\/biblian.is\/videy\/salmarnir-66-kafli\/"},"modified":"2018-01-02T01:01:48","modified_gmt":"2018-01-02T01:01:48","slug":"salmarnir-66-kafli","status":"publish","type":"page","link":"https:\/\/biblian.is\/videy\/salmarnir-66-kafli\/","title":{"rendered":"S\u00e1lmarnir 66. kafli"},"content":{"rendered":"<div class=\"fyrirsognVidey\">\u00deakkl\u00e6ti fyrir hj\u00e1lp.<\/div>\n<p><a name=\"1\"><span class=\"versanumer\">1<\/span><\/a>Lofs\u00f6ngur handa hlj\u00f3\u00f0f\u00e6rameistaranum.<a name=\"2\"><span class=\"versanumer\">2<\/span><\/a>\u00d6ll j\u00f6r\u00f0in fagni fyrir Gu\u00f0i, syngi\u00f0 lof til d\u00fdr\u00f0ar hans nafni, v\u00ed\u00f0fr\u00e6gi\u00f0 hans lof!<a name=\"3\"><span class=\"versanumer\">3<\/span><\/a>Segi\u00f0 vi\u00f0 Gu\u00f0: hv\u00f6rsu undarleg eru \u00fe\u00edn verk? vegna \u00feinnar miklu maktar munu \u00fe\u00ednir \u00f3vinir smja\u00f0ra fyrir \u00fe\u00e9r.<a name=\"4\"><span class=\"versanumer\">4<\/span><\/a>\u00d6ll j\u00f6r\u00f0in mun tilbi\u00f0ja \u00feig og syngja \u00fe\u00e9r lof, \u00feeir munu syngja lof \u00fe\u00ednu nafni, <span class='VideyAth'>(m\u00e1lhv\u00edld)<\/span>.<a name=\"5\"><span class=\"versanumer\">5<\/span><\/a>Komi\u00f0 hinga\u00f0 og sj\u00e1i\u00f0 Gu\u00f0s undur, fur\u00f0anleg eru hans verk me\u00f0al mannanna barna!<a name=\"6\"><span class=\"versanumer\">6<\/span><\/a>Hann gj\u00f6r\u00f0i hafi\u00f0 a\u00f0 \u00feurrlendi, yfir \u00e1na gengu \u00feeir \u00e1 f\u00e6ti, \u00fe\u00e1 gl\u00f6ddumst v\u00e9r \u00ed honum.<a name=\"7\"><span class=\"versanumer\">7<\/span><\/a>Hann drottnar me\u00f0 s\u00ednu veldi eil\u00edflega, hans augu vakta \u00fej\u00f3\u00f0irnar a\u00f0 \u00feeir haldst\u00fdrugu ekki skuli upphefja sig, <span class='VideyAth'>(m\u00e1lhv\u00edld)<\/span>.<a name=\"8\"><span class=\"versanumer\">8<\/span><\/a>\u00de\u00e9r f\u00f3lk! lofi\u00f0 vorn Gu\u00f0, og l\u00e1ti\u00f0 lofgj\u00f6r\u00f0ina heyrast,<a name=\"9\"><span class=\"versanumer\">9<\/span><\/a>sem h\u00e9lt vorri s\u00e1lu vi\u00f0 l\u00edfi\u00f0, og l\u00e9t ekki vorn f\u00f3t veiklast.<a name=\"10\"><span class=\"versanumer\">10<\/span><\/a>\u00dev\u00ed \u00fe\u00fa hefir pr\u00f3fa\u00f0 oss, \u00f3 Gu\u00f0! \u00fe\u00fa hefir hreinsa\u00f0 oss, eins og silfur ver\u00f0ur hreinsa\u00f0.<a name=\"11\"><span class=\"versanumer\">11<\/span><\/a>\u00de\u00fa hefir leitt oss \u00ed neti\u00f0, \u00fe\u00fa hefir lagt oss byr\u00f0i \u00e1 bak.<a name=\"12\"><span class=\"versanumer\">12<\/span><\/a>\u00de\u00fa hefir l\u00e1ti\u00f0 einn mann r\u00ed\u00f0a oss \u00e1 h\u00f6f\u00f0i, v\u00e9r komum \u00ed eld og vatn, en \u00fe\u00fa \u00fatleiddir oss, svo v\u00e9r skyldum hressast. <br \/><a name=\"13\"><span class=\"versanumer\">13<\/span><\/a>\u00dev\u00ed vil eg me\u00f0 brennif\u00f3rn ganga \u00ed \u00feitt h\u00fas;<a name=\"14\"><span class=\"versanumer\">14<\/span><\/a>eg vil grei\u00f0a mitt heit, eins og m\u00ednar varir lofu\u00f0u og minn munnur tala\u00f0i, \u00fe\u00e1 eg var \u00ed angist,<a name=\"15\"><span class=\"versanumer\">15<\/span><\/a>feitar brennif\u00f3rnir skal eg f\u00e6ra \u00fe\u00e9r, hr\u00fata me\u00f0 reykelsi, nautum og h\u00f6frum skal eg offra.<a name=\"16\"><span class=\"versanumer\">16<\/span><\/a>Komi\u00f0! hlusti\u00f0 til! eg skal segja fr\u00e1, \u00f6llum y\u00f0ur sem \u00f3ttist Gu\u00f0, hva\u00f0 hann hefir gj\u00f6rt fyrir mig.<a name=\"17\"><span class=\"versanumer\">17<\/span><\/a>Til hans kalla\u00f0i eg me\u00f0 m\u00ednum munni, og vegsama hann n\u00fa me\u00f0 minni tungu.<a name=\"18\"><span class=\"versanumer\">18<\/span><\/a>Hef\u00f0i eg haft rangl\u00e6ti \u00ed m\u00ednu hjarta, svo mundi Drottinn ekki hafa heyrt mig,<a name=\"19\"><span class=\"versanumer\">19<\/span><\/a>en Gu\u00f0 hefir heyrt til m\u00edn, hann gaf gaum a\u00f0 raust minnar b\u00e6nar,<a name=\"20\"><span class=\"versanumer\">20<\/span><\/a>lofa\u00f0ur veri Gu\u00f0 sem ekki burtsk\u00fafa\u00f0i minni b\u00e6n, og ekki dr\u00f3 s\u00edna miskunn \u00ed hl\u00e9 vi\u00f0 mig.<\/p>\n<div class=\"footnoteVidey\"><\/div>\n","protected":false},"excerpt":{"rendered":"<p>\u00deakkl\u00e6ti fyrir hj\u00e1lp. 1Lofs\u00f6ngur handa hlj\u00f3\u00f0f\u00e6rameistaranum.2\u00d6ll j\u00f6r\u00f0in fagni fyrir Gu\u00f0i, syngi\u00f0 lof til d\u00fdr\u00f0ar hans nafni, v\u00ed\u00f0fr\u00e6gi\u00f0 hans lof!3Segi\u00f0 vi\u00f0 Gu\u00f0: hv\u00f6rsu undarleg eru \u00fe\u00edn verk? vegna \u00feinnar miklu maktar munu \u00fe\u00ednir \u00f3vinir smja\u00f0ra fyrir \u00fe\u00e9r.4\u00d6ll j\u00f6r\u00f0in mun tilbi\u00f0ja \u00feig og syngja \u00fe\u00e9r lof, \u00feeir munu syngja lof \u00fe\u00ednu nafni, (m\u00e1lhv\u00edld).5Komi\u00f0 hinga\u00f0 og sj\u00e1i\u00f0 Gu\u00f0s undur, fur\u00f0anleg eru hans verk me\u00f0al mannanna barna!6Hann gj\u00f6r\u00f0i hafi\u00f0 a\u00f0 \u00feurrlendi, yfir \u00e1na gengu \u00feeir \u00e1 f\u00e6ti, \u00fe\u00e1 gl\u00f6ddumst v\u00e9r \u00ed honum.7Hann drottnar me\u00f0 s\u00ednu veldi eil\u00edflega, hans augu vakta \u00fej\u00f3\u00f0irnar a\u00f0 \u00feeir haldst\u00fdrugu ekki skuli upphefja sig, (m\u00e1lhv\u00edld).8\u00de\u00e9r f\u00f3lk! lofi\u00f0 vorn Gu\u00f0, og <a href=\"https:\/\/biblian.is\/videy\/salmarnir-66-kafli\/\"> [&#8230;]<\/a><\/p>\n","protected":false},"author":1,"featured_media":0,"parent":0,"menu_order":0,"comment_status":"open","ping_status":"open","template":"bibliukaflar.php","meta":{"footnotes":""},"class_list":["post-21393","page","type-page","status-publish","hentry"],"_links":{"self":[{"href":"https:\/\/biblian.is\/videy\/wp-json\/wp\/v2\/pages\/21393","targetHints":{"allow":["GET"]}}],"collection":[{"href":"https:\/\/biblian.is\/videy\/wp-json\/wp\/v2\/pages"}],"about":[{"href":"https:\/\/biblian.is\/videy\/wp-json\/wp\/v2\/types\/page"}],"author":[{"embeddable":true,"href":"https:\/\/biblian.is\/videy\/wp-json\/wp\/v2\/users\/1"}],"replies":[{"embeddable":true,"href":"https:\/\/biblian.is\/videy\/wp-json\/wp\/v2\/comments?post=21393"}],"version-history":[{"count":0,"href":"https:\/\/biblian.is\/videy\/wp-json\/wp\/v2\/pages\/21393\/revisions"}],"wp:attachment":[{"href":"https:\/\/biblian.is\/videy\/wp-json\/wp\/v2\/media?parent=21393"}],"curies":[{"name":"wp","href":"https:\/\/api.w.org\/{rel}","templated":true}]}}