{"id":21391,"date":"2018-01-02T01:01:48","date_gmt":"2018-01-02T01:01:48","guid":{"rendered":"http:\/\/biblian.is\/videy\/salmarnir-64-kafli\/"},"modified":"2018-01-02T01:01:48","modified_gmt":"2018-01-02T01:01:48","slug":"salmarnir-64-kafli","status":"publish","type":"page","link":"https:\/\/biblian.is\/videy\/salmarnir-64-kafli\/","title":{"rendered":"S\u00e1lmarnir 64. kafli"},"content":{"rendered":"<div class=\"fyrirsognVidey\">B\u00e6n m\u00f3ti \u00f3vinum.<\/div>\n<p><a name=\"1\"><span class=\"versanumer\">1<\/span><\/a>Til hlj\u00f3\u00f0f\u00e6rameistarans. S\u00e1lmur Dav\u00ed\u00f0s.<a name=\"2\"><span class=\"versanumer\">2<\/span><\/a>Heyr, \u00f3 Gu\u00f0! mitt kvein, var\u00f0veit mitt l\u00edf, fyrir \u00f3vinanna \u00f3gn!<a name=\"3\"><span class=\"versanumer\">3<\/span><\/a>Fel \u00fe\u00fa mig fyrir h\u00f3p hinna vondu, fyrir sambl\u00e6stri \u00feeirra rangl\u00e1tu,<a name=\"4\"><span class=\"versanumer\">4<\/span><\/a>sem hvetja s\u00edna tungu sem sver\u00f0 og mi\u00f0a s\u00ednum \u00f6rvum, heiftar or\u00f0um,<a name=\"5\"><span class=\"versanumer\">5<\/span><\/a>a\u00f0 \u00feeir h\u00e6fi \u00feann r\u00e1\u00f0vanda leynilega, \u00feeir skj\u00f3ta sn\u00f6gglega \u00e1 hann og hr\u00e6\u00f0ast \u00fea\u00f0 ekki.<a name=\"6\"><span class=\"versanumer\">6<\/span><\/a>\u00deeir sta\u00f0festa sig \u00ed s\u00ednu vonda ath\u00e6fi, \u00feeir r\u00e1\u00f0gast um a\u00f0 leggja sn\u00f6rur, og segja: \u201ehv\u00f6r getur s\u00e9\u00f0 \u00fe\u00e6r?\u201c<a name=\"7\"><span class=\"versanumer\">7<\/span><\/a>\u00deeir \u00edgrunda hrekki og framkv\u00e6ma \u00fea\u00f0 sem \u00feeir hafa \u00edgrunda\u00f0 og s\u00e9rhv\u00f6rs innsta hjarta er vandlega loka\u00f0.<a name=\"8\"><span class=\"versanumer\">8<\/span><\/a>En Gu\u00f0 mun skj\u00f3ta \u00fe\u00e1, flj\u00f3t \u00f6r mun ver\u00f0a \u00feeirra ey\u00f0ilegging.<a name=\"9\"><span class=\"versanumer\">9<\/span><\/a>S\u00e9rhv\u00f6rn \u00feeirra mun \u00feeirra eigin tunga fella, fl\u00fdja munu allir \u00feeir sem \u00e1 \u00fe\u00e1 l\u00edta.<a name=\"10\"><span class=\"versanumer\">10<\/span><\/a>Allir menn munu hr\u00e6ddir ver\u00f0a og kunngj\u00f6ra Gu\u00f0s verk, og vi\u00f0urkenna a\u00f0 \u00feetta er Gu\u00f0s verk.<a name=\"11\"><span class=\"versanumer\">11<\/span><\/a>S\u00e1 r\u00e1\u00f0vandi mun gle\u00f0jast \u00ed Drottni og rei\u00f0a sig \u00e1 hann, og allir, af hjarta hreinskilnir, munu umh\u00e6last!<\/p>\n<div class=\"footnoteVidey\"><\/div>\n","protected":false},"excerpt":{"rendered":"<p>B\u00e6n m\u00f3ti \u00f3vinum. 1Til hlj\u00f3\u00f0f\u00e6rameistarans. S\u00e1lmur Dav\u00ed\u00f0s.2Heyr, \u00f3 Gu\u00f0! mitt kvein, var\u00f0veit mitt l\u00edf, fyrir \u00f3vinanna \u00f3gn!3Fel \u00fe\u00fa mig fyrir h\u00f3p hinna vondu, fyrir sambl\u00e6stri \u00feeirra rangl\u00e1tu,4sem hvetja s\u00edna tungu sem sver\u00f0 og mi\u00f0a s\u00ednum \u00f6rvum, heiftar or\u00f0um,5a\u00f0 \u00feeir h\u00e6fi \u00feann r\u00e1\u00f0vanda leynilega, \u00feeir skj\u00f3ta sn\u00f6gglega \u00e1 hann og hr\u00e6\u00f0ast \u00fea\u00f0 ekki.6\u00deeir sta\u00f0festa sig \u00ed s\u00ednu vonda ath\u00e6fi, \u00feeir r\u00e1\u00f0gast um a\u00f0 leggja sn\u00f6rur, og segja: \u201ehv\u00f6r getur s\u00e9\u00f0 \u00fe\u00e6r?\u201c7\u00deeir \u00edgrunda hrekki og framkv\u00e6ma \u00fea\u00f0 sem \u00feeir hafa \u00edgrunda\u00f0 og s\u00e9rhv\u00f6rs innsta hjarta er vandlega loka\u00f0.8En Gu\u00f0 mun skj\u00f3ta \u00fe\u00e1, flj\u00f3t \u00f6r mun ver\u00f0a \u00feeirra ey\u00f0ilegging.9S\u00e9rhv\u00f6rn \u00feeirra mun \u00feeirra eigin <a href=\"https:\/\/biblian.is\/videy\/salmarnir-64-kafli\/\"> [&#8230;]<\/a><\/p>\n","protected":false},"author":1,"featured_media":0,"parent":0,"menu_order":0,"comment_status":"open","ping_status":"open","template":"bibliukaflar.php","meta":{"footnotes":""},"class_list":["post-21391","page","type-page","status-publish","hentry"],"_links":{"self":[{"href":"https:\/\/biblian.is\/videy\/wp-json\/wp\/v2\/pages\/21391","targetHints":{"allow":["GET"]}}],"collection":[{"href":"https:\/\/biblian.is\/videy\/wp-json\/wp\/v2\/pages"}],"about":[{"href":"https:\/\/biblian.is\/videy\/wp-json\/wp\/v2\/types\/page"}],"author":[{"embeddable":true,"href":"https:\/\/biblian.is\/videy\/wp-json\/wp\/v2\/users\/1"}],"replies":[{"embeddable":true,"href":"https:\/\/biblian.is\/videy\/wp-json\/wp\/v2\/comments?post=21391"}],"version-history":[{"count":0,"href":"https:\/\/biblian.is\/videy\/wp-json\/wp\/v2\/pages\/21391\/revisions"}],"wp:attachment":[{"href":"https:\/\/biblian.is\/videy\/wp-json\/wp\/v2\/media?parent=21391"}],"curies":[{"name":"wp","href":"https:\/\/api.w.org\/{rel}","templated":true}]}}