{"id":21390,"date":"2018-01-02T01:01:48","date_gmt":"2018-01-02T01:01:48","guid":{"rendered":"http:\/\/biblian.is\/videy\/salmarnir-63-kafli\/"},"modified":"2018-01-02T01:01:48","modified_gmt":"2018-01-02T01:01:48","slug":"salmarnir-63-kafli","status":"publish","type":"page","link":"https:\/\/biblian.is\/videy\/salmarnir-63-kafli\/","title":{"rendered":"S\u00e1lmarnir 63. kafli"},"content":{"rendered":"<div class=\"fyrirsognVidey\">L\u00f6ngun til Gu\u00f0s og helgid\u00f3msins.<\/div>\n<p><a name=\"1\"><span class=\"versanumer\">1<\/span><\/a>S\u00e1lmur Dav\u00ed\u00f0s. \u00de\u00e1 hann var \u00ed J\u00fad\u00e6uey\u00f0im\u00f6rk.<a name=\"2\"><span class=\"versanumer\">2<\/span><\/a>Drottinn, \u00fe\u00fa ert minn Gu\u00f0! \u00fe\u00edn leita eg \u00e1rla, m\u00edna s\u00e1l \u00feyrstir eftir \u00fe\u00e9r, mitt hold langar til \u00fe\u00edn, eins og \u00feurrt og \u00f6rmagnandi land, hvar ekkert vatn er.<a name=\"3\"><span class=\"versanumer\">3<\/span><\/a>\u00de\u00e1 m\u00e6ni eg til \u00fe\u00edn \u00ed helgid\u00f3minum, a\u00f0 eg sj\u00e1i \u00feinn veg og \u00fe\u00edna d\u00fdr\u00f0.<a name=\"4\"><span class=\"versanumer\">4<\/span><\/a>\u00dev\u00ed \u00fe\u00edn miskunn er betri en l\u00edfi\u00f0, m\u00ednar varir skulu pr\u00edsa \u00feig,<a name=\"5\"><span class=\"versanumer\">5<\/span><\/a>eg lofa \u00feig \u00fe\u00e1 daga m\u00edna l\u00edfs; \u00ed \u00fe\u00ednu nafni upplyfti eg m\u00ednum h\u00f6ndum.<a name=\"6\"><span class=\"versanumer\">6<\/span><\/a>Eins og af feitri m\u00e1lt\u00ed\u00f0 mun m\u00edn s\u00e1l mettast, og me\u00f0 fagnandi v\u00f6rum minn munnur lofa \u00feig.<a name=\"7\"><span class=\"versanumer\">7<\/span><\/a>\u00deegar eg minnist \u00fe\u00edn \u00e1 minni s\u00e6ng, eg hugsa til \u00fe\u00edn \u00ed \u00feeirri l\u00f6ngu n\u00e6turv\u00f6ku,<a name=\"8\"><span class=\"versanumer\">8<\/span><\/a>\u00fev\u00ed \u00fe\u00fa ert m\u00edn hj\u00e1lp og undir skugga \u00feinna v\u00e6ngja fagna eg.<a name=\"9\"><span class=\"versanumer\">9<\/span><\/a>M\u00edn s\u00e1l hangir vi\u00f0 \u00feig, \u00fe\u00edn h\u00e6gri h\u00f6nd sty\u00f0ur mig.<a name=\"10\"><span class=\"versanumer\">10<\/span><\/a>En \u00feeir sem vilja afm\u00e1 mitt l\u00edf, \u00feeir munu sj\u00e1lfir komast ni\u00f0ur \u00ed jar\u00f0arinnar d\u00fdpt.<a name=\"11\"><span class=\"versanumer\">11<\/span><\/a>\u00deeim mun ver\u00f0a tv\u00edstra\u00f0 me\u00f0 sver\u00f0i. \u00deeir munu ver\u00f0a refanna hlutskipti.<a name=\"12\"><span class=\"versanumer\">12<\/span><\/a>En k\u00f3ngurinn mun gle\u00f0jast \u00ed Gu\u00f0i, og hv\u00f6r sem vi\u00f0 hann sver, mun h\u00e6last um, \u00feegar \u00feeirra munnur, sem talar lygi, ver\u00f0ur afturbyrg\u00f0ur.<\/p>\n<div class=\"footnoteVidey\"><\/div>\n","protected":false},"excerpt":{"rendered":"<p>L\u00f6ngun til Gu\u00f0s og helgid\u00f3msins. 1S\u00e1lmur Dav\u00ed\u00f0s. \u00de\u00e1 hann var \u00ed J\u00fad\u00e6uey\u00f0im\u00f6rk.2Drottinn, \u00fe\u00fa ert minn Gu\u00f0! \u00fe\u00edn leita eg \u00e1rla, m\u00edna s\u00e1l \u00feyrstir eftir \u00fe\u00e9r, mitt hold langar til \u00fe\u00edn, eins og \u00feurrt og \u00f6rmagnandi land, hvar ekkert vatn er.3\u00de\u00e1 m\u00e6ni eg til \u00fe\u00edn \u00ed helgid\u00f3minum, a\u00f0 eg sj\u00e1i \u00feinn veg og \u00fe\u00edna d\u00fdr\u00f0.4\u00dev\u00ed \u00fe\u00edn miskunn er betri en l\u00edfi\u00f0, m\u00ednar varir skulu pr\u00edsa \u00feig,5eg lofa \u00feig \u00fe\u00e1 daga m\u00edna l\u00edfs; \u00ed \u00fe\u00ednu nafni upplyfti eg m\u00ednum h\u00f6ndum.6Eins og af feitri m\u00e1lt\u00ed\u00f0 mun m\u00edn s\u00e1l mettast, og me\u00f0 fagnandi v\u00f6rum minn munnur lofa \u00feig.7\u00deegar eg minnist \u00fe\u00edn \u00e1 minni s\u00e6ng, <a href=\"https:\/\/biblian.is\/videy\/salmarnir-63-kafli\/\"> [&#8230;]<\/a><\/p>\n","protected":false},"author":1,"featured_media":0,"parent":0,"menu_order":0,"comment_status":"open","ping_status":"open","template":"bibliukaflar.php","meta":{"footnotes":""},"class_list":["post-21390","page","type-page","status-publish","hentry"],"_links":{"self":[{"href":"https:\/\/biblian.is\/videy\/wp-json\/wp\/v2\/pages\/21390","targetHints":{"allow":["GET"]}}],"collection":[{"href":"https:\/\/biblian.is\/videy\/wp-json\/wp\/v2\/pages"}],"about":[{"href":"https:\/\/biblian.is\/videy\/wp-json\/wp\/v2\/types\/page"}],"author":[{"embeddable":true,"href":"https:\/\/biblian.is\/videy\/wp-json\/wp\/v2\/users\/1"}],"replies":[{"embeddable":true,"href":"https:\/\/biblian.is\/videy\/wp-json\/wp\/v2\/comments?post=21390"}],"version-history":[{"count":0,"href":"https:\/\/biblian.is\/videy\/wp-json\/wp\/v2\/pages\/21390\/revisions"}],"wp:attachment":[{"href":"https:\/\/biblian.is\/videy\/wp-json\/wp\/v2\/media?parent=21390"}],"curies":[{"name":"wp","href":"https:\/\/api.w.org\/{rel}","templated":true}]}}