{"id":21389,"date":"2018-01-02T01:01:42","date_gmt":"2018-01-02T01:01:42","guid":{"rendered":"http:\/\/biblian.is\/videy\/salmarnir-62-kafli\/"},"modified":"2018-01-02T01:01:42","modified_gmt":"2018-01-02T01:01:42","slug":"salmarnir-62-kafli","status":"publish","type":"page","link":"https:\/\/biblian.is\/videy\/salmarnir-62-kafli\/","title":{"rendered":"S\u00e1lmarnir 62. kafli"},"content":{"rendered":"<div class=\"fyrirsognVidey\">Traust ens a\u00f0\u00ferengda.<\/div>\n<p><a name=\"1\"><span class=\"versanumer\">1<\/span><\/a>Til hlj\u00f3\u00f0f\u00e6rameistarans, fyrir Jed\u00fat\u00fan. S\u00e1lmur Dav\u00ed\u00f0s.<a name=\"2\"><span class=\"versanumer\">2<\/span><\/a>Gu\u00f0s eins b\u00ed\u00f0ur m\u00edn s\u00e1l \u00ed kyrr\u00feey, fr\u00e1 honum kemur mitt frelsi.<a name=\"3\"><span class=\"versanumer\">3<\/span><\/a>Hann einn er mitt bjarg og mitt frelsi og mitt v\u00edgi, svo eg skal ekki miki\u00f0 bifast!<a name=\"4\"><span class=\"versanumer\">4<\/span><\/a>Hv\u00f6rsu lengi mi\u00f0i\u00f0 \u00fe\u00e9r allir \u00e1 einn mann, vilji\u00f0 hann sundurmerja, eins og vegg sem hallast, eins og m\u00far sem ni\u00f0urbrotinn ver\u00f0ur?<a name=\"5\"><span class=\"versanumer\">5<\/span><\/a>\u00deeir hugsa a\u00f0eins um a\u00f0 hrinda honum ni\u00f0ur fr\u00e1 hans h\u00e6\u00f0. \u00deeir hafa ge\u00f0\u00feekkni \u00e1 lygi, \u00feeir blessa <span class='VideyAth'>(tala fagurt)<\/span> me\u00f0 munninum og form\u00e6la \u00ed hjartanu, <span class='VideyAth'>(m\u00e1lhv\u00edld)<\/span>.<a name=\"6\"><span class=\"versanumer\">6<\/span><\/a>M\u00edn s\u00e1l! vertu samt kyrrl\u00e1t fyrir Gu\u00f0i, \u00fev\u00ed fr\u00e1 honum kemur m\u00edn von.<a name=\"7\"><span class=\"versanumer\">7<\/span><\/a>Hann einn er mitt bjarg og frelsi, mitt v\u00edgi, eg mun ekki bifast!<a name=\"8\"><span class=\"versanumer\">8<\/span><\/a>Hj\u00e1 Gu\u00f0i er mitt frelsi og hei\u00f0ur, bjarg m\u00edns styrkleika, Gu\u00f0 er mitt h\u00e6li!<a name=\"9\"><span class=\"versanumer\">9<\/span><\/a>Reiddu \u00feig \u00e6t\u00ed\u00f0 \u00e1 hann mitt f\u00f3lk! \u00fatausi\u00f0 y\u00f0ar hjarta fyrir hans augliti, Gu\u00f0 er vort h\u00e6li.<a name=\"10\"><span class=\"versanumer\">10<\/span><\/a>Mannanna b\u00f6rn eru ekkert, t\u00e1l <span class='VideyAth'>(eru)<\/span> \u00feeir dau\u00f0legu, \u00e1 metask\u00e1linni reynast \u00feeir l\u00e9ttari en h\u00e9g\u00f3mi,<a name=\"11\"><span class=\"versanumer\">11<\/span><\/a>rei\u00f0i\u00f0 y\u00f0ur ekki \u00e1 ofbeldi\u00f0, og seti\u00f0 ekki \u00f3n\u00fdta von til rangfenginna au\u00f0\u00e6fa, aukist y\u00f0ar au\u00f0ur \u00fe\u00e1 sn\u00fai\u00f0 ekki hjartanu \u00fear a\u00f0.<a name=\"12\"><span class=\"versanumer\">12<\/span><\/a>Eitt or\u00f0 hefir Gu\u00f0 tala\u00f0, j\u00e1, tv\u00f6 hefi eg heyrt: a\u00f0 styrkurinn tilheyri Gu\u00f0i,<a name=\"13\"><span class=\"versanumer\">13<\/span><\/a>og \u00fe\u00e9r, Drottinn! tilheyri miskunnsemin. \u00dev\u00ed \u00fe\u00fa geldur s\u00e9rhv\u00f6rjum eftir hans verkum.<\/p>\n<div class=\"footnoteVidey\"><\/div>\n","protected":false},"excerpt":{"rendered":"<p>Traust ens a\u00f0\u00ferengda. 1Til hlj\u00f3\u00f0f\u00e6rameistarans, fyrir Jed\u00fat\u00fan. S\u00e1lmur Dav\u00ed\u00f0s.2Gu\u00f0s eins b\u00ed\u00f0ur m\u00edn s\u00e1l \u00ed kyrr\u00feey, fr\u00e1 honum kemur mitt frelsi.3Hann einn er mitt bjarg og mitt frelsi og mitt v\u00edgi, svo eg skal ekki miki\u00f0 bifast!4Hv\u00f6rsu lengi mi\u00f0i\u00f0 \u00fe\u00e9r allir \u00e1 einn mann, vilji\u00f0 hann sundurmerja, eins og vegg sem hallast, eins og m\u00far sem ni\u00f0urbrotinn ver\u00f0ur?5\u00deeir hugsa a\u00f0eins um a\u00f0 hrinda honum ni\u00f0ur fr\u00e1 hans h\u00e6\u00f0. \u00deeir hafa ge\u00f0\u00feekkni \u00e1 lygi, \u00feeir blessa (tala fagurt) me\u00f0 munninum og form\u00e6la \u00ed hjartanu, (m\u00e1lhv\u00edld).6M\u00edn s\u00e1l! vertu samt kyrrl\u00e1t fyrir Gu\u00f0i, \u00fev\u00ed fr\u00e1 honum kemur m\u00edn von.7Hann einn er mitt bjarg og <a href=\"https:\/\/biblian.is\/videy\/salmarnir-62-kafli\/\"> [&#8230;]<\/a><\/p>\n","protected":false},"author":1,"featured_media":0,"parent":0,"menu_order":0,"comment_status":"open","ping_status":"open","template":"bibliukaflar.php","meta":{"footnotes":""},"class_list":["post-21389","page","type-page","status-publish","hentry"],"_links":{"self":[{"href":"https:\/\/biblian.is\/videy\/wp-json\/wp\/v2\/pages\/21389","targetHints":{"allow":["GET"]}}],"collection":[{"href":"https:\/\/biblian.is\/videy\/wp-json\/wp\/v2\/pages"}],"about":[{"href":"https:\/\/biblian.is\/videy\/wp-json\/wp\/v2\/types\/page"}],"author":[{"embeddable":true,"href":"https:\/\/biblian.is\/videy\/wp-json\/wp\/v2\/users\/1"}],"replies":[{"embeddable":true,"href":"https:\/\/biblian.is\/videy\/wp-json\/wp\/v2\/comments?post=21389"}],"version-history":[{"count":0,"href":"https:\/\/biblian.is\/videy\/wp-json\/wp\/v2\/pages\/21389\/revisions"}],"wp:attachment":[{"href":"https:\/\/biblian.is\/videy\/wp-json\/wp\/v2\/media?parent=21389"}],"curies":[{"name":"wp","href":"https:\/\/api.w.org\/{rel}","templated":true}]}}