{"id":21388,"date":"2018-01-02T01:01:42","date_gmt":"2018-01-02T01:01:42","guid":{"rendered":"http:\/\/biblian.is\/videy\/salmarnir-61-kafli\/"},"modified":"2018-01-02T01:01:42","modified_gmt":"2018-01-02T01:01:42","slug":"salmarnir-61-kafli","status":"publish","type":"page","link":"https:\/\/biblian.is\/videy\/salmarnir-61-kafli\/","title":{"rendered":"S\u00e1lmarnir 61. kafli"},"content":{"rendered":"<div class=\"fyrirsognVidey\">B\u00e6n \u00ed \u00fatleg\u00f0.<\/div>\n<p><a name=\"1\"><span class=\"versanumer\">1<\/span><\/a>Til hlj\u00f3\u00f0f\u00e6rameistarans \u00e1 hlj\u00f3\u00f0f\u00e6ri. Lj\u00f3\u00f0 Dav\u00ed\u00f0s.<a name=\"2\"><span class=\"versanumer\">2<\/span><\/a>Heyr \u00fe\u00fa, Gu\u00f0! mitt kall, og hygg a\u00f0 minni b\u00e6n.<a name=\"3\"><span class=\"versanumer\">3<\/span><\/a>Fr\u00e1 landsins enda kalla eg til \u00fe\u00edn, \u00feegar mitt hjarta vanmegnast, flyt \u00fe\u00fa mig upp \u00e1 \u00feann klett sem annars v\u00e6ri m\u00e9r of h\u00e1r.<a name=\"4\"><span class=\"versanumer\">4<\/span><\/a>\u00dev\u00ed \u00fe\u00fa ert mitt h\u00e6li, sterkur kastali gegn m\u00ednum \u00f3vinum.<a name=\"5\"><span class=\"versanumer\">5<\/span><\/a>L\u00e1t mig b\u00faa \u00ed \u00fe\u00ednu tjaldi eil\u00edflega, fl\u00fdja undir \u00feinna v\u00e6ngja skj\u00f3l! <span class='VideyAth'>(M\u00e1lhv\u00edld)<\/span>.<a name=\"6\"><span class=\"versanumer\">6<\/span><\/a>\u00dev\u00ed \u00fe\u00fa, \u00f3 Gu\u00f0! munt heyra m\u00edn heit, og gefa \u00feeim eign sem \u00f3ttast \u00feitt nafn.<a name=\"7\"><span class=\"versanumer\">7<\/span><\/a>B\u00e6t \u00fe\u00fa d\u00f6gum vi\u00f0 k\u00f3ngsins daga, hans \u00e1r s\u00e9u fr\u00e1 kyni til kyns.<a name=\"8\"><span class=\"versanumer\">8<\/span><\/a>A\u00f0 hann megi sitja eil\u00edflega fyrir Gu\u00f0s augliti. L\u00e1t miskunn og sannleika var\u00f0veita hann.<a name=\"9\"><span class=\"versanumer\">9<\/span><\/a>Svo vil eg syngja lof \u00fe\u00ednu nafni eil\u00edflega, \u00fe\u00e1 eg grei\u00f0i m\u00edn heit dag eftir dag.<\/p>\n<div class=\"footnoteVidey\"><\/div>\n","protected":false},"excerpt":{"rendered":"<p>B\u00e6n \u00ed \u00fatleg\u00f0. 1Til hlj\u00f3\u00f0f\u00e6rameistarans \u00e1 hlj\u00f3\u00f0f\u00e6ri. Lj\u00f3\u00f0 Dav\u00ed\u00f0s.2Heyr \u00fe\u00fa, Gu\u00f0! mitt kall, og hygg a\u00f0 minni b\u00e6n.3Fr\u00e1 landsins enda kalla eg til \u00fe\u00edn, \u00feegar mitt hjarta vanmegnast, flyt \u00fe\u00fa mig upp \u00e1 \u00feann klett sem annars v\u00e6ri m\u00e9r of h\u00e1r.4\u00dev\u00ed \u00fe\u00fa ert mitt h\u00e6li, sterkur kastali gegn m\u00ednum \u00f3vinum.5L\u00e1t mig b\u00faa \u00ed \u00fe\u00ednu tjaldi eil\u00edflega, fl\u00fdja undir \u00feinna v\u00e6ngja skj\u00f3l! (M\u00e1lhv\u00edld).6\u00dev\u00ed \u00fe\u00fa, \u00f3 Gu\u00f0! munt heyra m\u00edn heit, og gefa \u00feeim eign sem \u00f3ttast \u00feitt nafn.7B\u00e6t \u00fe\u00fa d\u00f6gum vi\u00f0 k\u00f3ngsins daga, hans \u00e1r s\u00e9u fr\u00e1 kyni til kyns.8A\u00f0 hann megi sitja eil\u00edflega fyrir Gu\u00f0s augliti. L\u00e1t miskunn og sannleika <a href=\"https:\/\/biblian.is\/videy\/salmarnir-61-kafli\/\"> [&#8230;]<\/a><\/p>\n","protected":false},"author":1,"featured_media":0,"parent":0,"menu_order":0,"comment_status":"open","ping_status":"open","template":"bibliukaflar.php","meta":{"footnotes":""},"class_list":["post-21388","page","type-page","status-publish","hentry"],"_links":{"self":[{"href":"https:\/\/biblian.is\/videy\/wp-json\/wp\/v2\/pages\/21388","targetHints":{"allow":["GET"]}}],"collection":[{"href":"https:\/\/biblian.is\/videy\/wp-json\/wp\/v2\/pages"}],"about":[{"href":"https:\/\/biblian.is\/videy\/wp-json\/wp\/v2\/types\/page"}],"author":[{"embeddable":true,"href":"https:\/\/biblian.is\/videy\/wp-json\/wp\/v2\/users\/1"}],"replies":[{"embeddable":true,"href":"https:\/\/biblian.is\/videy\/wp-json\/wp\/v2\/comments?post=21388"}],"version-history":[{"count":0,"href":"https:\/\/biblian.is\/videy\/wp-json\/wp\/v2\/pages\/21388\/revisions"}],"wp:attachment":[{"href":"https:\/\/biblian.is\/videy\/wp-json\/wp\/v2\/media?parent=21388"}],"curies":[{"name":"wp","href":"https:\/\/api.w.org\/{rel}","templated":true}]}}