{"id":21387,"date":"2018-01-02T01:01:42","date_gmt":"2018-01-02T01:01:42","guid":{"rendered":"http:\/\/biblian.is\/videy\/salmarnir-60-kafli\/"},"modified":"2018-01-02T01:01:42","modified_gmt":"2018-01-02T01:01:42","slug":"salmarnir-60-kafli","status":"publish","type":"page","link":"https:\/\/biblian.is\/videy\/salmarnir-60-kafli\/","title":{"rendered":"S\u00e1lmarnir 60. kafli"},"content":{"rendered":"<div class=\"fyrirsognVidey\">B\u00e6n og von um sigur.<\/div>\n<p><a name=\"1\"><span class=\"versanumer\">1<\/span><\/a>Til hlj\u00f3\u00f0f\u00e6rameistarans. Huggunarlj\u00f3\u00f0 Dav\u00ed\u00f0s til l\u00e6rd\u00f3ms.<a name=\"2\"><span class=\"versanumer\">2<\/span><\/a>\u00de\u00e1 hann str\u00edddi vi\u00f0 s\u00fdrlenska fr\u00e1 Mes\u00f3p\u00f3tam\u00edu og Soba, og \u00fe\u00e1 Jakob kom til baka, og vann 12000 Edom\u00edta \u00ed Saltdalnum.<a name=\"3\"><span class=\"versanumer\">3<\/span><\/a>Gu\u00f0! \u00fe\u00fa \u00fatsk\u00fafa\u00f0ir oss, \u00fe\u00fa tv\u00edstra\u00f0ir oss, og rei\u00f0ur varstu. Kom \u00fe\u00fa aftur til vor!<a name=\"4\"><span class=\"versanumer\">4<\/span><\/a>\u00de\u00fa l\u00e9st j\u00f6r\u00f0ina n\u00f6tra og rifna, l\u00e6kna \u00fe\u00fa hennar sprungu, \u00fev\u00ed h\u00fan skelfur.<a name=\"5\"><span class=\"versanumer\">5<\/span><\/a>\u00de\u00fa l\u00e9st \u00feitt f\u00f3lk kenna \u00e1 h\u00f6r\u00f0u, \u00fe\u00fa gafst oss v\u00edn a\u00f0 drekka, svo a\u00f0 oss reika\u00f0i.<a name=\"6\"><span class=\"versanumer\">6<\/span><\/a>Gef \u00feeim sem \u00feig \u00f3ttast, merki til a\u00f0 hefja upp, fyrir \u00fe\u00edns sannleika sakir, <span class='VideyAth'>(M\u00e1lhv\u00edld)<\/span>.<a name=\"7\"><span class=\"versanumer\">7<\/span><\/a>Svo \u00fe\u00ednir elsku\u00f0u ver\u00f0i lofa\u00f0ir, hj\u00e1lpa me\u00f0 \u00feinni h\u00e6gri hendi, og b\u00e6nheyr oss!<br \/><a name=\"8\"><span class=\"versanumer\">8<\/span><\/a>Gu\u00f0 tala\u00f0i \u00ed s\u00ednum helgid\u00f3mi, \u00fear fyrir gle\u00f0 eg mig. Eg vil skipta Sikem, og S\u00fakotsdal vil eg m\u00e6la.<a name=\"9\"><span class=\"versanumer\">9<\/span><\/a>G\u00edlea\u00f0 heyrir m\u00e9r til, Manasse \u00e1 eg, og Efraim er m\u00edn h\u00f6fu\u00f0pr\u00fd\u00f0i. J\u00fada er minn l\u00f6ggjafi.<a name=\"10\"><span class=\"versanumer\">10<\/span><\/a>M\u00f3ab er mitt \u00fevottaker. \u00cd Edom kasta eg m\u00ednum sk\u00f3m. Filistealand, fagna \u00fe\u00fa yfir m\u00e9r. <br \/><a name=\"11\"><span class=\"versanumer\">11<\/span><\/a>Hv\u00f6r mun flytja mig \u00ed \u00fe\u00e1 rambyggilegu borg? hv\u00f6r mun lei\u00f0a mig til Edom?<a name=\"12\"><span class=\"versanumer\">12<\/span><\/a>Viltu ekki, \u00f3 Gu\u00f0! sem \u00fatsk\u00fafa\u00f0ir oss? viltu ekki, Gu\u00f0! fara \u00fat me\u00f0 vorum her?<a name=\"13\"><span class=\"versanumer\">13<\/span><\/a>veit \u00fe\u00fa oss fulltingi \u00ed ney\u00f0inni! \u00fev\u00ed manna hj\u00e1lp er \u00f3n\u00fdt.<a name=\"14\"><span class=\"versanumer\">14<\/span><\/a>Me\u00f0 Gu\u00f0s hj\u00e1lp munum v\u00e9r hreystiverk vinna; og hann mun ni\u00f0urtro\u00f0a vora \u00f3vini.<\/p>\n<div class=\"footnoteVidey\">V. 2. 2 Sam. 8,1.13. 10,13,8. 1 Kron. 18,3.12.<\/div>\n","protected":false},"excerpt":{"rendered":"<p>B\u00e6n og von um sigur. 1Til hlj\u00f3\u00f0f\u00e6rameistarans. Huggunarlj\u00f3\u00f0 Dav\u00ed\u00f0s til l\u00e6rd\u00f3ms.2\u00de\u00e1 hann str\u00edddi vi\u00f0 s\u00fdrlenska fr\u00e1 Mes\u00f3p\u00f3tam\u00edu og Soba, og \u00fe\u00e1 Jakob kom til baka, og vann 12000 Edom\u00edta \u00ed Saltdalnum.3Gu\u00f0! \u00fe\u00fa \u00fatsk\u00fafa\u00f0ir oss, \u00fe\u00fa tv\u00edstra\u00f0ir oss, og rei\u00f0ur varstu. Kom \u00fe\u00fa aftur til vor!4\u00de\u00fa l\u00e9st j\u00f6r\u00f0ina n\u00f6tra og rifna, l\u00e6kna \u00fe\u00fa hennar sprungu, \u00fev\u00ed h\u00fan skelfur.5\u00de\u00fa l\u00e9st \u00feitt f\u00f3lk kenna \u00e1 h\u00f6r\u00f0u, \u00fe\u00fa gafst oss v\u00edn a\u00f0 drekka, svo a\u00f0 oss reika\u00f0i.6Gef \u00feeim sem \u00feig \u00f3ttast, merki til a\u00f0 hefja upp, fyrir \u00fe\u00edns sannleika sakir, (M\u00e1lhv\u00edld).7Svo \u00fe\u00ednir elsku\u00f0u ver\u00f0i lofa\u00f0ir, hj\u00e1lpa me\u00f0 \u00feinni h\u00e6gri hendi, og b\u00e6nheyr oss!8Gu\u00f0 tala\u00f0i <a href=\"https:\/\/biblian.is\/videy\/salmarnir-60-kafli\/\"> [&#8230;]<\/a><\/p>\n","protected":false},"author":1,"featured_media":0,"parent":0,"menu_order":0,"comment_status":"open","ping_status":"open","template":"bibliukaflar.php","meta":{"footnotes":""},"class_list":["post-21387","page","type-page","status-publish","hentry"],"_links":{"self":[{"href":"https:\/\/biblian.is\/videy\/wp-json\/wp\/v2\/pages\/21387","targetHints":{"allow":["GET"]}}],"collection":[{"href":"https:\/\/biblian.is\/videy\/wp-json\/wp\/v2\/pages"}],"about":[{"href":"https:\/\/biblian.is\/videy\/wp-json\/wp\/v2\/types\/page"}],"author":[{"embeddable":true,"href":"https:\/\/biblian.is\/videy\/wp-json\/wp\/v2\/users\/1"}],"replies":[{"embeddable":true,"href":"https:\/\/biblian.is\/videy\/wp-json\/wp\/v2\/comments?post=21387"}],"version-history":[{"count":0,"href":"https:\/\/biblian.is\/videy\/wp-json\/wp\/v2\/pages\/21387\/revisions"}],"wp:attachment":[{"href":"https:\/\/biblian.is\/videy\/wp-json\/wp\/v2\/media?parent=21387"}],"curies":[{"name":"wp","href":"https:\/\/api.w.org\/{rel}","templated":true}]}}