{"id":21386,"date":"2018-01-02T01:01:42","date_gmt":"2018-01-02T01:01:42","guid":{"rendered":"http:\/\/biblian.is\/videy\/salmarnir-59-kafli\/"},"modified":"2018-01-02T01:01:42","modified_gmt":"2018-01-02T01:01:42","slug":"salmarnir-59-kafli","status":"publish","type":"page","link":"https:\/\/biblian.is\/videy\/salmarnir-59-kafli\/","title":{"rendered":"S\u00e1lmarnir 59. kafli"},"content":{"rendered":"<div class=\"fyrirsognVidey\">B\u00e6n um frelsi fr\u00e1 \u00f3vinum. Traust \u00e1 Gu\u00f0i.<\/div>\n<p><a name=\"1\"><span class=\"versanumer\">1<\/span><\/a>Til hlj\u00f3\u00f0f\u00e6rameistarans, me\u00f0 lagi: fordjarfa ekki. Dav\u00ed\u00f0s huggunarlj\u00f3\u00f0, \u00fe\u00e1 S\u00e1l sendi og l\u00e9t vakta h\u00fasi\u00f0, til a\u00f0 drepa hann <span class='VideyAth'>c)<\/span>.<a name=\"2\"><span class=\"versanumer\">2<\/span><\/a>Minn Gu\u00f0! frelsa mig fr\u00e1 m\u00ednum \u00f3vinum, gj\u00f6r\u00f0u mig \u00f3hultan fyrir \u00feeim sem r\u00edsa m\u00f3ti m\u00e9r!<a name=\"3\"><span class=\"versanumer\">3<\/span><\/a>Frelsa\u00f0u mig fr\u00e1 \u00feeim rangl\u00e1tu, bjarga\u00f0u m\u00e9r fr\u00e1 \u00feeim bl\u00f3\u00f0\u00feyrstu.<a name=\"4\"><span class=\"versanumer\">4<\/span><\/a>\u00dev\u00ed sj\u00e1! Drottinn! \u00feeir umsitja mitt l\u00edf, \u00feeir sterku safnast \u00e1 m\u00f3ti m\u00e9r, \u00e1n saka, \u00e1n \u00feess eg hafi broti\u00f0,<a name=\"5\"><span class=\"versanumer\">5<\/span><\/a>\u00e1n \u00feess eg hafi broti\u00f0 hlaupa \u00feeir og b\u00faa sig \u00fat, vakna \u00fe\u00fa, a\u00f0 m\u00e6ta m\u00e9r, og sj\u00e1!<a name=\"6\"><span class=\"versanumer\">6<\/span><\/a>Drottinn Gu\u00f0 herskaranna, Gu\u00f0 \u00cdsraels! vakna \u00fe\u00fa og vitja allra \u00fej\u00f3\u00f0a, v\u00e6g\u00f0u engum af \u00feessum svikafullu misgj\u00f6r\u00f0am\u00f6nnum. <span class='VideyAth'>(M\u00e1lhv\u00edld)<\/span>.<a name=\"7\"><span class=\"versanumer\">7<\/span><\/a>\u00deeir komi \u00e1 kv\u00f6ldin og g\u00f3li sem hundar, og hlaupi umkring sta\u00f0inn!<a name=\"8\"><span class=\"versanumer\">8<\/span><\/a>Sj\u00e1! \u00feeir \u00fathella vonsku af s\u00ednum munni, sver\u00f0 eru \u00e1 \u00feeirra v\u00f6rum, \u00fev\u00ed <span class='VideyAth'>(\u00feeir hugsa)<\/span> hv\u00f6r heyrir \u00fea\u00f0? <br \/><a name=\"9\"><span class=\"versanumer\">9<\/span><\/a>En \u00fe\u00fa, Drottinn! hl\u00e6r a\u00f0 \u00feeim, og gj\u00f6rir gys a\u00f0 \u00f6llum \u00fej\u00f3\u00f0um.<a name=\"10\"><span class=\"versanumer\">10<\/span><\/a>M\u00f3t \u00feeirra makt, held eg mig til \u00fe\u00edn, \u00fev\u00ed Gu\u00f0 er mitt v\u00edgi.<a name=\"11\"><span class=\"versanumer\">11<\/span><\/a>Gu\u00f0 minnar miskunnar ver\u00f0ur fyrri til a\u00f0 hj\u00e1lpa, <span class='VideyAth'>(en eg bi\u00f0)<\/span> Gu\u00f0! l\u00e1t mig sj\u00e1 m\u00edna \u00f3vini au\u00f0m\u00fdkta!<a name=\"12\"><span class=\"versanumer\">12<\/span><\/a>Sl\u00e1\u00f0u \u00fe\u00e1 ekki \u00ed hel, a\u00f0 mitt f\u00f3lk ekki gleymi \u00fev\u00ed! rektu \u00fe\u00e1 burt me\u00f0 \u00feinni makt, og steyp \u00fe\u00fa \u00feeim, Drottinn vor skj\u00f6ldur!<a name=\"13\"><span class=\"versanumer\">13<\/span><\/a>Syndir \u00feeirra munns, eru or\u00f0 \u00feeirra vara, l\u00e1t \u00fe\u00e1 fangast \u00ed \u00feeirra drambsemi, vegna \u00feeirra form\u00e6linga og lyga sem \u00feeir tala,<a name=\"14\"><span class=\"versanumer\">14<\/span><\/a>afm\u00e1 \u00fe\u00e1 \u00ed \u00feinni rei\u00f0i, afm\u00e1 \u00fe\u00e1 gj\u00f6rsamlega svo \u00feeir viti a\u00f0 Gu\u00f0 er s\u00e1 sem drottnar \u00ed Jakob, j\u00e1, allt til jar\u00f0arinnar enda. <span class='VideyAth'>(M\u00e1lhv\u00edld)<\/span>.<a name=\"15\"><span class=\"versanumer\">15<\/span><\/a>L\u00e1t \u00fe\u00e1 koma aftur \u00e1 kv\u00f6ldin og g\u00f3la sem hunda, og hlaupa umkring sta\u00f0inn.<a name=\"16\"><span class=\"versanumer\">16<\/span><\/a>L\u00e1t \u00fe\u00e1 flakka hinga\u00f0 og \u00feanga\u00f0 eftir f\u00e6\u00f0u, og l\u00e1t \u00fe\u00e1 m\u00f6gla, \u00feegar \u00feeir ekki ver\u00f0a mettir.<a name=\"17\"><span class=\"versanumer\">17<\/span><\/a>En eg, eg vil syngja um \u00feinn styrkleika, og fagna \u00e1 morgnana yfir \u00feinni miskunnsemi, \u00fev\u00ed \u00fe\u00fa ert mitt v\u00edgi og h\u00e6li \u00e1 minnar ney\u00f0ar degi.<a name=\"18\"><span class=\"versanumer\">18<\/span><\/a>Minn styrkur! \u00fe\u00e9r vil eg syngja lof, \u00fev\u00ed Gu\u00f0 er mitt v\u00edgi, Gu\u00f0 minnar miskunnar.<\/p>\n<div class=\"footnoteVidey\">V. 1. c. 1. Sam. 19,11.<\/div>\n","protected":false},"excerpt":{"rendered":"<p>B\u00e6n um frelsi fr\u00e1 \u00f3vinum. Traust \u00e1 Gu\u00f0i. 1Til hlj\u00f3\u00f0f\u00e6rameistarans, me\u00f0 lagi: fordjarfa ekki. Dav\u00ed\u00f0s huggunarlj\u00f3\u00f0, \u00fe\u00e1 S\u00e1l sendi og l\u00e9t vakta h\u00fasi\u00f0, til a\u00f0 drepa hann c).2Minn Gu\u00f0! frelsa mig fr\u00e1 m\u00ednum \u00f3vinum, gj\u00f6r\u00f0u mig \u00f3hultan fyrir \u00feeim sem r\u00edsa m\u00f3ti m\u00e9r!3Frelsa\u00f0u mig fr\u00e1 \u00feeim rangl\u00e1tu, bjarga\u00f0u m\u00e9r fr\u00e1 \u00feeim bl\u00f3\u00f0\u00feyrstu.4\u00dev\u00ed sj\u00e1! Drottinn! \u00feeir umsitja mitt l\u00edf, \u00feeir sterku safnast \u00e1 m\u00f3ti m\u00e9r, \u00e1n saka, \u00e1n \u00feess eg hafi broti\u00f0,5\u00e1n \u00feess eg hafi broti\u00f0 hlaupa \u00feeir og b\u00faa sig \u00fat, vakna \u00fe\u00fa, a\u00f0 m\u00e6ta m\u00e9r, og sj\u00e1!6Drottinn Gu\u00f0 herskaranna, Gu\u00f0 \u00cdsraels! vakna \u00fe\u00fa og vitja allra \u00fej\u00f3\u00f0a, v\u00e6g\u00f0u engum <a href=\"https:\/\/biblian.is\/videy\/salmarnir-59-kafli\/\"> [&#8230;]<\/a><\/p>\n","protected":false},"author":1,"featured_media":0,"parent":0,"menu_order":0,"comment_status":"open","ping_status":"open","template":"bibliukaflar.php","meta":{"footnotes":""},"class_list":["post-21386","page","type-page","status-publish","hentry"],"_links":{"self":[{"href":"https:\/\/biblian.is\/videy\/wp-json\/wp\/v2\/pages\/21386","targetHints":{"allow":["GET"]}}],"collection":[{"href":"https:\/\/biblian.is\/videy\/wp-json\/wp\/v2\/pages"}],"about":[{"href":"https:\/\/biblian.is\/videy\/wp-json\/wp\/v2\/types\/page"}],"author":[{"embeddable":true,"href":"https:\/\/biblian.is\/videy\/wp-json\/wp\/v2\/users\/1"}],"replies":[{"embeddable":true,"href":"https:\/\/biblian.is\/videy\/wp-json\/wp\/v2\/comments?post=21386"}],"version-history":[{"count":0,"href":"https:\/\/biblian.is\/videy\/wp-json\/wp\/v2\/pages\/21386\/revisions"}],"wp:attachment":[{"href":"https:\/\/biblian.is\/videy\/wp-json\/wp\/v2\/media?parent=21386"}],"curies":[{"name":"wp","href":"https:\/\/api.w.org\/{rel}","templated":true}]}}