{"id":21385,"date":"2018-01-02T01:01:42","date_gmt":"2018-01-02T01:01:42","guid":{"rendered":"http:\/\/biblian.is\/videy\/salmarnir-58-kafli\/"},"modified":"2018-01-02T01:01:42","modified_gmt":"2018-01-02T01:01:42","slug":"salmarnir-58-kafli","status":"publish","type":"page","link":"https:\/\/biblian.is\/videy\/salmarnir-58-kafli\/","title":{"rendered":"S\u00e1lmarnir 58. kafli"},"content":{"rendered":"<div class=\"fyrirsognVidey\">Gegn rangl\u00e1tum d\u00f3mara.<\/div>\n<p><a name=\"1\"><span class=\"versanumer\">1<\/span><\/a>Til hlj\u00f3\u00f0f\u00e6rameistarans me\u00f0 lagi: fordjarfa ekki. Huggunarlj\u00f3\u00f0 Dav\u00ed\u00f0s.<a name=\"2\"><span class=\"versanumer\">2<\/span><\/a>Er r\u00e9ttv\u00edsin \u00fe\u00e1 algj\u00f6rlega \u00fe\u00f6gnu\u00f0? svo tali\u00f0 \u00fe\u00f3; d\u00e6mi\u00f0 me\u00f0 sanns\u00fdni, \u00fe\u00e9r mannanna b\u00f6rn!<a name=\"3\"><span class=\"versanumer\">3<\/span><\/a>\u00cd hjartanu i\u00f0ki\u00f0 \u00fe\u00e9r rangindi, \u00ed landinu vegi\u00f0 \u00fe\u00e9r y\u00f0ar handa ofbeldi.<a name=\"4\"><span class=\"versanumer\">4<\/span><\/a>Gu\u00f0i \u00f3kunnugir <span class='VideyAth'>(fr\u00e1leitir)<\/span> eru \u00feeir \u00f3gu\u00f0legu fr\u00e1 m\u00f3\u00f0url\u00edfi. Lygarar fara vilt fr\u00e1 m\u00f3\u00f0url\u00edfi.<a name=\"5\"><span class=\"versanumer\">5<\/span><\/a>Eitur hafa \u00feeir sem h\u00f6ggormseitur, \u00feeir eru sem heyrnarlaus \u00edgull, sem afturbyrgir s\u00edn eyru,<a name=\"6\"><span class=\"versanumer\">6<\/span><\/a>og heyrir ekki raust t\u00f6framannsins, ellegar s\u00e6ringarmannsins, sem er \u00fatl\u00e6r\u00f0ur \u00ed \u00fev\u00ed a\u00f0 s\u00e6ra.<a name=\"7\"><span class=\"versanumer\">7<\/span><\/a>Drottinn! sundurbrj\u00f3t t\u00f6nnurnar \u00ed \u00feeirra munni, sundurmola, Drottinn! jaxlatennur \u00feeirra ungu lj\u00f3nanna.<a name=\"8\"><span class=\"versanumer\">8<\/span><\/a>L\u00e1t \u00fe\u00e1 burtflj\u00f3ta sem vatn er ey\u00f0ist, \u00feegar \u00feeir spenna bogann me\u00f0 \u00f6rvunum, l\u00e1t \u00feessar vera sem oddlausar.<a name=\"9\"><span class=\"versanumer\">9<\/span><\/a>L\u00e1t \u00fe\u00e1 ver\u00f0a sem snigil sem sundurleysist \u00ed \u00fev\u00ed hann gengur, eins og konu \u00f3t\u00edmab\u00e6rt f\u00f3stur, sem aldrei s\u00e9r s\u00f3lina.<a name=\"10\"><span class=\"versanumer\">10<\/span><\/a>Fyrr en y\u00f0ar pottar kenna  \u00feyrnanna svo sn\u00f6gglega, sem logandi, er \u00feeim burtu svipt <span class='VideyAth'>b)<\/span>.<a name=\"11\"><span class=\"versanumer\">11<\/span><\/a>S\u00e1 r\u00e1\u00f0vandi mun fagna \u00fe\u00e1 hann s\u00e9r hefndina, hann mun \u00fevo s\u00edna f\u00e6tur \u00ed bl\u00f3\u00f0i hinna \u00f3gu\u00f0legu.<a name=\"12\"><span class=\"versanumer\">12<\/span><\/a>Og hv\u00f6r ma\u00f0ur skal segja: s\u00e1 r\u00e1\u00f0vandi hefir \u00fe\u00f3 \u00e1v\u00f6xt, s\u00e1 Gu\u00f0 er \u00fe\u00f3 til sem d\u00e6mir \u00e1 j\u00f6r\u00f0u.<\/p>\n<div class=\"footnoteVidey\">V. 10. b. Sj\u00e1 D\u00f3mb. 9,14.15.<\/div>\n","protected":false},"excerpt":{"rendered":"<p>Gegn rangl\u00e1tum d\u00f3mara. 1Til hlj\u00f3\u00f0f\u00e6rameistarans me\u00f0 lagi: fordjarfa ekki. Huggunarlj\u00f3\u00f0 Dav\u00ed\u00f0s.2Er r\u00e9ttv\u00edsin \u00fe\u00e1 algj\u00f6rlega \u00fe\u00f6gnu\u00f0? svo tali\u00f0 \u00fe\u00f3; d\u00e6mi\u00f0 me\u00f0 sanns\u00fdni, \u00fe\u00e9r mannanna b\u00f6rn!3\u00cd hjartanu i\u00f0ki\u00f0 \u00fe\u00e9r rangindi, \u00ed landinu vegi\u00f0 \u00fe\u00e9r y\u00f0ar handa ofbeldi.4Gu\u00f0i \u00f3kunnugir (fr\u00e1leitir) eru \u00feeir \u00f3gu\u00f0legu fr\u00e1 m\u00f3\u00f0url\u00edfi. Lygarar fara vilt fr\u00e1 m\u00f3\u00f0url\u00edfi.5Eitur hafa \u00feeir sem h\u00f6ggormseitur, \u00feeir eru sem heyrnarlaus \u00edgull, sem afturbyrgir s\u00edn eyru,6og heyrir ekki raust t\u00f6framannsins, ellegar s\u00e6ringarmannsins, sem er \u00fatl\u00e6r\u00f0ur \u00ed \u00fev\u00ed a\u00f0 s\u00e6ra.7Drottinn! sundurbrj\u00f3t t\u00f6nnurnar \u00ed \u00feeirra munni, sundurmola, Drottinn! jaxlatennur \u00feeirra ungu lj\u00f3nanna.8L\u00e1t \u00fe\u00e1 burtflj\u00f3ta sem vatn er ey\u00f0ist, \u00feegar \u00feeir spenna bogann me\u00f0 \u00f6rvunum, l\u00e1t \u00feessar vera sem <a href=\"https:\/\/biblian.is\/videy\/salmarnir-58-kafli\/\"> [&#8230;]<\/a><\/p>\n","protected":false},"author":1,"featured_media":0,"parent":0,"menu_order":0,"comment_status":"open","ping_status":"open","template":"bibliukaflar.php","meta":{"footnotes":""},"class_list":["post-21385","page","type-page","status-publish","hentry"],"_links":{"self":[{"href":"https:\/\/biblian.is\/videy\/wp-json\/wp\/v2\/pages\/21385","targetHints":{"allow":["GET"]}}],"collection":[{"href":"https:\/\/biblian.is\/videy\/wp-json\/wp\/v2\/pages"}],"about":[{"href":"https:\/\/biblian.is\/videy\/wp-json\/wp\/v2\/types\/page"}],"author":[{"embeddable":true,"href":"https:\/\/biblian.is\/videy\/wp-json\/wp\/v2\/users\/1"}],"replies":[{"embeddable":true,"href":"https:\/\/biblian.is\/videy\/wp-json\/wp\/v2\/comments?post=21385"}],"version-history":[{"count":0,"href":"https:\/\/biblian.is\/videy\/wp-json\/wp\/v2\/pages\/21385\/revisions"}],"wp:attachment":[{"href":"https:\/\/biblian.is\/videy\/wp-json\/wp\/v2\/media?parent=21385"}],"curies":[{"name":"wp","href":"https:\/\/api.w.org\/{rel}","templated":true}]}}