{"id":21384,"date":"2018-01-02T01:01:42","date_gmt":"2018-01-02T01:01:42","guid":{"rendered":"http:\/\/biblian.is\/videy\/salmarnir-57-kafli\/"},"modified":"2018-01-02T01:01:42","modified_gmt":"2018-01-02T01:01:42","slug":"salmarnir-57-kafli","status":"publish","type":"page","link":"https:\/\/biblian.is\/videy\/salmarnir-57-kafli\/","title":{"rendered":"S\u00e1lmarnir 57. kafli"},"content":{"rendered":"<div class=\"fyrirsognVidey\">B\u00e6n um hj\u00e1lp. Tr\u00faartraust.<\/div>\n<p><a name=\"1\"><span class=\"versanumer\">1<\/span><\/a>Til hlj\u00f3\u00f0f\u00e6rameistarans me\u00f0 lagi: fordjarfa ekki. Dav\u00ed\u00f0s huggunarlj\u00f3\u00f0, \u00fe\u00e1 hann fl\u00fd\u00f0i fyrir S\u00e1l \u00ed hellirinn <span class='VideyAth'>a)<\/span>.<a name=\"2\"><span class=\"versanumer\">2<\/span><\/a>Gu\u00f0 vertu m\u00e9r n\u00e1\u00f0ugur! vertu m\u00e9r n\u00e1\u00f0ugur. \u00dev\u00ed m\u00edn s\u00e1l fl\u00fdr til \u00fe\u00edn, eg fl\u00fd \u00ed skugga \u00feinna v\u00e6ngja, \u00feanga\u00f0 til \u00f3lukkan er framhj\u00e1 farin.<a name=\"3\"><span class=\"versanumer\">3<\/span><\/a>Eg kalla til ens \u00e6\u00f0sta Gu\u00f0s, til Gu\u00f0s sem fyrir mig vinnur?<a name=\"4\"><span class=\"versanumer\">4<\/span><\/a>Hann sendir ni\u00f0ur af himni og frelsar mig; hann sneypir \u00fe\u00e1 sem vilja uppsvelgja mig. <span class='VideyAth'>(M\u00e1lhv\u00edld)<\/span>. Gu\u00f0 sendir s\u00edna miskunn og tr\u00fafesti.<a name=\"5\"><span class=\"versanumer\">5<\/span><\/a>Mitt l\u00edf er me\u00f0al lj\u00f3na, eg ligg me\u00f0al \u00feeirra sem \u00fat\u00feeyta eldi, me\u00f0al manna, hv\u00f6rra tennur eru spj\u00f3t og p\u00edlur, og hv\u00f6rra tungur eru beitt sver\u00f0.<a name=\"6\"><span class=\"versanumer\">6<\/span><\/a>L\u00e1ttu sj\u00e1 \u00feig, \u00f3 Gu\u00f0! yfir himnunum, og \u00fe\u00edna d\u00fdr\u00f0 yfir allri j\u00f6r\u00f0inni!<a name=\"7\"><span class=\"versanumer\">7<\/span><\/a>\u00deeir l\u00f6g\u00f0u net fyrir minn gang, m\u00edn s\u00e1l engdi sig saman, \u00feeir gr\u00f6f fyrir mig, og f\u00e9llu sj\u00e1lfir mitt \u00ed hana.<a name=\"8\"><span class=\"versanumer\">8<\/span><\/a>Mitt hjarta er r\u00f3legt, \u00f3 Gu\u00f0! mitt hjarta er r\u00f3legt; eg vil syngja og spila \u00e1 h\u00f6rpu.<a name=\"9\"><span class=\"versanumer\">9<\/span><\/a>Vakna minn andi! vakna mitt hlj\u00f3\u00f0f\u00e6ri og harpa! eg vil vakna me\u00f0 morgunro\u00f0anum.<a name=\"10\"><span class=\"versanumer\">10<\/span><\/a>Drottinn! eg vil lofa \u00feig me\u00f0al f\u00f3lksins, eg vil syngja \u00fe\u00e9r lof me\u00f0al \u00fej\u00f3\u00f0anna,<a name=\"11\"><span class=\"versanumer\">11<\/span><\/a>\u00fev\u00ed \u00fe\u00edn miskunn er st\u00f3r, n\u00e6r til himna og \u00fe\u00edn tr\u00fafesti til sk\u00fdjanna.<a name=\"12\"><span class=\"versanumer\">12<\/span><\/a>S\u00fdn \u00feig, \u00f3 Gu\u00f0! yfir himininn hafinn, yfir himnana, og \u00fe\u00edna d\u00fdr\u00f0 yfir alla j\u00f6r\u00f0ina!<\/p>\n<div class=\"footnoteVidey\">V. 1. a. 1 Sam. b. 22,1. 24,4.<\/div>\n","protected":false},"excerpt":{"rendered":"<p>B\u00e6n um hj\u00e1lp. Tr\u00faartraust. 1Til hlj\u00f3\u00f0f\u00e6rameistarans me\u00f0 lagi: fordjarfa ekki. Dav\u00ed\u00f0s huggunarlj\u00f3\u00f0, \u00fe\u00e1 hann fl\u00fd\u00f0i fyrir S\u00e1l \u00ed hellirinn a).2Gu\u00f0 vertu m\u00e9r n\u00e1\u00f0ugur! vertu m\u00e9r n\u00e1\u00f0ugur. \u00dev\u00ed m\u00edn s\u00e1l fl\u00fdr til \u00fe\u00edn, eg fl\u00fd \u00ed skugga \u00feinna v\u00e6ngja, \u00feanga\u00f0 til \u00f3lukkan er framhj\u00e1 farin.3Eg kalla til ens \u00e6\u00f0sta Gu\u00f0s, til Gu\u00f0s sem fyrir mig vinnur?4Hann sendir ni\u00f0ur af himni og frelsar mig; hann sneypir \u00fe\u00e1 sem vilja uppsvelgja mig. (M\u00e1lhv\u00edld). Gu\u00f0 sendir s\u00edna miskunn og tr\u00fafesti.5Mitt l\u00edf er me\u00f0al lj\u00f3na, eg ligg me\u00f0al \u00feeirra sem \u00fat\u00feeyta eldi, me\u00f0al manna, hv\u00f6rra tennur eru spj\u00f3t og p\u00edlur, og hv\u00f6rra tungur eru beitt <a href=\"https:\/\/biblian.is\/videy\/salmarnir-57-kafli\/\"> [&#8230;]<\/a><\/p>\n","protected":false},"author":1,"featured_media":0,"parent":0,"menu_order":0,"comment_status":"open","ping_status":"open","template":"bibliukaflar.php","meta":{"footnotes":""},"class_list":["post-21384","page","type-page","status-publish","hentry"],"_links":{"self":[{"href":"https:\/\/biblian.is\/videy\/wp-json\/wp\/v2\/pages\/21384","targetHints":{"allow":["GET"]}}],"collection":[{"href":"https:\/\/biblian.is\/videy\/wp-json\/wp\/v2\/pages"}],"about":[{"href":"https:\/\/biblian.is\/videy\/wp-json\/wp\/v2\/types\/page"}],"author":[{"embeddable":true,"href":"https:\/\/biblian.is\/videy\/wp-json\/wp\/v2\/users\/1"}],"replies":[{"embeddable":true,"href":"https:\/\/biblian.is\/videy\/wp-json\/wp\/v2\/comments?post=21384"}],"version-history":[{"count":0,"href":"https:\/\/biblian.is\/videy\/wp-json\/wp\/v2\/pages\/21384\/revisions"}],"wp:attachment":[{"href":"https:\/\/biblian.is\/videy\/wp-json\/wp\/v2\/media?parent=21384"}],"curies":[{"name":"wp","href":"https:\/\/api.w.org\/{rel}","templated":true}]}}