{"id":21383,"date":"2018-01-02T01:01:42","date_gmt":"2018-01-02T01:01:42","guid":{"rendered":"http:\/\/biblian.is\/videy\/salmarnir-56-kafli\/"},"modified":"2018-01-02T01:01:42","modified_gmt":"2018-01-02T01:01:42","slug":"salmarnir-56-kafli","status":"publish","type":"page","link":"https:\/\/biblian.is\/videy\/salmarnir-56-kafli\/","title":{"rendered":"S\u00e1lmarnir 56. kafli"},"content":{"rendered":"<div class=\"fyrirsognVidey\">Traust \u00e1 Gu\u00f0s hj\u00e1lp gegn \u00f3vinum.<\/div>\n<p><a name=\"1\"><span class=\"versanumer\">1<\/span><\/a>Til hlj\u00f3\u00f0f\u00e6rameistarans eftir lagi: \u201em\u00e1llaus d\u00fafa \u00ed fj\u00e6rl\u00e6gum sk\u00f3gi\u201c; Dav\u00ed\u00f0s huggunarlj\u00f3\u00f0, \u00fe\u00e1 Filistear h\u00f6f\u00f0u herteki\u00f0 hann \u00ed Gat <span class='VideyAth'>a)<\/span>.<a name=\"2\"><span class=\"versanumer\">2<\/span><\/a>Gu\u00f0 vertu m\u00e9r n\u00e1\u00f0ugur, \u00fev\u00ed mennirnir vilja uppsvelgja mig, \u00f3vinirnir \u00ferengja a\u00f0 m\u00e9r daglega.<a name=\"3\"><span class=\"versanumer\">3<\/span><\/a>Uppsvelgja vilja mig m\u00ednir \u00f3vinir, \u00e1 hv\u00f6rjum degi, \u00fev\u00ed margir eru \u00feeir, sem rembilega str\u00ed\u00f0a \u00e1 m\u00f3ti m\u00e9r. <br \/><a name=\"4\"><span class=\"versanumer\">4<\/span><\/a>\u00deegar eg er hr\u00e6ddur, \u00fe\u00e1 treysti eg \u00fe\u00e9r;<a name=\"5\"><span class=\"versanumer\">5<\/span><\/a>af Gu\u00f0i st\u00e6ri eg mig, af hans or\u00f0i; \u00e1 Gu\u00f0 treysti eg, og \u00f3ttast ekki: hva\u00f0 geta mennirnir gj\u00f6rt m\u00e9r.<a name=\"6\"><span class=\"versanumer\">6<\/span><\/a>Hv\u00f6rn dag hindra \u00feeir m\u00edn verk, allar \u00feeirra hugsanir eru m\u00f3ti m\u00e9r, til ills.<a name=\"7\"><span class=\"versanumer\">7<\/span><\/a>\u00deeir fylgjast a\u00f0 og fela sig, og g\u00e1 a\u00f0 m\u00ednum sporum, \u00fev\u00ed \u00feeir sitja um mitt l\u00edf.<a name=\"8\"><span class=\"versanumer\">8<\/span><\/a>\u00c6tla \u00feeir komist undan <span class='VideyAth'>(straffi)<\/span>, svo rangl\u00e1tir sem \u00feeir eru? Gu\u00f0! legg \u00fe\u00e1 a\u00f0 velli \u00ed \u00feinni rei\u00f0i!<a name=\"9\"><span class=\"versanumer\">9<\/span><\/a>Tel \u00fe\u00fa m\u00edna \u00fatleg\u00f0, geym \u00fe\u00fa m\u00edn t\u00e1r \u00ed \u00feinni fl\u00f6sku, standa \u00feau ei \u00ed \u00feinni b\u00f3k? <br \/><a name=\"10\"><span class=\"versanumer\">10<\/span><\/a>\u00de\u00e1 munu m\u00ednir \u00f3vinir v\u00edkja til baka \u00e1 \u00feeim degi er eg hr\u00f3pa: \u00feetta veit eg a\u00f0 Gu\u00f0 er me\u00f0 m\u00e9r.<a name=\"11\"><span class=\"versanumer\">11<\/span><\/a>Af Gu\u00f0i st\u00e6ri eg mig, af hans or\u00f0i, af Drottni st\u00e6ri eg mig, af hans or\u00f0i.<a name=\"12\"><span class=\"versanumer\">12<\/span><\/a>\u00c1 Gu\u00f0 rei\u00f0i eg mig, eg er \u00f3hr\u00e6ddur, hva\u00f0 geta mennirnir gj\u00f6rt m\u00e9r?<a name=\"13\"><span class=\"versanumer\">13<\/span><\/a>Heit vi\u00f0 \u00feig, \u00f3 Gu\u00f0! hv\u00edla \u00e1 m\u00e9r, me\u00f0 \u00feakkarf\u00f3rn vil eg \u00fe\u00e9r \u00feau f\u00e6ra,<a name=\"14\"><span class=\"versanumer\">14<\/span><\/a>\u00fev\u00ed \u00fe\u00fa frelsar m\u00edna s\u00e1lu fr\u00e1 dau\u00f0anum, j\u00e1, m\u00edna f\u00e6tur fr\u00e1 hr\u00f6sun, svo eg m\u00e1 ganga fyrir Gu\u00f0i \u00ed lj\u00f3si lifandi manna.<\/p>\n<div class=\"footnoteVidey\">V. 1. a. Sj\u00e1 S\u00e1lm: 16,1.  V. 9. \u00datleg\u00f0: \u00fatleg\u00f0ardaga.<\/div>\n","protected":false},"excerpt":{"rendered":"<p>Traust \u00e1 Gu\u00f0s hj\u00e1lp gegn \u00f3vinum. 1Til hlj\u00f3\u00f0f\u00e6rameistarans eftir lagi: \u201em\u00e1llaus d\u00fafa \u00ed fj\u00e6rl\u00e6gum sk\u00f3gi\u201c; Dav\u00ed\u00f0s huggunarlj\u00f3\u00f0, \u00fe\u00e1 Filistear h\u00f6f\u00f0u herteki\u00f0 hann \u00ed Gat a).2Gu\u00f0 vertu m\u00e9r n\u00e1\u00f0ugur, \u00fev\u00ed mennirnir vilja uppsvelgja mig, \u00f3vinirnir \u00ferengja a\u00f0 m\u00e9r daglega.3Uppsvelgja vilja mig m\u00ednir \u00f3vinir, \u00e1 hv\u00f6rjum degi, \u00fev\u00ed margir eru \u00feeir, sem rembilega str\u00ed\u00f0a \u00e1 m\u00f3ti m\u00e9r. 4\u00deegar eg er hr\u00e6ddur, \u00fe\u00e1 treysti eg \u00fe\u00e9r;5af Gu\u00f0i st\u00e6ri eg mig, af hans or\u00f0i; \u00e1 Gu\u00f0 treysti eg, og \u00f3ttast ekki: hva\u00f0 geta mennirnir gj\u00f6rt m\u00e9r.6Hv\u00f6rn dag hindra \u00feeir m\u00edn verk, allar \u00feeirra hugsanir eru m\u00f3ti m\u00e9r, til ills.7\u00deeir fylgjast a\u00f0 og fela sig, <a href=\"https:\/\/biblian.is\/videy\/salmarnir-56-kafli\/\"> [&#8230;]<\/a><\/p>\n","protected":false},"author":1,"featured_media":0,"parent":0,"menu_order":0,"comment_status":"open","ping_status":"open","template":"bibliukaflar.php","meta":{"footnotes":""},"class_list":["post-21383","page","type-page","status-publish","hentry"],"_links":{"self":[{"href":"https:\/\/biblian.is\/videy\/wp-json\/wp\/v2\/pages\/21383","targetHints":{"allow":["GET"]}}],"collection":[{"href":"https:\/\/biblian.is\/videy\/wp-json\/wp\/v2\/pages"}],"about":[{"href":"https:\/\/biblian.is\/videy\/wp-json\/wp\/v2\/types\/page"}],"author":[{"embeddable":true,"href":"https:\/\/biblian.is\/videy\/wp-json\/wp\/v2\/users\/1"}],"replies":[{"embeddable":true,"href":"https:\/\/biblian.is\/videy\/wp-json\/wp\/v2\/comments?post=21383"}],"version-history":[{"count":0,"href":"https:\/\/biblian.is\/videy\/wp-json\/wp\/v2\/pages\/21383\/revisions"}],"wp:attachment":[{"href":"https:\/\/biblian.is\/videy\/wp-json\/wp\/v2\/media?parent=21383"}],"curies":[{"name":"wp","href":"https:\/\/api.w.org\/{rel}","templated":true}]}}