{"id":21382,"date":"2018-01-02T01:01:42","date_gmt":"2018-01-02T01:01:42","guid":{"rendered":"http:\/\/biblian.is\/videy\/salmarnir-55-kafli\/"},"modified":"2018-01-02T01:01:42","modified_gmt":"2018-01-02T01:01:42","slug":"salmarnir-55-kafli","status":"publish","type":"page","link":"https:\/\/biblian.is\/videy\/salmarnir-55-kafli\/","title":{"rendered":"S\u00e1lmarnir 55. kafli"},"content":{"rendered":"<div class=\"fyrirsognVidey\">B\u00e6n m\u00f3ti svikulum vin.<\/div>\n<p><a name=\"1\"><span class=\"versanumer\">1<\/span><\/a>Til hlj\u00f3\u00f0f\u00e6rameistarans \u00e1 strengjaleik. Kennslulj\u00f3\u00f0 Dav\u00ed\u00f0s.<a name=\"2\"><span class=\"versanumer\">2<\/span><\/a>Gu\u00f0! sn\u00fa \u00fe\u00ednu eyra til minna b\u00e6na, og fel \u00feig ekki fyrir minni gr\u00e1tbei\u00f0ni.<a name=\"3\"><span class=\"versanumer\">3<\/span><\/a>Gef gaum a\u00f0 m\u00e9r og b\u00e6nheyr mig, eg r\u00e1fa til og fr\u00e1 \u00ed minni sorg og kveina vegna \u00f3vinarins \u00f3hlj\u00f3\u00f0a.<a name=\"4\"><span class=\"versanumer\">4<\/span><\/a>Vegna undir\u00ferykkingar hins \u00f3gu\u00f0lega, \u00fev\u00ed \u00feeir vilja gj\u00f6ra m\u00e9r \u00f3r\u00e9tt og \u00ed rei\u00f0i ofs\u00e6kja mig me\u00f0 hatri.<a name=\"5\"><span class=\"versanumer\">5<\/span><\/a>Mitt hjarta skelfur \u00ed m\u00e9r, og dau\u00f0ans angist yfirfellur mig.<a name=\"6\"><span class=\"versanumer\">6<\/span><\/a>\u00d3tti og skj\u00e1lfti kemur yfir mig, og ofbo\u00f0 \u00feekur mig.<a name=\"7\"><span class=\"versanumer\">7<\/span><\/a>Eg segi vi\u00f0 sj\u00e1lfan mig: \u00e6 a\u00f0 eg hef\u00f0i v\u00e6ngi sem d\u00fafa, \u00fe\u00e1 mundi eg flj\u00faga burt og leita a\u00f0 r\u00f3.<a name=\"8\"><span class=\"versanumer\">8<\/span><\/a>Eg mundi fara langt \u00ed burt og <span class='VideyAth'>(vera \u00e1 n\u00f3ttunni)<\/span> \u00e1 ey\u00f0im\u00f6rku. <span class='VideyAth'>(M\u00e1lhv\u00edld)<\/span>.<a name=\"9\"><span class=\"versanumer\">9<\/span><\/a>Flj\u00f3tar skyldi eg burt fl\u00fdja en \u00e1kaflegur stormur, \u00f3ve\u00f0ur. <br \/><a name=\"10\"><span class=\"versanumer\">10<\/span><\/a>Drottinn afm\u00e1 \u00fe\u00fa \u00fe\u00e1, sundurskipt \u00fe\u00fa \u00feeirra tungum, \u00fev\u00ed eg s\u00e9 ofbeldi og sundur\u00feykkju \u00ed sta\u00f0num.<a name=\"11\"><span class=\"versanumer\">11<\/span><\/a>N\u00f3tt og dag gengur \u00feetta um kring \u00e1 hans m\u00farveggjum. Rangl\u00e6ti og m\u00e6\u00f0a er \u00ed honum mi\u00f0jum.<a name=\"12\"><span class=\"versanumer\">12<\/span><\/a>Tj\u00f3n mitt \u00ed honum, og fr\u00e1 hans str\u00e6tum v\u00edkja ekki svik og fals.<a name=\"13\"><span class=\"versanumer\">13<\/span><\/a>\u00dea\u00f0 er ekki fjandma\u00f0urinn sem sv\u00edvir\u00f0ir mig, eg mundi \u00feola \u00fea\u00f0. \u00dea\u00f0 er ekki s\u00e1 mig \u00f6fundar, sem hlakkar yfir m\u00e9r; eg mundi fela mig fyrir honum.<a name=\"14\"><span class=\"versanumer\">14<\/span><\/a>Heldur ert \u00fe\u00fa \u00fea\u00f0 ma\u00f0ur, sem eg matti jafnt m\u00e9r, minn f\u00e9lagi og minn kunningi.<a name=\"15\"><span class=\"versanumer\">15<\/span><\/a>Vi\u00f0 sem r\u00e1\u00f0gu\u00f0umst saman vinsamlega, sem gengum saman \u00ed Gu\u00f0s h\u00fas.<a name=\"16\"><span class=\"versanumer\">16<\/span><\/a>Dau\u00f0inn komi sviplega yfir \u00fe\u00e1, svo \u00feeir fari lifandi ni\u00f0ur \u00ed helju, \u00fev\u00ed \u00fear er vonska \u00ed \u00feeirra b\u00fast\u00f6\u00f0um, mitt \u00ed \u00feeim.<a name=\"17\"><span class=\"versanumer\">17<\/span><\/a>Eg kalla til Gu\u00f0s, og Drottinn mun frelsa mig.<a name=\"18\"><span class=\"versanumer\">18<\/span><\/a>Um kv\u00f6ld, morgna og mi\u00f0degi, kvarta eg og andvarpa, hann heyrir m\u00edna raust.<a name=\"19\"><span class=\"versanumer\">19<\/span><\/a>Hann frelsar m\u00edna s\u00e1lu fr\u00e1 str\u00ed\u00f0i, og veitir fri\u00f0, \u00fev\u00ed margir eru \u00e1 m\u00f3ti m\u00e9r.<a name=\"20\"><span class=\"versanumer\">20<\/span><\/a>Gu\u00f0 heyrir mig og au\u00f0m\u00fdkir \u00fe\u00e1. Hann sem var fr\u00e1 eil\u00edf\u00f0, mun au\u00f0m\u00fdkja \u00fe\u00e1 <span class='VideyAth'>(m\u00e1lhv\u00edld)<\/span>, ekki b\u00e6ta \u00feeir sig, og ekki \u00f3ttast \u00feeir Gu\u00f0.<a name=\"21\"><span class=\"versanumer\">21<\/span><\/a>\u00deeir leggja hendur \u00e1 s\u00edna stallbr\u00e6\u00f0ur, og rj\u00fafa skammarlega s\u00edna s\u00e1ttm\u00e1la.<a name=\"22\"><span class=\"versanumer\">22<\/span><\/a>\u00deeirra munnur er kl\u00f6kkvari en smj\u00f6r, og hafa \u00fe\u00f3 str\u00ed\u00f0 \u00ed hug; \u00feeirra or\u00f0 eru mj\u00fakari en vi\u00f0smj\u00f6r, og eru \u00fe\u00f3 brug\u00f0in sver\u00f0.<a name=\"23\"><span class=\"versanumer\">23<\/span><\/a>Kasta \u00feinni \u00e1hyggju upp \u00e1 Drottin, og hann mun veita \u00fe\u00e9r atvinnu, hann mun ekki leifa a\u00f0 eil\u00edfu, a\u00f0 hinn r\u00e1\u00f0vandi bifist.<a name=\"24\"><span class=\"versanumer\">24<\/span><\/a>En \u00fe\u00fa \u00f3 Gu\u00f0! munt steypa \u00feeim <span class='VideyAth'>(vondu)<\/span> ni\u00f0ur \u00ed gl\u00f6tunarinnar gr\u00f6f. \u00deeir bl\u00f3\u00f0g\u00edrugu og fl\u00e1r\u00e1\u00f0u munu ei h\u00e1lfna s\u00edna l\u00edfdaga. En eg\u2014eg vil rei\u00f0a mig \u00e1 \u00feig.<\/p>\n<div class=\"footnoteVidey\"><\/div>\n","protected":false},"excerpt":{"rendered":"<p>B\u00e6n m\u00f3ti svikulum vin. 1Til hlj\u00f3\u00f0f\u00e6rameistarans \u00e1 strengjaleik. Kennslulj\u00f3\u00f0 Dav\u00ed\u00f0s.2Gu\u00f0! sn\u00fa \u00fe\u00ednu eyra til minna b\u00e6na, og fel \u00feig ekki fyrir minni gr\u00e1tbei\u00f0ni.3Gef gaum a\u00f0 m\u00e9r og b\u00e6nheyr mig, eg r\u00e1fa til og fr\u00e1 \u00ed minni sorg og kveina vegna \u00f3vinarins \u00f3hlj\u00f3\u00f0a.4Vegna undir\u00ferykkingar hins \u00f3gu\u00f0lega, \u00fev\u00ed \u00feeir vilja gj\u00f6ra m\u00e9r \u00f3r\u00e9tt og \u00ed rei\u00f0i ofs\u00e6kja mig me\u00f0 hatri.5Mitt hjarta skelfur \u00ed m\u00e9r, og dau\u00f0ans angist yfirfellur mig.6\u00d3tti og skj\u00e1lfti kemur yfir mig, og ofbo\u00f0 \u00feekur mig.7Eg segi vi\u00f0 sj\u00e1lfan mig: \u00e6 a\u00f0 eg hef\u00f0i v\u00e6ngi sem d\u00fafa, \u00fe\u00e1 mundi eg flj\u00faga burt og leita a\u00f0 r\u00f3.8Eg mundi fara langt \u00ed <a href=\"https:\/\/biblian.is\/videy\/salmarnir-55-kafli\/\"> [&#8230;]<\/a><\/p>\n","protected":false},"author":1,"featured_media":0,"parent":0,"menu_order":0,"comment_status":"open","ping_status":"open","template":"bibliukaflar.php","meta":{"footnotes":""},"class_list":["post-21382","page","type-page","status-publish","hentry"],"_links":{"self":[{"href":"https:\/\/biblian.is\/videy\/wp-json\/wp\/v2\/pages\/21382","targetHints":{"allow":["GET"]}}],"collection":[{"href":"https:\/\/biblian.is\/videy\/wp-json\/wp\/v2\/pages"}],"about":[{"href":"https:\/\/biblian.is\/videy\/wp-json\/wp\/v2\/types\/page"}],"author":[{"embeddable":true,"href":"https:\/\/biblian.is\/videy\/wp-json\/wp\/v2\/users\/1"}],"replies":[{"embeddable":true,"href":"https:\/\/biblian.is\/videy\/wp-json\/wp\/v2\/comments?post=21382"}],"version-history":[{"count":0,"href":"https:\/\/biblian.is\/videy\/wp-json\/wp\/v2\/pages\/21382\/revisions"}],"wp:attachment":[{"href":"https:\/\/biblian.is\/videy\/wp-json\/wp\/v2\/media?parent=21382"}],"curies":[{"name":"wp","href":"https:\/\/api.w.org\/{rel}","templated":true}]}}