{"id":21381,"date":"2018-01-02T01:01:42","date_gmt":"2018-01-02T01:01:42","guid":{"rendered":"http:\/\/biblian.is\/videy\/salmarnir-54-kafli\/"},"modified":"2018-01-02T01:01:42","modified_gmt":"2018-01-02T01:01:42","slug":"salmarnir-54-kafli","status":"publish","type":"page","link":"https:\/\/biblian.is\/videy\/salmarnir-54-kafli\/","title":{"rendered":"S\u00e1lmarnir 54. kafli"},"content":{"rendered":"<div class=\"fyrirsognVidey\">B\u00e6n og traust til Gu\u00f0s. (1Sam. 26,1. fl.)<\/div>\n<p><a name=\"1\"><span class=\"versanumer\">1<\/span><\/a>Til s\u00f6ngmeistarans \u00e1 strengjaleik. Kennslulj\u00f3\u00f0 af Dav\u00ed\u00f0.<a name=\"2\"><span class=\"versanumer\">2<\/span><\/a>\u00deegar Sefitar komu og s\u00f6g\u00f0u vi\u00f0 S\u00e1l: hefir ekki Dav\u00ed\u00f0 fali\u00f0 sig hj\u00e1 oss?<a name=\"3\"><span class=\"versanumer\">3<\/span><\/a>Gu\u00f0! frelsa mig fyrir \u00feitt nafn, og l\u00e1t mig n\u00e1 r\u00e9tti fyrir \u00feinn kraft.<a name=\"4\"><span class=\"versanumer\">4<\/span><\/a>Gu\u00f0! heyr m\u00edna b\u00e6n, beyg \u00feitt eyra til or\u00f0a m\u00edns munns;<a name=\"5\"><span class=\"versanumer\">5<\/span><\/a>\u00fev\u00ed \u00fatlendir r\u00edsa m\u00f3ti m\u00e9r, og t\u00edrannar sitja um mitt l\u00edf, og hafa ekki Gu\u00f0 s\u00e9r fyrir augum. <span class='VideyAth'>(M\u00e1lhv\u00edld)<\/span>.<a name=\"6\"><span class=\"versanumer\">6<\/span><\/a>Sj\u00e1! Gu\u00f0 er minn hj\u00e1lpari. Drottinn er s\u00e1 sem vi\u00f0heldur m\u00ednu l\u00edfi,<a name=\"7\"><span class=\"versanumer\">7<\/span><\/a>hann mun endurgjalda vonskuna m\u00ednum \u00f3vinum; j\u00e1, afm\u00e1 \u00fe\u00fa \u00fe\u00e1 eftir \u00feinni tr\u00fafesti.<a name=\"8\"><span class=\"versanumer\">8<\/span><\/a>F\u00faslega mun eg f\u00e6ra \u00fe\u00e9r f\u00f3rnir, vegsama \u00feitt nafn, Drottinn! \u00fev\u00ed \u00fea\u00f0 er gott.<a name=\"9\"><span class=\"versanumer\">9<\/span><\/a>Af \u00fev\u00ed hann frelsa\u00f0i mig af allri ney\u00f0 og mitt auga gladdi sig yfir m\u00ednum \u00f3vinum.<\/p>\n<div class=\"footnoteVidey\"><\/div>\n","protected":false},"excerpt":{"rendered":"<p>B\u00e6n og traust til Gu\u00f0s. (1Sam. 26,1. fl.) 1Til s\u00f6ngmeistarans \u00e1 strengjaleik. Kennslulj\u00f3\u00f0 af Dav\u00ed\u00f0.2\u00deegar Sefitar komu og s\u00f6g\u00f0u vi\u00f0 S\u00e1l: hefir ekki Dav\u00ed\u00f0 fali\u00f0 sig hj\u00e1 oss?3Gu\u00f0! frelsa mig fyrir \u00feitt nafn, og l\u00e1t mig n\u00e1 r\u00e9tti fyrir \u00feinn kraft.4Gu\u00f0! heyr m\u00edna b\u00e6n, beyg \u00feitt eyra til or\u00f0a m\u00edns munns;5\u00fev\u00ed \u00fatlendir r\u00edsa m\u00f3ti m\u00e9r, og t\u00edrannar sitja um mitt l\u00edf, og hafa ekki Gu\u00f0 s\u00e9r fyrir augum. (M\u00e1lhv\u00edld).6Sj\u00e1! Gu\u00f0 er minn hj\u00e1lpari. Drottinn er s\u00e1 sem vi\u00f0heldur m\u00ednu l\u00edfi,7hann mun endurgjalda vonskuna m\u00ednum \u00f3vinum; j\u00e1, afm\u00e1 \u00fe\u00fa \u00fe\u00e1 eftir \u00feinni tr\u00fafesti.8F\u00faslega mun eg f\u00e6ra \u00fe\u00e9r f\u00f3rnir, vegsama \u00feitt nafn, <a href=\"https:\/\/biblian.is\/videy\/salmarnir-54-kafli\/\"> [&#8230;]<\/a><\/p>\n","protected":false},"author":1,"featured_media":0,"parent":0,"menu_order":0,"comment_status":"open","ping_status":"open","template":"bibliukaflar.php","meta":{"footnotes":""},"class_list":["post-21381","page","type-page","status-publish","hentry"],"_links":{"self":[{"href":"https:\/\/biblian.is\/videy\/wp-json\/wp\/v2\/pages\/21381","targetHints":{"allow":["GET"]}}],"collection":[{"href":"https:\/\/biblian.is\/videy\/wp-json\/wp\/v2\/pages"}],"about":[{"href":"https:\/\/biblian.is\/videy\/wp-json\/wp\/v2\/types\/page"}],"author":[{"embeddable":true,"href":"https:\/\/biblian.is\/videy\/wp-json\/wp\/v2\/users\/1"}],"replies":[{"embeddable":true,"href":"https:\/\/biblian.is\/videy\/wp-json\/wp\/v2\/comments?post=21381"}],"version-history":[{"count":0,"href":"https:\/\/biblian.is\/videy\/wp-json\/wp\/v2\/pages\/21381\/revisions"}],"wp:attachment":[{"href":"https:\/\/biblian.is\/videy\/wp-json\/wp\/v2\/media?parent=21381"}],"curies":[{"name":"wp","href":"https:\/\/api.w.org\/{rel}","templated":true}]}}