{"id":21380,"date":"2018-01-02T01:01:42","date_gmt":"2018-01-02T01:01:42","guid":{"rendered":"http:\/\/biblian.is\/videy\/salmarnir-53-kafli\/"},"modified":"2018-01-02T01:01:42","modified_gmt":"2018-01-02T01:01:42","slug":"salmarnir-53-kafli","status":"publish","type":"page","link":"https:\/\/biblian.is\/videy\/salmarnir-53-kafli\/","title":{"rendered":"S\u00e1lmarnir 53. kafli"},"content":{"rendered":"<div class=\"fyrirsognVidey\">Umkv\u00f6rtun hva\u00f0 menn eru vondir.<\/div>\n<p><a name=\"1\"><span class=\"versanumer\">1<\/span><\/a>Til hlj\u00f3\u00f0f\u00e6rameistarans, a\u00f0 spila \u00e1 flautu. Kennslulj\u00f3\u00f0 Dav\u00ed\u00f0s.<a name=\"2\"><span class=\"versanumer\">2<\/span><\/a>Heimskinginn segir \u00ed s\u00ednu hjarta: \u201e\u00fear er enginn Gu\u00f0.\u201c Vond og vi\u00f0urstyggileg eru \u00feeirra verk, \u00fear er enginn sem gj\u00f6ri gott.<a name=\"3\"><span class=\"versanumer\">3<\/span><\/a>Gu\u00f0 l\u00edtur af himni ni\u00f0ur yfir mannanna b\u00f6rn, til a\u00f0 sj\u00e1 hv\u00f6rt nokkur s\u00e9 hygginn, nokkur sem leiti Gu\u00f0s.<a name=\"4\"><span class=\"versanumer\">4<\/span><\/a>\u00deeir eru allir fallnir fr\u00e1, allir spilltir, \u00fear er enginn sem gj\u00f6rir gott, ekki einn.<a name=\"5\"><span class=\"versanumer\">5<\/span><\/a>\u00c6tla \u00feeir komi ekki til vi\u00f0urkenningar sem rangt gj\u00f6ra, \u00feeir sem uppeta mitt f\u00f3lk, eins og brau\u00f0, og ei \u00e1kalla Gu\u00f0?<a name=\"6\"><span class=\"versanumer\">6<\/span><\/a>J\u00fa! \u00feeir munu ver\u00f0a \u00f3ttaslegnir, \u00fear sem ekkert er a\u00f0 \u00f3ttast, \u00fev\u00ed Gu\u00f0 tv\u00edstrar \u00feeirra beinum sem setja herb\u00fa\u00f0ir m\u00f3ti \u00fe\u00e9r, \u00fe\u00fa gj\u00f6rir \u00fe\u00e1 til skammar, \u00fev\u00ed Gu\u00f0 hefur \u00fatsk\u00fafa\u00f0 \u00feeim. <br \/><a name=\"7\"><span class=\"versanumer\">7<\/span><\/a>Fr\u00e1 S\u00edon komi \u00cdsrael frelsi! lei\u00f0i Gu\u00f0 til baka sitt hertekna f\u00f3lk, \u00fe\u00e1 mun Jakob fagna, og \u00cdsrael gle\u00f0st.<\/p>\n<div class=\"footnoteVidey\"><\/div>\n","protected":false},"excerpt":{"rendered":"<p>Umkv\u00f6rtun hva\u00f0 menn eru vondir. 1Til hlj\u00f3\u00f0f\u00e6rameistarans, a\u00f0 spila \u00e1 flautu. Kennslulj\u00f3\u00f0 Dav\u00ed\u00f0s.2Heimskinginn segir \u00ed s\u00ednu hjarta: \u201e\u00fear er enginn Gu\u00f0.\u201c Vond og vi\u00f0urstyggileg eru \u00feeirra verk, \u00fear er enginn sem gj\u00f6ri gott.3Gu\u00f0 l\u00edtur af himni ni\u00f0ur yfir mannanna b\u00f6rn, til a\u00f0 sj\u00e1 hv\u00f6rt nokkur s\u00e9 hygginn, nokkur sem leiti Gu\u00f0s.4\u00deeir eru allir fallnir fr\u00e1, allir spilltir, \u00fear er enginn sem gj\u00f6rir gott, ekki einn.5\u00c6tla \u00feeir komi ekki til vi\u00f0urkenningar sem rangt gj\u00f6ra, \u00feeir sem uppeta mitt f\u00f3lk, eins og brau\u00f0, og ei \u00e1kalla Gu\u00f0?6J\u00fa! \u00feeir munu ver\u00f0a \u00f3ttaslegnir, \u00fear sem ekkert er a\u00f0 \u00f3ttast, \u00fev\u00ed Gu\u00f0 tv\u00edstrar \u00feeirra beinum <a href=\"https:\/\/biblian.is\/videy\/salmarnir-53-kafli\/\"> [&#8230;]<\/a><\/p>\n","protected":false},"author":1,"featured_media":0,"parent":0,"menu_order":0,"comment_status":"open","ping_status":"open","template":"bibliukaflar.php","meta":{"footnotes":""},"class_list":["post-21380","page","type-page","status-publish","hentry"],"_links":{"self":[{"href":"https:\/\/biblian.is\/videy\/wp-json\/wp\/v2\/pages\/21380","targetHints":{"allow":["GET"]}}],"collection":[{"href":"https:\/\/biblian.is\/videy\/wp-json\/wp\/v2\/pages"}],"about":[{"href":"https:\/\/biblian.is\/videy\/wp-json\/wp\/v2\/types\/page"}],"author":[{"embeddable":true,"href":"https:\/\/biblian.is\/videy\/wp-json\/wp\/v2\/users\/1"}],"replies":[{"embeddable":true,"href":"https:\/\/biblian.is\/videy\/wp-json\/wp\/v2\/comments?post=21380"}],"version-history":[{"count":0,"href":"https:\/\/biblian.is\/videy\/wp-json\/wp\/v2\/pages\/21380\/revisions"}],"wp:attachment":[{"href":"https:\/\/biblian.is\/videy\/wp-json\/wp\/v2\/media?parent=21380"}],"curies":[{"name":"wp","href":"https:\/\/api.w.org\/{rel}","templated":true}]}}