{"id":21379,"date":"2018-01-02T01:01:42","date_gmt":"2018-01-02T01:01:42","guid":{"rendered":"http:\/\/biblian.is\/videy\/salmarnir-52-kafli\/"},"modified":"2018-01-02T01:01:42","modified_gmt":"2018-01-02T01:01:42","slug":"salmarnir-52-kafli","status":"publish","type":"page","link":"https:\/\/biblian.is\/videy\/salmarnir-52-kafli\/","title":{"rendered":"S\u00e1lmarnir 52. kafli"},"content":{"rendered":"<div class=\"fyrirsognVidey\">M\u00f3ti drambl\u00e1tum \u00f3vin.<\/div>\n<p><a name=\"1\"><span class=\"versanumer\">1<\/span><\/a>Kennslulj\u00f3\u00f0 Dav\u00ed\u00f0s,<a name=\"2\"><span class=\"versanumer\">2<\/span><\/a>\u00feegar Doeg Edom\u00edti kom og kunngj\u00f6r\u00f0i S\u00e1l og sag\u00f0i: Dav\u00ed\u00f0 er kominn \u00ed Ak\u00edmeleks h\u00fas <span class='VideyAth'>a)<\/span>.<a name=\"3\"><span class=\"versanumer\">3<\/span><\/a>\u00dev\u00ed st\u00e6rir \u00fe\u00fa \u00feig af \u00feinni vonsku, \u00fe\u00fa t\u00fdranni? Gu\u00f0s miskunn varir dag hv\u00f6rn.<a name=\"4\"><span class=\"versanumer\">4<\/span><\/a>\u00de\u00edn tunga \u00e1stundar eint\u00f3man ska\u00f0a, l\u00edk beittum rakhn\u00edf, \u00fe\u00fa v\u00e9lasmi\u00f0ur!<a name=\"5\"><span class=\"versanumer\">5<\/span><\/a>\u00de\u00fa elskar illt en ekki gott, lygi meir enn a\u00f0 tala \u00fea\u00f0 sem r\u00e9tt er. <span class='VideyAth'>(M\u00e1lhv\u00edld)<\/span>.<a name=\"6\"><span class=\"versanumer\">6<\/span><\/a>\u00de\u00fa elskar allt ska\u00f0r\u00e6\u00f0is tal, \u00fe\u00fa svikafulla tunga!<a name=\"7\"><span class=\"versanumer\">7<\/span><\/a>Gu\u00f0 mun l\u00edka tort\u00edna \u00fe\u00e9r algj\u00f6rlega, hann mun burttaka \u00feig og \u00fatry\u00f0ja \u00fe\u00e9r af tjaldb\u00fa\u00f0inni, og uppr\u00e6ta \u00feig af landi \u00feeirra sem lifa. <span class='VideyAth'>(M\u00e1lhv\u00edld)<\/span>.<a name=\"8\"><span class=\"versanumer\">8<\/span><\/a>Og \u00feeir r\u00e1\u00f0v\u00f6ndu munu sj\u00e1 \u00fea\u00f0 og \u00f3ttast, og a\u00f0 honum munu \u00feeir hl\u00e6ja og segja:<a name=\"9\"><span class=\"versanumer\">9<\/span><\/a>\u201eSj\u00e1 \u00fear \u00feann mann sem ekki h\u00e9lt Gu\u00f0 fyrir sinn styrk, heldur reiddi sig \u00e1 sinn mikla au\u00f0 og \u00e1leit vonskuna sinn kraft\u201c!<a name=\"10\"><span class=\"versanumer\">10<\/span><\/a>En eg mun vera sem gr\u00e6nn vi\u00f0smj\u00f6rsvi\u00f0ur \u00ed Gu\u00f0s h\u00fasi, eg rei\u00f0i mig \u00e1 Gu\u00f0s miskunn um aldir og a\u00f0 eil\u00edfu.<a name=\"11\"><span class=\"versanumer\">11<\/span><\/a>Eg mun \u00feakka \u00fe\u00e9r eil\u00edflega fyrir \u00fea\u00f0 \u00fe\u00fa gj\u00f6r\u00f0ir, og eg mun vona \u00e1 \u00feitt nafn, \u00fev\u00ed \u00fea\u00f0 er gott fyrir augum \u00feinna heil\u00f6gu.<\/p>\n<div class=\"footnoteVidey\">V. 2. a. 1 Sam. 22,9.fl.  V. 3. \u00dear er b\u00e6tt inni \u00ed \u00edslenskunni, sem ekki finnst hj\u00e1 \u00f6\u00f0rum: a\u00f0 \u00fe\u00fa f\u00e6r ska\u00f0a gj\u00f6rt.<\/div>\n","protected":false},"excerpt":{"rendered":"<p>M\u00f3ti drambl\u00e1tum \u00f3vin. 1Kennslulj\u00f3\u00f0 Dav\u00ed\u00f0s,2\u00feegar Doeg Edom\u00edti kom og kunngj\u00f6r\u00f0i S\u00e1l og sag\u00f0i: Dav\u00ed\u00f0 er kominn \u00ed Ak\u00edmeleks h\u00fas a).3\u00dev\u00ed st\u00e6rir \u00fe\u00fa \u00feig af \u00feinni vonsku, \u00fe\u00fa t\u00fdranni? Gu\u00f0s miskunn varir dag hv\u00f6rn.4\u00de\u00edn tunga \u00e1stundar eint\u00f3man ska\u00f0a, l\u00edk beittum rakhn\u00edf, \u00fe\u00fa v\u00e9lasmi\u00f0ur!5\u00de\u00fa elskar illt en ekki gott, lygi meir enn a\u00f0 tala \u00fea\u00f0 sem r\u00e9tt er. (M\u00e1lhv\u00edld).6\u00de\u00fa elskar allt ska\u00f0r\u00e6\u00f0is tal, \u00fe\u00fa svikafulla tunga!7Gu\u00f0 mun l\u00edka tort\u00edna \u00fe\u00e9r algj\u00f6rlega, hann mun burttaka \u00feig og \u00fatry\u00f0ja \u00fe\u00e9r af tjaldb\u00fa\u00f0inni, og uppr\u00e6ta \u00feig af landi \u00feeirra sem lifa. (M\u00e1lhv\u00edld).8Og \u00feeir r\u00e1\u00f0v\u00f6ndu munu sj\u00e1 \u00fea\u00f0 og \u00f3ttast, og a\u00f0 honum munu \u00feeir hl\u00e6ja <a href=\"https:\/\/biblian.is\/videy\/salmarnir-52-kafli\/\"> [&#8230;]<\/a><\/p>\n","protected":false},"author":1,"featured_media":0,"parent":0,"menu_order":0,"comment_status":"open","ping_status":"open","template":"bibliukaflar.php","meta":{"footnotes":""},"class_list":["post-21379","page","type-page","status-publish","hentry"],"_links":{"self":[{"href":"https:\/\/biblian.is\/videy\/wp-json\/wp\/v2\/pages\/21379","targetHints":{"allow":["GET"]}}],"collection":[{"href":"https:\/\/biblian.is\/videy\/wp-json\/wp\/v2\/pages"}],"about":[{"href":"https:\/\/biblian.is\/videy\/wp-json\/wp\/v2\/types\/page"}],"author":[{"embeddable":true,"href":"https:\/\/biblian.is\/videy\/wp-json\/wp\/v2\/users\/1"}],"replies":[{"embeddable":true,"href":"https:\/\/biblian.is\/videy\/wp-json\/wp\/v2\/comments?post=21379"}],"version-history":[{"count":0,"href":"https:\/\/biblian.is\/videy\/wp-json\/wp\/v2\/pages\/21379\/revisions"}],"wp:attachment":[{"href":"https:\/\/biblian.is\/videy\/wp-json\/wp\/v2\/media?parent=21379"}],"curies":[{"name":"wp","href":"https:\/\/api.w.org\/{rel}","templated":true}]}}