{"id":21378,"date":"2018-01-02T01:01:42","date_gmt":"2018-01-02T01:01:42","guid":{"rendered":"http:\/\/biblian.is\/videy\/salmarnir-51-kafli\/"},"modified":"2018-01-02T01:01:42","modified_gmt":"2018-01-02T01:01:42","slug":"salmarnir-51-kafli","status":"publish","type":"page","link":"https:\/\/biblian.is\/videy\/salmarnir-51-kafli\/","title":{"rendered":"S\u00e1lmarnir 51. kafli"},"content":{"rendered":"<div class=\"fyrirsognVidey\">B\u00e6n um fyrirgefning.<\/div>\n<p><a name=\"1\"><span class=\"versanumer\">1<\/span><\/a>Til hlj\u00f3\u00f0f\u00e6rameistarans. S\u00e1lmur Dav\u00ed\u00f0,<a name=\"2\"><span class=\"versanumer\">2<\/span><\/a>\u00fe\u00e1 Natan sp\u00e1ma\u00f0ur kom til hans, eftir a\u00f0 hann lag\u00f0ist me\u00f0 Bersebu.<a name=\"3\"><span class=\"versanumer\">3<\/span><\/a>Miskunna m\u00e9r, Gu\u00f0! eftir \u00feinni g\u00e6sku, og afm\u00e1 m\u00ednar yfirtro\u00f0slur, eftir \u00feinni miklu miskunnsemi.<a name=\"4\"><span class=\"versanumer\">4<\/span><\/a>\u00devo mig hreinan af minni misgj\u00f6r\u00f0 og hreinsa mig af minni synd.<a name=\"5\"><span class=\"versanumer\">5<\/span><\/a>\u00dev\u00ed eg \u00feekki m\u00edna yfirtro\u00f0slu, og m\u00edn synd er \u00e6t\u00ed\u00f0 frammi fyrir m\u00e9r.<a name=\"6\"><span class=\"versanumer\">6<\/span><\/a>\u00de\u00e9r, j\u00e1, \u00fe\u00e9r einum hefi eg \u00e1 m\u00f3ti broti\u00f0, og a\u00f0hafst \u00fea\u00f0 illa fyrir \u00feinni augs\u00fdn, svo \u00fe\u00fa ert r\u00e9ttv\u00eds \u00feegar \u00fe\u00fa talar, og hreinn \u00feegar \u00fe\u00fa d\u00e6mir.<a name=\"7\"><span class=\"versanumer\">7<\/span><\/a>Sj\u00e1! \u00ed misgj\u00f6r\u00f0 eg em f\u00e6ddur, og m\u00edn m\u00f3\u00f0ir hefir geti\u00f0 mig \u00ed synd.<a name=\"8\"><span class=\"versanumer\">8<\/span><\/a>Sj\u00e1! \u00fe\u00fa hefir vel\u00fe\u00f3knan \u00e1 hjartans hreinskilni, kenn \u00fe\u00fa m\u00e9r v\u00edsd\u00f3minn \u00ed kyrr\u00feey.<a name=\"9\"><span class=\"versanumer\">9<\/span><\/a>\u00devo \u00fe\u00fa mig me\u00f0 \u00eds\u00f3pi af synd, svo eg ver\u00f0i hreinn, \u00fevo \u00fe\u00fa mig, svo eg ver\u00f0i hv\u00edtari en snj\u00f3r!<a name=\"10\"><span class=\"versanumer\">10<\/span><\/a>L\u00e1ttu mig ver\u00f0a varan vi\u00f0 f\u00f6gnu\u00f0 og gle\u00f0i, svo a\u00f0 \u00feau bein hressist vi\u00f0 sem \u00fe\u00fa hefir sundurmari\u00f0.<a name=\"11\"><span class=\"versanumer\">11<\/span><\/a>Byrg \u00feitt auglit fyrir m\u00ednum syndum, og afm\u00e1 allar m\u00ednar misgj\u00f6r\u00f0ir!<a name=\"12\"><span class=\"versanumer\">12<\/span><\/a>Skapa \u00ed m\u00e9r hreint hjarta, \u00f3 Gu\u00f0! og endurn\u00fdja \u00ed m\u00e9r st\u00f6\u00f0ugan anda!<a name=\"13\"><span class=\"versanumer\">13<\/span><\/a>Kasta m\u00e9r ekki burt fr\u00e1 \u00fe\u00ednu augliti, og tak ekki \u00feinn heilaga anda fr\u00e1 m\u00e9r!<a name=\"14\"><span class=\"versanumer\">14<\/span><\/a>gef m\u00e9r aftur f\u00f6gnu\u00f0 \u00fe\u00edns frelsis, \u00fatb\u00fa mig me\u00f0 \u00f6ruggum anda. <br \/><a name=\"15\"><span class=\"versanumer\">15<\/span><\/a>Svo skal eg kenna yfirtro\u00f0slum\u00f6nnunum \u00fe\u00edna vegu, og syndarar munu umvenda s\u00e9r til \u00fe\u00edn.<a name=\"16\"><span class=\"versanumer\">16<\/span><\/a>Frelsa mig fr\u00e1 bl\u00f3\u00f0skuld, Gu\u00f0! minn frelsis Gu\u00f0! svo a\u00f0 m\u00edn tunga fagni yfir \u00feinni g\u00e6sku!<a name=\"17\"><span class=\"versanumer\">17<\/span><\/a>Drottinn! opna \u00fe\u00fa m\u00ednar varir, svo minn munnur kunngj\u00f6ri \u00feitt lof.<a name=\"18\"><span class=\"versanumer\">18<\/span><\/a>\u00dev\u00ed \u00fe\u00fa hefir enga vild \u00e1 offri, annars mundi eg grei\u00f0a \u00fe\u00e9r \u00fea\u00f0, \u00e1 brennif\u00f3rn hefir \u00fe\u00fa ekki vel\u00fe\u00f3knan.<a name=\"19\"><span class=\"versanumer\">19<\/span><\/a>Sundurknosa\u00f0ur andi er Gu\u00f0i \u00fe\u00e6gilegt offur. Harm\u00ferungi\u00f0 og sundurmari\u00f0 hjarta munt \u00fe\u00fa, \u00f3 Gu\u00f0! ekki fyrirl\u00edta.<a name=\"20\"><span class=\"versanumer\">20<\/span><\/a>Gj\u00f6r \u00fe\u00fa vel vi\u00f0 S\u00edon eftir \u00feinni g\u00e6sku. Uppbygg \u00fe\u00fa Jer\u00fasalems m\u00farveggi!<a name=\"21\"><span class=\"versanumer\">21<\/span><\/a>\u00de\u00e1 munt \u00fe\u00fa gle\u00f0jast af gu\u00f0r\u00e6kilegum offrum, brennif\u00f3rnum og a\u00f0alf\u00f3rnum. \u00de\u00e1 munu menn f\u00f3rnf\u00e6ra uxum \u00e1 \u00fe\u00ednu altari.<\/p>\n<div class=\"footnoteVidey\"><\/div>\n","protected":false},"excerpt":{"rendered":"<p>B\u00e6n um fyrirgefning. 1Til hlj\u00f3\u00f0f\u00e6rameistarans. S\u00e1lmur Dav\u00ed\u00f0,2\u00fe\u00e1 Natan sp\u00e1ma\u00f0ur kom til hans, eftir a\u00f0 hann lag\u00f0ist me\u00f0 Bersebu.3Miskunna m\u00e9r, Gu\u00f0! eftir \u00feinni g\u00e6sku, og afm\u00e1 m\u00ednar yfirtro\u00f0slur, eftir \u00feinni miklu miskunnsemi.4\u00devo mig hreinan af minni misgj\u00f6r\u00f0 og hreinsa mig af minni synd.5\u00dev\u00ed eg \u00feekki m\u00edna yfirtro\u00f0slu, og m\u00edn synd er \u00e6t\u00ed\u00f0 frammi fyrir m\u00e9r.6\u00de\u00e9r, j\u00e1, \u00fe\u00e9r einum hefi eg \u00e1 m\u00f3ti broti\u00f0, og a\u00f0hafst \u00fea\u00f0 illa fyrir \u00feinni augs\u00fdn, svo \u00fe\u00fa ert r\u00e9ttv\u00eds \u00feegar \u00fe\u00fa talar, og hreinn \u00feegar \u00fe\u00fa d\u00e6mir.7Sj\u00e1! \u00ed misgj\u00f6r\u00f0 eg em f\u00e6ddur, og m\u00edn m\u00f3\u00f0ir hefir geti\u00f0 mig \u00ed synd.8Sj\u00e1! \u00fe\u00fa hefir vel\u00fe\u00f3knan \u00e1 hjartans hreinskilni, <a href=\"https:\/\/biblian.is\/videy\/salmarnir-51-kafli\/\"> [&#8230;]<\/a><\/p>\n","protected":false},"author":1,"featured_media":0,"parent":0,"menu_order":0,"comment_status":"open","ping_status":"open","template":"bibliukaflar.php","meta":{"footnotes":""},"class_list":["post-21378","page","type-page","status-publish","hentry"],"_links":{"self":[{"href":"https:\/\/biblian.is\/videy\/wp-json\/wp\/v2\/pages\/21378","targetHints":{"allow":["GET"]}}],"collection":[{"href":"https:\/\/biblian.is\/videy\/wp-json\/wp\/v2\/pages"}],"about":[{"href":"https:\/\/biblian.is\/videy\/wp-json\/wp\/v2\/types\/page"}],"author":[{"embeddable":true,"href":"https:\/\/biblian.is\/videy\/wp-json\/wp\/v2\/users\/1"}],"replies":[{"embeddable":true,"href":"https:\/\/biblian.is\/videy\/wp-json\/wp\/v2\/comments?post=21378"}],"version-history":[{"count":0,"href":"https:\/\/biblian.is\/videy\/wp-json\/wp\/v2\/pages\/21378\/revisions"}],"wp:attachment":[{"href":"https:\/\/biblian.is\/videy\/wp-json\/wp\/v2\/media?parent=21378"}],"curies":[{"name":"wp","href":"https:\/\/api.w.org\/{rel}","templated":true}]}}