{"id":21376,"date":"2018-01-02T01:01:42","date_gmt":"2018-01-02T01:01:42","guid":{"rendered":"http:\/\/biblian.is\/videy\/salmarnir-49-kafli\/"},"modified":"2018-01-02T01:01:42","modified_gmt":"2018-01-02T01:01:42","slug":"salmarnir-49-kafli","status":"publish","type":"page","link":"https:\/\/biblian.is\/videy\/salmarnir-49-kafli\/","title":{"rendered":"S\u00e1lmarnir 49. kafli"},"content":{"rendered":"<div class=\"fyrirsognVidey\">Huggun \u00feeirra sem l\u00ed\u00f0a ofs\u00f3kn af \u00feeim voldugu.<\/div>\n<p><a name=\"1\"><span class=\"versanumer\">1<\/span><\/a>Til s\u00f6ngmeistarans, af Koras b\u00f6rnum, lj\u00f3\u00f0.<a name=\"2\"><span class=\"versanumer\">2<\/span><\/a>Heyri\u00f0 \u00feetta allar \u00fej\u00f3\u00f0ir! sn\u00fai\u00f0 hinga\u00f0 y\u00f0ar eyrum allir heimsins innb\u00faar,<a name=\"3\"><span class=\"versanumer\">3<\/span><\/a>b\u00e6\u00f0i h\u00e1ir og l\u00e1gir, r\u00edkir og f\u00e1t\u00e6kir, allir til samans.<a name=\"4\"><span class=\"versanumer\">4<\/span><\/a>Minn munnur talar v\u00edsd\u00f3m, og hugsun m\u00edns hjarta er skynsemd.<a name=\"5\"><span class=\"versanumer\">5<\/span><\/a>Eg vil hneigja mitt eyra til lj\u00f3\u00f0m\u00e6la, og framsetja mitt andr\u00edka tal me\u00f0 h\u00f6rpuhlj\u00f3m.<a name=\"6\"><span class=\"versanumer\">6<\/span><\/a>Hvar fyrir skal eg \u00f3ttast \u00e1 \u00feeim vondu d\u00f6gum, \u00feegar minna f\u00f3ttro\u00f0enda vonska umkringir mig?<a name=\"7\"><span class=\"versanumer\">7<\/span><\/a>\u00feeirra sem rei\u00f0a sig upp \u00e1 sinn au\u00f0 og st\u00e6ra sig af s\u00ednu mikla r\u00edkid\u00e6mi?<a name=\"8\"><span class=\"versanumer\">8<\/span><\/a>Enginn getur frelsa\u00f0 sinn br\u00f3\u00f0ur n\u00e9 vi\u00f0 Gu\u00f0 forl\u00edka\u00f0,<a name=\"9\"><span class=\"versanumer\">9<\/span><\/a>\u00fev\u00ed hans s\u00e1lar <span class='VideyAth'>(l\u00edfs)<\/span> endurlausn kostar of miki\u00f0, <span class='VideyAth'>(og hann hl\u00fdtur a\u00f0 sleppa \u00fev\u00ed a\u00f0 eil\u00edfu)<\/span>,<a name=\"10\"><span class=\"versanumer\">10<\/span><\/a>a\u00f0 hann lifi a\u00f0 eil\u00edfu og sj\u00e1i ekki gr\u00f6fina.<a name=\"11\"><span class=\"versanumer\">11<\/span><\/a>\u00dev\u00ed menn sj\u00e1 a\u00f0 \u00feeir vitru deyja, a\u00f0 hinn f\u00e1v\u00edsi og heimski deyja l\u00edka, og yfirl\u00e1ta au\u00f0 sinn til annarra.<a name=\"12\"><span class=\"versanumer\">12<\/span><\/a>\u00deeir hugsa a\u00f0 h\u00fas sitt standi eil\u00edflega, og sinn b\u00fasta\u00f0ur fr\u00e1 kyni til kyns, a\u00f0 \u00feeirra nafn muni ver\u00f0a v\u00ed\u00f0fr\u00e6gt \u00e1 j\u00f6r\u00f0inni.<a name=\"13\"><span class=\"versanumer\">13<\/span><\/a>En jafnvel s\u00e1 ma\u00f0ur sem er \u00ed vir\u00f0ingu, ver\u00f0ur ei varanlegur, hann l\u00edkist d\u00fdrunum sem menn sl\u00e1tra.<a name=\"14\"><span class=\"versanumer\">14<\/span><\/a>\u00deessi \u00feeirra breytni er heimska, \u00fe\u00f3 taki undir \u00feeirra tal sem \u00feeir sem \u00feeim fylgja, <span class='VideyAth'>(m\u00e1lhv\u00edld)<\/span>.<a name=\"15\"><span class=\"versanumer\">15<\/span><\/a>Eins og f\u00e9 eru \u00feeir reknir til helju, dau\u00f0inn ey\u00f0ir \u00feeim, snart munu \u00feeir hreinskilnu ofan \u00e1 \u00fe\u00e1 ganga og gr\u00f6fin mun afm\u00e1 \u00feeirra mynd, svo a\u00f0 \u00feeir engan b\u00fasta\u00f0 skulu framar hafa.<a name=\"16\"><span class=\"versanumer\">16<\/span><\/a>En Gu\u00f0 mun frelsa m\u00edna s\u00e1lu af dau\u00f0ans valdi, \u00fev\u00ed hann hefir teki\u00f0 mig a\u00f0 s\u00e9r. <span class='VideyAth'>(M\u00e1lhv\u00edld)<\/span>.<a name=\"17\"><span class=\"versanumer\">17<\/span><\/a>\u00d3ttastu ekki \u00fe\u00f3 einhv\u00f6r gj\u00f6rist r\u00edkur, \u00fe\u00f3 d\u00fdr\u00f0 hans h\u00fass ver\u00f0i mikil.<a name=\"18\"><span class=\"versanumer\">18<\/span><\/a>\u00dev\u00ed hann mun ekkert me\u00f0 s\u00e9r taka \u00feegar hann deyr, hans d\u00fdr\u00f0 fylgir honum ekki,<a name=\"19\"><span class=\"versanumer\">19<\/span><\/a>\u00fe\u00f3 a\u00f0 hann pr\u00edsi sig s\u00e6lan me\u00f0an hann lifir, og \u00fe\u00f3 \u00feeir hr\u00f3si \u00fe\u00e9r fyrir \u00fea\u00f0 a\u00f0 \u00fe\u00fa heldur \u00feig vel,<a name=\"20\"><span class=\"versanumer\">20<\/span><\/a>\u00fe\u00fa skalt \u00fe\u00f3 koma til kynsl\u00f3\u00f0ar \u00feinna fe\u00f0ra, sem a\u00f0 eil\u00edfu ekki sj\u00e1 lj\u00f3si\u00f0.<a name=\"21\"><span class=\"versanumer\">21<\/span><\/a>S\u00e1 ma\u00f0ur sem er \u00ed d\u00fdr\u00f0, hafi hann ekki viti\u00f0, \u00fe\u00e1 er hann l\u00edkur f\u00e9na\u00f0inum sem er fanga\u00f0ur.<\/p>\n<div class=\"footnoteVidey\"><\/div>\n","protected":false},"excerpt":{"rendered":"<p>Huggun \u00feeirra sem l\u00ed\u00f0a ofs\u00f3kn af \u00feeim voldugu. 1Til s\u00f6ngmeistarans, af Koras b\u00f6rnum, lj\u00f3\u00f0.2Heyri\u00f0 \u00feetta allar \u00fej\u00f3\u00f0ir! sn\u00fai\u00f0 hinga\u00f0 y\u00f0ar eyrum allir heimsins innb\u00faar,3b\u00e6\u00f0i h\u00e1ir og l\u00e1gir, r\u00edkir og f\u00e1t\u00e6kir, allir til samans.4Minn munnur talar v\u00edsd\u00f3m, og hugsun m\u00edns hjarta er skynsemd.5Eg vil hneigja mitt eyra til lj\u00f3\u00f0m\u00e6la, og framsetja mitt andr\u00edka tal me\u00f0 h\u00f6rpuhlj\u00f3m.6Hvar fyrir skal eg \u00f3ttast \u00e1 \u00feeim vondu d\u00f6gum, \u00feegar minna f\u00f3ttro\u00f0enda vonska umkringir mig?7\u00feeirra sem rei\u00f0a sig upp \u00e1 sinn au\u00f0 og st\u00e6ra sig af s\u00ednu mikla r\u00edkid\u00e6mi?8Enginn getur frelsa\u00f0 sinn br\u00f3\u00f0ur n\u00e9 vi\u00f0 Gu\u00f0 forl\u00edka\u00f0,9\u00fev\u00ed hans s\u00e1lar (l\u00edfs) endurlausn kostar of miki\u00f0, (og hann <a href=\"https:\/\/biblian.is\/videy\/salmarnir-49-kafli\/\"> [&#8230;]<\/a><\/p>\n","protected":false},"author":1,"featured_media":0,"parent":0,"menu_order":0,"comment_status":"open","ping_status":"open","template":"bibliukaflar.php","meta":{"footnotes":""},"class_list":["post-21376","page","type-page","status-publish","hentry"],"_links":{"self":[{"href":"https:\/\/biblian.is\/videy\/wp-json\/wp\/v2\/pages\/21376","targetHints":{"allow":["GET"]}}],"collection":[{"href":"https:\/\/biblian.is\/videy\/wp-json\/wp\/v2\/pages"}],"about":[{"href":"https:\/\/biblian.is\/videy\/wp-json\/wp\/v2\/types\/page"}],"author":[{"embeddable":true,"href":"https:\/\/biblian.is\/videy\/wp-json\/wp\/v2\/users\/1"}],"replies":[{"embeddable":true,"href":"https:\/\/biblian.is\/videy\/wp-json\/wp\/v2\/comments?post=21376"}],"version-history":[{"count":0,"href":"https:\/\/biblian.is\/videy\/wp-json\/wp\/v2\/pages\/21376\/revisions"}],"wp:attachment":[{"href":"https:\/\/biblian.is\/videy\/wp-json\/wp\/v2\/media?parent=21376"}],"curies":[{"name":"wp","href":"https:\/\/api.w.org\/{rel}","templated":true}]}}