{"id":21375,"date":"2018-01-02T01:01:42","date_gmt":"2018-01-02T01:01:42","guid":{"rendered":"http:\/\/biblian.is\/videy\/salmarnir-48-kafli\/"},"modified":"2018-01-02T01:01:42","modified_gmt":"2018-01-02T01:01:42","slug":"salmarnir-48-kafli","status":"publish","type":"page","link":"https:\/\/biblian.is\/videy\/salmarnir-48-kafli\/","title":{"rendered":"S\u00e1lmarnir 48. kafli"},"content":{"rendered":"<div class=\"fyrirsognVidey\">\u00deakkl\u00e6ti fyrir Jer\u00fasalems frelsun.<\/div>\n<p><a name=\"1\"><span class=\"versanumer\">1<\/span><\/a>Lj\u00f3\u00f0 af Koras b\u00f6rnum.<a name=\"2\"><span class=\"versanumer\">2<\/span><\/a>Mikill er Drottinn, og h\u00e1loflegur \u00ed borg vors Gu\u00f0s \u00e1 s\u00ednu heilaga fjalli!<a name=\"3\"><span class=\"versanumer\">3<\/span><\/a>Yndislega r\u00eds S\u00edonsfjall, gj\u00f6rvalls landsins gle\u00f0i, nor\u00f0an til vi\u00f0 borg \u00feess mikla konungs.<a name=\"4\"><span class=\"versanumer\">4<\/span><\/a>Gu\u00f0 er al\u00feekkt h\u00e6li hennar h\u00f6llum.<a name=\"5\"><span class=\"versanumer\">5<\/span><\/a>\u00dev\u00ed sj\u00e1! k\u00f3ngarnir komu saman, en \u00feeir f\u00f3ru allir framhj\u00e1.<a name=\"6\"><span class=\"versanumer\">6<\/span><\/a>\u00deegar \u00feeir litu \u00feanga\u00f0, hnykkti \u00feeim vi\u00f0. \u00deeir skelku\u00f0ust og fl\u00fdttu s\u00e9r burt.<a name=\"7\"><span class=\"versanumer\">7<\/span><\/a>Skj\u00e1lfti kom yfir \u00fe\u00e1, angist, sem konunnar, er tekur j\u00f3\u00f0s\u00f3tt;<a name=\"8\"><span class=\"versanumer\">8<\/span><\/a>sem austanvindur er br\u00fdtur Tarsusskipin.<a name=\"9\"><span class=\"versanumer\">9<\/span><\/a>Eins og v\u00e9r h\u00f6fum heyrt, svo s\u00e1um v\u00e9r \u00fea\u00f0 \u00ed borg allsherjar Drottins, \u00ed borginni vors Gu\u00f0s. Gu\u00f0 var\u00f0veitir hana eil\u00edflega, <span class='VideyAth'>(m\u00e1lhv\u00edld)<\/span>.<a name=\"10\"><span class=\"versanumer\">10<\/span><\/a>V\u00e9r hugsum, \u00f3 Gu\u00f0! til \u00feinnar miskunnar h\u00e9r \u00ed \u00fe\u00ednu musteri.<a name=\"11\"><span class=\"versanumer\">11<\/span><\/a>Eins og \u00feitt nafn, \u00f3 Gu\u00f0! svo n\u00e6r \u00fe\u00edn lofgj\u00f6r\u00f0 til jar\u00f0arinnar enda, af r\u00e9ttl\u00e6ti er \u00fe\u00edn h\u00e6gri h\u00f6nd full.<a name=\"12\"><span class=\"versanumer\">12<\/span><\/a>S\u00edonsfjall gle\u00f0ur sig, J\u00fadalandsd\u00e6tur fagna yfir \u00fe\u00ednum d\u00f3mum.<a name=\"13\"><span class=\"versanumer\">13<\/span><\/a>Gangi\u00f0 umkring S\u00edon \u00e1 alla vegu, og telji\u00f0 hennar turna,<a name=\"14\"><span class=\"versanumer\">14<\/span><\/a>taki\u00f0 eftir hennar m\u00farveggjum, gangi\u00f0 um hennar hallir, a\u00f0 \u00fe\u00e9r geti\u00f0 sagt fr\u00e1 \u00fev\u00ed \u00feeim komandi kynsl\u00f3\u00f0um.<a name=\"15\"><span class=\"versanumer\">15<\/span><\/a>\u00dev\u00ed \u00feessi Gu\u00f0 er vor Gu\u00f0 \u00e6 og eil\u00edflega, hann fylgir oss til \u00e6viloka.<\/p>\n<div class=\"footnoteVidey\"><\/div>\n","protected":false},"excerpt":{"rendered":"<p>\u00deakkl\u00e6ti fyrir Jer\u00fasalems frelsun. 1Lj\u00f3\u00f0 af Koras b\u00f6rnum.2Mikill er Drottinn, og h\u00e1loflegur \u00ed borg vors Gu\u00f0s \u00e1 s\u00ednu heilaga fjalli!3Yndislega r\u00eds S\u00edonsfjall, gj\u00f6rvalls landsins gle\u00f0i, nor\u00f0an til vi\u00f0 borg \u00feess mikla konungs.4Gu\u00f0 er al\u00feekkt h\u00e6li hennar h\u00f6llum.5\u00dev\u00ed sj\u00e1! k\u00f3ngarnir komu saman, en \u00feeir f\u00f3ru allir framhj\u00e1.6\u00deegar \u00feeir litu \u00feanga\u00f0, hnykkti \u00feeim vi\u00f0. \u00deeir skelku\u00f0ust og fl\u00fdttu s\u00e9r burt.7Skj\u00e1lfti kom yfir \u00fe\u00e1, angist, sem konunnar, er tekur j\u00f3\u00f0s\u00f3tt;8sem austanvindur er br\u00fdtur Tarsusskipin.9Eins og v\u00e9r h\u00f6fum heyrt, svo s\u00e1um v\u00e9r \u00fea\u00f0 \u00ed borg allsherjar Drottins, \u00ed borginni vors Gu\u00f0s. Gu\u00f0 var\u00f0veitir hana eil\u00edflega, (m\u00e1lhv\u00edld).10V\u00e9r hugsum, \u00f3 Gu\u00f0! til \u00feinnar miskunnar h\u00e9r \u00ed <a href=\"https:\/\/biblian.is\/videy\/salmarnir-48-kafli\/\"> [&#8230;]<\/a><\/p>\n","protected":false},"author":1,"featured_media":0,"parent":0,"menu_order":0,"comment_status":"open","ping_status":"open","template":"bibliukaflar.php","meta":{"footnotes":""},"class_list":["post-21375","page","type-page","status-publish","hentry"],"_links":{"self":[{"href":"https:\/\/biblian.is\/videy\/wp-json\/wp\/v2\/pages\/21375","targetHints":{"allow":["GET"]}}],"collection":[{"href":"https:\/\/biblian.is\/videy\/wp-json\/wp\/v2\/pages"}],"about":[{"href":"https:\/\/biblian.is\/videy\/wp-json\/wp\/v2\/types\/page"}],"author":[{"embeddable":true,"href":"https:\/\/biblian.is\/videy\/wp-json\/wp\/v2\/users\/1"}],"replies":[{"embeddable":true,"href":"https:\/\/biblian.is\/videy\/wp-json\/wp\/v2\/comments?post=21375"}],"version-history":[{"count":0,"href":"https:\/\/biblian.is\/videy\/wp-json\/wp\/v2\/pages\/21375\/revisions"}],"wp:attachment":[{"href":"https:\/\/biblian.is\/videy\/wp-json\/wp\/v2\/media?parent=21375"}],"curies":[{"name":"wp","href":"https:\/\/api.w.org\/{rel}","templated":true}]}}