{"id":21372,"date":"2018-01-02T01:01:42","date_gmt":"2018-01-02T01:01:42","guid":{"rendered":"http:\/\/biblian.is\/videy\/salmarnir-45-kafli\/"},"modified":"2018-01-02T01:01:42","modified_gmt":"2018-01-02T01:01:42","slug":"salmarnir-45-kafli","status":"publish","type":"page","link":"https:\/\/biblian.is\/videy\/salmarnir-45-kafli\/","title":{"rendered":"S\u00e1lmarnir 45. kafli"},"content":{"rendered":"<div class=\"fyrirsognVidey\">K\u00f3ngslofgj\u00f6r\u00f0.<\/div>\n<p><a name=\"1\"><span class=\"versanumer\">1<\/span><\/a>Til hlj\u00f3\u00f0f\u00e6rameistarans. Kennslulj\u00f3\u00f0 af Koras b\u00f6rnum, elskusamlegt kv\u00e6\u00f0i.<a name=\"2\"><span class=\"versanumer\">2<\/span><\/a>Mitt hjarta \u00fateys s\u00e9r \u00ed yndislegu kv\u00e6\u00f0i. Eg vil flytja lj\u00f3\u00f0 konunginum, m\u00edn tunga s\u00e9 sem penni ens li\u00f0uga skrifara.<a name=\"3\"><span class=\"versanumer\">3<\/span><\/a>Fr\u00ed\u00f0ari ertu heldur en mannanna b\u00f6rn, yndi streymir fr\u00e1 \u00fe\u00ednum v\u00f6rum, \u00fev\u00ed hefir Gu\u00f0 blessa\u00f0 \u00feig eil\u00edflega.<a name=\"4\"><span class=\"versanumer\">4<\/span><\/a>Girtu \u00feig sver\u00f0i vi\u00f0 \u00fe\u00edna hli\u00f0, \u00fe\u00fa hetja! \u00feinni pr\u00fd\u00f0i og d\u00fdr\u00f0!<a name=\"5\"><span class=\"versanumer\">5<\/span><\/a>Og far \u00fe\u00fa heppilega fram \u00ed \u00feinni d\u00fdr\u00f0, sakir \u00fe\u00edns sannleika, h\u00f3gv\u00e6r\u00f0ar og r\u00e9ttv\u00edsi. D\u00e1samleg verk skal \u00fe\u00edn h\u00e6gri h\u00f6nd kenna \u00fe\u00e9r!<a name=\"6\"><span class=\"versanumer\">6<\/span><\/a>\u00de\u00ednar \u00f6rvar eru hvesstar\u2014\u00fej\u00f3\u00f0ir skulu falla fyrir \u00fe\u00e9r\u2014\u00fe\u00e6r <span class='VideyAth'>(\u00f6rvarnar)<\/span> skulu fara \u00ed hjarta k\u00f3ngsins \u00f3vina.<a name=\"7\"><span class=\"versanumer\">7<\/span><\/a>\u00deitt h\u00e1s\u00e6ti, \u00f3 Gu\u00f0! stendur \u00e6 og \u00e6t\u00ed\u00f0 varandi. \u00de\u00edns r\u00edkis sproti er r\u00e9ttl\u00e6tisins sproti.<a name=\"8\"><span class=\"versanumer\">8<\/span><\/a>\u00de\u00fa elskar r\u00e9ttv\u00edsi, og hatar \u00f3gu\u00f0legleika, \u00fear fyrir hefir Gu\u00f0, \u00feinn Gu\u00f0 smurt \u00feig me\u00f0 fagna\u00f0arins vi\u00f0smj\u00f6ri framar en \u00fe\u00edna me\u00f0br\u00e6\u00f0ur.<a name=\"9\"><span class=\"versanumer\">9<\/span><\/a>Myrra, al\u00f3e og kasia eru \u00f6ll \u00fe\u00edn kl\u00e6\u00f0i; fr\u00e1 f\u00edlabeinsh\u00f6llinni gle\u00f0ja \u00feeir \u00feig.<a name=\"10\"><span class=\"versanumer\">10<\/span><\/a>K\u00f3ngad\u00e6tur eru me\u00f0al \u00feinna \u00fatv\u00f6ldu; drottningin stendur vi\u00f0 \u00fe\u00edna h\u00e6gri h\u00f6nd \u00ed gulli fr\u00e1 Of\u00edr.<a name=\"11\"><span class=\"versanumer\">11<\/span><\/a>Heyr \u00fe\u00fa d\u00f3ttir, og l\u00edttu til, og beyg \u00feitt eyra, og gleym \u00fe\u00ednu f\u00f3lki og \u00fe\u00ednu f\u00f6\u00f0urs h\u00fasi.<a name=\"12\"><span class=\"versanumer\">12<\/span><\/a>K\u00f3ngurinn hafi ge\u00f0\u00feekkni \u00e1 \u00feinni fegur\u00f0; hann er \u00feinn herra, og \u00fe\u00fa skalt tj\u00e1 honum hollustu.<a name=\"13\"><span class=\"versanumer\">13<\/span><\/a>T\u00fdrusd\u00e6tur me\u00f0 gj\u00f6fum ni\u00f0urbeygja sig fyrir \u00fe\u00ednu augliti, \u00feeir r\u00edku me\u00f0al f\u00f3lksins.<a name=\"14\"><span class=\"versanumer\">14<\/span><\/a>Miki\u00f0 vegsamlega er k\u00f3ngsd\u00f3ttirin inni, <span class='VideyAth'>(\u00ed s\u00ednu herbergi)<\/span> hennar kl\u00e6\u00f0na\u00f0ur er gulli lag\u00f0ur.<a name=\"15\"><span class=\"versanumer\">15<\/span><\/a>\u00cd \u00fatsaumu\u00f0um kl\u00e6\u00f0um er h\u00fan til k\u00f3ngsins leidd. Meyjarnar sem fylgja henni, skuli til \u00fe\u00edn lei\u00f0ast.<a name=\"16\"><span class=\"versanumer\">16<\/span><\/a>\u00de\u00e6r skulu framlei\u00f0ast me\u00f0 f\u00f6gnu\u00f0i og gle\u00f0i, og koma \u00ed k\u00f3ngsins h\u00f6ll.<a name=\"17\"><span class=\"versanumer\">17<\/span><\/a>Synir skulu vera \u00fe\u00e9r \u00ed foreldra sta\u00f0; \u00fe\u00fa munt gj\u00f6ra \u00fe\u00e1 a\u00f0 h\u00f6f\u00f0ingjum \u00ed \u00f6llu landinu.<a name=\"18\"><span class=\"versanumer\">18<\/span><\/a>Eg vil vegsama \u00feitt nafn me\u00f0al allra kynkv\u00edsla, \u00fev\u00ed skulu \u00fej\u00f3\u00f0irnar \u00feig hei\u00f0ra \u00e6t\u00ed\u00f0 og eil\u00edflega.<\/p>\n<div class=\"footnoteVidey\"><\/div>\n","protected":false},"excerpt":{"rendered":"<p>K\u00f3ngslofgj\u00f6r\u00f0. 1Til hlj\u00f3\u00f0f\u00e6rameistarans. Kennslulj\u00f3\u00f0 af Koras b\u00f6rnum, elskusamlegt kv\u00e6\u00f0i.2Mitt hjarta \u00fateys s\u00e9r \u00ed yndislegu kv\u00e6\u00f0i. Eg vil flytja lj\u00f3\u00f0 konunginum, m\u00edn tunga s\u00e9 sem penni ens li\u00f0uga skrifara.3Fr\u00ed\u00f0ari ertu heldur en mannanna b\u00f6rn, yndi streymir fr\u00e1 \u00fe\u00ednum v\u00f6rum, \u00fev\u00ed hefir Gu\u00f0 blessa\u00f0 \u00feig eil\u00edflega.4Girtu \u00feig sver\u00f0i vi\u00f0 \u00fe\u00edna hli\u00f0, \u00fe\u00fa hetja! \u00feinni pr\u00fd\u00f0i og d\u00fdr\u00f0!5Og far \u00fe\u00fa heppilega fram \u00ed \u00feinni d\u00fdr\u00f0, sakir \u00fe\u00edns sannleika, h\u00f3gv\u00e6r\u00f0ar og r\u00e9ttv\u00edsi. D\u00e1samleg verk skal \u00fe\u00edn h\u00e6gri h\u00f6nd kenna \u00fe\u00e9r!6\u00de\u00ednar \u00f6rvar eru hvesstar\u2014\u00fej\u00f3\u00f0ir skulu falla fyrir \u00fe\u00e9r\u2014\u00fe\u00e6r (\u00f6rvarnar) skulu fara \u00ed hjarta k\u00f3ngsins \u00f3vina.7\u00deitt h\u00e1s\u00e6ti, \u00f3 Gu\u00f0! stendur \u00e6 og \u00e6t\u00ed\u00f0 varandi. \u00de\u00edns r\u00edkis <a href=\"https:\/\/biblian.is\/videy\/salmarnir-45-kafli\/\"> [&#8230;]<\/a><\/p>\n","protected":false},"author":1,"featured_media":0,"parent":0,"menu_order":0,"comment_status":"open","ping_status":"open","template":"bibliukaflar.php","meta":{"footnotes":""},"class_list":["post-21372","page","type-page","status-publish","hentry"],"_links":{"self":[{"href":"https:\/\/biblian.is\/videy\/wp-json\/wp\/v2\/pages\/21372","targetHints":{"allow":["GET"]}}],"collection":[{"href":"https:\/\/biblian.is\/videy\/wp-json\/wp\/v2\/pages"}],"about":[{"href":"https:\/\/biblian.is\/videy\/wp-json\/wp\/v2\/types\/page"}],"author":[{"embeddable":true,"href":"https:\/\/biblian.is\/videy\/wp-json\/wp\/v2\/users\/1"}],"replies":[{"embeddable":true,"href":"https:\/\/biblian.is\/videy\/wp-json\/wp\/v2\/comments?post=21372"}],"version-history":[{"count":0,"href":"https:\/\/biblian.is\/videy\/wp-json\/wp\/v2\/pages\/21372\/revisions"}],"wp:attachment":[{"href":"https:\/\/biblian.is\/videy\/wp-json\/wp\/v2\/media?parent=21372"}],"curies":[{"name":"wp","href":"https:\/\/api.w.org\/{rel}","templated":true}]}}