{"id":21371,"date":"2018-01-02T01:01:42","date_gmt":"2018-01-02T01:01:42","guid":{"rendered":"http:\/\/biblian.is\/videy\/salmarnir-44-kafli\/"},"modified":"2018-01-02T01:01:42","modified_gmt":"2018-01-02T01:01:42","slug":"salmarnir-44-kafli","status":"publish","type":"page","link":"https:\/\/biblian.is\/videy\/salmarnir-44-kafli\/","title":{"rendered":"S\u00e1lmarnir 44. kafli"},"content":{"rendered":"<div class=\"fyrirsognVidey\">B\u00e6n \u00ed tr\u00faarbrag\u00f0aofs\u00f3kn.<\/div>\n<p><a name=\"1\"><span class=\"versanumer\">1<\/span><\/a>Til hlj\u00f3\u00f0f\u00e6rameistarans. Kennslulj\u00f3\u00f0 af Koras b\u00f6rnum.<a name=\"2\"><span class=\"versanumer\">2<\/span><\/a>Gu\u00f0! v\u00e9r h\u00f6fum heyrt \u00fea\u00f0 me\u00f0 vorum eyrum, vorir forfe\u00f0ur s\u00f6g\u00f0u oss fr\u00e1 \u00fev\u00ed st\u00f3rvirki, sem \u00fe\u00fa gj\u00f6r\u00f0ir \u00e1 \u00feeirra d\u00f6gum \u00ed forn\u00f6ld.<a name=\"3\"><span class=\"versanumer\">3<\/span><\/a>\u00de\u00fa burtrakst \u00fej\u00f3\u00f0irnar og gr\u00f3\u00f0ursettir \u00fe\u00e1 <span class='VideyAth'>(forfe\u00f0urna)<\/span>; \u00fe\u00fa beittir h\u00f6rku vi\u00f0 \u00fej\u00f3\u00f0irnar, en \u00fatbreiddir \u00fe\u00e1,<a name=\"4\"><span class=\"versanumer\">4<\/span><\/a>\u00fev\u00ed \u00feeir innt\u00f3ku ekki landi\u00f0 me\u00f0 s\u00ednum sver\u00f0um, og \u00feeirra armur gaf \u00feeim ekki sigur, heldur \u00fe\u00edn h\u00e6gri h\u00f6nd og \u00feinn armur, og \u00fe\u00edns andlitis lj\u00f3s, af \u00fev\u00ed \u00fe\u00fa haf\u00f0ir vel\u00fe\u00f3knan \u00e1 \u00feeim.<a name=\"5\"><span class=\"versanumer\">5<\/span><\/a>\u00de\u00fa hinn sami, \u00f3 Gu\u00f0! ert minn konungur, send \u00fe\u00fa Jakob frelsi!<a name=\"6\"><span class=\"versanumer\">6<\/span><\/a>Fyrir \u00fe\u00edna a\u00f0sto\u00f0 leggjum v\u00e9r a\u00f0 velli vora \u00f3vini, \u00ed \u00fe\u00ednu nafni tro\u00f0um v\u00e9r undir f\u00f3tum \u00fe\u00e1, sem r\u00edsa oss \u00e1 m\u00f3ti.<a name=\"7\"><span class=\"versanumer\">7<\/span><\/a>\u00dev\u00ed eg rei\u00f0i mig ekki upp \u00e1 minn boga, og mitt sver\u00f0 getur ekki frelsa\u00f0 mig.<a name=\"8\"><span class=\"versanumer\">8<\/span><\/a>En \u00fe\u00fa frelsar oss fr\u00e1 vorum \u00f3vinum og sneypir \u00fe\u00e1 sem oss hata.<a name=\"9\"><span class=\"versanumer\">9<\/span><\/a>Af Gu\u00f0i viljum v\u00e9r hr\u00f3sa oss daglega og vegsama \u00feitt nafn eil\u00edflega. <span class='VideyAth'>(M\u00e1lhv\u00edld)<\/span>.<a name=\"10\"><span class=\"versanumer\">10<\/span><\/a>En n\u00fa \u00fatsk\u00fafa\u00f0ir \u00fe\u00fa oss og l\u00e9st oss ver\u00f0a til skammar; \u00fe\u00fa vildir ei fara \u00fat me\u00f0 vorum her.<a name=\"11\"><span class=\"versanumer\">11<\/span><\/a>\u00de\u00fa l\u00e9st oss hopa fyrir vorum m\u00f3tst\u00f6\u00f0um\u00f6nnum, og \u00feeir sem oss hata, fengu herfang.<a name=\"12\"><span class=\"versanumer\">12<\/span><\/a>\u00de\u00fa gj\u00f6r\u00f0ir oss a\u00f0 sl\u00e1trunarhj\u00f6r\u00f0, og tv\u00edstra\u00f0ir oss me\u00f0al \u00fej\u00f3\u00f0anna.<a name=\"13\"><span class=\"versanumer\">13<\/span><\/a>\u00de\u00fa felldir \u00feitt f\u00f3lk fyrir ekkert, \u00fe\u00fa l\u00e9st ekki ver\u00f0 \u00e1 \u00fev\u00ed vaxa.<a name=\"14\"><span class=\"versanumer\">14<\/span><\/a>\u00de\u00fa gj\u00f6r\u00f0ir oss a\u00f0 forsm\u00e1n hj\u00e1 vorum n\u00e1b\u00faum, a\u00f0 spotti og h\u00e1\u00f0i \u00feeim sem b\u00faa \u00ed kringum oss.<a name=\"15\"><span class=\"versanumer\">15<\/span><\/a>\u00de\u00fa gj\u00f6r\u00f0ir oss a\u00f0 or\u00f0sh\u00e6tti me\u00f0al \u00fej\u00f3\u00f0anna, svo a\u00f0 menn skaka a\u00f0 oss h\u00f6fu\u00f0in me\u00f0al \u00fej\u00f3\u00f0anna.<a name=\"16\"><span class=\"versanumer\">16<\/span><\/a>Hv\u00f6rn dag stendur m\u00edn sm\u00e1n fyrir m\u00e9r, og m\u00edns andlitis sneypa \u00feekur mig,<a name=\"17\"><span class=\"versanumer\">17<\/span><\/a>vegna spottarans or\u00f0a og hins lastm\u00e1luga; vegna \u00f3vinarins og hins hefndarg\u00edruga.<a name=\"18\"><span class=\"versanumer\">18<\/span><\/a>Allt \u00feetta er yfir oss komi\u00f0, \u00fe\u00f3 h\u00f6fum v\u00e9r ekki gleymt \u00fe\u00e9r og ekki rofi\u00f0 \u00feinn s\u00e1ttm\u00e1la.<a name=\"19\"><span class=\"versanumer\">19<\/span><\/a>Vort hjarta sneri s\u00e9r ekki fr\u00e1 \u00fe\u00e9r, og vor gangur beyg\u00f0ist ekki fr\u00e1 \u00fe\u00ednum vegi,<a name=\"20\"><span class=\"versanumer\">20<\/span><\/a>en \u00fe\u00f3tt \u00fe\u00fa hrintir oss ni\u00f0ur til drekanna b\u00fasta\u00f0ar, og hyldir oss me\u00f0 dau\u00f0ans skugga.<a name=\"21\"><span class=\"versanumer\">21<\/span><\/a>Ef a\u00f0 v\u00e9r hef\u00f0um gleymt nafni vors Gu\u00f0s, og uppr\u00e9tt vorar hendur til annarlegs Gu\u00f0s,<a name=\"22\"><span class=\"versanumer\">22<\/span><\/a>mundi Gu\u00f0 \u00fe\u00e1 ekki rannsaka \u00fea\u00f0? \u00fev\u00ed hann \u00feekkir hjartans leyndard\u00f3ma.<a name=\"23\"><span class=\"versanumer\">23<\/span><\/a>En fyrir \u00fe\u00edna skuld erum v\u00e9r daglega \u00ed hel slegnir, v\u00e9r erum \u00e1litnir sem sl\u00e1trunar sau\u00f0ir.<a name=\"24\"><span class=\"versanumer\">24<\/span><\/a>Vakna \u00fe\u00fa, Drottinn! \u00fev\u00ed sefur \u00fe\u00fa? stattu upp! \u00fatsk\u00fafa oss ekki eil\u00edflega.<a name=\"25\"><span class=\"versanumer\">25<\/span><\/a>Hvarfyrir byrgir \u00fe\u00fa \u00feitt auglit, og gleymir vorri eymd, og \u00ferengingu?<a name=\"26\"><span class=\"versanumer\">26<\/span><\/a>\u00dev\u00ed ni\u00f0urbeyg\u00f0 \u00ed dufti\u00f0 er vor s\u00e1l; ni\u00f0ur\u00ferykktur til jar\u00f0ar er vor l\u00edkami.<a name=\"27\"><span class=\"versanumer\">27<\/span><\/a>B\u00fa \u00feig \u00fat, vor hj\u00e1lpari! og frelsa oss sakir \u00feinnar miskunnar.<\/p>\n<div class=\"footnoteVidey\">V. 3. Gr\u00f3\u00f0ursettir \u00fe\u00e1: nl. l\u00e9st forfe\u00f0ur vora f\u00e1 land a\u00f0 b\u00faa \u00ed.  \u00datbreiddir \u00fe\u00e1: l\u00e9st kyn \u00feeirra fj\u00f6lga.<\/div>\n","protected":false},"excerpt":{"rendered":"<p>B\u00e6n \u00ed tr\u00faarbrag\u00f0aofs\u00f3kn. 1Til hlj\u00f3\u00f0f\u00e6rameistarans. Kennslulj\u00f3\u00f0 af Koras b\u00f6rnum.2Gu\u00f0! v\u00e9r h\u00f6fum heyrt \u00fea\u00f0 me\u00f0 vorum eyrum, vorir forfe\u00f0ur s\u00f6g\u00f0u oss fr\u00e1 \u00fev\u00ed st\u00f3rvirki, sem \u00fe\u00fa gj\u00f6r\u00f0ir \u00e1 \u00feeirra d\u00f6gum \u00ed forn\u00f6ld.3\u00de\u00fa burtrakst \u00fej\u00f3\u00f0irnar og gr\u00f3\u00f0ursettir \u00fe\u00e1 (forfe\u00f0urna); \u00fe\u00fa beittir h\u00f6rku vi\u00f0 \u00fej\u00f3\u00f0irnar, en \u00fatbreiddir \u00fe\u00e1,4\u00fev\u00ed \u00feeir innt\u00f3ku ekki landi\u00f0 me\u00f0 s\u00ednum sver\u00f0um, og \u00feeirra armur gaf \u00feeim ekki sigur, heldur \u00fe\u00edn h\u00e6gri h\u00f6nd og \u00feinn armur, og \u00fe\u00edns andlitis lj\u00f3s, af \u00fev\u00ed \u00fe\u00fa haf\u00f0ir vel\u00fe\u00f3knan \u00e1 \u00feeim.5\u00de\u00fa hinn sami, \u00f3 Gu\u00f0! ert minn konungur, send \u00fe\u00fa Jakob frelsi!6Fyrir \u00fe\u00edna a\u00f0sto\u00f0 leggjum v\u00e9r a\u00f0 velli vora \u00f3vini, \u00ed \u00fe\u00ednu nafni tro\u00f0um <a href=\"https:\/\/biblian.is\/videy\/salmarnir-44-kafli\/\"> [&#8230;]<\/a><\/p>\n","protected":false},"author":1,"featured_media":0,"parent":0,"menu_order":0,"comment_status":"open","ping_status":"open","template":"bibliukaflar.php","meta":{"footnotes":""},"class_list":["post-21371","page","type-page","status-publish","hentry"],"_links":{"self":[{"href":"https:\/\/biblian.is\/videy\/wp-json\/wp\/v2\/pages\/21371","targetHints":{"allow":["GET"]}}],"collection":[{"href":"https:\/\/biblian.is\/videy\/wp-json\/wp\/v2\/pages"}],"about":[{"href":"https:\/\/biblian.is\/videy\/wp-json\/wp\/v2\/types\/page"}],"author":[{"embeddable":true,"href":"https:\/\/biblian.is\/videy\/wp-json\/wp\/v2\/users\/1"}],"replies":[{"embeddable":true,"href":"https:\/\/biblian.is\/videy\/wp-json\/wp\/v2\/comments?post=21371"}],"version-history":[{"count":0,"href":"https:\/\/biblian.is\/videy\/wp-json\/wp\/v2\/pages\/21371\/revisions"}],"wp:attachment":[{"href":"https:\/\/biblian.is\/videy\/wp-json\/wp\/v2\/media?parent=21371"}],"curies":[{"name":"wp","href":"https:\/\/api.w.org\/{rel}","templated":true}]}}