{"id":21370,"date":"2018-01-02T01:01:42","date_gmt":"2018-01-02T01:01:42","guid":{"rendered":"http:\/\/biblian.is\/videy\/salmarnir-43-kafli\/"},"modified":"2018-01-02T01:01:42","modified_gmt":"2018-01-02T01:01:42","slug":"salmarnir-43-kafli","status":"publish","type":"page","link":"https:\/\/biblian.is\/videy\/salmarnir-43-kafli\/","title":{"rendered":"S\u00e1lmarnir 43. kafli"},"content":{"rendered":"<div class=\"fyrirsognVidey\">B\u00e6narandvarp.<\/div>\n<p><a name=\"1\"><span class=\"versanumer\">1<\/span><\/a>D\u00e6m mig, \u00f3 Gu\u00f0, og taktu a\u00f0 \u00fe\u00e9r mitt m\u00e1lefni m\u00f3ti \u00f3mildu f\u00f3lki; frelsa \u00fe\u00fa mig fr\u00e1 f\u00f6lskum og rangl\u00e1tum manni.<a name=\"2\"><span class=\"versanumer\">2<\/span><\/a>\u00dev\u00ed \u00fe\u00fa ert Gu\u00f0 m\u00edns athvarfs, hvar fyrir \u00fatsk\u00fafar \u00fe\u00fa m\u00e9r? hvar fyrir skal eg ganga \u00ed sorgarb\u00faningi \u00ed \u00fev\u00ed \u00f3vinurinn \u00ferengir a\u00f0 m\u00e9r.<a name=\"3\"><span class=\"versanumer\">3<\/span><\/a>Send \u00fe\u00fa \u00feitt lj\u00f3s og \u00fe\u00edna n\u00e1\u00f0, a\u00f0 h\u00fan lei\u00f0i mig og flytji mig til \u00fe\u00edns heilaga fjalls og til \u00fe\u00edns b\u00fasta\u00f0ar,<a name=\"4\"><span class=\"versanumer\">4<\/span><\/a>a\u00f0 eg megi komast til Gu\u00f0s altaris, til Gu\u00f0s m\u00edns fagna\u00f0ar og gle\u00f0i, og \u00feakka \u00fe\u00e9r me\u00f0 h\u00f6rpuhlj\u00f3m, \u00f3 Gu\u00f0, minn Gu\u00f0!<a name=\"5\"><span class=\"versanumer\">5<\/span><\/a>Hv\u00ed ertu svo ni\u00f0urbeyg\u00f0 m\u00edn s\u00e1l og \u00f3r\u00f3leg \u00ed m\u00e9r? bi\u00f0 \u00fe\u00fa Gu\u00f0s; \u00fev\u00ed eg mun enn n\u00fa \u00feakka honum, m\u00ednum frelsara og m\u00ednum Gu\u00f0i.<\/p>\n<div class=\"footnoteVidey\"><\/div>\n","protected":false},"excerpt":{"rendered":"<p>B\u00e6narandvarp. 1D\u00e6m mig, \u00f3 Gu\u00f0, og taktu a\u00f0 \u00fe\u00e9r mitt m\u00e1lefni m\u00f3ti \u00f3mildu f\u00f3lki; frelsa \u00fe\u00fa mig fr\u00e1 f\u00f6lskum og rangl\u00e1tum manni.2\u00dev\u00ed \u00fe\u00fa ert Gu\u00f0 m\u00edns athvarfs, hvar fyrir \u00fatsk\u00fafar \u00fe\u00fa m\u00e9r? hvar fyrir skal eg ganga \u00ed sorgarb\u00faningi \u00ed \u00fev\u00ed \u00f3vinurinn \u00ferengir a\u00f0 m\u00e9r.3Send \u00fe\u00fa \u00feitt lj\u00f3s og \u00fe\u00edna n\u00e1\u00f0, a\u00f0 h\u00fan lei\u00f0i mig og flytji mig til \u00fe\u00edns heilaga fjalls og til \u00fe\u00edns b\u00fasta\u00f0ar,4a\u00f0 eg megi komast til Gu\u00f0s altaris, til Gu\u00f0s m\u00edns fagna\u00f0ar og gle\u00f0i, og \u00feakka \u00fe\u00e9r me\u00f0 h\u00f6rpuhlj\u00f3m, \u00f3 Gu\u00f0, minn Gu\u00f0!5Hv\u00ed ertu svo ni\u00f0urbeyg\u00f0 m\u00edn s\u00e1l og \u00f3r\u00f3leg \u00ed m\u00e9r? bi\u00f0 \u00fe\u00fa Gu\u00f0s; \u00fev\u00ed <a href=\"https:\/\/biblian.is\/videy\/salmarnir-43-kafli\/\"> [&#8230;]<\/a><\/p>\n","protected":false},"author":1,"featured_media":0,"parent":0,"menu_order":0,"comment_status":"open","ping_status":"open","template":"bibliukaflar.php","meta":{"footnotes":""},"class_list":["post-21370","page","type-page","status-publish","hentry"],"_links":{"self":[{"href":"https:\/\/biblian.is\/videy\/wp-json\/wp\/v2\/pages\/21370","targetHints":{"allow":["GET"]}}],"collection":[{"href":"https:\/\/biblian.is\/videy\/wp-json\/wp\/v2\/pages"}],"about":[{"href":"https:\/\/biblian.is\/videy\/wp-json\/wp\/v2\/types\/page"}],"author":[{"embeddable":true,"href":"https:\/\/biblian.is\/videy\/wp-json\/wp\/v2\/users\/1"}],"replies":[{"embeddable":true,"href":"https:\/\/biblian.is\/videy\/wp-json\/wp\/v2\/comments?post=21370"}],"version-history":[{"count":0,"href":"https:\/\/biblian.is\/videy\/wp-json\/wp\/v2\/pages\/21370\/revisions"}],"wp:attachment":[{"href":"https:\/\/biblian.is\/videy\/wp-json\/wp\/v2\/media?parent=21370"}],"curies":[{"name":"wp","href":"https:\/\/api.w.org\/{rel}","templated":true}]}}