{"id":21369,"date":"2018-01-02T01:01:35","date_gmt":"2018-01-02T01:01:35","guid":{"rendered":"http:\/\/biblian.is\/videy\/salmarnir-42-kafli\/"},"modified":"2018-01-02T01:01:35","modified_gmt":"2018-01-02T01:01:35","slug":"salmarnir-42-kafli","status":"publish","type":"page","link":"https:\/\/biblian.is\/videy\/salmarnir-42-kafli\/","title":{"rendered":"S\u00e1lmarnir 42. kafli"},"content":{"rendered":"<div class=\"fyrirsognVidey\">L\u00f6ngun til musterisins.<\/div>\n<p><a name=\"1\"><span class=\"versanumer\">1<\/span><\/a>Til hlj\u00f3\u00f0f\u00e6rameistarans. Undirv\u00edsun fyrir Koras b\u00f6rn.<a name=\"2\"><span class=\"versanumer\">2<\/span><\/a>Eins og hj\u00f6rturinn kallar eftir rennandi vatni, svo kallar m\u00edn s\u00e1l, Gu\u00f0! til \u00fe\u00edn,<a name=\"3\"><span class=\"versanumer\">3<\/span><\/a>m\u00edna s\u00e1l \u00feyrstir eftir Gu\u00f0i, eftir \u00feeim lifanda Gu\u00f0i, n\u00e6r mun eg koma, a\u00f0 eg sj\u00e1i Gu\u00f0s auglit.<a name=\"4\"><span class=\"versanumer\">4<\/span><\/a>Minn gr\u00e1tur er m\u00edn f\u00e6\u00f0a dag og n\u00f3tt, af \u00fev\u00ed daglega er vi\u00f0 mig sagt: hvar er \u00feinn Gu\u00f0?<a name=\"5\"><span class=\"versanumer\">5<\/span><\/a>\u00deegar eg hugsa til \u00feess, \u00fe\u00e1 \u00fathellir mitt hjarta s\u00e9r \u00ed t\u00e1rum, hv\u00f6rnig eg fer\u00f0a\u00f0ist me\u00f0 \u00feessum h\u00f3p, og gekk me\u00f0 \u00feeim til Gu\u00f0s h\u00fass, me\u00f0 fagna\u00f0ar\u00f3pi og lofs\u00f6ng, me\u00f0al \u00feess fj\u00f6lda, sem h\u00e9lt h\u00e1t\u00ed\u00f0ina.<a name=\"6\"><span class=\"versanumer\">6<\/span><\/a>Hvar fyrir ertu svo ni\u00f0urbeyg\u00f0 m\u00edn s\u00e1l, og svo \u00f3r\u00f3leg \u00ed m\u00e9r? b\u00ed\u00f0 \u00fe\u00fa eftir Gu\u00f0i, \u00fev\u00ed enn n\u00fa mun eg \u00feakka honum, \u00fev\u00ed fr\u00e1 honum kemur hj\u00e1lpr\u00e6\u00f0i\u00f0.<a name=\"7\"><span class=\"versanumer\">7<\/span><\/a>\u00d3 Gu\u00f0! m\u00edn s\u00e1l er ni\u00f0urbeyg\u00f0 \u00ed m\u00e9r, af \u00fev\u00ed eg minnist \u00fe\u00edn fr\u00e1 J\u00f3rdanslandi og fr\u00e1 Hermon, \u00fev\u00ed litla fjalli.<a name=\"8\"><span class=\"versanumer\">8<\/span><\/a>Eitt fl\u00f3\u00f0 kallar anna\u00f0, me\u00f0 dunum \u00feinna fossa allar \u00fe\u00ednar \u00f6ldur og bylgjur steypast yfir mig.<a name=\"9\"><span class=\"versanumer\">9<\/span><\/a><span class='VideyAth'>(\u00c1\u00f0ur)<\/span> \u00e1 daginn veitti Drottinn m\u00e9r s\u00edna miskunn, og \u00e1 n\u00f3ttunni var hans lofs\u00f6ngur hj\u00e1 m\u00e9r, b\u00e6n til Gu\u00f0s m\u00edns l\u00edfs.<a name=\"10\"><span class=\"versanumer\">10<\/span><\/a>N\u00fa segi eg vi\u00f0 Gu\u00f0: mitt bjarg! hv\u00ed hefir \u00fe\u00fa gleymt m\u00e9r? hv\u00ed ver\u00f0 eg a\u00f0 ganga \u00ed sorgarb\u00faningi \u00fe\u00e1 \u00f3vinurinn a\u00f0 m\u00e9r \u00ferengir?<a name=\"11\"><span class=\"versanumer\">11<\/span><\/a>M\u00ednir \u00f3vinir sm\u00e1na mig, svo a\u00f0 m\u00edn bein merjast, me\u00f0 \u00fev\u00ed a\u00f0 segja i\u00f0uglega vi\u00f0 mig: hvar er \u00feinn Gu\u00f0?<a name=\"12\"><span class=\"versanumer\">12<\/span><\/a>Hvar fyrir ertu svo ni\u00f0urbeyg\u00f0 m\u00edn s\u00e1l og svo angurv\u00e6r. B\u00ed\u00f0 \u00fe\u00fa Gu\u00f0s! \u00fev\u00ed eg mun honum enn n\u00fa \u00feakkir gj\u00f6ra, m\u00ednum frelsara og m\u00ednum Gu\u00f0i.<\/p>\n<div class=\"footnoteVidey\"><\/div>\n","protected":false},"excerpt":{"rendered":"<p>L\u00f6ngun til musterisins. 1Til hlj\u00f3\u00f0f\u00e6rameistarans. Undirv\u00edsun fyrir Koras b\u00f6rn.2Eins og hj\u00f6rturinn kallar eftir rennandi vatni, svo kallar m\u00edn s\u00e1l, Gu\u00f0! til \u00fe\u00edn,3m\u00edna s\u00e1l \u00feyrstir eftir Gu\u00f0i, eftir \u00feeim lifanda Gu\u00f0i, n\u00e6r mun eg koma, a\u00f0 eg sj\u00e1i Gu\u00f0s auglit.4Minn gr\u00e1tur er m\u00edn f\u00e6\u00f0a dag og n\u00f3tt, af \u00fev\u00ed daglega er vi\u00f0 mig sagt: hvar er \u00feinn Gu\u00f0?5\u00deegar eg hugsa til \u00feess, \u00fe\u00e1 \u00fathellir mitt hjarta s\u00e9r \u00ed t\u00e1rum, hv\u00f6rnig eg fer\u00f0a\u00f0ist me\u00f0 \u00feessum h\u00f3p, og gekk me\u00f0 \u00feeim til Gu\u00f0s h\u00fass, me\u00f0 fagna\u00f0ar\u00f3pi og lofs\u00f6ng, me\u00f0al \u00feess fj\u00f6lda, sem h\u00e9lt h\u00e1t\u00ed\u00f0ina.6Hvar fyrir ertu svo ni\u00f0urbeyg\u00f0 m\u00edn s\u00e1l, og svo \u00f3r\u00f3leg <a href=\"https:\/\/biblian.is\/videy\/salmarnir-42-kafli\/\"> [&#8230;]<\/a><\/p>\n","protected":false},"author":1,"featured_media":0,"parent":0,"menu_order":0,"comment_status":"open","ping_status":"open","template":"bibliukaflar.php","meta":{"footnotes":""},"class_list":["post-21369","page","type-page","status-publish","hentry"],"_links":{"self":[{"href":"https:\/\/biblian.is\/videy\/wp-json\/wp\/v2\/pages\/21369","targetHints":{"allow":["GET"]}}],"collection":[{"href":"https:\/\/biblian.is\/videy\/wp-json\/wp\/v2\/pages"}],"about":[{"href":"https:\/\/biblian.is\/videy\/wp-json\/wp\/v2\/types\/page"}],"author":[{"embeddable":true,"href":"https:\/\/biblian.is\/videy\/wp-json\/wp\/v2\/users\/1"}],"replies":[{"embeddable":true,"href":"https:\/\/biblian.is\/videy\/wp-json\/wp\/v2\/comments?post=21369"}],"version-history":[{"count":0,"href":"https:\/\/biblian.is\/videy\/wp-json\/wp\/v2\/pages\/21369\/revisions"}],"wp:attachment":[{"href":"https:\/\/biblian.is\/videy\/wp-json\/wp\/v2\/media?parent=21369"}],"curies":[{"name":"wp","href":"https:\/\/api.w.org\/{rel}","templated":true}]}}