{"id":21368,"date":"2018-01-02T01:01:35","date_gmt":"2018-01-02T01:01:35","guid":{"rendered":"http:\/\/biblian.is\/videy\/salmarnir-41-kafli\/"},"modified":"2018-01-02T01:01:35","modified_gmt":"2018-01-02T01:01:35","slug":"salmarnir-41-kafli","status":"publish","type":"page","link":"https:\/\/biblian.is\/videy\/salmarnir-41-kafli\/","title":{"rendered":"S\u00e1lmarnir 41. kafli"},"content":{"rendered":"<div class=\"fyrirsognVidey\">B\u00e6n ens \u00f3lukkulega.<\/div>\n<p><a name=\"1\"><span class=\"versanumer\">1<\/span><\/a>Til hlj\u00f3\u00f0f\u00e6rameistarans. Lj\u00f3\u00f0m\u00e6li Dav\u00ed\u00f0s.<a name=\"2\"><span class=\"versanumer\">2<\/span><\/a>S\u00e6ll er s\u00e1 sem annast hinn l\u00edtilm\u00f3tlega; \u00e1 \u00feeim vonda degi mun Drottinn bjarga honum.<a name=\"3\"><span class=\"versanumer\">3<\/span><\/a>Drottinn mun var\u00f0veita hann og halda honum vi\u00f0 l\u00edfi\u00f0; hann mun ver\u00f0a s\u00e6ll \u00e1 j\u00f6r\u00f0unni, og \u00fe\u00fa munt ekki afhenda hann vild hans \u00f3vina.<a name=\"4\"><span class=\"versanumer\">4<\/span><\/a>Drottinn mun styrkja hann \u00e1 hans s\u00f3ttars\u00e6ng, \u00f6llu hans r\u00fami sn\u00fdr \u00fe\u00fa vi\u00f0 <span class='VideyAth'>(til l\u00e6kningar)<\/span> \u00ed hans sj\u00fakd\u00f3mi.<a name=\"5\"><span class=\"versanumer\">5<\/span><\/a>Eg bi\u00f0: Drottinn miskunna m\u00e9r! l\u00e6kna \u00fe\u00fa s\u00e1lu m\u00edna, \u00fev\u00ed eg hefi syndga\u00f0 \u00e1 m\u00f3ti \u00fe\u00e9r;<a name=\"6\"><span class=\"versanumer\">6<\/span><\/a>m\u00ednir \u00f3vinir tala illt um mig, og segja: n\u00e6r \u00e6tla hann deyi? n\u00e6r mun hans nafn forganga?<a name=\"7\"><span class=\"versanumer\">7<\/span><\/a>Komi einhv\u00f6r \u00feeirra a\u00f0 vitja m\u00edn, talar hann fals, hans hjarta safnar s\u00e9r vonsku, hann gengur \u00fat og talar \u00fear um.<a name=\"8\"><span class=\"versanumer\">8<\/span><\/a>Allir, sem mig hata, tala um mig saman \u00ed h\u00e1lfum hlj\u00f3\u00f0um, og brugga m\u00e9r illt.<a name=\"9\"><span class=\"versanumer\">9<\/span><\/a>Og segja: fordj\u00f6rfun er \u00fathellt yfir hann; s\u00e1 sem \u00fearna liggur skal ekki komast \u00e1 f\u00e6tur.<a name=\"10\"><span class=\"versanumer\">10<\/span><\/a>Einnig s\u00e1 ma\u00f0ur, sem haf\u00f0i fri\u00f0 vi\u00f0 mig, sem eg reiddi mig upp\u00e1, sem \u00e1t mitt brau\u00f0, hann lyftir s\u00ednum h\u00e6l m\u00f3ti m\u00e9r. <br \/><a name=\"11\"><span class=\"versanumer\">11<\/span><\/a>En \u00fe\u00fa Drottinn miskunna \u00fe\u00fa m\u00e9r, hj\u00e1lpa\u00f0u m\u00e9r \u00e1 f\u00e6tur, a\u00f0 eg geti goldi\u00f0 \u00feeim fyrir,<a name=\"12\"><span class=\"versanumer\">12<\/span><\/a>\u00fear af s\u00e9 eg, a\u00f0 \u00fe\u00fa hefir vel\u00fe\u00f3knan \u00e1 m\u00e9r, a\u00f0 minn \u00f3vinur hlakkar ekki yfir m\u00e9r.<a name=\"13\"><span class=\"versanumer\">13<\/span><\/a>En mig sty\u00f0ur \u00fe\u00fa \u00ed m\u00ednu sakleysi, og hefir mig \u00fe\u00e9r \u00e6vinlega fyrir augum.<a name=\"14\"><span class=\"versanumer\">14<\/span><\/a>Lofa\u00f0ur veri Drottinn \u00cdsraels Gu\u00f0, fr\u00e1 eil\u00edf\u00f0 til eil\u00edf\u00f0ar. Amen, Amen.<\/p>\n<div class=\"footnoteVidey\"><\/div>\n","protected":false},"excerpt":{"rendered":"<p>B\u00e6n ens \u00f3lukkulega. 1Til hlj\u00f3\u00f0f\u00e6rameistarans. Lj\u00f3\u00f0m\u00e6li Dav\u00ed\u00f0s.2S\u00e6ll er s\u00e1 sem annast hinn l\u00edtilm\u00f3tlega; \u00e1 \u00feeim vonda degi mun Drottinn bjarga honum.3Drottinn mun var\u00f0veita hann og halda honum vi\u00f0 l\u00edfi\u00f0; hann mun ver\u00f0a s\u00e6ll \u00e1 j\u00f6r\u00f0unni, og \u00fe\u00fa munt ekki afhenda hann vild hans \u00f3vina.4Drottinn mun styrkja hann \u00e1 hans s\u00f3ttars\u00e6ng, \u00f6llu hans r\u00fami sn\u00fdr \u00fe\u00fa vi\u00f0 (til l\u00e6kningar) \u00ed hans sj\u00fakd\u00f3mi.5Eg bi\u00f0: Drottinn miskunna m\u00e9r! l\u00e6kna \u00fe\u00fa s\u00e1lu m\u00edna, \u00fev\u00ed eg hefi syndga\u00f0 \u00e1 m\u00f3ti \u00fe\u00e9r;6m\u00ednir \u00f3vinir tala illt um mig, og segja: n\u00e6r \u00e6tla hann deyi? n\u00e6r mun hans nafn forganga?7Komi einhv\u00f6r \u00feeirra a\u00f0 vitja m\u00edn, talar hann fals, <a href=\"https:\/\/biblian.is\/videy\/salmarnir-41-kafli\/\"> [&#8230;]<\/a><\/p>\n","protected":false},"author":1,"featured_media":0,"parent":0,"menu_order":0,"comment_status":"open","ping_status":"open","template":"bibliukaflar.php","meta":{"footnotes":""},"class_list":["post-21368","page","type-page","status-publish","hentry"],"_links":{"self":[{"href":"https:\/\/biblian.is\/videy\/wp-json\/wp\/v2\/pages\/21368","targetHints":{"allow":["GET"]}}],"collection":[{"href":"https:\/\/biblian.is\/videy\/wp-json\/wp\/v2\/pages"}],"about":[{"href":"https:\/\/biblian.is\/videy\/wp-json\/wp\/v2\/types\/page"}],"author":[{"embeddable":true,"href":"https:\/\/biblian.is\/videy\/wp-json\/wp\/v2\/users\/1"}],"replies":[{"embeddable":true,"href":"https:\/\/biblian.is\/videy\/wp-json\/wp\/v2\/comments?post=21368"}],"version-history":[{"count":0,"href":"https:\/\/biblian.is\/videy\/wp-json\/wp\/v2\/pages\/21368\/revisions"}],"wp:attachment":[{"href":"https:\/\/biblian.is\/videy\/wp-json\/wp\/v2\/media?parent=21368"}],"curies":[{"name":"wp","href":"https:\/\/api.w.org\/{rel}","templated":true}]}}