{"id":21367,"date":"2018-01-02T01:01:35","date_gmt":"2018-01-02T01:01:35","guid":{"rendered":"http:\/\/biblian.is\/videy\/salmarnir-40-kafli\/"},"modified":"2018-01-02T01:01:35","modified_gmt":"2018-01-02T01:01:35","slug":"salmarnir-40-kafli","status":"publish","type":"page","link":"https:\/\/biblian.is\/videy\/salmarnir-40-kafli\/","title":{"rendered":"S\u00e1lmarnir 40. kafli"},"content":{"rendered":"<div class=\"fyrirsognVidey\">\u00deakkl\u00e6ti og b\u00e6n.<\/div>\n<p><a name=\"1\"><span class=\"versanumer\">1<\/span><\/a>Til hlj\u00f3\u00f0f\u00e6rameistarans. S\u00e1lmur Dav\u00ed\u00f0s.<a name=\"2\"><span class=\"versanumer\">2<\/span><\/a>Eg bei\u00f0 Drottins \u00f6ruggur, hann beyg\u00f0i sig til m\u00edn og heyr\u00f0i mitt hr\u00f3p.<a name=\"3\"><span class=\"versanumer\">3<\/span><\/a>Og hann dr\u00f3 mig upp \u00far \u00feeirri h\u00e1skalegu gr\u00f6f, \u00feeirri feigu bleytu, og hann setti m\u00edna f\u00e6tur \u00e1 fastan klett, og styrkti minn gang.<a name=\"4\"><span class=\"versanumer\">4<\/span><\/a>Og hann lag\u00f0i m\u00e9r \u00ed munn n\u00fdtt kv\u00e6\u00f0i, lofs\u00f6ng fyrir vorn Gu\u00f0. \u00dea\u00f0 skulu margir sj\u00e1, og \u00f3ttast Drottin, og rei\u00f0a sig \u00e1 hann.<a name=\"5\"><span class=\"versanumer\">5<\/span><\/a>S\u00e6ll er s\u00e1 ma\u00f0ur sem treystir Drottni, og sn\u00fdr ei s\u00ednu andliti til drambl\u00e1tra, og til \u00feeirra lygigj\u00f6rnu.<a name=\"6\"><span class=\"versanumer\">6<\/span><\/a>Drottinn, minn Gu\u00f0! \u00fe\u00fa hefir margfalda\u00f0 \u00fe\u00ednar d\u00e1semdir og r\u00e1\u00f0slaganir, oss vi\u00f0v\u00edkjandi; enginn er l\u00edkur \u00fe\u00e9r; vilda eg kunngj\u00f6ra \u00fe\u00e6r, og segja fr\u00e1 \u00feeim, yr\u00f0u \u00fe\u00e6r ei taldar.<a name=\"7\"><span class=\"versanumer\">7<\/span><\/a>Sl\u00e1turf\u00f3rnir og matoffur \u00fe\u00f3knast \u00fe\u00e9r ekki. M\u00edn eyru hefir \u00fe\u00fa gegnum bora\u00f0, brennif\u00f3rnir og syndaoffur viltu ekki.<a name=\"8\"><span class=\"versanumer\">8<\/span><\/a>\u00de\u00e1 sag\u00f0i eg; sj\u00e1 eg kem me\u00f0 l\u00f6gm\u00e1lsskr\u00e1na, skrifa\u00f0a \u00ed mitt hjarta.<a name=\"9\"><span class=\"versanumer\">9<\/span><\/a>Mig langar til a\u00f0 gj\u00f6ra \u00feinn vilja minn Gu\u00f0, og \u00feitt l\u00f6gm\u00e1l er innst \u00ed m\u00ednu hjarta.<a name=\"10\"><span class=\"versanumer\">10<\/span><\/a>Eg kunngj\u00f6ri \u00feitt r\u00e9ttl\u00e6ti \u00e1 mikilli samkomu. Sj\u00e1! m\u00ednar varir \u00fevinga eg ekki. \u00de\u00fa veist \u00fea\u00f0 Drottinn.<a name=\"11\"><span class=\"versanumer\">11<\/span><\/a>\u00deitt r\u00e9ttl\u00e6ti fel eg ekki \u00ed m\u00ednu hjarta. \u00de\u00edna tr\u00fafesti og hj\u00e1lpr\u00e6\u00f0i vegsama eg, \u00fe\u00edna miskunn og sannleika dyl eg ekki fyrir \u00feeim mikla s\u00f6fnu\u00f0i.<a name=\"12\"><span class=\"versanumer\">12<\/span><\/a>En \u00fe\u00fa Drottinn drag \u00fe\u00fa ekki \u00ed hl\u00e9 vi\u00f0 mig \u00fe\u00edna miskunn, l\u00e1ttu \u00fe\u00edna miskunn og sannleika \u00e6t\u00ed\u00f0 var\u00f0veita mig.<a name=\"13\"><span class=\"versanumer\">13<\/span><\/a>\u00dev\u00ed \u00f3t\u00f6luleg \u00f3h\u00f6pp umspenna mig, m\u00ednar syndir h\u00f3past \u00ed kringum mig, svo eg get ekki s\u00e9\u00f0 \u00fat yfir, \u00fe\u00e6r eru fleiri en h\u00e1rin \u00e1 m\u00ednu h\u00f6f\u00f0i, og mitt hjarta hefir yfirgefi\u00f0 mig.<a name=\"14\"><span class=\"versanumer\">14<\/span><\/a>L\u00e1t \u00fe\u00e9r \u00fea\u00f0 vera ge\u00f0\u00feekkt Drottinn! a\u00f0 frelsa mig, fl\u00fdttu \u00fe\u00e9r Drottinn! m\u00e9r til hj\u00e1lpar.<a name=\"15\"><span class=\"versanumer\">15<\/span><\/a>L\u00e1ttu \u00fe\u00e1 sneypast og til skammar ver\u00f0a gj\u00f6rsamlega, sem sitja um mitt l\u00edf; l\u00e1ttu \u00fe\u00e1 h\u00f6rfa til baka og ver\u00f0a til skammar, sem vilja m\u00e9r illt.<a name=\"16\"><span class=\"versanumer\">16<\/span><\/a>L\u00e1t \u00fe\u00e1 ver\u00f0a hissa \u00e1 sinni eigin sk\u00f6mm, sem hr\u00f3pa til m\u00edn, h\u00e6! h\u00e6!<a name=\"17\"><span class=\"versanumer\">17<\/span><\/a>\u00fe\u00e1 fagna \u00feeir allir og gle\u00f0jast \u00ed \u00fe\u00e9r, sem \u00fe\u00edn leita. L\u00e1t \u00fe\u00e1 sem elska \u00feitt hj\u00e1lpr\u00e6\u00f0i, \u00e6t\u00ed\u00f0 segja: mikill er Drottinn!<a name=\"18\"><span class=\"versanumer\">18<\/span><\/a>Eg er ves\u00e6ll og aumur, en Drottinn hugsar samt til m\u00edn. \u00de\u00fa ert m\u00edn hj\u00e1lp og minn Frelsari! minn Gu\u00f0! tef \u00fe\u00fa ekki!<\/p>\n<div class=\"footnoteVidey\">V. 7. M\u00edn eyru, etc. gj\u00f6rt mig \u00feinn \u00fej\u00f3n. A\u00f0r: l\u00e1ti\u00f0 mig vita, nefnil: a\u00f0 \u00fe\u00fa vildir hv\u00f6rki sl\u00e1turf\u00f3rnir n\u00e9 matoffur.  V. 16. Sem h\u00e6last um vi\u00f0 mig.<\/div>\n","protected":false},"excerpt":{"rendered":"<p>\u00deakkl\u00e6ti og b\u00e6n. 1Til hlj\u00f3\u00f0f\u00e6rameistarans. S\u00e1lmur Dav\u00ed\u00f0s.2Eg bei\u00f0 Drottins \u00f6ruggur, hann beyg\u00f0i sig til m\u00edn og heyr\u00f0i mitt hr\u00f3p.3Og hann dr\u00f3 mig upp \u00far \u00feeirri h\u00e1skalegu gr\u00f6f, \u00feeirri feigu bleytu, og hann setti m\u00edna f\u00e6tur \u00e1 fastan klett, og styrkti minn gang.4Og hann lag\u00f0i m\u00e9r \u00ed munn n\u00fdtt kv\u00e6\u00f0i, lofs\u00f6ng fyrir vorn Gu\u00f0. \u00dea\u00f0 skulu margir sj\u00e1, og \u00f3ttast Drottin, og rei\u00f0a sig \u00e1 hann.5S\u00e6ll er s\u00e1 ma\u00f0ur sem treystir Drottni, og sn\u00fdr ei s\u00ednu andliti til drambl\u00e1tra, og til \u00feeirra lygigj\u00f6rnu.6Drottinn, minn Gu\u00f0! \u00fe\u00fa hefir margfalda\u00f0 \u00fe\u00ednar d\u00e1semdir og r\u00e1\u00f0slaganir, oss vi\u00f0v\u00edkjandi; enginn er l\u00edkur \u00fe\u00e9r; vilda eg kunngj\u00f6ra <a href=\"https:\/\/biblian.is\/videy\/salmarnir-40-kafli\/\"> [&#8230;]<\/a><\/p>\n","protected":false},"author":1,"featured_media":0,"parent":0,"menu_order":0,"comment_status":"open","ping_status":"open","template":"bibliukaflar.php","meta":{"footnotes":""},"class_list":["post-21367","page","type-page","status-publish","hentry"],"_links":{"self":[{"href":"https:\/\/biblian.is\/videy\/wp-json\/wp\/v2\/pages\/21367","targetHints":{"allow":["GET"]}}],"collection":[{"href":"https:\/\/biblian.is\/videy\/wp-json\/wp\/v2\/pages"}],"about":[{"href":"https:\/\/biblian.is\/videy\/wp-json\/wp\/v2\/types\/page"}],"author":[{"embeddable":true,"href":"https:\/\/biblian.is\/videy\/wp-json\/wp\/v2\/users\/1"}],"replies":[{"embeddable":true,"href":"https:\/\/biblian.is\/videy\/wp-json\/wp\/v2\/comments?post=21367"}],"version-history":[{"count":0,"href":"https:\/\/biblian.is\/videy\/wp-json\/wp\/v2\/pages\/21367\/revisions"}],"wp:attachment":[{"href":"https:\/\/biblian.is\/videy\/wp-json\/wp\/v2\/media?parent=21367"}],"curies":[{"name":"wp","href":"https:\/\/api.w.org\/{rel}","templated":true}]}}