{"id":21364,"date":"2018-01-02T01:01:35","date_gmt":"2018-01-02T01:01:35","guid":{"rendered":"http:\/\/biblian.is\/videy\/salmarnir-37-kafli\/"},"modified":"2018-01-02T01:01:35","modified_gmt":"2018-01-02T01:01:35","slug":"salmarnir-37-kafli","status":"publish","type":"page","link":"https:\/\/biblian.is\/videy\/salmarnir-37-kafli\/","title":{"rendered":"S\u00e1lmarnir 37. kafli"},"content":{"rendered":"<div class=\"fyrirsognVidey\">Laun vondra og g\u00f3\u00f0ra.<\/div>\n<p><a name=\"1\"><span class=\"versanumer\">1<\/span><\/a>S\u00e1lmur Dav\u00ed\u00f0s. Illskastu ekki vi\u00f0 illvirkjana! \u00f6funda\u00f0u ekki \u00fe\u00e1 rangl\u00e1tu!<a name=\"2\"><span class=\"versanumer\">2<\/span><\/a>\u00fev\u00ed eins og gras ver\u00f0a \u00feeir skyndilega slegnir, og visna sem gr\u00e6nar jurtir.<a name=\"3\"><span class=\"versanumer\">3<\/span><\/a>Reiddu \u00feig upp \u00e1 Drottin, og gj\u00f6r hi\u00f0 g\u00f3\u00f0a, b\u00fa \u00fe\u00fa \u00ed landinu, og leita \u00feinnar atvinnu \u00e6rlega.<a name=\"4\"><span class=\"versanumer\">4<\/span><\/a>Haf \u00fe\u00fa \u00fe\u00edna una\u00f0semd \u00ed Drottni, \u00fe\u00e1 mun hann veita \u00fe\u00e9r girndir \u00feins hjarta.<a name=\"5\"><span class=\"versanumer\">5<\/span><\/a>Veltu upp \u00e1 Drottin \u00feinni \u00e1hyggju, <span class='VideyAth'>(vegi)<\/span> hann mun gj\u00f6ra <span class='VideyAth'>(eitthva\u00f0)<\/span>, og reiddu \u00feig \u00e1 hann.<a name=\"6\"><span class=\"versanumer\">6<\/span><\/a>Hann mun l\u00e1ta \u00feinn r\u00e9tt framganga sem lj\u00f3s, og \u00feitt r\u00e9ttl\u00e6ti sem h\u00e1degisbirtu.<a name=\"7\"><span class=\"versanumer\">7<\/span><\/a>Vona \u00fe\u00fa \u00ed kyrr\u00f0 \u00e1 Drottin og b\u00ed\u00f0 hans! l\u00e1t \u00fe\u00e9r ei gremjast vi\u00f0 \u00feann mann, hv\u00f6rs ath\u00e6fi heppnast, vi\u00f0 \u00feann sem hefir \u00ed frammi pretti. <br \/><a name=\"8\"><span class=\"versanumer\">8<\/span><\/a>H\u00e6ttu \u00e1 rei\u00f0inni, slepptu br\u00e1\u00f0lyndinu, illskastu ekki, a\u00f0eins til a\u00f0 gj\u00f6ra illt!<a name=\"9\"><span class=\"versanumer\">9<\/span><\/a>\u00fev\u00ed hinum vonda ver\u00f0ur \u00fatrutt, en \u00feeir sem vona \u00e1 Drottin, skulu landi\u00f0 erfa.<a name=\"10\"><span class=\"versanumer\">10<\/span><\/a>Innan l\u00edtils t\u00edma er s\u00e1 \u00f3gu\u00f0legi ekki framar til; \u00feegar \u00fe\u00fa leitar a\u00f0 hans sta\u00f0, mun hann ekki finnast.<a name=\"11\"><span class=\"versanumer\">11<\/span><\/a>En \u00feeir h\u00f3gv\u00e6ru skulu landi\u00f0 erfa, og nj\u00f3ta una\u00f0semdar af \u00feeim mikla fri\u00f0i <span class='VideyAth'>(fars\u00e6ld)<\/span>. <br \/><a name=\"12\"><span class=\"versanumer\">12<\/span><\/a>S\u00e1 \u00f3gu\u00f0legi bruggar svik \u00feeim r\u00e9ttl\u00e1ta og n\u00edstir t\u00f6nnum yfir honum.<a name=\"13\"><span class=\"versanumer\">13<\/span><\/a>En Drottinn hl\u00e6r a\u00f0 honum, \u00fev\u00ed hann s\u00e9r, a\u00f0 hans dagur kemur <span class='VideyAth'>(dau\u00f0adagur)<\/span>.<a name=\"14\"><span class=\"versanumer\">14<\/span><\/a>Hinir \u00f3gu\u00f0legu rykkja sver\u00f0i, og spenna s\u00edna boga, svo a\u00f0 \u00feeir felli hinn auma og f\u00e1t\u00e6ka, og myr\u00f0i \u00fe\u00e1 sem ganga r\u00e1\u00f0vandlega.<a name=\"15\"><span class=\"versanumer\">15<\/span><\/a>\u00deeirra sver\u00f0 lendir \u00ed \u00feeirra eigin hjarta, og \u00feeirra bogi brotnar.<a name=\"16\"><span class=\"versanumer\">16<\/span><\/a>Betra er \u00fea\u00f0 litla sem hinn r\u00e9ttl\u00e1ti \u00e1, heldur en n\u00e6gtir margra \u00f3gu\u00f0legra.<a name=\"17\"><span class=\"versanumer\">17<\/span><\/a>\u00dev\u00ed armleggir hinna \u00f3gu\u00f0legu sundurbrotna, en Drottinn sty\u00f0ur hina r\u00e9ttl\u00e1tu.<a name=\"18\"><span class=\"versanumer\">18<\/span><\/a>Drottinn \u00feekkir daga hinna \u00f3straffanlegu, og \u00feeirra arfur mun aldrei \u00feverra.<a name=\"19\"><span class=\"versanumer\">19<\/span><\/a>\u00deeir munu ei til skammar ver\u00f0a \u00e1 hinni vondu t\u00ed\u00f0, og \u00ed hall\u00e6rinu munu \u00feeir sa\u00f0ning hafa.<a name=\"20\"><span class=\"versanumer\">20<\/span><\/a>En hinir \u00f3gu\u00f0legu munu fyrirfarast og Drottins \u00f3vinir, \u00fe\u00f3 \u00feeir s\u00e9u sem landsins bl\u00f3mi, fyrirfarast, og sem reykur ver\u00f0a a\u00f0 engu.<a name=\"21\"><span class=\"versanumer\">21<\/span><\/a>S\u00e1 \u00f3gu\u00f0legi tekur l\u00e1n og betalar ekki, en hinn r\u00e9ttl\u00e1ti miskunnar og gefur,<a name=\"22\"><span class=\"versanumer\">22<\/span><\/a>\u00fev\u00ed Drottins blessu\u00f0u skulu landi\u00f0 erfa, hans b\u00f6lvu\u00f0u ver\u00f0ur \u00fatrutt.<a name=\"23\"><span class=\"versanumer\">23<\/span><\/a>Af Drottni festist gangur \u00feess <span class='VideyAth'>(r\u00e1\u00f0vanda)<\/span> manns og hann hefir \u00fe\u00f3knan \u00e1 hans vegi.<a name=\"24\"><span class=\"versanumer\">24<\/span><\/a>\u00de\u00f3 a\u00f0 hann detti, skal hann ekki liggja, \u00fev\u00ed Drottinn sty\u00f0ur hans h\u00f6nd.<a name=\"25\"><span class=\"versanumer\">25<\/span><\/a>Eg hefi veri\u00f0 ungur, og er or\u00f0inn gamall, en ekki hefi eg s\u00e9\u00f0 hinn r\u00e9ttl\u00e1ta yfirgefinn, n\u00e9 hans afkv\u00e6mi <span class='VideyAth'>(ganga eftir atvinnu)<\/span> fara \u00e1 h\u00fasgang.<a name=\"26\"><span class=\"versanumer\">26<\/span><\/a>Hann er miskunnsamur dag hv\u00f6rn og l\u00e1nar, og hans ni\u00f0jar ver\u00f0a blessa\u00f0ir.<a name=\"27\"><span class=\"versanumer\">27<\/span><\/a>V\u00edk \u00fe\u00fa fr\u00e1 hinum illa og gj\u00f6r\u00f0u gott, og \u00fe\u00fa munt b\u00faa eil\u00edflega <span class='VideyAth'>(\u00ed r\u00f3)<\/span>.<a name=\"28\"><span class=\"versanumer\">28<\/span><\/a>\u00dev\u00ed Drottinn elskar r\u00e9ttindi, og yfirgefur ekki s\u00edna heil\u00f6gu; \u00feeir ver\u00f0a eil\u00edflega var\u00f0veittir; en afkv\u00e6mi hinna \u00f3gu\u00f0legu uppr\u00e6tist.<a name=\"29\"><span class=\"versanumer\">29<\/span><\/a>\u00deeir r\u00e9ttl\u00e1tu erfa landi\u00f0 og b\u00faa eil\u00edflega \u00ed \u00fev\u00ed.<a name=\"30\"><span class=\"versanumer\">30<\/span><\/a>Munnur hins r\u00e9ttl\u00e1ta m\u00e6lir visku, og hans tunga talar r\u00e9ttindi.<a name=\"31\"><span class=\"versanumer\">31<\/span><\/a>L\u00f6gm\u00e1l hans Gu\u00f0s er \u00ed hans hjarta, hans gangur er st\u00f6\u00f0ugur.<a name=\"32\"><span class=\"versanumer\">32<\/span><\/a>Hinn \u00f3gu\u00f0legi umsitur hinn r\u00e9ttl\u00e1ta og leitast eftir a\u00f0 drepa hann.<a name=\"33\"><span class=\"versanumer\">33<\/span><\/a>En Drottinn gefur hann ekki \u00ed hans h\u00f6nd, og l\u00e6tur hann ekki ver\u00f0a fyrir d\u00f3ms\u00e1felli, \u00feegar hann kemur fyrir r\u00e9tt.<a name=\"34\"><span class=\"versanumer\">34<\/span><\/a>B\u00ed\u00f0 \u00fe\u00fa Drottins og vertu st\u00f6\u00f0uglega \u00e1 hans vegi, \u00fe\u00e1 mun hann hefja \u00feig, svo \u00fe\u00fa erfir landi\u00f0, \u00fe\u00fa munt \u00fea\u00f0 sj\u00e1 a\u00f0 hinir \u00f3gu\u00f0legu ver\u00f0a afm\u00e1\u00f0ir.<a name=\"35\"><span class=\"versanumer\">35<\/span><\/a>Eg s\u00e1 einn \u00f3gu\u00f0legan, einn ofbeldis mann, hann \u00feandi sig v\u00edtt \u00fat, sem mj\u00f6g laufga\u00f0 tr\u00e9 me\u00f0 dj\u00fapum r\u00f3tum.<a name=\"36\"><span class=\"versanumer\">36<\/span><\/a>En hann hvarf, og sj\u00e1 \u00fe\u00fa! hann var ekki framar til; eg leita\u00f0i a\u00f0 honum, en hann fannst ekki.<a name=\"37\"><span class=\"versanumer\">37<\/span><\/a>Taktu eftir \u00feeim fullkomna, sj\u00e1\u00f0u \u00feann r\u00e1\u00f0vanda, laun \u00feess manns er fri\u00f0ur.<a name=\"38\"><span class=\"versanumer\">38<\/span><\/a>En yfirtro\u00f0slumennirnir munu \u00ed einu lagi afm\u00e1\u00f0ir ver\u00f0a, og ni\u00f0jar \u00f3gu\u00f0legra uppr\u00e6ttir.<a name=\"39\"><span class=\"versanumer\">39<\/span><\/a>Hj\u00e1lp hinna r\u00e9ttl\u00e1tu kemur fr\u00e1 Drottni, hann er \u00feeirra styrkur \u00ed ney\u00f0inni,<a name=\"40\"><span class=\"versanumer\">40<\/span><\/a>og Drottinn mun frelsa \u00fe\u00e1 og hj\u00e1lpa \u00feeim, hann mun frelsa \u00fe\u00e1 fr\u00e1 \u00feeim \u00f3gu\u00f0legu, \u00fev\u00ed \u00feeir vona \u00e1 hann.<\/p>\n<div class=\"footnoteVidey\"><\/div>\n","protected":false},"excerpt":{"rendered":"<p>Laun vondra og g\u00f3\u00f0ra. 1S\u00e1lmur Dav\u00ed\u00f0s. Illskastu ekki vi\u00f0 illvirkjana! \u00f6funda\u00f0u ekki \u00fe\u00e1 rangl\u00e1tu!2\u00fev\u00ed eins og gras ver\u00f0a \u00feeir skyndilega slegnir, og visna sem gr\u00e6nar jurtir.3Reiddu \u00feig upp \u00e1 Drottin, og gj\u00f6r hi\u00f0 g\u00f3\u00f0a, b\u00fa \u00fe\u00fa \u00ed landinu, og leita \u00feinnar atvinnu \u00e6rlega.4Haf \u00fe\u00fa \u00fe\u00edna una\u00f0semd \u00ed Drottni, \u00fe\u00e1 mun hann veita \u00fe\u00e9r girndir \u00feins hjarta.5Veltu upp \u00e1 Drottin \u00feinni \u00e1hyggju, (vegi) hann mun gj\u00f6ra (eitthva\u00f0), og reiddu \u00feig \u00e1 hann.6Hann mun l\u00e1ta \u00feinn r\u00e9tt framganga sem lj\u00f3s, og \u00feitt r\u00e9ttl\u00e6ti sem h\u00e1degisbirtu.7Vona \u00fe\u00fa \u00ed kyrr\u00f0 \u00e1 Drottin og b\u00ed\u00f0 hans! l\u00e1t \u00fe\u00e9r ei gremjast vi\u00f0 \u00feann mann, hv\u00f6rs ath\u00e6fi <a href=\"https:\/\/biblian.is\/videy\/salmarnir-37-kafli\/\"> [&#8230;]<\/a><\/p>\n","protected":false},"author":1,"featured_media":0,"parent":0,"menu_order":0,"comment_status":"open","ping_status":"open","template":"bibliukaflar.php","meta":{"footnotes":""},"class_list":["post-21364","page","type-page","status-publish","hentry"],"_links":{"self":[{"href":"https:\/\/biblian.is\/videy\/wp-json\/wp\/v2\/pages\/21364","targetHints":{"allow":["GET"]}}],"collection":[{"href":"https:\/\/biblian.is\/videy\/wp-json\/wp\/v2\/pages"}],"about":[{"href":"https:\/\/biblian.is\/videy\/wp-json\/wp\/v2\/types\/page"}],"author":[{"embeddable":true,"href":"https:\/\/biblian.is\/videy\/wp-json\/wp\/v2\/users\/1"}],"replies":[{"embeddable":true,"href":"https:\/\/biblian.is\/videy\/wp-json\/wp\/v2\/comments?post=21364"}],"version-history":[{"count":0,"href":"https:\/\/biblian.is\/videy\/wp-json\/wp\/v2\/pages\/21364\/revisions"}],"wp:attachment":[{"href":"https:\/\/biblian.is\/videy\/wp-json\/wp\/v2\/media?parent=21364"}],"curies":[{"name":"wp","href":"https:\/\/api.w.org\/{rel}","templated":true}]}}