{"id":21362,"date":"2018-01-02T01:01:35","date_gmt":"2018-01-02T01:01:35","guid":{"rendered":"http:\/\/biblian.is\/videy\/salmarnir-35-kafli\/"},"modified":"2018-01-02T01:01:35","modified_gmt":"2018-01-02T01:01:35","slug":"salmarnir-35-kafli","status":"publish","type":"page","link":"https:\/\/biblian.is\/videy\/salmarnir-35-kafli\/","title":{"rendered":"S\u00e1lmarnir 35. kafli"},"content":{"rendered":"<div class=\"fyrirsognVidey\">B\u00e6n gegn \u00f3vinum.<\/div>\n<p><a name=\"1\"><span class=\"versanumer\">1<\/span><\/a>S\u00e1lmur Dav\u00ed\u00f0s. Drottinn! gakk \u00fe\u00fa \u00ed r\u00e9tt vi\u00f0 \u00fe\u00e1 sem ganga \u00ed r\u00e9tt vi\u00f0 mig\u2014berstu vi\u00f0 \u00fe\u00e1 sem berjast vi\u00f0 mig.<a name=\"2\"><span class=\"versanumer\">2<\/span><\/a>Taktu skj\u00f6ld og buklara og stattu upp a\u00f0 hj\u00e1lpa m\u00e9r.<a name=\"3\"><span class=\"versanumer\">3<\/span><\/a>Taktu fram spj\u00f3ti\u00f0, og settu \u00fea\u00f0 m\u00f3ti \u00feeirra \u00e1r\u00e1s sem ofs\u00e6kja mig. Seg\u00f0u vi\u00f0 m\u00edna s\u00e1l: eg er \u00fe\u00edn hj\u00e1lp.<a name=\"4\"><span class=\"versanumer\">4<\/span><\/a>Sneypist \u00feeir og ver\u00f0i fyrir h\u00e1\u00f0ung sem sitja um mitt l\u00edf! l\u00e1t \u00fe\u00e1 h\u00f6rfa til baka og til skammar ver\u00f0a sem vilja m\u00e9r illt.<a name=\"5\"><span class=\"versanumer\">5<\/span><\/a>L\u00e1t \u00fe\u00e1 ver\u00f0a sem fis fyrir vindi, og Drottins engill hrindi \u00feeim burt.<a name=\"6\"><span class=\"versanumer\">6<\/span><\/a>\u00deeirra vegur s\u00e9 dimmur og mj\u00f6g h\u00e1ll, og Drottins engill elti \u00fe\u00e1.<a name=\"7\"><span class=\"versanumer\">7<\/span><\/a>\u00dev\u00ed \u00e1n saka l\u00f6g\u00f0u \u00feeir leynilega sitt net fyrir mig \u00ed gryfju, \u00e1n orsaka gr\u00f3fu \u00feeir gr\u00f6f gegn m\u00ednu l\u00edfi.<a name=\"8\"><span class=\"versanumer\">8<\/span><\/a>L\u00e1t ey\u00f0ileggingu yfir \u00fe\u00e1 koma, fyrr en \u00feeir af vita, l\u00e1t \u00feau net sem \u00feeir leynilega l\u00f6g\u00f0u, vei\u00f0a \u00fe\u00e1 sj\u00e1lfa, fl\u00e6kist \u00feeir \u00ed \u00feeim s\u00e9r til tj\u00f3ns.<a name=\"9\"><span class=\"versanumer\">9<\/span><\/a>En m\u00edn s\u00e1l skal gle\u00f0ja sig \u00ed Drottni, h\u00fan skal fagna vi\u00f0 hans frelsi.<a name=\"10\"><span class=\"versanumer\">10<\/span><\/a>\u00d6ll m\u00edn bein <span class='VideyAth'>a)<\/span> segja: Drottinn! hv\u00f6r er sem \u00fe\u00fa, \u00fe\u00fa sem frelsar \u00feann \u00f3lukkulega fr\u00e1 \u00feeim sem ber hann ofurli\u00f0a, j\u00e1, \u00feann f\u00e1r\u00e1\u00f0a og snau\u00f0a fr\u00e1 \u00feeim sem r\u00e6nir hann.<a name=\"11\"><span class=\"versanumer\">11<\/span><\/a>Ofbeldisvitni uppstanda, \u00feeir spyrja mig um \u00fea\u00f0 sem eg ekki veit,<a name=\"12\"><span class=\"versanumer\">12<\/span><\/a>\u00feeir launa m\u00e9r gott me\u00f0 illu, \u00feeir gj\u00f6ra mig muna\u00f0arlausan.<a name=\"13\"><span class=\"versanumer\">13<\/span><\/a>En eg, \u00feegar \u00feeir voru sj\u00fakir, eg \u00edkl\u00e6ddi mig sorgarb\u00faningi, og \u00fej\u00e1\u00f0i mig me\u00f0 f\u00f6stu, eg ba\u00f0 me\u00f0 ni\u00f0url\u00fatu h\u00f6f\u00f0i.<a name=\"14\"><span class=\"versanumer\">14<\/span><\/a>Eg haga\u00f0i m\u00e9r sem v\u00e6ru \u00feeir m\u00ednir br\u00e6\u00f0ur og vinir, eg gekk \u00ed sorgarb\u00faningi og var ni\u00f0url\u00fatur eins og s\u00e1 sem syrgir s\u00edna m\u00f3\u00f0ur.<a name=\"15\"><span class=\"versanumer\">15<\/span><\/a>En \u00feeir fagna yfir minni helti og samansafnast, \u00feeir samansafnast og ganga haltir eftir m\u00e9r \u00e1n \u00feess eg vissi \u00fea\u00f0, \u00feeir sundurt\u00e6ta mig og l\u00e1ta ekki af.<a name=\"16\"><span class=\"versanumer\">16<\/span><\/a>Me\u00f0al \u00f3sv\u00edfnustu manna, sem h\u00e6\u00f0a fyrir k\u00f6ku, n\u00edsta \u00feeir t\u00f6nnum yfir m\u00e9r. <br \/><a name=\"17\"><span class=\"versanumer\">17<\/span><\/a>Drottinn! hv\u00f6rsu lengi viltu horfa \u00e1 \u00feetta, flyttu m\u00edna s\u00e1lu fr\u00e1 \u00feeirra ey\u00f0ileggingu, mig yfirgefinn fr\u00e1 \u00feeim ungu lj\u00f3num.<a name=\"18\"><span class=\"versanumer\">18<\/span><\/a>Eg skal \u00feakka \u00fe\u00e9r \u00e1 mikilli samkomu, og lofa \u00feig \u00ed miklum f\u00f3lksfj\u00f6lda.<a name=\"19\"><span class=\"versanumer\">19<\/span><\/a>L\u00e1ttu \u00fe\u00e1 ekki hlakka yfir m\u00e9r sem eru \u00e1n saka m\u00ednir \u00f3vinir, sem hata mig fyrir enga s\u00f6k og depla augunum. <span class='VideyAth'>(K\u00edma a\u00f0 m\u00e9r)<\/span>.<a name=\"20\"><span class=\"versanumer\">20<\/span><\/a>\u00dev\u00ed \u00feeir tala ekki fri\u00f0, en \u00e1 m\u00f3ti \u00feeim kyrrl\u00e1tu \u00ed landinu upphugsa \u00feeir svik.<a name=\"21\"><span class=\"versanumer\">21<\/span><\/a>\u00deeir sperra upp gini\u00f0 \u00e1 m\u00f3ti m\u00e9r og segja: h\u00e6! h\u00e6! \u00fear sj\u00e1um v\u00e9r \u00fea\u00f0 me\u00f0 vorum augum.<a name=\"22\"><span class=\"versanumer\">22<\/span><\/a>\u00de\u00fa s\u00e9r \u00fea\u00f0, Drottinn! \u00feegi \u00fe\u00fa ekki minn Gu\u00f0!<a name=\"23\"><span class=\"versanumer\">23<\/span><\/a>Vertu ekki langt fr\u00e1 m\u00e9r, statt \u00fe\u00fa upp, vakna \u00fe\u00fa, svo eg n\u00e1i r\u00e9tti, minn Drottinn og minn Gu\u00f0! Vakna til m\u00edns m\u00e1lefnis.<a name=\"24\"><span class=\"versanumer\">24<\/span><\/a>D\u00e6m mig eftir \u00fe\u00ednu r\u00e9ttl\u00e6ti, Drottinn minn Gu\u00f0! l\u00e1t \u00fe\u00e1 ekki hlakka yfir m\u00e9r.<a name=\"25\"><span class=\"versanumer\">25<\/span><\/a>A\u00f0 \u00feeir ekki segi \u00ed s\u00ednu hjarta: sj\u00e1 \u00fear vora \u00f3sk! a\u00f0 \u00feeir ekki segi: v\u00e9r h\u00f6fum gleypt hann.<a name=\"26\"><span class=\"versanumer\">26<\/span><\/a>L\u00e1ttu \u00fe\u00e1 sneypast og ver\u00f0a til skammar alla \u00ed einni hr\u00fagu, \u00fe\u00e1 sem hlakka yfir minni \u00f3lukku. L\u00e1t \u00fe\u00e1 \u00edkl\u00e6\u00f0ast sk\u00f6mm og h\u00e1\u00f0ung sem \u00feykjast upp yfir m\u00e9r.<a name=\"27\"><span class=\"versanumer\">27<\/span><\/a>L\u00e1ttu \u00fe\u00e1 fagna og gle\u00f0jast sem hafa vel\u00fe\u00f3knan \u00e1 m\u00ednu r\u00e9ttl\u00e6ti, og l\u00e1t \u00fe\u00e1 \u00e6t\u00ed\u00f0 segja: h\u00e1ttlofa\u00f0ur s\u00e9 Drottinn! sem hefir vel\u00fe\u00f3knan \u00e1 fars\u00e6ld s\u00edns \u00fe\u00e9nara.<a name=\"28\"><span class=\"versanumer\">28<\/span><\/a>Svo skal m\u00edn tunga pr\u00edsa \u00feitt r\u00e9ttl\u00e6ti, hv\u00f6rn dag \u00feinn or\u00f0st\u00edr.<\/p>\n<div class=\"footnoteVidey\">V. 10. a. Mitt innsta hjarta.<\/div>\n","protected":false},"excerpt":{"rendered":"<p>B\u00e6n gegn \u00f3vinum. 1S\u00e1lmur Dav\u00ed\u00f0s. Drottinn! gakk \u00fe\u00fa \u00ed r\u00e9tt vi\u00f0 \u00fe\u00e1 sem ganga \u00ed r\u00e9tt vi\u00f0 mig\u2014berstu vi\u00f0 \u00fe\u00e1 sem berjast vi\u00f0 mig.2Taktu skj\u00f6ld og buklara og stattu upp a\u00f0 hj\u00e1lpa m\u00e9r.3Taktu fram spj\u00f3ti\u00f0, og settu \u00fea\u00f0 m\u00f3ti \u00feeirra \u00e1r\u00e1s sem ofs\u00e6kja mig. Seg\u00f0u vi\u00f0 m\u00edna s\u00e1l: eg er \u00fe\u00edn hj\u00e1lp.4Sneypist \u00feeir og ver\u00f0i fyrir h\u00e1\u00f0ung sem sitja um mitt l\u00edf! l\u00e1t \u00fe\u00e1 h\u00f6rfa til baka og til skammar ver\u00f0a sem vilja m\u00e9r illt.5L\u00e1t \u00fe\u00e1 ver\u00f0a sem fis fyrir vindi, og Drottins engill hrindi \u00feeim burt.6\u00deeirra vegur s\u00e9 dimmur og mj\u00f6g h\u00e1ll, og Drottins engill elti \u00fe\u00e1.7\u00dev\u00ed \u00e1n saka <a href=\"https:\/\/biblian.is\/videy\/salmarnir-35-kafli\/\"> [&#8230;]<\/a><\/p>\n","protected":false},"author":1,"featured_media":0,"parent":0,"menu_order":0,"comment_status":"open","ping_status":"open","template":"bibliukaflar.php","meta":{"footnotes":""},"class_list":["post-21362","page","type-page","status-publish","hentry"],"_links":{"self":[{"href":"https:\/\/biblian.is\/videy\/wp-json\/wp\/v2\/pages\/21362","targetHints":{"allow":["GET"]}}],"collection":[{"href":"https:\/\/biblian.is\/videy\/wp-json\/wp\/v2\/pages"}],"about":[{"href":"https:\/\/biblian.is\/videy\/wp-json\/wp\/v2\/types\/page"}],"author":[{"embeddable":true,"href":"https:\/\/biblian.is\/videy\/wp-json\/wp\/v2\/users\/1"}],"replies":[{"embeddable":true,"href":"https:\/\/biblian.is\/videy\/wp-json\/wp\/v2\/comments?post=21362"}],"version-history":[{"count":0,"href":"https:\/\/biblian.is\/videy\/wp-json\/wp\/v2\/pages\/21362\/revisions"}],"wp:attachment":[{"href":"https:\/\/biblian.is\/videy\/wp-json\/wp\/v2\/media?parent=21362"}],"curies":[{"name":"wp","href":"https:\/\/api.w.org\/{rel}","templated":true}]}}