{"id":21360,"date":"2018-01-02T01:01:35","date_gmt":"2018-01-02T01:01:35","guid":{"rendered":"http:\/\/biblian.is\/videy\/salmarnir-33-kafli\/"},"modified":"2018-01-02T01:01:35","modified_gmt":"2018-01-02T01:01:35","slug":"salmarnir-33-kafli","status":"publish","type":"page","link":"https:\/\/biblian.is\/videy\/salmarnir-33-kafli\/","title":{"rendered":"S\u00e1lmarnir 33. kafli"},"content":{"rendered":"<div class=\"fyrirsognVidey\">Drottinn heimsins og \u00cdsraels Gu\u00f0.<\/div>\n<p><a name=\"1\"><span class=\"versanumer\">1<\/span><\/a>Veri\u00f0 gla\u00f0ir, \u00fe\u00e9r r\u00e9ttl\u00e1tu \u00ed Drottni, \u00feeim hreinskilnu s\u00e6mir a\u00f0 syngja lofs\u00f6ng.<a name=\"2\"><span class=\"versanumer\">2<\/span><\/a>Vegsami\u00f0 Drottin me\u00f0 h\u00f6rpum, og spili\u00f0 fyrir honum \u00e1 t\u00edu strengja hlj\u00f3\u00f0f\u00e6ri,<a name=\"3\"><span class=\"versanumer\">3<\/span><\/a>syngi\u00f0 honum n\u00fdjan \u00f3\u00f0, sl\u00e1i\u00f0 \u00e1 strengina me\u00f0 fagna\u00f0arhlj\u00f3m.<a name=\"4\"><span class=\"versanumer\">4<\/span><\/a>\u00dev\u00ed satt er Drottins or\u00f0, og allt hans verk tr\u00fafast.<a name=\"5\"><span class=\"versanumer\">5<\/span><\/a>Hann elskar r\u00e9ttinn og r\u00e9ttv\u00edsi, j\u00f6r\u00f0in, h\u00fan er full af hans n\u00e1\u00f0.<a name=\"6\"><span class=\"versanumer\">6<\/span><\/a>Himinninn er fyrir or\u00f0 Drottins gj\u00f6r\u00f0ur, og fyrir anda hans munns allur himinsins her.<a name=\"7\"><span class=\"versanumer\">7<\/span><\/a>Hann heldur saman vatninu \u00ed sj\u00f3num eins og hr\u00fagu, og geymir \u00f6ldurnar \u00ed for\u00f0ab\u00fari.<a name=\"8\"><span class=\"versanumer\">8<\/span><\/a>\u00d6ll j\u00f6r\u00f0in \u00f3ttist Drottin, allir heimsins innb\u00faar hr\u00e6\u00f0ist hann,<a name=\"9\"><span class=\"versanumer\">9<\/span><\/a>\u00fev\u00ed hann tala\u00f0i og \u00fea\u00f0 ske\u00f0i, hann bau\u00f0 svo st\u00f3\u00f0 \u00fea\u00f0 \u00fear.<a name=\"10\"><span class=\"versanumer\">10<\/span><\/a>Drottinn \u00f3n\u00fdtir r\u00e1\u00f0agj\u00f6r\u00f0ir \u00fej\u00f3\u00f0anna, hann truflar hugsanir l\u00fd\u00f0sins.<a name=\"11\"><span class=\"versanumer\">11<\/span><\/a>Drottins r\u00e1\u00f0 stendur st\u00f6\u00f0ugt eil\u00edflega, hans hjartans hugsanir fr\u00e1 kyni til kyns.<a name=\"12\"><span class=\"versanumer\">12<\/span><\/a>S\u00e6l er s\u00fa \u00fej\u00f3\u00f0, hv\u00f6rrar Gu\u00f0 Drottinn er, \u00fea\u00f0 f\u00f3lk sem hann hefir \u00fatvali\u00f0 s\u00e9r til arfleif\u00f0ar.<a name=\"13\"><span class=\"versanumer\">13<\/span><\/a>Drottinn l\u00edtur ni\u00f0ur fr\u00e1 himni, og hann s\u00e9r \u00f6ll mannanna b\u00f6rn,<a name=\"14\"><span class=\"versanumer\">14<\/span><\/a>fr\u00e1 s\u00e6ti s\u00edns b\u00fasta\u00f0ar l\u00edtur hann ni\u00f0ur til allra sem \u00e1 j\u00f6r\u00f0unni b\u00faa.<a name=\"15\"><span class=\"versanumer\">15<\/span><\/a>Hann er s\u00e1 sem lagar allra \u00feeirra hj\u00f6rtu, hann g\u00e1ir a\u00f0 allra \u00feeirra verkum.<a name=\"16\"><span class=\"versanumer\">16<\/span><\/a>Konunginn sto\u00f0ar ekki maktarinnar st\u00e6r\u00f0, og hetjuna frelsar ekki kraftanna mikilleiki.<a name=\"17\"><span class=\"versanumer\">17<\/span><\/a>Brug\u00f0ist getur a\u00f0 hesturinn bjargi, hann getur ekki hj\u00e1lpa\u00f0 me\u00f0 s\u00ednum miklu kr\u00f6ftum.<a name=\"18\"><span class=\"versanumer\">18<\/span><\/a>Sj\u00e1 \u00fe\u00fa! augu Drottins l\u00edta til \u00feeirra sem hann \u00f3ttast, til \u00feeirra sem vona til hans miskunnar,<a name=\"19\"><span class=\"versanumer\">19<\/span><\/a>a\u00f0 hann frelsi \u00feeirra s\u00e1lir fr\u00e1 dau\u00f0anum, og vi\u00f0haldi \u00feeirra l\u00edfi \u00ed hall\u00e6rinu?<a name=\"20\"><span class=\"versanumer\">20<\/span><\/a>S\u00e1la vor b\u00ed\u00f0ur Drottins, hann er vor hj\u00e1lp og skj\u00f6ldur.<a name=\"21\"><span class=\"versanumer\">21<\/span><\/a>J\u00e1, \u00ed honum gle\u00f0jast vor hj\u00f6rtu, \u00fev\u00ed v\u00e9r rei\u00f0um oss \u00e1 hans heilaga nafn.<a name=\"22\"><span class=\"versanumer\">22<\/span><\/a>\u00de\u00edn miskunn s\u00e9 yfir oss, Drottinn! eftir \u00fev\u00ed sem v\u00e9r vonum \u00e1 \u00feig.<\/p>\n<div class=\"footnoteVidey\"><\/div>\n","protected":false},"excerpt":{"rendered":"<p>Drottinn heimsins og \u00cdsraels Gu\u00f0. 1Veri\u00f0 gla\u00f0ir, \u00fe\u00e9r r\u00e9ttl\u00e1tu \u00ed Drottni, \u00feeim hreinskilnu s\u00e6mir a\u00f0 syngja lofs\u00f6ng.2Vegsami\u00f0 Drottin me\u00f0 h\u00f6rpum, og spili\u00f0 fyrir honum \u00e1 t\u00edu strengja hlj\u00f3\u00f0f\u00e6ri,3syngi\u00f0 honum n\u00fdjan \u00f3\u00f0, sl\u00e1i\u00f0 \u00e1 strengina me\u00f0 fagna\u00f0arhlj\u00f3m.4\u00dev\u00ed satt er Drottins or\u00f0, og allt hans verk tr\u00fafast.5Hann elskar r\u00e9ttinn og r\u00e9ttv\u00edsi, j\u00f6r\u00f0in, h\u00fan er full af hans n\u00e1\u00f0.6Himinninn er fyrir or\u00f0 Drottins gj\u00f6r\u00f0ur, og fyrir anda hans munns allur himinsins her.7Hann heldur saman vatninu \u00ed sj\u00f3num eins og hr\u00fagu, og geymir \u00f6ldurnar \u00ed for\u00f0ab\u00fari.8\u00d6ll j\u00f6r\u00f0in \u00f3ttist Drottin, allir heimsins innb\u00faar hr\u00e6\u00f0ist hann,9\u00fev\u00ed hann tala\u00f0i og \u00fea\u00f0 ske\u00f0i, hann bau\u00f0 svo st\u00f3\u00f0 \u00fea\u00f0 <a href=\"https:\/\/biblian.is\/videy\/salmarnir-33-kafli\/\"> [&#8230;]<\/a><\/p>\n","protected":false},"author":1,"featured_media":0,"parent":0,"menu_order":0,"comment_status":"open","ping_status":"open","template":"bibliukaflar.php","meta":{"footnotes":""},"class_list":["post-21360","page","type-page","status-publish","hentry"],"_links":{"self":[{"href":"https:\/\/biblian.is\/videy\/wp-json\/wp\/v2\/pages\/21360","targetHints":{"allow":["GET"]}}],"collection":[{"href":"https:\/\/biblian.is\/videy\/wp-json\/wp\/v2\/pages"}],"about":[{"href":"https:\/\/biblian.is\/videy\/wp-json\/wp\/v2\/types\/page"}],"author":[{"embeddable":true,"href":"https:\/\/biblian.is\/videy\/wp-json\/wp\/v2\/users\/1"}],"replies":[{"embeddable":true,"href":"https:\/\/biblian.is\/videy\/wp-json\/wp\/v2\/comments?post=21360"}],"version-history":[{"count":0,"href":"https:\/\/biblian.is\/videy\/wp-json\/wp\/v2\/pages\/21360\/revisions"}],"wp:attachment":[{"href":"https:\/\/biblian.is\/videy\/wp-json\/wp\/v2\/media?parent=21360"}],"curies":[{"name":"wp","href":"https:\/\/api.w.org\/{rel}","templated":true}]}}