{"id":21359,"date":"2018-01-02T01:01:35","date_gmt":"2018-01-02T01:01:35","guid":{"rendered":"http:\/\/biblian.is\/videy\/salmarnir-32-kafli\/"},"modified":"2018-01-02T01:01:35","modified_gmt":"2018-01-02T01:01:35","slug":"salmarnir-32-kafli","status":"publish","type":"page","link":"https:\/\/biblian.is\/videy\/salmarnir-32-kafli\/","title":{"rendered":"S\u00e1lmarnir 32. kafli"},"content":{"rendered":"<div class=\"fyrirsognVidey\">Um syndafyrirgefningu.<\/div>\n<p><a name=\"1\"><span class=\"versanumer\">1<\/span><\/a>Dav\u00ed\u00f0s diktur. S\u00e6lir eru \u00feeir hv\u00f6rra yfirtro\u00f0slur eru fyrirgefnar, hv\u00f6rra syndir eru huldar.<a name=\"2\"><span class=\"versanumer\">2<\/span><\/a>S\u00e6ll er s\u00e1 ma\u00f0ur, hv\u00f6rjum Drottinn tilreiknar ekki syndina, og s\u00e1 \u00ed hv\u00f6rs anda ekki er fl\u00e6r\u00f0.<a name=\"3\"><span class=\"versanumer\">3<\/span><\/a>Me\u00f0an eg \u00feag\u00f0i, t\u00e6r\u00f0ust m\u00edn bein af minni andvarpan allan daginn.<a name=\"4\"><span class=\"versanumer\">4<\/span><\/a>\u00dev\u00ed dag og n\u00f3tt l\u00e1 \u00fe\u00edn h\u00f6nd \u00feungt \u00e1 m\u00e9r, svo a\u00f0 m\u00ednir l\u00edfs vessar \u00feornu\u00f0u, eins og \u00ed sumar\u00feurrki, <span class='VideyAth'>(m\u00e1lhv\u00edld)<\/span>.<a name=\"5\"><span class=\"versanumer\">5<\/span><\/a>Eg me\u00f0kenndi fyrir \u00fe\u00e9r m\u00edna synd, og f\u00f3l ekki minn misgj\u00f6rning, eg sag\u00f0i: eg skal j\u00e1ta Drottni m\u00ednar yfirtro\u00f0slur og \u00fe\u00e1 gafstu m\u00e9r upp m\u00edna syndasekt <span class='VideyAth'>(m\u00e1lhv\u00edld)<\/span>.<a name=\"6\"><span class=\"versanumer\">6<\/span><\/a>\u00deess vegna bi\u00f0ji \u00feig allir gu\u00f0hr\u00e6ddir, me\u00f0an \u00feig er a\u00f0 finna; \u00ed mikilli vatnshr\u00ed\u00f0, munu \u00feeir ekki til hans n\u00e1. <br \/><a name=\"7\"><span class=\"versanumer\">7<\/span><\/a>\u00de\u00fa ert mitt h\u00e6li, \u00fe\u00fa var\u00f0veitir mig fyrir angistinni, me\u00f0 frelsisf\u00f6gnu\u00f0i umkringir \u00fe\u00fa mig. M\u00e1lhv\u00edld.<a name=\"8\"><span class=\"versanumer\">8<\/span><\/a>Eg vil uppfr\u00e6\u00f0a \u00feig, og kenna \u00fe\u00e9r hv\u00f6rn veg \u00fe\u00fa skalt ganga; eg vil v\u00edsa \u00fe\u00e9r lei\u00f0, hafa auga \u00e1 \u00fe\u00e9r.<a name=\"9\"><span class=\"versanumer\">9<\/span><\/a>Veri\u00f0 ekki sem hestar og m\u00falar sem ekki hafa vit, sem \u00fe\u00fa ver\u00f0ur a\u00f0 \u00fevinga me\u00f0 taum og beisli, \u00fev\u00ed annars koma \u00feeir ekki n\u00e6rri \u00fe\u00e9r.<a name=\"10\"><span class=\"versanumer\">10<\/span><\/a>S\u00e1 \u00f3gu\u00f0legi hefir margar pl\u00e1gur, en \u00feann sem vonar \u00e1 Drottin, mun miskunnsemi umkringja.<a name=\"11\"><span class=\"versanumer\">11<\/span><\/a>Gle\u00f0ji\u00f0 y\u00f0ur og fagni\u00f0, \u00fe\u00e9r r\u00e9ttl\u00e1tir, og syngi\u00f0 me\u00f0 gle\u00f0i allir \u00fe\u00e9r, sem eru\u00f0 hreinskilnir af hjarta.<\/p>\n<div class=\"footnoteVidey\"><\/div>\n","protected":false},"excerpt":{"rendered":"<p>Um syndafyrirgefningu. 1Dav\u00ed\u00f0s diktur. S\u00e6lir eru \u00feeir hv\u00f6rra yfirtro\u00f0slur eru fyrirgefnar, hv\u00f6rra syndir eru huldar.2S\u00e6ll er s\u00e1 ma\u00f0ur, hv\u00f6rjum Drottinn tilreiknar ekki syndina, og s\u00e1 \u00ed hv\u00f6rs anda ekki er fl\u00e6r\u00f0.3Me\u00f0an eg \u00feag\u00f0i, t\u00e6r\u00f0ust m\u00edn bein af minni andvarpan allan daginn.4\u00dev\u00ed dag og n\u00f3tt l\u00e1 \u00fe\u00edn h\u00f6nd \u00feungt \u00e1 m\u00e9r, svo a\u00f0 m\u00ednir l\u00edfs vessar \u00feornu\u00f0u, eins og \u00ed sumar\u00feurrki, (m\u00e1lhv\u00edld).5Eg me\u00f0kenndi fyrir \u00fe\u00e9r m\u00edna synd, og f\u00f3l ekki minn misgj\u00f6rning, eg sag\u00f0i: eg skal j\u00e1ta Drottni m\u00ednar yfirtro\u00f0slur og \u00fe\u00e1 gafstu m\u00e9r upp m\u00edna syndasekt (m\u00e1lhv\u00edld).6\u00deess vegna bi\u00f0ji \u00feig allir gu\u00f0hr\u00e6ddir, me\u00f0an \u00feig er a\u00f0 finna; \u00ed mikilli vatnshr\u00ed\u00f0, <a href=\"https:\/\/biblian.is\/videy\/salmarnir-32-kafli\/\"> [&#8230;]<\/a><\/p>\n","protected":false},"author":1,"featured_media":0,"parent":0,"menu_order":0,"comment_status":"open","ping_status":"open","template":"bibliukaflar.php","meta":{"footnotes":""},"class_list":["post-21359","page","type-page","status-publish","hentry"],"_links":{"self":[{"href":"https:\/\/biblian.is\/videy\/wp-json\/wp\/v2\/pages\/21359","targetHints":{"allow":["GET"]}}],"collection":[{"href":"https:\/\/biblian.is\/videy\/wp-json\/wp\/v2\/pages"}],"about":[{"href":"https:\/\/biblian.is\/videy\/wp-json\/wp\/v2\/types\/page"}],"author":[{"embeddable":true,"href":"https:\/\/biblian.is\/videy\/wp-json\/wp\/v2\/users\/1"}],"replies":[{"embeddable":true,"href":"https:\/\/biblian.is\/videy\/wp-json\/wp\/v2\/comments?post=21359"}],"version-history":[{"count":0,"href":"https:\/\/biblian.is\/videy\/wp-json\/wp\/v2\/pages\/21359\/revisions"}],"wp:attachment":[{"href":"https:\/\/biblian.is\/videy\/wp-json\/wp\/v2\/media?parent=21359"}],"curies":[{"name":"wp","href":"https:\/\/api.w.org\/{rel}","templated":true}]}}