{"id":21358,"date":"2018-01-02T01:01:35","date_gmt":"2018-01-02T01:01:35","guid":{"rendered":"http:\/\/biblian.is\/videy\/salmarnir-31-kafli\/"},"modified":"2018-01-02T01:01:35","modified_gmt":"2018-01-02T01:01:35","slug":"salmarnir-31-kafli","status":"publish","type":"page","link":"https:\/\/biblian.is\/videy\/salmarnir-31-kafli\/","title":{"rendered":"S\u00e1lmarnir 31. kafli"},"content":{"rendered":"<div class=\"fyrirsognVidey\">B\u00e6n um frelsi.<\/div>\n<p><a name=\"1\"><span class=\"versanumer\">1<\/span><\/a>Til hlj\u00f3\u00f0f\u00e6rameistarans. Lj\u00f3\u00f0m\u00e6li Dav\u00ed\u00f0s.<a name=\"2\"><span class=\"versanumer\">2<\/span><\/a>\u00c1 \u00feig, Drottinn! rei\u00f0i eg mig, l\u00e1ttu mig ekki eil\u00edflega ver\u00f0a til skammar, frelsa \u00fe\u00fa mig eftir \u00fe\u00ednu r\u00e9ttl\u00e6ti.<a name=\"3\"><span class=\"versanumer\">3<\/span><\/a>Hneig \u00feitt eyra til m\u00edn, bjarga m\u00e9r skj\u00f3tt, vertu m\u00e9r \u00f6ruggt v\u00edgi, bjarg m\u00e9r til frelsunar.<a name=\"4\"><span class=\"versanumer\">4<\/span><\/a>J\u00e1, \u00fe\u00fa ert mitt bjarg og v\u00edgi, og fyrir \u00fe\u00edns nafns sakir munt \u00fe\u00fa lei\u00f0a mig og st\u00fdra m\u00e9r,<a name=\"5\"><span class=\"versanumer\">5<\/span><\/a>\u00fatlei\u00f0a mig \u00far netinu sem \u00feeir hafa lagt fyrir mig, \u00fev\u00ed \u00fe\u00fa ert m\u00edn v\u00f6rn.<a name=\"6\"><span class=\"versanumer\">6<\/span><\/a>\u00cd \u00fe\u00edna h\u00f6nd fel eg minn anda, \u00fe\u00fa munt frelsa mig, Drottinn! \u00fe\u00fa tr\u00fafasti Gu\u00f0.<a name=\"7\"><span class=\"versanumer\">7<\/span><\/a>Eg hata \u00fe\u00e1 sem hei\u00f0ra h\u00e9g\u00f3mann <span class='VideyAth'>(afgu\u00f0ina)<\/span>, og rei\u00f0i mig \u00e1 Drottin.<a name=\"8\"><span class=\"versanumer\">8<\/span><\/a>Eg mun fagna og vera gla\u00f0ur af \u00feinni miskunn, \u00fev\u00ed \u00fe\u00fa hefir s\u00e9\u00f0 m\u00edna eymd og teki\u00f0 eftir \u00ferenging minnar s\u00e1lar.<a name=\"9\"><span class=\"versanumer\">9<\/span><\/a>\u00de\u00fa afhentir mig ekki \u00e1 vald minna \u00f3vina, \u00fe\u00fa settir minn f\u00f3t \u00e1 r\u00famg\u00f3\u00f0an v\u00f6ll.<a name=\"10\"><span class=\"versanumer\">10<\/span><\/a>Drottinn! vertu m\u00e9r miskunnsamur, \u00fev\u00ed eg em \u00ed angist, mitt auga daprast af sorg, eins og m\u00edn s\u00e1l og minn l\u00edkami dregst upp.<a name=\"11\"><span class=\"versanumer\">11<\/span><\/a>J\u00e1, mitt l\u00edf ey\u00f0ist \u00ed hrygg\u00f0, og m\u00edn \u00e1r \u00ed andv\u00f6rpum, minn kraftur r\u00e9nar \u00ed m\u00ednum \u00fej\u00e1ningum og m\u00edn bein sundurleysast.<a name=\"12\"><span class=\"versanumer\">12<\/span><\/a>S\u00f6kum allra minna \u00f3vina er eg or\u00f0inn a\u00f0 athl\u00e6gi, a\u00f0 athl\u00e6gi fyrir m\u00ednum n\u00e1gr\u00f6nnum; a\u00f0 \u00f3tta fyrir m\u00ednum kunningjum. \u00deeir sem sj\u00e1 mig \u00fati, fl\u00fdja fyrir m\u00e9r.<a name=\"13\"><span class=\"versanumer\">13<\/span><\/a>Eins og dau\u00f0um er m\u00e9r gleymt \u00far hj\u00f6rtum manna, eg em eins og sundurbroti\u00f0 ker.<a name=\"14\"><span class=\"versanumer\">14<\/span><\/a>\u00dev\u00ed eg heyri baktal margra, skelfing er allt \u00ed kringum mig, \u00fev\u00ed \u00feeir taka r\u00e1\u00f0 s\u00edn saman m\u00f3ti m\u00e9r; \u00feeir hugsa a\u00f0 r\u00e1\u00f0a mig af d\u00f6gum.<a name=\"15\"><span class=\"versanumer\">15<\/span><\/a>En eg rei\u00f0i mig \u00e1 \u00feig, Drottinn! og segi: \u00fe\u00fa ert minn Gu\u00f0.<a name=\"16\"><span class=\"versanumer\">16<\/span><\/a>M\u00ednir t\u00edmar standa \u00ed \u00feinni hendi, frelsa mig fr\u00e1 ofbeldi minna \u00f3vina, og fr\u00e1 \u00feeim sem mig ofs\u00e6kja.<a name=\"17\"><span class=\"versanumer\">17<\/span><\/a>L\u00e1ttu \u00feitt andlit l\u00fdsa yfir \u00feinn \u00fe\u00e9nara, frelsa mig fyrir \u00fe\u00edna miskunnsemi.<a name=\"18\"><span class=\"versanumer\">18<\/span><\/a>Drottinn! l\u00e1ttu mig ekki til skammar ver\u00f0a, \u00fev\u00ed eg \u00e1kalla \u00feig. L\u00e1t \u00fe\u00e1 \u00f3gu\u00f0legu ver\u00f0a til skammar; l\u00e1t \u00fe\u00e1 \u00ed gr\u00f6finni liggja \u00ed \u00fe\u00f6gn.<a name=\"19\"><span class=\"versanumer\">19<\/span><\/a>L\u00e1t \u00fe\u00e6r fl\u00e1r\u00e1\u00f0u varir \u00feagna, sem tala hart m\u00f3ti \u00feeim r\u00e9ttv\u00edsu, drambsamlega og me\u00f0 forakti.<a name=\"20\"><span class=\"versanumer\">20<\/span><\/a>Hv\u00f6rsu st\u00f3r eru \u00feau g\u00e6\u00f0i, sem \u00fe\u00fa geymir \u00feeim er \u00feig \u00f3ttast og veitir \u00feeim sem treysta \u00fe\u00e9r \u00ed augs\u00fdn mannanna barna.<a name=\"21\"><span class=\"versanumer\">21<\/span><\/a>\u00de\u00fa felur \u00fe\u00e1 me\u00f0 sk\u00fdlu \u00fe\u00edns andlitis fyrir manna \u00f3vinsamlegri \u00e1r\u00e1s, \u00fe\u00fa geymir \u00fe\u00e1 \u00ed tjaldb\u00fa\u00f0 fyrir tungnanna gj\u00e1lfri.<a name=\"22\"><span class=\"versanumer\">22<\/span><\/a>Lofa\u00f0ur veri Drottinn fyrir \u00fea\u00f0 hann hefir au\u00f0s\u00fdnt m\u00e9r d\u00e1samlega g\u00f3\u00f0girni, og leitt mig \u00ed \u00f6ruggt v\u00edgi.<a name=\"23\"><span class=\"versanumer\">23<\/span><\/a>Eg sag\u00f0i \u00ed minni angist: eg em afm\u00e1\u00f0ur fyrir \u00fe\u00ednum augum, en \u00fe\u00fa heyr\u00f0ir m\u00edna gr\u00e1tbei\u00f0ni, \u00feegar eg kalla\u00f0i til \u00fe\u00edn.<a name=\"24\"><span class=\"versanumer\">24<\/span><\/a>Elski\u00f0 Drottin, allir hans \u00fatvaldir. \u00de\u00e1 tr\u00faf\u00f6stu var\u00f0veitir Drottinn, og geldur \u00feeim drambs\u00f6mu r\u00edkuglega.<a name=\"25\"><span class=\"versanumer\">25<\/span><\/a>Veri\u00f0 \u00f6ruggir og me\u00f0 r\u00f3legu hjarta, \u00fe\u00e9r allir sem Drottins b\u00ed\u00f0i\u00f0.<\/p>\n<div class=\"footnoteVidey\"><\/div>\n","protected":false},"excerpt":{"rendered":"<p>B\u00e6n um frelsi. 1Til hlj\u00f3\u00f0f\u00e6rameistarans. Lj\u00f3\u00f0m\u00e6li Dav\u00ed\u00f0s.2\u00c1 \u00feig, Drottinn! rei\u00f0i eg mig, l\u00e1ttu mig ekki eil\u00edflega ver\u00f0a til skammar, frelsa \u00fe\u00fa mig eftir \u00fe\u00ednu r\u00e9ttl\u00e6ti.3Hneig \u00feitt eyra til m\u00edn, bjarga m\u00e9r skj\u00f3tt, vertu m\u00e9r \u00f6ruggt v\u00edgi, bjarg m\u00e9r til frelsunar.4J\u00e1, \u00fe\u00fa ert mitt bjarg og v\u00edgi, og fyrir \u00fe\u00edns nafns sakir munt \u00fe\u00fa lei\u00f0a mig og st\u00fdra m\u00e9r,5\u00fatlei\u00f0a mig \u00far netinu sem \u00feeir hafa lagt fyrir mig, \u00fev\u00ed \u00fe\u00fa ert m\u00edn v\u00f6rn.6\u00cd \u00fe\u00edna h\u00f6nd fel eg minn anda, \u00fe\u00fa munt frelsa mig, Drottinn! \u00fe\u00fa tr\u00fafasti Gu\u00f0.7Eg hata \u00fe\u00e1 sem hei\u00f0ra h\u00e9g\u00f3mann (afgu\u00f0ina), og rei\u00f0i mig \u00e1 Drottin.8Eg mun fagna og <a href=\"https:\/\/biblian.is\/videy\/salmarnir-31-kafli\/\"> [&#8230;]<\/a><\/p>\n","protected":false},"author":1,"featured_media":0,"parent":0,"menu_order":0,"comment_status":"open","ping_status":"open","template":"bibliukaflar.php","meta":{"footnotes":""},"class_list":["post-21358","page","type-page","status-publish","hentry"],"_links":{"self":[{"href":"https:\/\/biblian.is\/videy\/wp-json\/wp\/v2\/pages\/21358","targetHints":{"allow":["GET"]}}],"collection":[{"href":"https:\/\/biblian.is\/videy\/wp-json\/wp\/v2\/pages"}],"about":[{"href":"https:\/\/biblian.is\/videy\/wp-json\/wp\/v2\/types\/page"}],"author":[{"embeddable":true,"href":"https:\/\/biblian.is\/videy\/wp-json\/wp\/v2\/users\/1"}],"replies":[{"embeddable":true,"href":"https:\/\/biblian.is\/videy\/wp-json\/wp\/v2\/comments?post=21358"}],"version-history":[{"count":0,"href":"https:\/\/biblian.is\/videy\/wp-json\/wp\/v2\/pages\/21358\/revisions"}],"wp:attachment":[{"href":"https:\/\/biblian.is\/videy\/wp-json\/wp\/v2\/media?parent=21358"}],"curies":[{"name":"wp","href":"https:\/\/api.w.org\/{rel}","templated":true}]}}