{"id":21356,"date":"2018-01-02T01:01:35","date_gmt":"2018-01-02T01:01:35","guid":{"rendered":"http:\/\/biblian.is\/videy\/salmarnir-29-kafli\/"},"modified":"2018-01-02T01:01:35","modified_gmt":"2018-01-02T01:01:35","slug":"salmarnir-29-kafli","status":"publish","type":"page","link":"https:\/\/biblian.is\/videy\/salmarnir-29-kafli\/","title":{"rendered":"S\u00e1lmarnir 29. kafli"},"content":{"rendered":"<div class=\"fyrirsognVidey\">Lofgj\u00f6r\u00f0ars\u00e1lmur.<\/div>\n<p><a name=\"1\"><span class=\"versanumer\">1<\/span><\/a>S\u00e1lmur Dav\u00ed\u00f0s. Gefi\u00f0 Drottni, \u00fe\u00e9r b\u00f6rn hinna voldugu, gefi\u00f0 Drottni lofgj\u00f6r\u00f0 og hei\u00f0ur.<a name=\"2\"><span class=\"versanumer\">2<\/span><\/a>Gefi\u00f0 Drottni d\u00fdr\u00f0ina hans nafns! tilbi\u00f0ji\u00f0 Drottin \u00ed heil\u00f6gu skarti!<a name=\"3\"><span class=\"versanumer\">3<\/span><\/a>Drottins raust fer yfir v\u00f6tnin. D\u00fdr\u00f0arinnar Gu\u00f0 \u00ferumar. Drottinn er yfir \u00feeim miklu v\u00f6tnum.<a name=\"4\"><span class=\"versanumer\">4<\/span><\/a>Drottins raust er kr\u00f6ftug. Drottins raust er d\u00fdr\u00f0leg.<a name=\"5\"><span class=\"versanumer\">5<\/span><\/a>Drottins raust sundurbr\u00fdtur sedrusvi\u00f0inn, j\u00e1, Drottinn hefir sundurbroti\u00f0 sedrusvi\u00f0inn \u00e1 Libanon<span class='VideyAth'>(fjalli)<\/span>.<a name=\"6\"><span class=\"versanumer\">6<\/span><\/a>Hann l\u00e6tur hann st\u00f6kkva upp sem k\u00e1lfa, Libanon og Sirion eins og ung \u00f3tamin naut.<a name=\"7\"><span class=\"versanumer\">7<\/span><\/a>Drottins raust \u00fatsendir eldsloga,<a name=\"8\"><span class=\"versanumer\">8<\/span><\/a>Drottins raust l\u00e6tur ey\u00f0im\u00f6rkina bifast, Kadess ey\u00f0im\u00f6rk skj\u00e1lfa.<a name=\"9\"><span class=\"versanumer\">9<\/span><\/a>Drottins raust kemur hindunum til a\u00f0 f\u00e6\u00f0a, og afkl\u00e6\u00f0ir sk\u00f3gana, en \u00ed hans musteri segir allt: <span class='VideyAth'>(honum s\u00e9)<\/span> d\u00fdr\u00f0!<a name=\"10\"><span class=\"versanumer\">10<\/span><\/a>Drottinn situr upp yfir v\u00f6tnunum, Drottinn situr sem konungur a\u00f0 eil\u00edfu.<a name=\"11\"><span class=\"versanumer\">11<\/span><\/a>Drottinn verndar sitt f\u00f3lk, Drottinn mun blessa sitt f\u00f3lk me\u00f0 fri\u00f0i.<\/p>\n<div class=\"footnoteVidey\"><\/div>\n","protected":false},"excerpt":{"rendered":"<p>Lofgj\u00f6r\u00f0ars\u00e1lmur. 1S\u00e1lmur Dav\u00ed\u00f0s. Gefi\u00f0 Drottni, \u00fe\u00e9r b\u00f6rn hinna voldugu, gefi\u00f0 Drottni lofgj\u00f6r\u00f0 og hei\u00f0ur.2Gefi\u00f0 Drottni d\u00fdr\u00f0ina hans nafns! tilbi\u00f0ji\u00f0 Drottin \u00ed heil\u00f6gu skarti!3Drottins raust fer yfir v\u00f6tnin. D\u00fdr\u00f0arinnar Gu\u00f0 \u00ferumar. Drottinn er yfir \u00feeim miklu v\u00f6tnum.4Drottins raust er kr\u00f6ftug. Drottins raust er d\u00fdr\u00f0leg.5Drottins raust sundurbr\u00fdtur sedrusvi\u00f0inn, j\u00e1, Drottinn hefir sundurbroti\u00f0 sedrusvi\u00f0inn \u00e1 Libanon(fjalli).6Hann l\u00e6tur hann st\u00f6kkva upp sem k\u00e1lfa, Libanon og Sirion eins og ung \u00f3tamin naut.7Drottins raust \u00fatsendir eldsloga,8Drottins raust l\u00e6tur ey\u00f0im\u00f6rkina bifast, Kadess ey\u00f0im\u00f6rk skj\u00e1lfa.9Drottins raust kemur hindunum til a\u00f0 f\u00e6\u00f0a, og afkl\u00e6\u00f0ir sk\u00f3gana, en \u00ed hans musteri segir allt: (honum s\u00e9) d\u00fdr\u00f0!10Drottinn situr upp yfir v\u00f6tnunum, Drottinn <a href=\"https:\/\/biblian.is\/videy\/salmarnir-29-kafli\/\"> [&#8230;]<\/a><\/p>\n","protected":false},"author":1,"featured_media":0,"parent":0,"menu_order":0,"comment_status":"open","ping_status":"open","template":"bibliukaflar.php","meta":{"footnotes":""},"class_list":["post-21356","page","type-page","status-publish","hentry"],"_links":{"self":[{"href":"https:\/\/biblian.is\/videy\/wp-json\/wp\/v2\/pages\/21356","targetHints":{"allow":["GET"]}}],"collection":[{"href":"https:\/\/biblian.is\/videy\/wp-json\/wp\/v2\/pages"}],"about":[{"href":"https:\/\/biblian.is\/videy\/wp-json\/wp\/v2\/types\/page"}],"author":[{"embeddable":true,"href":"https:\/\/biblian.is\/videy\/wp-json\/wp\/v2\/users\/1"}],"replies":[{"embeddable":true,"href":"https:\/\/biblian.is\/videy\/wp-json\/wp\/v2\/comments?post=21356"}],"version-history":[{"count":0,"href":"https:\/\/biblian.is\/videy\/wp-json\/wp\/v2\/pages\/21356\/revisions"}],"wp:attachment":[{"href":"https:\/\/biblian.is\/videy\/wp-json\/wp\/v2\/media?parent=21356"}],"curies":[{"name":"wp","href":"https:\/\/api.w.org\/{rel}","templated":true}]}}