{"id":21351,"date":"2018-01-02T01:01:35","date_gmt":"2018-01-02T01:01:35","guid":{"rendered":"http:\/\/biblian.is\/videy\/salmarnir-24-kafli\/"},"modified":"2018-01-02T01:01:35","modified_gmt":"2018-01-02T01:01:35","slug":"salmarnir-24-kafli","status":"publish","type":"page","link":"https:\/\/biblian.is\/videy\/salmarnir-24-kafli\/","title":{"rendered":"S\u00e1lmarnir 24. kafli"},"content":{"rendered":"<div class=\"fyrirsognVidey\">Lofs\u00f6ngur \u00fe\u00e1 \u00f6rkin var s\u00f3tt.<\/div>\n<p><a name=\"1\"><span class=\"versanumer\">1<\/span><\/a>S\u00e1lmur Dav\u00ed\u00f0s. J\u00f6r\u00f0in er Drottins, og hennar fylling. Jar\u00f0r\u00edki\u00f0 og \u00feeir sem \u00e1 \u00fev\u00ed b\u00faa.<a name=\"2\"><span class=\"versanumer\">2<\/span><\/a>\u00dev\u00ed hann grundvalla\u00f0i hana \u00e1 h\u00f6funum, og festi hana \u00e1 v\u00f6tnunum.<a name=\"3\"><span class=\"versanumer\">3<\/span><\/a>Hv\u00f6r \u00feorir a\u00f0 st\u00edga upp \u00ed Drottins borg? hv\u00f6r vogar a\u00f0 ganga fram \u00e1 hans heilaga sta\u00f0?<a name=\"4\"><span class=\"versanumer\">4<\/span><\/a>S\u00e1 sem hefir saklausar hendur, og hreint hjarta. S\u00e1 sem ekki leggur hans nafn vi\u00f0 lygar, <span class='VideyAth'>(h\u00e9g\u00f3ma)<\/span> og ekki sver rangan ei\u00f0.<a name=\"5\"><span class=\"versanumer\">5<\/span><\/a>S\u00e1 hinn sami mun me\u00f0taka blessan af Drottni, og miskunn fr\u00e1 Gu\u00f0i s\u00edns hj\u00e1lpr\u00e6\u00f0is.<a name=\"6\"><span class=\"versanumer\">6<\/span><\/a>\u00deetta er kynsl\u00f3\u00f0 \u00feeirra sem a\u00f0 honum spyrja; Jakobs b\u00f6rn sem leita \u00fe\u00edns andlitis, <span class='VideyAth'>(M\u00e1lhv\u00edld)<\/span>.<a name=\"7\"><span class=\"versanumer\">7<\/span><\/a>\u00dei\u00f0 port! lyfti\u00f0 upp y\u00f0ar efra parti, opni\u00f0 y\u00f0ur, \u00fei\u00f0 eil\u00edfu dyr, a\u00f0 d\u00fdr\u00f0arinnar konungur geti komist inn.<a name=\"8\"><span class=\"versanumer\">8<\/span><\/a>Hv\u00f6r er s\u00e1 d\u00fdr\u00f0arinnar konungur? Drottinn, s\u00e1 sterki og m\u00e1ttugi, Drottinn, voldugur \u00ed str\u00ed\u00f0i.<br \/><a name=\"9\"><span class=\"versanumer\">9<\/span><\/a>\u00dei\u00f0 port, upplyfti\u00f0 y\u00f0ar efra hluta! j\u00e1 opnist \u00fei\u00f0 eil\u00edfu dyr, a\u00f0 d\u00fdr\u00f0arinnar konungur geti komist inn.<a name=\"10\"><span class=\"versanumer\">10<\/span><\/a>Hv\u00f6r er s\u00e1 d\u00fdr\u00f0arinnar konungur? Drottinn, herskaranna Gu\u00f0, hann er d\u00fdr\u00f0arinnar konungur. <span class='VideyAth'>(M\u00e1lhv\u00edld)<\/span>.<\/p>\n<div class=\"footnoteVidey\">V. 1. Fylling: \u00fea\u00f0 sem j\u00f6r\u00f0ina fyllir.<\/div>\n","protected":false},"excerpt":{"rendered":"<p>Lofs\u00f6ngur \u00fe\u00e1 \u00f6rkin var s\u00f3tt. 1S\u00e1lmur Dav\u00ed\u00f0s. J\u00f6r\u00f0in er Drottins, og hennar fylling. Jar\u00f0r\u00edki\u00f0 og \u00feeir sem \u00e1 \u00fev\u00ed b\u00faa.2\u00dev\u00ed hann grundvalla\u00f0i hana \u00e1 h\u00f6funum, og festi hana \u00e1 v\u00f6tnunum.3Hv\u00f6r \u00feorir a\u00f0 st\u00edga upp \u00ed Drottins borg? hv\u00f6r vogar a\u00f0 ganga fram \u00e1 hans heilaga sta\u00f0?4S\u00e1 sem hefir saklausar hendur, og hreint hjarta. S\u00e1 sem ekki leggur hans nafn vi\u00f0 lygar, (h\u00e9g\u00f3ma) og ekki sver rangan ei\u00f0.5S\u00e1 hinn sami mun me\u00f0taka blessan af Drottni, og miskunn fr\u00e1 Gu\u00f0i s\u00edns hj\u00e1lpr\u00e6\u00f0is.6\u00deetta er kynsl\u00f3\u00f0 \u00feeirra sem a\u00f0 honum spyrja; Jakobs b\u00f6rn sem leita \u00fe\u00edns andlitis, (M\u00e1lhv\u00edld).7\u00dei\u00f0 port! lyfti\u00f0 upp y\u00f0ar efra parti, <a href=\"https:\/\/biblian.is\/videy\/salmarnir-24-kafli\/\"> [&#8230;]<\/a><\/p>\n","protected":false},"author":1,"featured_media":0,"parent":0,"menu_order":0,"comment_status":"open","ping_status":"open","template":"bibliukaflar.php","meta":{"footnotes":""},"class_list":["post-21351","page","type-page","status-publish","hentry"],"_links":{"self":[{"href":"https:\/\/biblian.is\/videy\/wp-json\/wp\/v2\/pages\/21351","targetHints":{"allow":["GET"]}}],"collection":[{"href":"https:\/\/biblian.is\/videy\/wp-json\/wp\/v2\/pages"}],"about":[{"href":"https:\/\/biblian.is\/videy\/wp-json\/wp\/v2\/types\/page"}],"author":[{"embeddable":true,"href":"https:\/\/biblian.is\/videy\/wp-json\/wp\/v2\/users\/1"}],"replies":[{"embeddable":true,"href":"https:\/\/biblian.is\/videy\/wp-json\/wp\/v2\/comments?post=21351"}],"version-history":[{"count":0,"href":"https:\/\/biblian.is\/videy\/wp-json\/wp\/v2\/pages\/21351\/revisions"}],"wp:attachment":[{"href":"https:\/\/biblian.is\/videy\/wp-json\/wp\/v2\/media?parent=21351"}],"curies":[{"name":"wp","href":"https:\/\/api.w.org\/{rel}","templated":true}]}}