{"id":21349,"date":"2018-01-02T01:01:29","date_gmt":"2018-01-02T01:01:29","guid":{"rendered":"http:\/\/biblian.is\/videy\/salmarnir-22-kafli\/"},"modified":"2018-01-02T01:01:29","modified_gmt":"2018-01-02T01:01:29","slug":"salmarnir-22-kafli","status":"publish","type":"page","link":"https:\/\/biblian.is\/videy\/salmarnir-22-kafli\/","title":{"rendered":"S\u00e1lmarnir 22. kafli"},"content":{"rendered":"<div class=\"fyrirsognVidey\">B\u00e6n og von \u00feess \u00fej\u00e1\u00f0a.<\/div>\n<p><a name=\"1\"><span class=\"versanumer\">1<\/span><\/a>Til hlj\u00f3\u00f0f\u00e6rameistarans me\u00f0 lagi: Morgunro\u00f0ans hind. S\u00e1lmur Dav\u00ed\u00f0s.<a name=\"2\"><span class=\"versanumer\">2<\/span><\/a>Gu\u00f0 minn! Gu\u00f0 minn! hvar fyrir hefur \u00fe\u00fa yfirgefi\u00f0 mig? eg kveina, en m\u00edn hj\u00e1lp er fj\u00e6rl\u00e6g.<a name=\"3\"><span class=\"versanumer\">3<\/span><\/a>Minn Gu\u00f0! \u00e1 daginn kalla eg, og \u00fe\u00fa ansar ekki, \u00e1 n\u00f3ttunni, og eg f\u00e6 enga r\u00f3.<a name=\"4\"><span class=\"versanumer\">4<\/span><\/a>Og \u00fe\u00f3 ertu s\u00e1 heilagi, sem b\u00fdr me\u00f0al \u00cdsraels lofs\u00f6ngva.<a name=\"5\"><span class=\"versanumer\">5<\/span><\/a>\u00de\u00e9r treystu fe\u00f0ur vorir; \u00feeir reiddu sig \u00e1 \u00feig, og ur\u00f0u ei til skammar.<a name=\"6\"><span class=\"versanumer\">6<\/span><\/a>\u00deeir k\u00f6llu\u00f0u til \u00fe\u00edn og sluppu, \u00feeir reiddu sig \u00e1 \u00feig, og ur\u00f0u ei til skammar.<a name=\"7\"><span class=\"versanumer\">7<\/span><\/a>En eg em ma\u00f0kur, og ekki ma\u00f0ur, spott mannanna og fyrirlitning f\u00f3lksins.<a name=\"8\"><span class=\"versanumer\">8<\/span><\/a>Allir sem sj\u00e1 mig, h\u00e6\u00f0a mig, sk\u00e6la munninn og hrista h\u00f6fu\u00f0i\u00f0, <span class='VideyAth'>(og segja)<\/span>:<a name=\"9\"><span class=\"versanumer\">9<\/span><\/a>\u201eFeli hann Drottni sitt m\u00e1lefni, hj\u00e1lpi hann honum, bjargi hann honum, fyrst hann hefir m\u00e6tur \u00e1 honum\u201c.<a name=\"10\"><span class=\"versanumer\">10<\/span><\/a>J\u00e1, \u00fe\u00fa \u00fatleiddir mig af m\u00f3\u00f0url\u00edfi, \u00fe\u00fa l\u00e9st mig liggja \u00e1hyggjulausan vi\u00f0 minnar m\u00f3\u00f0ur brj\u00f3st.<a name=\"11\"><span class=\"versanumer\">11<\/span><\/a>Til \u00fe\u00edn var m\u00e9r kasta\u00f0 fr\u00e1 m\u00f3\u00f0urkvi\u00f0i. \u00de\u00fa ert minn Gu\u00f0 fr\u00e1 m\u00f3\u00f0url\u00edfi.<a name=\"12\"><span class=\"versanumer\">12<\/span><\/a>Vertu ekki fj\u00e6rri m\u00e9r, \u00fev\u00ed \u00ferengingin er n\u00e6rri, \u00fev\u00ed \u00fear er enginn hj\u00e1lpari.<a name=\"13\"><span class=\"versanumer\">13<\/span><\/a>Mig umkringja st\u00f3r naut, Basans voldugu hnappast a\u00f0 m\u00e9r.<a name=\"14\"><span class=\"versanumer\">14<\/span><\/a>\u00deeir spenna upp gini\u00f0 m\u00f3ti m\u00e9r, eins og lj\u00f3n sem grenjar eftir br\u00e1\u00f0.<a name=\"15\"><span class=\"versanumer\">15<\/span><\/a>Eg fl\u00fdt sem vatn, og \u00f6ll m\u00edn bein eru sundurlaus or\u00f0in, mitt hjarta er sem vax og br\u00e1\u00f0nar innst \u00ed m\u00e9r.<a name=\"16\"><span class=\"versanumer\">16<\/span><\/a>\u00deorna\u00f0ur er minn kraftur sem potthr\u00edm, og m\u00edn tunga lo\u00f0ir vi\u00f0 minn g\u00f3m, og \u00fe\u00fa leggur mig \u00ed dau\u00f0ans duft.<a name=\"17\"><span class=\"versanumer\">17<\/span><\/a>\u00dev\u00ed hundar umkringja mig, og h\u00f3pur hinna vondu sest um mig, \u00feeir gagnbora m\u00ednar hendur og m\u00ednar f\u00e6tur.<a name=\"18\"><span class=\"versanumer\">18<\/span><\/a>Eg get tali\u00f0 \u00f6ll m\u00edn bein, \u00feeir sj\u00e1 \u00fea\u00f0, og horfa \u00e1 \u00fea\u00f0 me\u00f0 una\u00f0semd.<a name=\"19\"><span class=\"versanumer\">19<\/span><\/a>\u00deeir skipta me\u00f0 s\u00e9r m\u00ednum kl\u00e6\u00f0um, og kasta hlutkesti um mitt fat.<a name=\"20\"><span class=\"versanumer\">20<\/span><\/a>En \u00fe\u00fa, \u00f3 Drottinn! vertu ekki fj\u00e6rl\u00e6gur, minn styrkleiki! fl\u00fdttu \u00fe\u00e9r a\u00f0 hj\u00e1lpa m\u00e9r.<a name=\"21\"><span class=\"versanumer\">21<\/span><\/a>Frelsa m\u00edna s\u00e1l fr\u00e1 sver\u00f0inu og mitt l\u00edf fr\u00e1 hundanna ofbeldi.<a name=\"22\"><span class=\"versanumer\">22<\/span><\/a>Frelsa\u00f0u mig \u00far lj\u00f3nsins gini, og bjarga\u00f0u m\u00e9r undan horni villinautsins.<a name=\"23\"><span class=\"versanumer\">23<\/span><\/a>Eg vil \u00fe\u00e1 kunngj\u00f6ra \u00feitt nafn fyrir m\u00ednum br\u00e6\u00f0rum; mitt \u00e1 samkomunni <span class='VideyAth'>(\u00ed samkundunni)<\/span> vil eg vegsama \u00feig.<a name=\"24\"><span class=\"versanumer\">24<\/span><\/a>\u00de\u00e9r sem \u00f3ttist Drottin, vegsami\u00f0 hann, allir Jakobs ni\u00f0jar hei\u00f0ri hann, og skj\u00e1lfi fyrir honum allt \u00cdsraels s\u00e6\u00f0i.<a name=\"25\"><span class=\"versanumer\">25<\/span><\/a>\u00dev\u00ed hann hefir ekki forsm\u00e1\u00f0 og ekki gj\u00f6rt gys a\u00f0 ney\u00f0 hins auma og f\u00f3l ekki sitt andlit fyrir honum, heldur heyr\u00f0i hann, \u00fe\u00e1 hann kalla\u00f0i til hans.<a name=\"26\"><span class=\"versanumer\">26<\/span><\/a>Um \u00feig vil eg syngja lof \u00ed miklum s\u00f6fnu\u00f0i, mitt heit vil eg gjalda \u00ed augs\u00fdn \u00feeirra sem hann \u00f3ttast.<a name=\"27\"><span class=\"versanumer\">27<\/span><\/a>\u00deeir volu\u00f0u skulu neyta og mettast. \u00deeir skulu lofa Drottin sem hans leita. Y\u00f0ar hj\u00f6rtu skulu vi\u00f0 lifna a\u00f0 eil\u00edfu.<a name=\"28\"><span class=\"versanumer\">28<\/span><\/a>Allar heimsins endimerkur skulu muna \u00fea\u00f0, a\u00f0 sn\u00faa s\u00e9r til Drottins, og allar \u00fej\u00f3\u00f0anna kynkv\u00edslir skulu tilbi\u00f0ja fyrir \u00feinni augs\u00fdn.<a name=\"29\"><span class=\"versanumer\">29<\/span><\/a>\u00dev\u00ed Drottni tilheyrir r\u00edki\u00f0, hann drottnar yfir \u00fej\u00f3\u00f0unum.<a name=\"30\"><span class=\"versanumer\">30<\/span><\/a>Allir \u00feeir r\u00edku jar\u00f0arinnar skulu eta og tilbi\u00f0ja, honum skulu l\u00fata allir \u00feeir sem \u00ed duftinu liggja, og s\u00e1 sem ei getur lifa\u00f0.<a name=\"31\"><span class=\"versanumer\">31<\/span><\/a>Eftirkomendurnir skulu honum \u00fej\u00f3na, ni\u00f0junum skal ver\u00f0a sagt fr\u00e1 Drottni;<a name=\"32\"><span class=\"versanumer\">32<\/span><\/a>\u00deeir koma og kunngj\u00f6ra hans r\u00e9ttv\u00edsi \u00feeim m\u00f6nnum sem f\u00e6\u00f0ast munu; a\u00f0 hann hafi d\u00fdr\u00f0lega a\u00f0fari\u00f0.<\/p>\n<div class=\"footnoteVidey\">V. 13. St\u00f3r naut: voldugir \u00f3vinir.<\/div>\n","protected":false},"excerpt":{"rendered":"<p>B\u00e6n og von \u00feess \u00fej\u00e1\u00f0a. 1Til hlj\u00f3\u00f0f\u00e6rameistarans me\u00f0 lagi: Morgunro\u00f0ans hind. S\u00e1lmur Dav\u00ed\u00f0s.2Gu\u00f0 minn! Gu\u00f0 minn! hvar fyrir hefur \u00fe\u00fa yfirgefi\u00f0 mig? eg kveina, en m\u00edn hj\u00e1lp er fj\u00e6rl\u00e6g.3Minn Gu\u00f0! \u00e1 daginn kalla eg, og \u00fe\u00fa ansar ekki, \u00e1 n\u00f3ttunni, og eg f\u00e6 enga r\u00f3.4Og \u00fe\u00f3 ertu s\u00e1 heilagi, sem b\u00fdr me\u00f0al \u00cdsraels lofs\u00f6ngva.5\u00de\u00e9r treystu fe\u00f0ur vorir; \u00feeir reiddu sig \u00e1 \u00feig, og ur\u00f0u ei til skammar.6\u00deeir k\u00f6llu\u00f0u til \u00fe\u00edn og sluppu, \u00feeir reiddu sig \u00e1 \u00feig, og ur\u00f0u ei til skammar.7En eg em ma\u00f0kur, og ekki ma\u00f0ur, spott mannanna og fyrirlitning f\u00f3lksins.8Allir sem sj\u00e1 mig, h\u00e6\u00f0a mig, sk\u00e6la munninn <a href=\"https:\/\/biblian.is\/videy\/salmarnir-22-kafli\/\"> [&#8230;]<\/a><\/p>\n","protected":false},"author":1,"featured_media":0,"parent":0,"menu_order":0,"comment_status":"open","ping_status":"open","template":"bibliukaflar.php","meta":{"footnotes":""},"class_list":["post-21349","page","type-page","status-publish","hentry"],"_links":{"self":[{"href":"https:\/\/biblian.is\/videy\/wp-json\/wp\/v2\/pages\/21349","targetHints":{"allow":["GET"]}}],"collection":[{"href":"https:\/\/biblian.is\/videy\/wp-json\/wp\/v2\/pages"}],"about":[{"href":"https:\/\/biblian.is\/videy\/wp-json\/wp\/v2\/types\/page"}],"author":[{"embeddable":true,"href":"https:\/\/biblian.is\/videy\/wp-json\/wp\/v2\/users\/1"}],"replies":[{"embeddable":true,"href":"https:\/\/biblian.is\/videy\/wp-json\/wp\/v2\/comments?post=21349"}],"version-history":[{"count":0,"href":"https:\/\/biblian.is\/videy\/wp-json\/wp\/v2\/pages\/21349\/revisions"}],"wp:attachment":[{"href":"https:\/\/biblian.is\/videy\/wp-json\/wp\/v2\/media?parent=21349"}],"curies":[{"name":"wp","href":"https:\/\/api.w.org\/{rel}","templated":true}]}}