{"id":21348,"date":"2018-01-02T01:01:29","date_gmt":"2018-01-02T01:01:29","guid":{"rendered":"http:\/\/biblian.is\/videy\/salmarnir-21-kafli\/"},"modified":"2018-01-02T01:01:29","modified_gmt":"2018-01-02T01:01:29","slug":"salmarnir-21-kafli","status":"publish","type":"page","link":"https:\/\/biblian.is\/videy\/salmarnir-21-kafli\/","title":{"rendered":"S\u00e1lmarnir 21. kafli"},"content":{"rendered":"<div class=\"fyrirsognVidey\">B\u00e6n fyrir konunginum.<\/div>\n<p><a name=\"1\"><span class=\"versanumer\">1<\/span><\/a>Til hlj\u00f3\u00f0f\u00e6rameistarans. S\u00e1lmur Dav\u00ed\u00f0s. Gu\u00f0s smur\u00f0i gle\u00f0st af \u00feeirri honum veittu tign. Hans d\u00fdr\u00f0 og sigri er l\u00fdst.<a name=\"2\"><span class=\"versanumer\">2<\/span><\/a>Drottinn! \u00fe\u00edn vernd gle\u00f0ur k\u00f3nginn! \u00f3 hv\u00f6rsu mj\u00f6g fagnar hann af \u00fe\u00ednu li\u00f0sinni!<a name=\"3\"><span class=\"versanumer\">3<\/span><\/a>\u00de\u00fa hefir veitt honum girnd hans hjarta, og ekki synja\u00f0 honum um b\u00e6n hans vara, <span class='VideyAth'>(m\u00e1lhv\u00edld)<\/span>.<a name=\"4\"><span class=\"versanumer\">4<\/span><\/a>\u00de\u00fa varst fyrri til a\u00f0 veita honum blessan og heppni, \u00fe\u00fa settir gullk\u00f3r\u00f3nu \u00e1 hans h\u00f6fu\u00f0.<a name=\"5\"><span class=\"versanumer\">5<\/span><\/a>Hann ba\u00f0 \u00feig um l\u00edf, \u00fe\u00fa gafst honum \u00fea\u00f0, langt l\u00edf, \u00e6varandi og eil\u00edft;<a name=\"6\"><span class=\"versanumer\">6<\/span><\/a>fyrir \u00feitt frelsi er hans s\u00e6md mikil, \u00fe\u00fa \u00edkl\u00e6\u00f0ir hann h\u00e1tign og hei\u00f0ri.<a name=\"7\"><span class=\"versanumer\">7<\/span><\/a>\u00dev\u00ed \u00fe\u00fa hefir sett hann til eil\u00edfrar blessunar, \u00fe\u00fa gladdir hann me\u00f0 f\u00f6gnu\u00f0i fyrir \u00fe\u00ednu augliti.<a name=\"8\"><span class=\"versanumer\">8<\/span><\/a>\u00dev\u00ed konungurinn rei\u00f0ir sig \u00e1 Drottin, og fyrir miskunn hins \u00e6\u00f0sta, bifast hann aldrei. <br \/><a name=\"9\"><span class=\"versanumer\">9<\/span><\/a>\u00de\u00edn h\u00f6nd mun finna alla \u00fe\u00edna \u00f3vini, \u00fe\u00edn h\u00e6gri h\u00f6nd mun finna \u00fe\u00e1 sem \u00feig hata.<a name=\"10\"><span class=\"versanumer\">10<\/span><\/a>\u00de\u00fa gj\u00f6rir \u00fe\u00e1 sem gl\u00f3andi ofn \u00e1 t\u00edma \u00feinnar rei\u00f0i. Drottinn afm\u00e1ir \u00fe\u00e1 \u00ed sinni grimmd, og eldurinn ey\u00f0ir \u00feeim.<a name=\"11\"><span class=\"versanumer\">11<\/span><\/a>\u00de\u00fa munt afm\u00e1 \u00feeirra \u00e1v\u00f6xt af j\u00f6r\u00f0unni, og \u00feeirra ni\u00f0ja me\u00f0al mannanna barna.<a name=\"12\"><span class=\"versanumer\">12<\/span><\/a>\u00dev\u00ed \u00feeir hugsu\u00f0u a\u00f0 gj\u00f6ra \u00fe\u00e9r illt, \u00feeir bruggu\u00f0u r\u00e1\u00f0, en \u00feeir g\u00e1tu ei komi\u00f0 \u00fev\u00ed \u00ed verk.<a name=\"13\"><span class=\"versanumer\">13<\/span><\/a>\u00dev\u00ed \u00fe\u00fa munt reka \u00fe\u00e1 \u00e1 fl\u00f3tta. \u00de\u00fa mi\u00f0ar \u00f6rinni af \u00fe\u00ednum bogastreng \u00e1 \u00feeirra andlit.<a name=\"14\"><span class=\"versanumer\">14<\/span><\/a>Drottinn, upplyftu \u00fe\u00e9r \u00ed \u00fe\u00ednum krafti! \u00de\u00e1 munum v\u00e9r syngja og vegsama \u00fe\u00edn hreystiverk.<\/p>\n<div class=\"footnoteVidey\"><\/div>\n","protected":false},"excerpt":{"rendered":"<p>B\u00e6n fyrir konunginum. 1Til hlj\u00f3\u00f0f\u00e6rameistarans. S\u00e1lmur Dav\u00ed\u00f0s. Gu\u00f0s smur\u00f0i gle\u00f0st af \u00feeirri honum veittu tign. Hans d\u00fdr\u00f0 og sigri er l\u00fdst.2Drottinn! \u00fe\u00edn vernd gle\u00f0ur k\u00f3nginn! \u00f3 hv\u00f6rsu mj\u00f6g fagnar hann af \u00fe\u00ednu li\u00f0sinni!3\u00de\u00fa hefir veitt honum girnd hans hjarta, og ekki synja\u00f0 honum um b\u00e6n hans vara, (m\u00e1lhv\u00edld).4\u00de\u00fa varst fyrri til a\u00f0 veita honum blessan og heppni, \u00fe\u00fa settir gullk\u00f3r\u00f3nu \u00e1 hans h\u00f6fu\u00f0.5Hann ba\u00f0 \u00feig um l\u00edf, \u00fe\u00fa gafst honum \u00fea\u00f0, langt l\u00edf, \u00e6varandi og eil\u00edft;6fyrir \u00feitt frelsi er hans s\u00e6md mikil, \u00fe\u00fa \u00edkl\u00e6\u00f0ir hann h\u00e1tign og hei\u00f0ri.7\u00dev\u00ed \u00fe\u00fa hefir sett hann til eil\u00edfrar blessunar, \u00fe\u00fa gladdir hann me\u00f0 f\u00f6gnu\u00f0i <a href=\"https:\/\/biblian.is\/videy\/salmarnir-21-kafli\/\"> [&#8230;]<\/a><\/p>\n","protected":false},"author":1,"featured_media":0,"parent":0,"menu_order":0,"comment_status":"open","ping_status":"open","template":"bibliukaflar.php","meta":{"footnotes":""},"class_list":["post-21348","page","type-page","status-publish","hentry"],"_links":{"self":[{"href":"https:\/\/biblian.is\/videy\/wp-json\/wp\/v2\/pages\/21348","targetHints":{"allow":["GET"]}}],"collection":[{"href":"https:\/\/biblian.is\/videy\/wp-json\/wp\/v2\/pages"}],"about":[{"href":"https:\/\/biblian.is\/videy\/wp-json\/wp\/v2\/types\/page"}],"author":[{"embeddable":true,"href":"https:\/\/biblian.is\/videy\/wp-json\/wp\/v2\/users\/1"}],"replies":[{"embeddable":true,"href":"https:\/\/biblian.is\/videy\/wp-json\/wp\/v2\/comments?post=21348"}],"version-history":[{"count":0,"href":"https:\/\/biblian.is\/videy\/wp-json\/wp\/v2\/pages\/21348\/revisions"}],"wp:attachment":[{"href":"https:\/\/biblian.is\/videy\/wp-json\/wp\/v2\/media?parent=21348"}],"curies":[{"name":"wp","href":"https:\/\/api.w.org\/{rel}","templated":true}]}}