{"id":21347,"date":"2018-01-02T01:01:29","date_gmt":"2018-01-02T01:01:29","guid":{"rendered":"http:\/\/biblian.is\/videy\/salmarnir-20-kafli\/"},"modified":"2018-01-02T01:01:29","modified_gmt":"2018-01-02T01:01:29","slug":"salmarnir-20-kafli","status":"publish","type":"page","link":"https:\/\/biblian.is\/videy\/salmarnir-20-kafli\/","title":{"rendered":"S\u00e1lmarnir 20. kafli"},"content":{"rendered":"<div class=\"fyrirsognVidey\">B\u00e6nir \u00fej\u00f3\u00f0arinnar. \u00deakkl\u00e6ti fyrir sigur.<\/div>\n<p><a name=\"1\"><span class=\"versanumer\">1<\/span><\/a>Til hlj\u00f3\u00f0f\u00e6rameistarans. S\u00e1lmur Dav\u00ed\u00f0s.<a name=\"2\"><span class=\"versanumer\">2<\/span><\/a>Drottinn b\u00e6nheyri \u00feig \u00e1 ney\u00f0arinnar degi! nafni\u00f0 Jakobs Gu\u00f0s verndi \u00feig.<a name=\"3\"><span class=\"versanumer\">3<\/span><\/a>Hann sendi \u00fe\u00e9r hj\u00e1lp \u00far helgid\u00f3minum, og styrk fr\u00e1 S\u00edon.<a name=\"4\"><span class=\"versanumer\">4<\/span><\/a>Muni hann til alls \u00fe\u00edns matoffurs, og finni \u00fe\u00ednar brennif\u00f3rnir feitar, <span class='VideyAth'>(m\u00e1lhv\u00edld)<\/span>.<a name=\"5\"><span class=\"versanumer\">5<\/span><\/a>Hann veiti \u00fe\u00e9r vild \u00fe\u00edns hjarta, og l\u00e1ti \u00feig koma fram \u00f6llum \u00fe\u00ednum \u00e1setningi.<a name=\"6\"><span class=\"versanumer\">6<\/span><\/a>V\u00e9r skulum fagna yfir \u00fe\u00ednu frelsi, og setja upp sigurmerki \u00ed nafni vors Gu\u00f0s; \u00fe\u00e1 Drottinn uppfyllir allar \u00fe\u00ednar \u00f3skir.<a name=\"7\"><span class=\"versanumer\">7<\/span><\/a>N\u00fa veit eg a\u00f0 Drottinn frelsar sinn smur\u00f0a, b\u00e6nheyrir hann fr\u00e1 s\u00ednum heilaga himni.<a name=\"8\"><span class=\"versanumer\">8<\/span><\/a>\u00deessir <span class='VideyAth'>(\u00f3vinirnir)<\/span> hr\u00f3sa s\u00e9r af v\u00f6gnum og hestum, en v\u00e9r af nafni Drottins vors Gu\u00f0s.<a name=\"9\"><span class=\"versanumer\">9<\/span><\/a>\u00deeir f\u00e1 hn\u00e9sig og falla, en v\u00e9r st\u00f6ndum, j\u00e1, st\u00f6ndum uppr\u00e9ttir.<a name=\"10\"><span class=\"versanumer\">10<\/span><\/a>\u00d3 Drottinn! frelsa \u00fe\u00fa k\u00f3nginn. J\u00e1, hann b\u00e6nheyrir oss, \u00feegar v\u00e9r \u00e1k\u00f6llum hann.<\/p>\n<div class=\"footnoteVidey\"><\/div>\n","protected":false},"excerpt":{"rendered":"<p>B\u00e6nir \u00fej\u00f3\u00f0arinnar. \u00deakkl\u00e6ti fyrir sigur. 1Til hlj\u00f3\u00f0f\u00e6rameistarans. S\u00e1lmur Dav\u00ed\u00f0s.2Drottinn b\u00e6nheyri \u00feig \u00e1 ney\u00f0arinnar degi! nafni\u00f0 Jakobs Gu\u00f0s verndi \u00feig.3Hann sendi \u00fe\u00e9r hj\u00e1lp \u00far helgid\u00f3minum, og styrk fr\u00e1 S\u00edon.4Muni hann til alls \u00fe\u00edns matoffurs, og finni \u00fe\u00ednar brennif\u00f3rnir feitar, (m\u00e1lhv\u00edld).5Hann veiti \u00fe\u00e9r vild \u00fe\u00edns hjarta, og l\u00e1ti \u00feig koma fram \u00f6llum \u00fe\u00ednum \u00e1setningi.6V\u00e9r skulum fagna yfir \u00fe\u00ednu frelsi, og setja upp sigurmerki \u00ed nafni vors Gu\u00f0s; \u00fe\u00e1 Drottinn uppfyllir allar \u00fe\u00ednar \u00f3skir.7N\u00fa veit eg a\u00f0 Drottinn frelsar sinn smur\u00f0a, b\u00e6nheyrir hann fr\u00e1 s\u00ednum heilaga himni.8\u00deessir (\u00f3vinirnir) hr\u00f3sa s\u00e9r af v\u00f6gnum og hestum, en v\u00e9r af nafni Drottins vors Gu\u00f0s.9\u00deeir f\u00e1 hn\u00e9sig <a href=\"https:\/\/biblian.is\/videy\/salmarnir-20-kafli\/\"> [&#8230;]<\/a><\/p>\n","protected":false},"author":1,"featured_media":0,"parent":0,"menu_order":0,"comment_status":"open","ping_status":"open","template":"bibliukaflar.php","meta":{"footnotes":""},"class_list":["post-21347","page","type-page","status-publish","hentry"],"_links":{"self":[{"href":"https:\/\/biblian.is\/videy\/wp-json\/wp\/v2\/pages\/21347","targetHints":{"allow":["GET"]}}],"collection":[{"href":"https:\/\/biblian.is\/videy\/wp-json\/wp\/v2\/pages"}],"about":[{"href":"https:\/\/biblian.is\/videy\/wp-json\/wp\/v2\/types\/page"}],"author":[{"embeddable":true,"href":"https:\/\/biblian.is\/videy\/wp-json\/wp\/v2\/users\/1"}],"replies":[{"embeddable":true,"href":"https:\/\/biblian.is\/videy\/wp-json\/wp\/v2\/comments?post=21347"}],"version-history":[{"count":0,"href":"https:\/\/biblian.is\/videy\/wp-json\/wp\/v2\/pages\/21347\/revisions"}],"wp:attachment":[{"href":"https:\/\/biblian.is\/videy\/wp-json\/wp\/v2\/media?parent=21347"}],"curies":[{"name":"wp","href":"https:\/\/api.w.org\/{rel}","templated":true}]}}