{"id":21346,"date":"2018-01-02T01:01:29","date_gmt":"2018-01-02T01:01:29","guid":{"rendered":"http:\/\/biblian.is\/videy\/salmarnir-19-kafli\/"},"modified":"2018-01-02T01:01:29","modified_gmt":"2018-01-02T01:01:29","slug":"salmarnir-19-kafli","status":"publish","type":"page","link":"https:\/\/biblian.is\/videy\/salmarnir-19-kafli\/","title":{"rendered":"S\u00e1lmarnir 19. kafli"},"content":{"rendered":"<div class=\"fyrirsognVidey\">Lofgj\u00f6r\u00f0 Gu\u00f0s d\u00e1semda \u00ed n\u00e1tt\u00farunni, og hans l\u00f6gm\u00e1ls.<\/div>\n<p><a name=\"1\"><span class=\"versanumer\">1<\/span><\/a>Til hlj\u00f3\u00f0f\u00e6rameistarans. S\u00e1lmur Dav\u00ed\u00f0s.<a name=\"2\"><span class=\"versanumer\">2<\/span><\/a>Himnarnir segja fr\u00e1 Gu\u00f0s d\u00fdr\u00f0, og festingin kunngj\u00f6rir verkin hans handa.<a name=\"3\"><span class=\"versanumer\">3<\/span><\/a>Einn dagurinn kennir \u00f6\u00f0rum \u00feetta tal og ein n\u00f3ttin kunngj\u00f6rir annarri \u00feessa augl\u00fdsingu.<a name=\"4\"><span class=\"versanumer\">4<\/span><\/a>Ekkert tal og ekkert or\u00f0, a\u00f0 menn ekki skilji \u00feeirra raust.<a name=\"5\"><span class=\"versanumer\">5<\/span><\/a>Yfir alla j\u00f6r\u00f0ina er \u00feeirra hlj\u00f3mur \u00fatgenginn, og \u00feeirra tal til jar\u00f0r\u00edkisins enda, \u00fear sem hann \u00e1 himninum reisti s\u00f3linni tjald,<a name=\"6\"><span class=\"versanumer\">6<\/span><\/a>og \u00feessi framgengur sem br\u00fa\u00f0gumi \u00far s\u00ednu br\u00fa\u00f0arherbergi, h\u00fan gle\u00f0ur sig vi\u00f0 \u00fea\u00f0 sem hetja, a\u00f0 hlaupa s\u00edna lei\u00f0.<a name=\"7\"><span class=\"versanumer\">7<\/span><\/a>Hennar uppganga er vi\u00f0 himinsins annan enda, og r\u00e1s hennar varir til hins endans, og ekkert felst fyrir hennar heita geisla.<a name=\"8\"><span class=\"versanumer\">8<\/span><\/a>Drottins l\u00f6g eru fullkomin, og endurn\u00e6ra s\u00e1lina; Drottins vitnisbur\u00f0ur er \u00e1rei\u00f0anlegur, hann gj\u00f6rir \u00feann f\u00e1v\u00edsa hygginn.<a name=\"9\"><span class=\"versanumer\">9<\/span><\/a>Drottins bo\u00f0or\u00f0 eru r\u00e9tt, \u00feau gle\u00f0ja hjarta\u00f0. Drottins skipun er lj\u00f3s, h\u00fan uppl\u00fdsir augun.<a name=\"10\"><span class=\"versanumer\">10<\/span><\/a>Drottins d\u00fdrkun er hrein, h\u00fan varir eil\u00edflega. Drottins d\u00f3mar eru sannleiki, \u00feeir eru allir saman r\u00e9ttv\u00edsir,<a name=\"11\"><span class=\"versanumer\">11<\/span><\/a>\u00feeir eru d\u00fdrm\u00e6tari en gull, j\u00e1, heldur en \u00fea\u00f0 sk\u00edrasta gull, og s\u00e6tari en hunang og hunangsseimur.<a name=\"12\"><span class=\"versanumer\">12<\/span><\/a>\u00deeir bentu \u00fe\u00ednum \u00fe\u00e9nara, s\u00e1 sem \u00fe\u00e1 var\u00f0veitir hann, hefur mikil laun.<a name=\"13\"><span class=\"versanumer\">13<\/span><\/a>En hv\u00f6r veit hva\u00f0 oft honum yfirs\u00e9st? fr\u00e1 m\u00ednum heimuglegu brestum hreinsa \u00fe\u00fa mig!<a name=\"14\"><span class=\"versanumer\">14<\/span><\/a>Var\u00f0veittu og \u00feinn \u00fej\u00f3n fr\u00e1 drambsemi, a\u00f0 h\u00fan ekki drottni yfir m\u00e9r, \u00fe\u00e1 ver\u00f0 eg saklaus og fr\u00ed fr\u00e1 st\u00f3rum yfirtro\u00f0slum.<a name=\"15\"><span class=\"versanumer\">15<\/span><\/a>L\u00e1t \u00fe\u00e9r \u00fe\u00f3knast or\u00f0r\u00e6\u00f0ur m\u00edns munns, og m\u00e1li\u00f0 m\u00edns hjarta, Drottinn, mitt bjarg og minn Endurlausnari!<\/p>\n<div class=\"footnoteVidey\"><\/div>\n","protected":false},"excerpt":{"rendered":"<p>Lofgj\u00f6r\u00f0 Gu\u00f0s d\u00e1semda \u00ed n\u00e1tt\u00farunni, og hans l\u00f6gm\u00e1ls. 1Til hlj\u00f3\u00f0f\u00e6rameistarans. S\u00e1lmur Dav\u00ed\u00f0s.2Himnarnir segja fr\u00e1 Gu\u00f0s d\u00fdr\u00f0, og festingin kunngj\u00f6rir verkin hans handa.3Einn dagurinn kennir \u00f6\u00f0rum \u00feetta tal og ein n\u00f3ttin kunngj\u00f6rir annarri \u00feessa augl\u00fdsingu.4Ekkert tal og ekkert or\u00f0, a\u00f0 menn ekki skilji \u00feeirra raust.5Yfir alla j\u00f6r\u00f0ina er \u00feeirra hlj\u00f3mur \u00fatgenginn, og \u00feeirra tal til jar\u00f0r\u00edkisins enda, \u00fear sem hann \u00e1 himninum reisti s\u00f3linni tjald,6og \u00feessi framgengur sem br\u00fa\u00f0gumi \u00far s\u00ednu br\u00fa\u00f0arherbergi, h\u00fan gle\u00f0ur sig vi\u00f0 \u00fea\u00f0 sem hetja, a\u00f0 hlaupa s\u00edna lei\u00f0.7Hennar uppganga er vi\u00f0 himinsins annan enda, og r\u00e1s hennar varir til hins endans, og ekkert felst fyrir hennar <a href=\"https:\/\/biblian.is\/videy\/salmarnir-19-kafli\/\"> [&#8230;]<\/a><\/p>\n","protected":false},"author":1,"featured_media":0,"parent":0,"menu_order":0,"comment_status":"open","ping_status":"open","template":"bibliukaflar.php","meta":{"footnotes":""},"class_list":["post-21346","page","type-page","status-publish","hentry"],"_links":{"self":[{"href":"https:\/\/biblian.is\/videy\/wp-json\/wp\/v2\/pages\/21346","targetHints":{"allow":["GET"]}}],"collection":[{"href":"https:\/\/biblian.is\/videy\/wp-json\/wp\/v2\/pages"}],"about":[{"href":"https:\/\/biblian.is\/videy\/wp-json\/wp\/v2\/types\/page"}],"author":[{"embeddable":true,"href":"https:\/\/biblian.is\/videy\/wp-json\/wp\/v2\/users\/1"}],"replies":[{"embeddable":true,"href":"https:\/\/biblian.is\/videy\/wp-json\/wp\/v2\/comments?post=21346"}],"version-history":[{"count":0,"href":"https:\/\/biblian.is\/videy\/wp-json\/wp\/v2\/pages\/21346\/revisions"}],"wp:attachment":[{"href":"https:\/\/biblian.is\/videy\/wp-json\/wp\/v2\/media?parent=21346"}],"curies":[{"name":"wp","href":"https:\/\/api.w.org\/{rel}","templated":true}]}}