{"id":21345,"date":"2018-01-02T01:01:29","date_gmt":"2018-01-02T01:01:29","guid":{"rendered":"http:\/\/biblian.is\/videy\/salmarnir-18-kafli\/"},"modified":"2018-01-02T01:01:29","modified_gmt":"2018-01-02T01:01:29","slug":"salmarnir-18-kafli","status":"publish","type":"page","link":"https:\/\/biblian.is\/videy\/salmarnir-18-kafli\/","title":{"rendered":"S\u00e1lmarnir 18. kafli"},"content":{"rendered":"<div class=\"fyrirsognVidey\">Dav\u00ed\u00f0s \u00feakkl\u00e6ti fyrir frelsun fr\u00e1 hans \u00f3vinum. Sj\u00e1 2 Sam. 22. Kap.<\/div>\n<p><a name=\"1\"><span class=\"versanumer\">1<\/span><\/a>Til hlj\u00f3\u00f0f\u00e6rameistarans. S\u00e1lmur Dav\u00ed\u00f0s, Drottins \u00fe\u00e9nara, sem frambar fyrir Drottin or\u00f0 \u00feessa lofkv\u00e6\u00f0is, \u00feegar Drottinn haf\u00f0i frelsa\u00f0 hann af hendi allra hans \u00f3vina, og af hendi S\u00e1ls.<a name=\"2\"><span class=\"versanumer\">2<\/span><\/a>Og hann sag\u00f0i: Hjartk\u00e6ran hefi eg \u00feig, Drottinn! minn styrkleiki.<a name=\"3\"><span class=\"versanumer\">3<\/span><\/a>Drottinn er mitt bjarg, mitt v\u00edgi, minn frelsari, minn Gu\u00f0, minn kastali, \u00ed hv\u00f6rn eg fl\u00fd, minn skj\u00f6ldur, og horn m\u00edns hj\u00e1lpr\u00e6\u00f0is, mitt h\u00e6li.<a name=\"4\"><span class=\"versanumer\">4<\/span><\/a>\u00deann vegsamlega Drottin \u00e1kalla\u00f0i eg, og frelsa\u00f0ist af hendi minna \u00f3vina.<a name=\"5\"><span class=\"versanumer\">5<\/span><\/a>Bylgjur dau\u00f0ans umkringdu mig, l\u00e6kir <span class='VideyAth'>(Bel\u00edals)<\/span> fordj\u00f6rfunarinnar skelfdu mig.<a name=\"6\"><span class=\"versanumer\">6<\/span><\/a>Helv\u00edtisb\u00f6nd umkringdu mig, dau\u00f0ans sn\u00f6rur gripu mig.<a name=\"7\"><span class=\"versanumer\">7<\/span><\/a>\u00cd minni angist \u00e1kalla\u00f0i eg Drottin, j\u00e1, eg kalla\u00f0i til m\u00edns Gu\u00f0s, og hann heyr\u00f0i \u00ed s\u00ednum b\u00fasta\u00f0 m\u00edna raust, og mitt \u00e1kall kom fyrir hann, til hans eyrna;<a name=\"8\"><span class=\"versanumer\">8<\/span><\/a>og j\u00f6r\u00f0in skalf og bifa\u00f0ist, og fjallanna grundv\u00f6llur n\u00f6tra\u00f0i og hr\u00e6r\u00f0ist, \u00fev\u00ed hann reiddist.<a name=\"9\"><span class=\"versanumer\">9<\/span><\/a>Reykur gekk \u00fat af hans n\u00f6sum, og fort\u00e6randi eldur af hans munni, elding loga\u00f0i fr\u00e1 honum.<a name=\"10\"><span class=\"versanumer\">10<\/span><\/a>Hann sveig\u00f0i himininn og f\u00f3r ni\u00f0ur, og myrkur var undir hans f\u00f3tum.<a name=\"11\"><span class=\"versanumer\">11<\/span><\/a>Hann f\u00f3r \u00e1fram \u00e1 ker\u00fabum og flaug, hann sveima\u00f0i \u00e1 vindsins v\u00e6ngjum.<a name=\"12\"><span class=\"versanumer\">12<\/span><\/a>Hann l\u00e9t dimmuna vera sitt fylgsni, allt \u00ed kringum sig, eins og tjald, dimmt vatn, \u00feykkt sk\u00fd.<a name=\"13\"><span class=\"versanumer\">13<\/span><\/a>Af glampanum fyrir honum f\u00e6r\u00f0ust sk\u00fdin \u00e1fram, og hagl og gl\u00f3andi elding.<a name=\"14\"><span class=\"versanumer\">14<\/span><\/a>Og Drottinn \u00feruma\u00f0i \u00ed himninum, og s\u00e1 \u00e6\u00f0sti sendi \u00fat s\u00edna raust, \u00fear var hagl og elding.<a name=\"15\"><span class=\"versanumer\">15<\/span><\/a>Hann sendi \u00fat s\u00ednar \u00f6rvar og tv\u00edstra\u00f0i \u00feeim, miklar eldingar, og skelka\u00f0i \u00fe\u00e1.<a name=\"16\"><span class=\"versanumer\">16<\/span><\/a>\u00de\u00e1 s\u00e1ust hafsins uppsprettur, og jar\u00f0arinnar grundv\u00f6llur opinbera\u00f0ist fyrir \u00feinni h\u00f3tan, Drottinn! og fyrir bl\u00e1stri \u00feinna nasa <span class='VideyAth'>(rei\u00f0i)<\/span>.<a name=\"17\"><span class=\"versanumer\">17<\/span><\/a>Hann \u00fatr\u00e9tti fr\u00e1 h\u00e6\u00f0inni s\u00edna h\u00f6nd, og greip mig og dr\u00f3 mig upp \u00far \u00feeim miklu v\u00f6tnum.<a name=\"18\"><span class=\"versanumer\">18<\/span><\/a>Hann frelsa\u00f0i mig fr\u00e1 m\u00ednum \u00f3vinum, s\u00e1 sterki, fr\u00e1 \u00feeim sem mig h\u00f6tu\u00f0u, sem voru voldugri en eg.<a name=\"19\"><span class=\"versanumer\">19<\/span><\/a>\u00deeir yfirf\u00e9llu mig \u00e1 minni m\u00f3tgangst\u00ed\u00f0, en Drottinn var m\u00edn sto\u00f0.<a name=\"20\"><span class=\"versanumer\">20<\/span><\/a>Hann leiddi mig \u00fat \u00e1 v\u00ed\u00f0lendi. Hann frelsa\u00f0i mig, \u00fev\u00ed hann elska\u00f0i mig.<a name=\"21\"><span class=\"versanumer\">21<\/span><\/a>Drottinn umbuna\u00f0i m\u00e9r eftir minni r\u00e9ttv\u00edsi, hann endurgalt m\u00e9r eftir hreinku minna handa.<a name=\"22\"><span class=\"versanumer\">22<\/span><\/a>\u00dev\u00ed eg var\u00f0veitti Drottins vegu, og var ei \u00f3sv\u00edfinn vi\u00f0 minn Gu\u00f0.<a name=\"23\"><span class=\"versanumer\">23<\/span><\/a>\u00dev\u00ed allir hans d\u00f3mar voru m\u00e9r \u00ed minni og \u00f6ll hans bo\u00f0or\u00f0, fr\u00e1 \u00feeim v\u00e9k eg ekki.<a name=\"24\"><span class=\"versanumer\">24<\/span><\/a>Heldur var eg \u00f3straffanlegur fyrir honum, og vara\u00f0ist syndir.<a name=\"25\"><span class=\"versanumer\">25<\/span><\/a>Og Drottinn endurgalt m\u00e9r eftir minni r\u00e9ttv\u00edsi, eftir hreinku minna handa fyrir honum.<a name=\"26\"><span class=\"versanumer\">26<\/span><\/a>Vi\u00f0 \u00fe\u00e1 g\u00f3\u00f0u ertu g\u00f3\u00f0ur, vi\u00f0 \u00fe\u00e1 tr\u00faf\u00f6stu ertu tr\u00fafastur, vi\u00f0 \u00fe\u00e1 hreinu ertu hreinn,<a name=\"27\"><span class=\"versanumer\">27<\/span><\/a>og vi\u00f0 \u00fe\u00e1 rangsn\u00fanu ertu afundinn,<a name=\"28\"><span class=\"versanumer\">28<\/span><\/a>\u00fev\u00ed \u00fea\u00f0 undir\u00ferykkta f\u00f3lk frelsar \u00fe\u00fa, og \u00fe\u00e1 h\u00e1leitu gj\u00f6rir \u00fe\u00fa ni\u00f0url\u00fata.<a name=\"29\"><span class=\"versanumer\">29<\/span><\/a>J\u00e1, \u00fe\u00fa l\u00e9st m\u00edna skri\u00f0byttu l\u00fdsa, Drottinn minn Gu\u00f0 gj\u00f6r\u00f0i mitt myrkur a\u00f0 birtu,<a name=\"30\"><span class=\"versanumer\">30<\/span><\/a>fyrir \u00feitt fulltingi braust eg \u00ed gegnum herinn, og fyrir hj\u00e1lp m\u00edns Gu\u00f0s st\u00f6kk eg yfir m\u00farana.<a name=\"31\"><span class=\"versanumer\">31<\/span><\/a>Gu\u00f0s vegur er prettalaus, or\u00f0 Drottins eru hrein, hann er skj\u00f6ldur allra \u00feeirra sem rei\u00f0a sig \u00e1 hann.<a name=\"32\"><span class=\"versanumer\">32<\/span><\/a>\u00dev\u00ed hv\u00f6r er Gu\u00f0 nema Drottinn? og hv\u00f6r er v\u00edgi nema vor Gu\u00f0?<a name=\"33\"><span class=\"versanumer\">33<\/span><\/a>S\u00e1 Gu\u00f0 sem umgirti mig krafti, og gj\u00f6r\u00f0i minn veg grei\u00f0an,<a name=\"34\"><span class=\"versanumer\">34<\/span><\/a>hann gj\u00f6r\u00f0i m\u00edna f\u00e6tur sem hjartarins, og l\u00e9t mig standa fast \u00e1 m\u00ednum h\u00e6\u00f0um.<a name=\"35\"><span class=\"versanumer\">35<\/span><\/a>Hann kenndi m\u00ednum h\u00f6ndum a\u00f0 berjast, svo n\u00fa spenna m\u00ednir armar eirbogann.<a name=\"36\"><span class=\"versanumer\">36<\/span><\/a>\u00de\u00fa gafst m\u00e9r \u00feinn frelsisskj\u00f6ld, \u00fe\u00edn h\u00e6gri h\u00f6nd studdi mig, og \u00fe\u00edn n\u00e1\u00f0 mikla\u00f0i mig.<a name=\"37\"><span class=\"versanumer\">37<\/span><\/a>\u00de\u00fa gj\u00f6r\u00f0ir minn gang r\u00faman, og m\u00ednir \u00f6kklar veiklu\u00f0ust ekki.<a name=\"38\"><span class=\"versanumer\">38<\/span><\/a>Eg elti m\u00edna \u00f3vini og n\u00e1\u00f0i \u00feeim og sneri ekki til baka fyrr en eg haf\u00f0i afm\u00e1\u00f0 \u00fe\u00e1,<a name=\"39\"><span class=\"versanumer\">39<\/span><\/a>eg mar\u00f0i \u00fe\u00e1 svo \u00feeir g\u00e6tu ei sta\u00f0i\u00f0 upp, \u00feeir f\u00e9llu undir m\u00edna f\u00e6tur.<a name=\"40\"><span class=\"versanumer\">40<\/span><\/a>\u00de\u00fa girtir mig krafti til str\u00ed\u00f0sins, \u00fe\u00fa ni\u00f0urbeyg\u00f0ir undir mig m\u00edna m\u00f3tst\u00f6\u00f0umenn.<a name=\"41\"><span class=\"versanumer\">41<\/span><\/a>\u00de\u00fa gafst m\u00e9r m\u00edna \u00f3vini a\u00f0 eg r\u00e6ki \u00fe\u00e1 \u00e1 fl\u00f3tta, og m\u00edna hatursmenn, a\u00f0 eg afm\u00e1\u00f0i \u00fe\u00e1.<a name=\"42\"><span class=\"versanumer\">42<\/span><\/a>\u00deeir k\u00f6llu\u00f0u, en \u00fear var enginn sem hj\u00e1lpa\u00f0i, til Drottins, en hann ansa\u00f0i \u00feeim ekki.<a name=\"43\"><span class=\"versanumer\">43<\/span><\/a>Eg mola\u00f0i \u00fe\u00e1 sem moldarryk fyrir ve\u00f0ri, eg tr\u00f3\u00f0 \u00fe\u00e1 undir f\u00e6tur m\u00e9r sem skarn \u00e1 str\u00e6tum.<a name=\"44\"><span class=\"versanumer\">44<\/span><\/a>\u00de\u00fa frelsa\u00f0ir mig \u00far bardaga l\u00fd\u00f0sins, \u00fe\u00fa settir mig h\u00f6f\u00f0ingja \u00fej\u00f3\u00f0anna. Menn, sem ekki \u00feekktu mig, \u00feeir \u00fej\u00f3na m\u00e9r.<a name=\"45\"><span class=\"versanumer\">45<\/span><\/a>Undir eins og \u00feeirra eyru heyra mig <span class='VideyAth'>(nefndan)<\/span>, hl\u00fd\u00f0a \u00feeir m\u00e9r; b\u00f6rn hinna \u00fatlendu sl\u00e1 m\u00e9r gullhamra.<a name=\"46\"><span class=\"versanumer\">46<\/span><\/a>B\u00f6rn hinna \u00fatlendu vikna sem laufbl\u00f6\u00f0, skelku\u00f0 fl\u00fdja \u00feau \u00far s\u00ednum borgum.<a name=\"47\"><span class=\"versanumer\">47<\/span><\/a>Drottinn lifi! vegsama\u00f0 s\u00e9 mitt bjarg, Gu\u00f0 m\u00edns hj\u00e1lpr\u00e6\u00f0is s\u00e9 h\u00e1tt lofa\u00f0ur!<a name=\"48\"><span class=\"versanumer\">48<\/span><\/a>S\u00e1 Gu\u00f0 sem gaf m\u00e9r hefnd og lag\u00f0i undir mig \u00fej\u00f3\u00f0irnar.<a name=\"49\"><span class=\"versanumer\">49<\/span><\/a>S\u00e1 sem frelsa\u00f0i mig fr\u00e1 m\u00ednum \u00f3vinum, sem h\u00f3f mig upp yfir m\u00edna m\u00f3tst\u00f6\u00f0umenn, sem bjarga\u00f0i m\u00e9r fr\u00e1 ofbeldismanninum.<a name=\"50\"><span class=\"versanumer\">50<\/span><\/a>\u00dear fyrir vil eg vegsama \u00feig, Drottinn! me\u00f0al \u00fej\u00f3\u00f0anna, og syngja lof \u00fe\u00ednu nafni.<a name=\"51\"><span class=\"versanumer\">51<\/span><\/a>\u00de\u00fa sem au\u00f0s\u00fdnir \u00fe\u00ednum konungi miklar velgj\u00f6r\u00f0ir, og miskunnar \u00fe\u00ednum smur\u00f0a, Dav\u00ed\u00f0, og hans ni\u00f0jum eil\u00edflega.<\/p>\n<div class=\"footnoteVidey\">V. 16. A\u00f0rir: hafsins d\u00e6ldir.<\/div>\n","protected":false},"excerpt":{"rendered":"<p>Dav\u00ed\u00f0s \u00feakkl\u00e6ti fyrir frelsun fr\u00e1 hans \u00f3vinum. Sj\u00e1 2 Sam. 22. Kap. 1Til hlj\u00f3\u00f0f\u00e6rameistarans. S\u00e1lmur Dav\u00ed\u00f0s, Drottins \u00fe\u00e9nara, sem frambar fyrir Drottin or\u00f0 \u00feessa lofkv\u00e6\u00f0is, \u00feegar Drottinn haf\u00f0i frelsa\u00f0 hann af hendi allra hans \u00f3vina, og af hendi S\u00e1ls.2Og hann sag\u00f0i: Hjartk\u00e6ran hefi eg \u00feig, Drottinn! minn styrkleiki.3Drottinn er mitt bjarg, mitt v\u00edgi, minn frelsari, minn Gu\u00f0, minn kastali, \u00ed hv\u00f6rn eg fl\u00fd, minn skj\u00f6ldur, og horn m\u00edns hj\u00e1lpr\u00e6\u00f0is, mitt h\u00e6li.4\u00deann vegsamlega Drottin \u00e1kalla\u00f0i eg, og frelsa\u00f0ist af hendi minna \u00f3vina.5Bylgjur dau\u00f0ans umkringdu mig, l\u00e6kir (Bel\u00edals) fordj\u00f6rfunarinnar skelfdu mig.6Helv\u00edtisb\u00f6nd umkringdu mig, dau\u00f0ans sn\u00f6rur gripu mig.7\u00cd minni angist \u00e1kalla\u00f0i eg Drottin, <a href=\"https:\/\/biblian.is\/videy\/salmarnir-18-kafli\/\"> [&#8230;]<\/a><\/p>\n","protected":false},"author":1,"featured_media":0,"parent":0,"menu_order":0,"comment_status":"open","ping_status":"open","template":"bibliukaflar.php","meta":{"footnotes":""},"class_list":["post-21345","page","type-page","status-publish","hentry"],"_links":{"self":[{"href":"https:\/\/biblian.is\/videy\/wp-json\/wp\/v2\/pages\/21345","targetHints":{"allow":["GET"]}}],"collection":[{"href":"https:\/\/biblian.is\/videy\/wp-json\/wp\/v2\/pages"}],"about":[{"href":"https:\/\/biblian.is\/videy\/wp-json\/wp\/v2\/types\/page"}],"author":[{"embeddable":true,"href":"https:\/\/biblian.is\/videy\/wp-json\/wp\/v2\/users\/1"}],"replies":[{"embeddable":true,"href":"https:\/\/biblian.is\/videy\/wp-json\/wp\/v2\/comments?post=21345"}],"version-history":[{"count":0,"href":"https:\/\/biblian.is\/videy\/wp-json\/wp\/v2\/pages\/21345\/revisions"}],"wp:attachment":[{"href":"https:\/\/biblian.is\/videy\/wp-json\/wp\/v2\/media?parent=21345"}],"curies":[{"name":"wp","href":"https:\/\/api.w.org\/{rel}","templated":true}]}}