{"id":21341,"date":"2018-01-02T01:01:29","date_gmt":"2018-01-02T01:01:29","guid":{"rendered":"http:\/\/biblian.is\/videy\/salmarnir-14-kafli\/"},"modified":"2018-01-02T01:01:29","modified_gmt":"2018-01-02T01:01:29","slug":"salmarnir-14-kafli","status":"publish","type":"page","link":"https:\/\/biblian.is\/videy\/salmarnir-14-kafli\/","title":{"rendered":"S\u00e1lmarnir 14. kafli"},"content":{"rendered":"<div class=\"fyrirsognVidey\">Umkv\u00f6rtun a\u00f0 menn s\u00e9u vondir.<\/div>\n<p><a name=\"1\"><span class=\"versanumer\">1<\/span><\/a>Til hlj\u00f3\u00f0f\u00e6rameistarans. S\u00e1lmur Dav\u00ed\u00f0s. D\u00e1rinn segir \u00ed s\u00ednu hjarta: \u00fear er enginn Gu\u00f0. Vond og vi\u00f0urstyggileg er \u00feeirra breytni. \u00dear er enginn sem gj\u00f6rir gott.<a name=\"2\"><span class=\"versanumer\">2<\/span><\/a>Drottinn l\u00edtur af himni ni\u00f0ur yfir mannanna b\u00f6rn, a\u00f0 hann sj\u00e1i hv\u00f6rt nokkur er hygginn, sem leiti Gu\u00f0s.<a name=\"3\"><span class=\"versanumer\">3<\/span><\/a>Allir eru \u00feeir fallnir fr\u00e1, allir spilltir or\u00f0nir, \u00fear er enginn sem gj\u00f6rir gott, ekki einn.<a name=\"4\"><span class=\"versanumer\">4<\/span><\/a>Munu \u00feeir \u00fe\u00e1 aldrei komast til vi\u00f0urkenningar, allir \u00feeir sem rangt gj\u00f6ra, \u00feeir sem uppeta mitt f\u00f3lk, eins og og \u00feeir eta brau\u00f0, og \u00e1kalla ekki Drottin?<a name=\"5\"><span class=\"versanumer\">5<\/span><\/a>J\u00e1! mikil skelfing mun yfir \u00fe\u00e1 koma, \u00fev\u00ed Gu\u00f0 er me\u00f0 kynsl\u00f3\u00f0 hinna r\u00e9ttl\u00e1tu.<a name=\"6\"><span class=\"versanumer\">6<\/span><\/a>\u00de\u00e9r gj\u00f6ri\u00f0 gys a\u00f0 r\u00e1\u00f0i hins a\u00f0\u00ferengda, en Drottinn er hans athvarf.<a name=\"7\"><span class=\"versanumer\">7<\/span><\/a>Hv\u00f6r mun fr\u00e1 S\u00edon gefa \u00cdsrael frelsi? \u00deegar Drottinn flytur til baka sitt hertekna f\u00f3lk, \u00fe\u00e1 mun Jakob fagna og \u00cdsrael gle\u00f0jast.<\/p>\n<div class=\"footnoteVidey\"><\/div>\n","protected":false},"excerpt":{"rendered":"<p>Umkv\u00f6rtun a\u00f0 menn s\u00e9u vondir. 1Til hlj\u00f3\u00f0f\u00e6rameistarans. S\u00e1lmur Dav\u00ed\u00f0s. D\u00e1rinn segir \u00ed s\u00ednu hjarta: \u00fear er enginn Gu\u00f0. Vond og vi\u00f0urstyggileg er \u00feeirra breytni. \u00dear er enginn sem gj\u00f6rir gott.2Drottinn l\u00edtur af himni ni\u00f0ur yfir mannanna b\u00f6rn, a\u00f0 hann sj\u00e1i hv\u00f6rt nokkur er hygginn, sem leiti Gu\u00f0s.3Allir eru \u00feeir fallnir fr\u00e1, allir spilltir or\u00f0nir, \u00fear er enginn sem gj\u00f6rir gott, ekki einn.4Munu \u00feeir \u00fe\u00e1 aldrei komast til vi\u00f0urkenningar, allir \u00feeir sem rangt gj\u00f6ra, \u00feeir sem uppeta mitt f\u00f3lk, eins og og \u00feeir eta brau\u00f0, og \u00e1kalla ekki Drottin?5J\u00e1! mikil skelfing mun yfir \u00fe\u00e1 koma, \u00fev\u00ed Gu\u00f0 er me\u00f0 kynsl\u00f3\u00f0 hinna <a href=\"https:\/\/biblian.is\/videy\/salmarnir-14-kafli\/\"> [&#8230;]<\/a><\/p>\n","protected":false},"author":1,"featured_media":0,"parent":0,"menu_order":0,"comment_status":"open","ping_status":"open","template":"bibliukaflar.php","meta":{"footnotes":""},"class_list":["post-21341","page","type-page","status-publish","hentry"],"_links":{"self":[{"href":"https:\/\/biblian.is\/videy\/wp-json\/wp\/v2\/pages\/21341","targetHints":{"allow":["GET"]}}],"collection":[{"href":"https:\/\/biblian.is\/videy\/wp-json\/wp\/v2\/pages"}],"about":[{"href":"https:\/\/biblian.is\/videy\/wp-json\/wp\/v2\/types\/page"}],"author":[{"embeddable":true,"href":"https:\/\/biblian.is\/videy\/wp-json\/wp\/v2\/users\/1"}],"replies":[{"embeddable":true,"href":"https:\/\/biblian.is\/videy\/wp-json\/wp\/v2\/comments?post=21341"}],"version-history":[{"count":0,"href":"https:\/\/biblian.is\/videy\/wp-json\/wp\/v2\/pages\/21341\/revisions"}],"wp:attachment":[{"href":"https:\/\/biblian.is\/videy\/wp-json\/wp\/v2\/media?parent=21341"}],"curies":[{"name":"wp","href":"https:\/\/api.w.org\/{rel}","templated":true}]}}