{"id":21340,"date":"2018-01-02T01:01:29","date_gmt":"2018-01-02T01:01:29","guid":{"rendered":"http:\/\/biblian.is\/videy\/salmarnir-13-kafli\/"},"modified":"2018-01-02T01:01:29","modified_gmt":"2018-01-02T01:01:29","slug":"salmarnir-13-kafli","status":"publish","type":"page","link":"https:\/\/biblian.is\/videy\/salmarnir-13-kafli\/","title":{"rendered":"S\u00e1lmarnir 13. kafli"},"content":{"rendered":"<div class=\"fyrirsognVidey\">B\u00e6n um hj\u00e1lp gegn \u00f3vinum.<\/div>\n<p><a name=\"1\"><span class=\"versanumer\">1<\/span><\/a>Til hlj\u00f3\u00f0f\u00e6rameistarans. S\u00e1lmur Dav\u00ed\u00f0s.<a name=\"2\"><span class=\"versanumer\">2<\/span><\/a>Hv\u00f6rsu lengi, Drottinn! \u00e6tlar \u00fe\u00fa eil\u00edflega a\u00f0 gleyma m\u00e9r? hv\u00f6rsu lengi \u00e6tlar \u00fe\u00fa a\u00f0 hylja fyrir m\u00e9r \u00feitt auglit?<a name=\"3\"><span class=\"versanumer\">3<\/span><\/a>Hv\u00f6rsu lengi skal eg syrgja me\u00f0 sj\u00e1lfum m\u00e9r, og daglega hafa hrygg\u00f0 \u00ed m\u00ednu hjarta? Hv\u00f6rsu lengi skal minn fjandma\u00f0ur h\u00e6last um vi\u00f0 mig. <br \/><a name=\"4\"><span class=\"versanumer\">4<\/span><\/a>L\u00edttu ni\u00f0ur, b\u00e6nheyr\u00f0u mig, Drottinn, minn Gu\u00f0! var\u00f0veittu lj\u00f3s minna augna, a\u00f0 eg ei sofni dau\u00f0ad\u00far.<a name=\"5\"><span class=\"versanumer\">5<\/span><\/a>A\u00f0 minn fjandma\u00f0ur h\u00e6list ekki um og segi: a\u00f0 hann hafi unni\u00f0 mig, svo m\u00ednir m\u00f3tst\u00f6\u00f0umenn fagni ei yfir \u00fev\u00ed, a\u00f0 eg s\u00e9 fallinn.<a name=\"6\"><span class=\"versanumer\">6<\/span><\/a>J\u00e1! \u00e1 \u00fe\u00edna miskunn rei\u00f0i eg mig, mitt hjarta gle\u00f0st vi\u00f0 \u00feitt frelsi. Eg skal lofsyngja Drottni, \u00fev\u00ed hann hefir gj\u00f6rt m\u00e9r vel til.<\/p>\n<div class=\"footnoteVidey\"><\/div>\n","protected":false},"excerpt":{"rendered":"<p>B\u00e6n um hj\u00e1lp gegn \u00f3vinum. 1Til hlj\u00f3\u00f0f\u00e6rameistarans. S\u00e1lmur Dav\u00ed\u00f0s.2Hv\u00f6rsu lengi, Drottinn! \u00e6tlar \u00fe\u00fa eil\u00edflega a\u00f0 gleyma m\u00e9r? hv\u00f6rsu lengi \u00e6tlar \u00fe\u00fa a\u00f0 hylja fyrir m\u00e9r \u00feitt auglit?3Hv\u00f6rsu lengi skal eg syrgja me\u00f0 sj\u00e1lfum m\u00e9r, og daglega hafa hrygg\u00f0 \u00ed m\u00ednu hjarta? Hv\u00f6rsu lengi skal minn fjandma\u00f0ur h\u00e6last um vi\u00f0 mig. 4L\u00edttu ni\u00f0ur, b\u00e6nheyr\u00f0u mig, Drottinn, minn Gu\u00f0! var\u00f0veittu lj\u00f3s minna augna, a\u00f0 eg ei sofni dau\u00f0ad\u00far.5A\u00f0 minn fjandma\u00f0ur h\u00e6list ekki um og segi: a\u00f0 hann hafi unni\u00f0 mig, svo m\u00ednir m\u00f3tst\u00f6\u00f0umenn fagni ei yfir \u00fev\u00ed, a\u00f0 eg s\u00e9 fallinn.6J\u00e1! \u00e1 \u00fe\u00edna miskunn rei\u00f0i eg mig, mitt hjarta gle\u00f0st vi\u00f0 \u00feitt <a href=\"https:\/\/biblian.is\/videy\/salmarnir-13-kafli\/\"> [&#8230;]<\/a><\/p>\n","protected":false},"author":1,"featured_media":0,"parent":0,"menu_order":0,"comment_status":"open","ping_status":"open","template":"bibliukaflar.php","meta":{"footnotes":""},"class_list":["post-21340","page","type-page","status-publish","hentry"],"_links":{"self":[{"href":"https:\/\/biblian.is\/videy\/wp-json\/wp\/v2\/pages\/21340","targetHints":{"allow":["GET"]}}],"collection":[{"href":"https:\/\/biblian.is\/videy\/wp-json\/wp\/v2\/pages"}],"about":[{"href":"https:\/\/biblian.is\/videy\/wp-json\/wp\/v2\/types\/page"}],"author":[{"embeddable":true,"href":"https:\/\/biblian.is\/videy\/wp-json\/wp\/v2\/users\/1"}],"replies":[{"embeddable":true,"href":"https:\/\/biblian.is\/videy\/wp-json\/wp\/v2\/comments?post=21340"}],"version-history":[{"count":0,"href":"https:\/\/biblian.is\/videy\/wp-json\/wp\/v2\/pages\/21340\/revisions"}],"wp:attachment":[{"href":"https:\/\/biblian.is\/videy\/wp-json\/wp\/v2\/media?parent=21340"}],"curies":[{"name":"wp","href":"https:\/\/api.w.org\/{rel}","templated":true}]}}