{"id":21339,"date":"2018-01-02T01:01:29","date_gmt":"2018-01-02T01:01:29","guid":{"rendered":"http:\/\/biblian.is\/videy\/salmarnir-12-kafli\/"},"modified":"2018-01-02T01:01:29","modified_gmt":"2018-01-02T01:01:29","slug":"salmarnir-12-kafli","status":"publish","type":"page","link":"https:\/\/biblian.is\/videy\/salmarnir-12-kafli\/","title":{"rendered":"S\u00e1lmarnir 12. kafli"},"content":{"rendered":"<div class=\"fyrirsognVidey\">B\u00e6n m\u00f3t varandi \u00f3r\u00e1\u00f0vendni. (1 Sam. 22. 23.)<\/div>\n<p><a name=\"1\"><span class=\"versanumer\">1<\/span><\/a>Til hlj\u00f3\u00f0f\u00e6rameistar: \u00e1 \u00e1ttstrengja\u00f0a h\u00f6rpu. S\u00e1lmur Dav\u00ed\u00f0s.<a name=\"2\"><span class=\"versanumer\">2<\/span><\/a>Hj\u00e1lpa \u00fe\u00fa, Drottinn! \u00fev\u00ed d\u00e1numennirnir f\u00e6kka, \u00feeir \u00e1rei\u00f0anlegu eru f\u00e1ir or\u00f0nir me\u00f0al mannanna barna.<a name=\"3\"><span class=\"versanumer\">3<\/span><\/a>Lygi tala \u00feeir hv\u00f6r vi\u00f0 annan, me\u00f0 smja\u00f0randi v\u00f6rum tala \u00feeir af tv\u00f6f\u00f6ldu hjarta.<a name=\"4\"><span class=\"versanumer\">4<\/span><\/a>\u00f3! a\u00f0 Drottinn vildi afskera allar smja\u00f0randi varir og \u00fe\u00e1 tungu sem talar drambl\u00e1tlega;<a name=\"5\"><span class=\"versanumer\">5<\/span><\/a>\u00feeirra sem segja: me\u00f0 vorri tungu skulum v\u00e9r f\u00e1 yfirh\u00f6nd, vorar varir eru me\u00f0 oss, hv\u00f6r er herra yfir oss?<a name=\"6\"><span class=\"versanumer\">6<\/span><\/a>Vegna \u00feess a\u00f0 hinir aumu eru undir\u00ferykktir, af \u00fev\u00ed a\u00f0 hinir f\u00e1t\u00e6ku kveina, vil eg uppstanda, segir Drottinn, eg mun frelsa \u00fe\u00e1, sem \u00e1reittir eru.<a name=\"7\"><span class=\"versanumer\">7<\/span><\/a>Drottins or\u00f0 eru einl\u00e6g or\u00f0, eins hrein og silfur \u00ed deiglunni sj\u00f6 sinnum hreinsa\u00f0.<a name=\"8\"><span class=\"versanumer\">8<\/span><\/a>\u00de\u00fa, \u00f3 Drottinn! munt var\u00f0veita \u00fe\u00e1, \u00fe\u00fa munt verja \u00fe\u00e1 fyrir \u00feessari kynsl\u00f3\u00f0 eil\u00edflega.<a name=\"9\"><span class=\"versanumer\">9<\/span><\/a>\u00d3gu\u00f0legir va\u00f0a uppi, \u00feegar afhr\u00f6k hefjast me\u00f0al mannanna barna.<\/p>\n<div class=\"footnoteVidey\"><\/div>\n","protected":false},"excerpt":{"rendered":"<p>B\u00e6n m\u00f3t varandi \u00f3r\u00e1\u00f0vendni. (1 Sam. 22. 23.) 1Til hlj\u00f3\u00f0f\u00e6rameistar: \u00e1 \u00e1ttstrengja\u00f0a h\u00f6rpu. S\u00e1lmur Dav\u00ed\u00f0s.2Hj\u00e1lpa \u00fe\u00fa, Drottinn! \u00fev\u00ed d\u00e1numennirnir f\u00e6kka, \u00feeir \u00e1rei\u00f0anlegu eru f\u00e1ir or\u00f0nir me\u00f0al mannanna barna.3Lygi tala \u00feeir hv\u00f6r vi\u00f0 annan, me\u00f0 smja\u00f0randi v\u00f6rum tala \u00feeir af tv\u00f6f\u00f6ldu hjarta.4\u00f3! a\u00f0 Drottinn vildi afskera allar smja\u00f0randi varir og \u00fe\u00e1 tungu sem talar drambl\u00e1tlega;5\u00feeirra sem segja: me\u00f0 vorri tungu skulum v\u00e9r f\u00e1 yfirh\u00f6nd, vorar varir eru me\u00f0 oss, hv\u00f6r er herra yfir oss?6Vegna \u00feess a\u00f0 hinir aumu eru undir\u00ferykktir, af \u00fev\u00ed a\u00f0 hinir f\u00e1t\u00e6ku kveina, vil eg uppstanda, segir Drottinn, eg mun frelsa \u00fe\u00e1, sem \u00e1reittir eru.7Drottins or\u00f0 eru einl\u00e6g <a href=\"https:\/\/biblian.is\/videy\/salmarnir-12-kafli\/\"> [&#8230;]<\/a><\/p>\n","protected":false},"author":1,"featured_media":0,"parent":0,"menu_order":0,"comment_status":"open","ping_status":"open","template":"bibliukaflar.php","meta":{"footnotes":""},"class_list":["post-21339","page","type-page","status-publish","hentry"],"_links":{"self":[{"href":"https:\/\/biblian.is\/videy\/wp-json\/wp\/v2\/pages\/21339","targetHints":{"allow":["GET"]}}],"collection":[{"href":"https:\/\/biblian.is\/videy\/wp-json\/wp\/v2\/pages"}],"about":[{"href":"https:\/\/biblian.is\/videy\/wp-json\/wp\/v2\/types\/page"}],"author":[{"embeddable":true,"href":"https:\/\/biblian.is\/videy\/wp-json\/wp\/v2\/users\/1"}],"replies":[{"embeddable":true,"href":"https:\/\/biblian.is\/videy\/wp-json\/wp\/v2\/comments?post=21339"}],"version-history":[{"count":0,"href":"https:\/\/biblian.is\/videy\/wp-json\/wp\/v2\/pages\/21339\/revisions"}],"wp:attachment":[{"href":"https:\/\/biblian.is\/videy\/wp-json\/wp\/v2\/media?parent=21339"}],"curies":[{"name":"wp","href":"https:\/\/api.w.org\/{rel}","templated":true}]}}