{"id":21338,"date":"2018-01-02T01:01:29","date_gmt":"2018-01-02T01:01:29","guid":{"rendered":"http:\/\/biblian.is\/videy\/salmarnir-11-kafli\/"},"modified":"2018-01-02T01:01:29","modified_gmt":"2018-01-02T01:01:29","slug":"salmarnir-11-kafli","status":"publish","type":"page","link":"https:\/\/biblian.is\/videy\/salmarnir-11-kafli\/","title":{"rendered":"S\u00e1lmarnir 11. kafli"},"content":{"rendered":"<div class=\"fyrirsognVidey\">Dav\u00ed\u00f0s harmat\u00f6lur og tr\u00fana\u00f0artraust.<\/div>\n<p><a name=\"1\"><span class=\"versanumer\">1<\/span><\/a>Til hlj\u00f3\u00f0f\u00e6rameist: S\u00e1lmur Dav\u00ed\u00f0s. \u00c1 Drottin treysti eg, \u00fev\u00ed segi\u00f0 \u00fe\u00e9r \u00fe\u00e1 vi\u00f0 mig: fl\u00fdi\u00f0 til y\u00f0ar fjalla eins og fuglinn.<a name=\"2\"><span class=\"versanumer\">2<\/span><\/a>\u00dev\u00ed \u00fe\u00e1 \u00feeir \u00f3gu\u00f0legu spenna bogann, og leggja \u00f6r \u00e1 streng, til a\u00f0 skj\u00f3ta \u00e1 \u00fe\u00e1 \u00ed dimmunni sem eru hreinhjarta\u00f0ir.<a name=\"3\"><span class=\"versanumer\">3<\/span><\/a>\u00deegar grundv\u00f6llurinn er ni\u00f0urrifinn, hva\u00f0 getur \u00fe\u00e1 s\u00e1 r\u00e9ttl\u00e1ti gj\u00f6rt?<a name=\"4\"><span class=\"versanumer\">4<\/span><\/a>Drottinn b\u00fdr \u00ed s\u00ednu heilaga musteri. Drottins h\u00e1s\u00e6ti er \u00e1 himnum, hans augu sj\u00e1, hans augnalok pr\u00f3fa mannanna b\u00f6rn.<a name=\"5\"><span class=\"versanumer\">5<\/span><\/a>Drottinn pr\u00f3far \u00feann r\u00e9ttl\u00e1ta, en hans s\u00e1la hatar \u00feann \u00f3gu\u00f0lega og \u00feann sem elskar ofbeldi.<a name=\"6\"><span class=\"versanumer\">6<\/span><\/a>Hann l\u00e6tur rigna sn\u00f6rum, eldi og brennisteini yfir \u00fe\u00e1 \u00f3gu\u00f0legu, og gl\u00f3andi vindur ver\u00f0ur \u00feeirra hlutdeild.<a name=\"7\"><span class=\"versanumer\">7<\/span><\/a>\u00dev\u00ed Drottinn er r\u00e9ttv\u00eds og elskar r\u00e9ttv\u00edsi. \u00deeir r\u00e1\u00f0v\u00f6ndu munu sj\u00e1 hans auglit.<\/p>\n<div class=\"footnoteVidey\"><\/div>\n","protected":false},"excerpt":{"rendered":"<p>Dav\u00ed\u00f0s harmat\u00f6lur og tr\u00fana\u00f0artraust. 1Til hlj\u00f3\u00f0f\u00e6rameist: S\u00e1lmur Dav\u00ed\u00f0s. \u00c1 Drottin treysti eg, \u00fev\u00ed segi\u00f0 \u00fe\u00e9r \u00fe\u00e1 vi\u00f0 mig: fl\u00fdi\u00f0 til y\u00f0ar fjalla eins og fuglinn.2\u00dev\u00ed \u00fe\u00e1 \u00feeir \u00f3gu\u00f0legu spenna bogann, og leggja \u00f6r \u00e1 streng, til a\u00f0 skj\u00f3ta \u00e1 \u00fe\u00e1 \u00ed dimmunni sem eru hreinhjarta\u00f0ir.3\u00deegar grundv\u00f6llurinn er ni\u00f0urrifinn, hva\u00f0 getur \u00fe\u00e1 s\u00e1 r\u00e9ttl\u00e1ti gj\u00f6rt?4Drottinn b\u00fdr \u00ed s\u00ednu heilaga musteri. Drottins h\u00e1s\u00e6ti er \u00e1 himnum, hans augu sj\u00e1, hans augnalok pr\u00f3fa mannanna b\u00f6rn.5Drottinn pr\u00f3far \u00feann r\u00e9ttl\u00e1ta, en hans s\u00e1la hatar \u00feann \u00f3gu\u00f0lega og \u00feann sem elskar ofbeldi.6Hann l\u00e6tur rigna sn\u00f6rum, eldi og brennisteini yfir \u00fe\u00e1 \u00f3gu\u00f0legu, og gl\u00f3andi vindur ver\u00f0ur \u00feeirra <a href=\"https:\/\/biblian.is\/videy\/salmarnir-11-kafli\/\"> [&#8230;]<\/a><\/p>\n","protected":false},"author":1,"featured_media":0,"parent":0,"menu_order":0,"comment_status":"open","ping_status":"open","template":"bibliukaflar.php","meta":{"footnotes":""},"class_list":["post-21338","page","type-page","status-publish","hentry"],"_links":{"self":[{"href":"https:\/\/biblian.is\/videy\/wp-json\/wp\/v2\/pages\/21338","targetHints":{"allow":["GET"]}}],"collection":[{"href":"https:\/\/biblian.is\/videy\/wp-json\/wp\/v2\/pages"}],"about":[{"href":"https:\/\/biblian.is\/videy\/wp-json\/wp\/v2\/types\/page"}],"author":[{"embeddable":true,"href":"https:\/\/biblian.is\/videy\/wp-json\/wp\/v2\/users\/1"}],"replies":[{"embeddable":true,"href":"https:\/\/biblian.is\/videy\/wp-json\/wp\/v2\/comments?post=21338"}],"version-history":[{"count":0,"href":"https:\/\/biblian.is\/videy\/wp-json\/wp\/v2\/pages\/21338\/revisions"}],"wp:attachment":[{"href":"https:\/\/biblian.is\/videy\/wp-json\/wp\/v2\/media?parent=21338"}],"curies":[{"name":"wp","href":"https:\/\/api.w.org\/{rel}","templated":true}]}}