{"id":21337,"date":"2018-01-02T01:01:29","date_gmt":"2018-01-02T01:01:29","guid":{"rendered":"http:\/\/biblian.is\/videy\/salmarnir-10-kafli\/"},"modified":"2018-01-02T01:01:29","modified_gmt":"2018-01-02T01:01:29","slug":"salmarnir-10-kafli","status":"publish","type":"page","link":"https:\/\/biblian.is\/videy\/salmarnir-10-kafli\/","title":{"rendered":"S\u00e1lmarnir 10. kafli"},"content":{"rendered":"<div class=\"fyrirsognVidey\">B\u00e6n m\u00f3t ofr\u00edki.<\/div>\n<p><a name=\"1\"><span class=\"versanumer\">1<\/span><\/a>Hv\u00ed stendur \u00fe\u00fa, Drottinn! svo fj\u00e6rri? hv\u00ed felur \u00fe\u00fa \u00feig \u00feegar \u00e1liggur?<a name=\"2\"><span class=\"versanumer\">2<\/span><\/a>\u00deeir a\u00f0\u00ferengdu pl\u00e1gast af drambsemi hinna \u00f3gu\u00f0legu, \u00feeir ver\u00f0a fanga\u00f0ir af br\u00f6g\u00f0um sem \u00feeir <span class='VideyAth'>(\u00f3gu\u00f0legu)<\/span> upphugsa.<a name=\"3\"><span class=\"versanumer\">3<\/span><\/a>\u00dev\u00ed s\u00e1 \u00f3gu\u00f0legi st\u00e6rir sig af girnd sinnar s\u00e1lar, og s\u00e1 gripdeildasami hr\u00f3sar happi, og lastar Drottin.<a name=\"4\"><span class=\"versanumer\">4<\/span><\/a>S\u00e1 \u00f3gu\u00f0legi <span class='VideyAth'>(segir)<\/span> \u00ed s\u00ednum ofmetna\u00f0i: \u201ehann <span class='VideyAth'>(Gu\u00f0)<\/span> skiptir s\u00e9r ekki af \u00feessu\u201c, \u00feetta er \u00f6ll hans hugsan: \u201eenginn Gu\u00f0 er til.\u201c<a name=\"5\"><span class=\"versanumer\">5<\/span><\/a>Hans vegir lukkast honum \u00e6t\u00ed\u00f0; \u00fe\u00ednir d\u00f3mar eru honum fj\u00e6rl\u00e6gir, alla s\u00edna \u00f3vini forsm\u00e1ir hann.<a name=\"6\"><span class=\"versanumer\">6<\/span><\/a>Hann hugsar me\u00f0 sj\u00e1lfum s\u00e9r: \u201ealdrei skal eg skeika, fr\u00e1 einni kynsl\u00f3\u00f0 til annarrar, n\u00e6r m\u00e9r engin \u00f3heppni.\u201c<a name=\"7\"><span class=\"versanumer\">7<\/span><\/a>Af form\u00e6lingum er hans munnur fullur, af svikum og falsi, undir hans tungu er \u00f3lukka og rangl\u00e6ti.<a name=\"8\"><span class=\"versanumer\">8<\/span><\/a>Hann liggur \u00ed launs\u00e1tri \u00ed \u00feorpunum, fr\u00e1 launs\u00e1trinu drepur hann \u00feann saklausa, hans augu skima eftir l\u00edtilmagnanum,<a name=\"9\"><span class=\"versanumer\">9<\/span><\/a>hann liggur \u00ed leyni eins og lj\u00f3n \u00ed s\u00ednu b\u00e6li, hann situr um a\u00f0 vei\u00f0a aumingja, hann n\u00e6r honum, \u00fev\u00ed hann vei\u00f0ir hann \u00ed s\u00ednu neti.<a name=\"10\"><span class=\"versanumer\">10<\/span><\/a>Hann gj\u00f6rir l\u00edti\u00f0 \u00far s\u00e9r, beygir sig og st\u00f6kkur svo me\u00f0 sterkum hr\u00f6mmum yfir l\u00edtilmagnann.<a name=\"11\"><span class=\"versanumer\">11<\/span><\/a>Hann segir \u00ed s\u00ednu hjarta: Gu\u00f0 hefir gleymt \u00fev\u00ed, hann hefir haldi\u00f0 yfir augun, og s\u00e9r \u00fea\u00f0 ekki a\u00f0 eil\u00edfu.<a name=\"12\"><span class=\"versanumer\">12<\/span><\/a>Stattu upp, Drottinn! Gu\u00f0, lyftu upp \u00feinni hendi, gleymdu ekki \u00feeim aumu!<a name=\"13\"><span class=\"versanumer\">13<\/span><\/a>Hvar fyrir skal s\u00e1 \u00f3gu\u00f0legi forsm\u00e1 Gu\u00f0 og segja \u00ed s\u00ednu hjarta: \u00fe\u00fa skeytir ei um \u00fea\u00f0.<a name=\"14\"><span class=\"versanumer\">14<\/span><\/a>J\u00fa! \u00fe\u00fa s\u00e9r \u00fea\u00f0, \u00fev\u00ed \u00fe\u00fa horfir \u00e1 ney\u00f0ina og \u00ferenginguna, \u00fe\u00fa skrifar \u00fea\u00f0 \u00e1 \u00fe\u00edna h\u00f6nd. S\u00e1 magnlitli rei\u00f0ir sig \u00e1 \u00feig. \u00de\u00fa ert hj\u00e1lpari hinna f\u00f6\u00f0urlausu.<a name=\"15\"><span class=\"versanumer\">15<\/span><\/a>Sundurmola arm hins \u00f3gu\u00f0lega; og \u00feann \u00f3gu\u00f0lega\u2014ofs\u00e6ktu hans \u00f3gu\u00f0legleika, \u00feanga\u00f0 til \u00fe\u00fa ekki finnur hann framar.<a name=\"16\"><span class=\"versanumer\">16<\/span><\/a>Drottinn er konungur \u00e6 og eil\u00edflega. \u00dej\u00f3\u00f0irnar ver\u00f0i \u00fatreknar \u00far hans landi!<a name=\"17\"><span class=\"versanumer\">17<\/span><\/a>\u00de\u00fa, Drottinn! heyrir b\u00e6n hinna \u00f3lukkulegu, \u00fe\u00fa styrkir \u00feeirra hj\u00f6rtu, \u00feitt eyra hyggur a\u00f0.<a name=\"18\"><span class=\"versanumer\">18<\/span><\/a>\u00de\u00fa l\u00e6tur \u00feann f\u00f6\u00f0urlausa og l\u00edtilmagnann n\u00e1 s\u00ednum r\u00e9tti; a\u00f0 menn ekki \u00e1fram haldi a\u00f0 fl\u00e6ma f\u00f3lk \u00far landinu.<\/p>\n<div class=\"footnoteVidey\"><\/div>\n","protected":false},"excerpt":{"rendered":"<p>B\u00e6n m\u00f3t ofr\u00edki. 1Hv\u00ed stendur \u00fe\u00fa, Drottinn! svo fj\u00e6rri? hv\u00ed felur \u00fe\u00fa \u00feig \u00feegar \u00e1liggur?2\u00deeir a\u00f0\u00ferengdu pl\u00e1gast af drambsemi hinna \u00f3gu\u00f0legu, \u00feeir ver\u00f0a fanga\u00f0ir af br\u00f6g\u00f0um sem \u00feeir (\u00f3gu\u00f0legu) upphugsa.3\u00dev\u00ed s\u00e1 \u00f3gu\u00f0legi st\u00e6rir sig af girnd sinnar s\u00e1lar, og s\u00e1 gripdeildasami hr\u00f3sar happi, og lastar Drottin.4S\u00e1 \u00f3gu\u00f0legi (segir) \u00ed s\u00ednum ofmetna\u00f0i: \u201ehann (Gu\u00f0) skiptir s\u00e9r ekki af \u00feessu\u201c, \u00feetta er \u00f6ll hans hugsan: \u201eenginn Gu\u00f0 er til.\u201c5Hans vegir lukkast honum \u00e6t\u00ed\u00f0; \u00fe\u00ednir d\u00f3mar eru honum fj\u00e6rl\u00e6gir, alla s\u00edna \u00f3vini forsm\u00e1ir hann.6Hann hugsar me\u00f0 sj\u00e1lfum s\u00e9r: \u201ealdrei skal eg skeika, fr\u00e1 einni kynsl\u00f3\u00f0 til annarrar, n\u00e6r m\u00e9r engin \u00f3heppni.\u201c7Af form\u00e6lingum er <a href=\"https:\/\/biblian.is\/videy\/salmarnir-10-kafli\/\"> [&#8230;]<\/a><\/p>\n","protected":false},"author":1,"featured_media":0,"parent":0,"menu_order":0,"comment_status":"open","ping_status":"open","template":"bibliukaflar.php","meta":{"footnotes":""},"class_list":["post-21337","page","type-page","status-publish","hentry"],"_links":{"self":[{"href":"https:\/\/biblian.is\/videy\/wp-json\/wp\/v2\/pages\/21337","targetHints":{"allow":["GET"]}}],"collection":[{"href":"https:\/\/biblian.is\/videy\/wp-json\/wp\/v2\/pages"}],"about":[{"href":"https:\/\/biblian.is\/videy\/wp-json\/wp\/v2\/types\/page"}],"author":[{"embeddable":true,"href":"https:\/\/biblian.is\/videy\/wp-json\/wp\/v2\/users\/1"}],"replies":[{"embeddable":true,"href":"https:\/\/biblian.is\/videy\/wp-json\/wp\/v2\/comments?post=21337"}],"version-history":[{"count":0,"href":"https:\/\/biblian.is\/videy\/wp-json\/wp\/v2\/pages\/21337\/revisions"}],"wp:attachment":[{"href":"https:\/\/biblian.is\/videy\/wp-json\/wp\/v2\/media?parent=21337"}],"curies":[{"name":"wp","href":"https:\/\/api.w.org\/{rel}","templated":true}]}}