{"id":21335,"date":"2018-01-02T01:01:29","date_gmt":"2018-01-02T01:01:29","guid":{"rendered":"http:\/\/biblian.is\/videy\/salmarnir-8-kafli\/"},"modified":"2018-01-02T01:01:29","modified_gmt":"2018-01-02T01:01:29","slug":"salmarnir-8-kafli","status":"publish","type":"page","link":"https:\/\/biblian.is\/videy\/salmarnir-8-kafli\/","title":{"rendered":"S\u00e1lmarnir 8. kafli"},"content":{"rendered":"<div class=\"fyrirsognVidey\">G\u00e6ska og h\u00e1tign Skaparans.<\/div>\n<p><a name=\"1\"><span class=\"versanumer\">1<\/span><\/a>Til hlj\u00f3\u00f0f\u00e6rameistarans a\u00f0 syngja \u00e1 Githith <span class='VideyAth'>(hlj\u00f3\u00f0f\u00e6ri)<\/span>. S\u00e1lmur Dav\u00ed\u00f0s.<a name=\"2\"><span class=\"versanumer\">2<\/span><\/a>Drottinn vor k\u00f3ngur <span class='VideyAth'>(stj\u00f3rnari)<\/span>! hv\u00f6rsu d\u00fdr\u00f0legt er \u00feitt nafn \u00e1 allri j\u00f6r\u00f0unni, sem upplyftir yfir himininn \u00feinni h\u00e1tign.<a name=\"3\"><span class=\"versanumer\">3<\/span><\/a>Af munni barna og brj\u00f3stmylkinga hefir \u00fe\u00fa tilb\u00fai\u00f0 \u00fe\u00e9r lofgj\u00f6r\u00f0ina, sakir \u00feinna \u00f3vina, til \u00feess a\u00f0 ni\u00f0ur\u00feagga \u00fe\u00edna m\u00f3tst\u00f6\u00f0umenn, \u00fe\u00e1 hefndargj\u00f6rnu.<a name=\"4\"><span class=\"versanumer\">4<\/span><\/a>\u00deegar eg s\u00e9 \u00feinn himin, verkin \u00feinna handa, tungli\u00f0 og stj\u00f6rnurnar, sem \u00fe\u00fa tilbj\u00f3st,<a name=\"5\"><span class=\"versanumer\">5<\/span><\/a><span class='VideyAth'>(\u00fe\u00e1 kemur m\u00e9r til hugar)<\/span>, hva\u00f0 er ma\u00f0urinn \u00feess a\u00f0 \u00fe\u00fa minnist hans og mannsins barn a\u00f0 \u00fe\u00fa vitjar \u00feess!<a name=\"6\"><span class=\"versanumer\">6<\/span><\/a>\u00de\u00fa gj\u00f6r\u00f0ir hann litlu \u00f3\u00e6\u00f0ri en englana, en \u00fe\u00fa kr\u00fdndir hann s\u00e6md og hei\u00f0ri.<a name=\"7\"><span class=\"versanumer\">7<\/span><\/a>\u00de\u00fa gj\u00f6r\u00f0ir hann herra yfir \u00fe\u00ednum handaverkum, alla hluti lag\u00f0ir \u00fe\u00fa undir hans f\u00e6tur,<a name=\"8\"><span class=\"versanumer\">8<\/span><\/a>sau\u00f0i og naut, f\u00e9na\u00f0 allan og d\u00fdr merkurinnar <span class='VideyAth'>(villud\u00fdrin)<\/span>,<a name=\"9\"><span class=\"versanumer\">9<\/span><\/a>fuglana undir himninum og fiskana \u00ed sj\u00f3num, sem fara vatnsins veg.<a name=\"10\"><span class=\"versanumer\">10<\/span><\/a>\u00d3 Drottinn, vor k\u00f3ngur! hv\u00f6rsu d\u00fdr\u00f0legt er \u00feitt nafn \u00e1 allri j\u00f6r\u00f0inni!<\/p>\n<div class=\"footnoteVidey\"><\/div>\n","protected":false},"excerpt":{"rendered":"<p>G\u00e6ska og h\u00e1tign Skaparans. 1Til hlj\u00f3\u00f0f\u00e6rameistarans a\u00f0 syngja \u00e1 Githith (hlj\u00f3\u00f0f\u00e6ri). S\u00e1lmur Dav\u00ed\u00f0s.2Drottinn vor k\u00f3ngur (stj\u00f3rnari)! hv\u00f6rsu d\u00fdr\u00f0legt er \u00feitt nafn \u00e1 allri j\u00f6r\u00f0unni, sem upplyftir yfir himininn \u00feinni h\u00e1tign.3Af munni barna og brj\u00f3stmylkinga hefir \u00fe\u00fa tilb\u00fai\u00f0 \u00fe\u00e9r lofgj\u00f6r\u00f0ina, sakir \u00feinna \u00f3vina, til \u00feess a\u00f0 ni\u00f0ur\u00feagga \u00fe\u00edna m\u00f3tst\u00f6\u00f0umenn, \u00fe\u00e1 hefndargj\u00f6rnu.4\u00deegar eg s\u00e9 \u00feinn himin, verkin \u00feinna handa, tungli\u00f0 og stj\u00f6rnurnar, sem \u00fe\u00fa tilbj\u00f3st,5(\u00fe\u00e1 kemur m\u00e9r til hugar), hva\u00f0 er ma\u00f0urinn \u00feess a\u00f0 \u00fe\u00fa minnist hans og mannsins barn a\u00f0 \u00fe\u00fa vitjar \u00feess!6\u00de\u00fa gj\u00f6r\u00f0ir hann litlu \u00f3\u00e6\u00f0ri en englana, en \u00fe\u00fa kr\u00fdndir hann s\u00e6md og hei\u00f0ri.7\u00de\u00fa gj\u00f6r\u00f0ir hann herra yfir \u00fe\u00ednum <a href=\"https:\/\/biblian.is\/videy\/salmarnir-8-kafli\/\"> [&#8230;]<\/a><\/p>\n","protected":false},"author":1,"featured_media":0,"parent":0,"menu_order":0,"comment_status":"open","ping_status":"open","template":"bibliukaflar.php","meta":{"footnotes":""},"class_list":["post-21335","page","type-page","status-publish","hentry"],"_links":{"self":[{"href":"https:\/\/biblian.is\/videy\/wp-json\/wp\/v2\/pages\/21335","targetHints":{"allow":["GET"]}}],"collection":[{"href":"https:\/\/biblian.is\/videy\/wp-json\/wp\/v2\/pages"}],"about":[{"href":"https:\/\/biblian.is\/videy\/wp-json\/wp\/v2\/types\/page"}],"author":[{"embeddable":true,"href":"https:\/\/biblian.is\/videy\/wp-json\/wp\/v2\/users\/1"}],"replies":[{"embeddable":true,"href":"https:\/\/biblian.is\/videy\/wp-json\/wp\/v2\/comments?post=21335"}],"version-history":[{"count":0,"href":"https:\/\/biblian.is\/videy\/wp-json\/wp\/v2\/pages\/21335\/revisions"}],"wp:attachment":[{"href":"https:\/\/biblian.is\/videy\/wp-json\/wp\/v2\/media?parent=21335"}],"curies":[{"name":"wp","href":"https:\/\/api.w.org\/{rel}","templated":true}]}}